{"id":1680,"date":"2020-12-18T12:11:06","date_gmt":"2020-12-18T10:11:06","guid":{"rendered":"https:\/\/etno.net\/?post_type=product&#038;p=1680"},"modified":"2021-12-15T09:38:43","modified_gmt":"2021-12-15T07:38:43","slug":"halogeeni-alehinin-puolustus","status":"publish","type":"product","link":"https:\/\/etno.net\/en\/julkaisu\/aanitteet\/halogeeni-alehinin-puolustus","title":{"rendered":"Halogeeni: Alehinin puolustus"},"content":{"rendered":"<p><strong>1. Kullalein min\u00e4 kaffia keit\u00e4n<\/strong><\/p>\n<!--[if lt IE 9]><script>document.createElement('audio');<\/script><![endif]-->\n<audio class=\"wp-audio-shortcode\" id=\"audio-1680-1\" preload=\"none\" style=\"width: 100%;\" controls=\"controls\"><source type=\"audio\/mpeg\" src=\"https:\/\/etno.net\/wp-content\/uploads\/2020\/12\/Halogeeni_-_01_-_Kullallein_mina_kaffia_keitan.mp3?_=1\" \/><a href=\"https:\/\/etno.net\/wp-content\/uploads\/2020\/12\/Halogeeni_-_01_-_Kullallein_mina_kaffia_keitan.mp3\">https:\/\/etno.net\/wp-content\/uploads\/2020\/12\/Halogeeni_-_01_-_Kullallein_mina_kaffia_keitan.mp3<\/a><\/audio>\n<p>S\u00e4v. trad., sov. Tetos Demetriades.<\/p>\n<p><strong>2. Mursut, paetkaa<\/strong><br \/>\nS\u00e4v. Juha Virtanen, sov. Halogeeni.<\/p>\n<p><strong>3. T\u00e4\u00e4 on kyll\u00e4 liikaa t\u00e4\u00e4<\/strong><br \/>\nS\u00e4v. Matti Hakam\u00e4ki, sov. Halogeeni.<\/p>\n<p><strong>4. Karkausaamun valssi<\/strong><br \/>\nS\u00e4v. Juha Virtanen<\/p>\n<p><strong>5. Iikkalan Jukka<\/strong><br \/>\nS\u00e4v. trad., sov. Halogeeni.<\/p>\n<p><strong>6.Tytt\u00f6 se katteli<\/strong><br \/>\nS\u00e4v. Anne-Mari Hakam\u00e4ki, Matti Hakam\u00e4ki, sov. Halogeeni.<\/p>\n<p><strong>7. Putkiaivot<\/strong><\/p>\n<audio class=\"wp-audio-shortcode\" id=\"audio-1680-2\" preload=\"none\" style=\"width: 100%;\" controls=\"controls\"><source type=\"audio\/mpeg\" src=\"https:\/\/etno.net\/wp-content\/uploads\/2020\/12\/Halogeeni_-_07_-_Putkiaivot.mp3?_=2\" \/><a href=\"https:\/\/etno.net\/wp-content\/uploads\/2020\/12\/Halogeeni_-_07_-_Putkiaivot.mp3\">https:\/\/etno.net\/wp-content\/uploads\/2020\/12\/Halogeeni_-_07_-_Putkiaivot.mp3<\/a><\/audio>\n<p>S\u00e4v. Juha Virtanen, sov. Halogeeni.<\/p>\n<p><strong>8. Ameriikkaan<\/strong><br \/>\nS\u00e4v. Matti Hakam\u00e4ki, sov. Halogeeni.<\/p>\n<p><strong>9. Ilmajoen polkka<\/strong><br \/>\nS\u00e4v. trad., sov. Halogeeni.<\/p>\n<p><strong>10. Pienen polska<\/strong><br \/>\nS\u00e4v. Anne-Mari Hakam\u00e4ki.<\/p>\n<p><strong>11. T\u00e4m\u00e4n kyl\u00e4n flikoilla<\/strong><br \/>\nS\u00e4v. Matti Hakam\u00e4ki, sov. Halogeeni.<\/p>\n<p><strong>12. Prinsessa<\/strong><br \/>\nS\u00e4v. Juha Virtanen, sov. Halogeeni.<\/p>\n<p><strong>13. Tuomiluoma<\/strong><\/p>\n<audio class=\"wp-audio-shortcode\" id=\"audio-1680-3\" preload=\"none\" style=\"width: 100%;\" controls=\"controls\"><source type=\"audio\/mpeg\" src=\"https:\/\/etno.net\/wp-content\/uploads\/2020\/12\/Halogeeni_-_13_-_Tuomiluoma.mp3?_=3\" \/><a href=\"https:\/\/etno.net\/wp-content\/uploads\/2020\/12\/Halogeeni_-_13_-_Tuomiluoma.mp3\">https:\/\/etno.net\/wp-content\/uploads\/2020\/12\/Halogeeni_-_13_-_Tuomiluoma.mp3<\/a><\/audio>\n<p>S\u00e4v. trad., sov. Anne-Mari Hakam\u00e4ki.<\/p>\n","protected":false},"excerpt":{"rendered":"<p>Alehinin puolustus on yksi kaikkien aikojen provosoivimmista shakkiavauksista. Se on nimetty shakin nelj\u00e4nnen maailmanmestarin, Aleksander Alehinin mukaan, mutta my\u00f6s Napoleonin on v\u00e4itetty k\u00e4ytt\u00e4neen sit\u00e4 ensimmm\u00e4isen\u00e4. Hypermoderni avaus on huipputasolla harvinainen ja kyseenalaisessakin maineessa, mutta sit\u00e4 k\u00e4ytet\u00e4\u00e4n silloin t\u00e4ll\u00f6in yll\u00e4tysaseena. Musta antaa valkean rakentaa laajan sotilaskeskustan, johon my\u00f6hemmin iskee sivustoilta l\u00e4hetill\u00e4\u00e4n ja sotilaillaan.<\/p>\n<p>N\u00e4in my\u00f6s kansanmusiikkiyhtye Halogeeni uudella pitk\u00e4soitolla Alehinin puolustus. Yhtye provosoi ja houkuttelee kuuntelijan etenem\u00e4\u00e4n mielens\u00e4 sotilailla pitkin vapaata keskilinjaa. Ratsu, l\u00e4hetti ja sotamiehet kaartavat sivulta ja napsivat kuulijan my\u00f6t\u00e4tunnon ja ihastuksen nappula kerrallaan edeten v\u00e4\u00e4j\u00e4\u00e4m\u00e4tt\u00f6m\u00e4sti kohti lopullista kansanmusiikkimatitusta. Lasi vett\u00e4 ja toinen er\u00e4?<\/p>\n<p>Tuottaja: Juha Virtanen ja Halogeeni<br \/>\n\u00c4\u00e4nitys: Juha Virtanen<br \/>\nMiksaus: Juha Virtanen<br \/>\nMasterointi: Marko My\u00f6h\u00e4nen, Vesa Norilo, Sibelius-Akatemia<\/p>\n<p>Anne-Mari Hakam\u00e4ki: harmooni, laulu<br \/>\nMatti Hakam\u00e4ki: mandoliini, laulu<br \/>\nJuha Virtanen: 1- ja 2,5-riviset haitarit<\/p>","protected":false},"featured_media":1681,"comment_status":"closed","ping_status":"closed","template":"","meta":{"_acf_changed":false},"product_brand":[],"product_cat":[65],"product_tag":[],"class_list":{"0":"post-1680","1":"product","2":"type-product","3":"status-publish","4":"has-post-thumbnail","6":"product_cat-aanitteet","8":"first","9":"instock","10":"shipping-taxable","11":"product-type-simple"},"acf":[],"_links":{"self":[{"href":"https:\/\/etno.net\/en\/wp-json\/wp\/v2\/product\/1680","targetHints":{"allow":["GET"]}}],"collection":[{"href":"https:\/\/etno.net\/en\/wp-json\/wp\/v2\/product"}],"about":[{"href":"https:\/\/etno.net\/en\/wp-json\/wp\/v2\/types\/product"}],"replies":[{"embeddable":true,"href":"https:\/\/etno.net\/en\/wp-json\/wp\/v2\/comments?post=1680"}],"wp:featuredmedia":[{"embeddable":true,"href":"https:\/\/etno.net\/en\/wp-json\/wp\/v2\/media\/1681"}],"wp:attachment":[{"href":"https:\/\/etno.net\/en\/wp-json\/wp\/v2\/media?parent=1680"}],"wp:term":[{"taxonomy":"product_brand","embeddable":true,"href":"https:\/\/etno.net\/en\/wp-json\/wp\/v2\/product_brand?post=1680"},{"taxonomy":"product_cat","embeddable":true,"href":"https:\/\/etno.net\/en\/wp-json\/wp\/v2\/product_cat?post=1680"},{"taxonomy":"product_tag","embeddable":true,"href":"https:\/\/etno.net\/en\/wp-json\/wp\/v2\/product_tag?post=1680"}],"curies":[{"name":"wp","href":"https:\/\/api.w.org\/{rel}","templated":true}]}}