{"id":1685,"date":"2020-12-18T12:30:33","date_gmt":"2020-12-18T10:30:33","guid":{"rendered":"https:\/\/etno.net\/?post_type=product&#038;p=1685"},"modified":"2021-12-15T09:37:28","modified_gmt":"2021-12-15T07:37:28","slug":"lakeuden-tango-bothnia-punk","status":"publish","type":"product","link":"https:\/\/etno.net\/en\/julkaisu\/aanitteet\/lakeuden-tango-bothnia-punk","title":{"rendered":"Lakeuden Tango &#8211; Bothnia Punk"},"content":{"rendered":"<h3>CD 1<\/h3>\n<p><strong>1. Wien, Wien\/Marinella<\/strong><br \/>\nS\u00e4v. Scotto Vincent Babtiste, suom. san. Auvo Nuotio.<br \/>\nS\u00e4v. Scotto Vincent Babtiste, suom. san. Kauko K\u00e4yhk\u00f6.<\/p>\n<p>\u00c4\u00e4nitetty 1948<\/p>\n<p>Aimo Tolosen yhtye<br \/>\nAimo Tolonen: laulu<br \/>\nKeijo Kaivo-oja: laulu<br \/>\nTapio Turja: hanuri<br \/>\n\u00c5ke Knuus: piano<br \/>\nTomi Nordstr\u00f6m: kitara<\/p>\n<p><strong>2. Olet aatoksissain (Salamente una vez)<\/strong><br \/>\nS\u00e4v. Aguirre Agustin Lara, suom. san. Kaarlo V\u00e4in\u00f6 Valve.<\/p>\n<p>\u00c4\u00e4nitetty 1948<\/p>\n<p>Aimo Tolosen yhtye<br \/>\nAimo Tolonen: laulu<br \/>\nKeijo Kaivo-oja: laulu<br \/>\nTapio Turja: hanuri<br \/>\n\u00c5ke Knuus: piano<br \/>\nTomi Nordstr\u00f6m: kitara<\/p>\n<p><strong>3. Pyh\u00e4vuoden jodlaus<\/strong><br \/>\nS\u00e4v. Keijo Kaivo-Oja, sov. Keijo Kaivo-Oja.<\/p>\n<p>\u00c4\u00e4nitetty 1967<\/p>\n<p>Keijo Kaivo-Ojan yhtye<br \/>\nKeijo Kaivo-Oja: hanuri, jodlaus<br \/>\nPaavo Kauppi: viulu<br \/>\nHeikki Jutila: basso<br \/>\nMarkku Oksanen: rummut<\/p>\n<p><strong>4. Koulukatu blues<\/strong><br \/>\nS\u00e4v. Jussi Asu.<\/p>\n<p>\u00c4\u00e4nitetty 1980<\/p>\n<p>Kauko Laitila Group<br \/>\nKauko Laitila: klarinetti<br \/>\nJari Tuuri: piano<br \/>\nJussi Asu: basso<br \/>\nAulis Uusi-Hakima: rummut<\/p>\n<p><strong>5. The Lady is a tramp<\/strong><br \/>\nS\u00e4v. Richarg Rodgers, sov. Reino Hietam\u00e4ki.<\/p>\n<p>\u00c4\u00e4nitetty 1981<\/p>\n<p>Reino Hietam\u00e4en kvartetti<br \/>\nJorma Salo: laulu<br \/>\nReino Hietam\u00e4ki: hanuriurku<br \/>\nMatti Mikkil\u00e4: Hanuri<br \/>\nHeimo Saarela: kitara<\/p>\n<p><strong>6. Iltaisin<\/strong><br \/>\nS\u00e4v. Lasse M\u00e5rtensson, san. Kari Tuomisaari.<\/p>\n<p>\u00c4\u00e4nitetty 1965<\/p>\n<p>Paula Koivuniemi (Pia Christina): laulu<br \/>\nKalevi Kahila (Vento Vieras): kitara<\/p>\n<p><strong>7. Sateinen syyskuu (Sebtember in The Rain)<\/strong><br \/>\nS\u00e4v. Harry Warren, suom. san. Kullervo, sov. Sakari Lusa.<\/p>\n<p>\u00c4\u00e4nitetty 1982<\/p>\n<p>Jorma Salo ja Reino Hietam\u00e4en yhtye<br \/>\nReino Hietam\u00e4ki: hanuriurku<br \/>\nHeimo Saarela: kitara<br \/>\nSakari Lusa: rummut<\/p>\n<p><strong>8. Kadun aurinkoisella puolella (The Sunnyside Of The Street)<\/strong><br \/>\nS\u00e4v. Jimmy McHugh, suom. san. Usko Kemppi.<\/p>\n<p>\u00c4\u00e4nitetty 1960-luvulla<\/p>\n<p>Jorma Salo: laulu<br \/>\nKeijo Kaivo-oja: hanuri<\/p>\n<p><strong>9. Ken sua suutelee ( I Wonder Who&#8217;s Kissing Her Now)<\/strong><br \/>\nS\u00e4v. Frank R. Adams, san. Frank R. Adams, suom. sanoittaja tuntematon.<\/p>\n<p>\u00c4\u00e4nitetty 1960-luvulla<\/p>\n<p>Matti Jutila: laulu<br \/>\nKeijo Kaivo-oja: hanuri<\/p>\n<p><strong>10. Viel\u00e4 m\u00e4 palaan (Tudo passaro)<\/strong><br \/>\nS\u00e4v. Pinto Nelson, suom. san. Juha Vainio.<\/p>\n<p>\u00c4\u00e4nitetty 1960-luvun loppupuolella<\/p>\n<p>Star-boys<br \/>\nVeijo Per\u00e4l\u00e4: laulu<br \/>\nV\u00e4in\u00f6 Mietola: urut<br \/>\nHeikki Jutila: saksofoni<br \/>\nV\u00e4in\u00f6 Pylkk\u00e4: saksofoni<br \/>\nHeikki Savioja: basso<br \/>\nReijo Siltio: rummut<\/p>\n<p><strong>11. L\u00e4hden yksin tansseihin<\/strong><br \/>\nS\u00e4v. Keijo Kaivo-oja, san. Kauko Varhila, sov. Keijo Kaivo-oja.<\/p>\n<p>\u00c4\u00e4nitetty 1967<\/p>\n<p>Sinikka Luhtala ja Keijo Kaivo-ojan yhtye<br \/>\nSinikka Luhtala: laulu<br \/>\nKeijo Kaivo-Oja: hanuri<br \/>\nPaavo Kauppi: viulu<br \/>\nHeikki Jutila: basso<br \/>\nMarkku Oksanen: rummut<\/p>\n<p><strong>12. Lakeaharjun laulu<\/strong><br \/>\nS\u00e4v. Antti Luoma-aho, san. Antti Luoma-aho.<\/p>\n<p>\u00c4\u00e4nitetty 1976<\/p>\n<p>Alpo Pellisen yhtye<br \/>\nAlpo Pellinen: laulu, huilu, basso<br \/>\nJorma Pellinen: kitara, trumpetti<br \/>\nSakari Erkkil\u00e4: trumpetti<br \/>\nMauri Kattelus: harmonikka<br \/>\nHannu Rosblom: rummut<\/p>\n<p><strong>13. Pohjanmaa<\/strong><br \/>\nS\u00e4v. V\u00e4in\u00f6 Mietola, san. V\u00e4in\u00f6 Mietola.<\/p>\n<p>\u00c4\u00e4nitetty 1981<\/p>\n<p>Eljas Pakkasen yhtye<br \/>\nEljas Pakkanen: laulu<br \/>\nTapio Peltoniemi: saksofoni<br \/>\nPekka Rytk\u00f6nen: hanuri<br \/>\nArto Latva: kitara<br \/>\nMarkku Pakkanen: basso<br \/>\nJari Keski-Marttunen: rummut<\/p>\n<p><strong>14. Y\u00f6 ikkunan takana<\/strong><br \/>\nS\u00e4v. Unto Mononen, san. Unto Mononen, Sauvo Puhtila.<\/p>\n<p>\u00c4\u00e4nitetty 1982<\/p>\n<p>Mauri Katteluksen yhtye<br \/>\nJuha H\u00e4nninen: laulua<br \/>\nMauri Kattelus: hanuri<br \/>\nEsa Kivim\u00e4ki: saksofoni<br \/>\nHarri Vainiola: kitara<br \/>\nRisto Puupponen: basso<br \/>\nRisto Katila: rummut<\/p>\n<p><strong>15. Lantaa vain<\/strong><br \/>\nS\u00e4v. J.Hietala, H. Ikola, san. L. Mantela, sov. Esko J\u00e4\u00e4sk\u00e4.<\/p>\n<p>\u00c4\u00e4nitetty 1980<\/p>\n<p>Hietalan kaksoset<br \/>\nJari Hietala: laulu<br \/>\nJouni Hietala: laulu<br \/>\nRaya J\u00e4\u00e4sk\u00e4: taustalaulu<br \/>\nHannu Koivula: kitara<br \/>\nJari Tuuri: koskettimet<br \/>\nPertti Pitk\u00e4koski: kitara<br \/>\nJussi Asu: basso<br \/>\nSeppo Myllym\u00e4ki: rummut<\/p>\n<p><strong>16. Vie tieni aurinkoon<\/strong><br \/>\nS\u00e4v. Ismo Lanu, san. Helena Piispa.<\/p>\n<p>\u00c4\u00e4nitetty 1982<\/p>\n<p>Raimo Artikainen: laulu<br \/>\nS\u00e4estys Botniasound studio-orkesteri<\/p>\n<p><strong>17. Moskovan valot<\/strong><br \/>\nS\u00e4v. Tihon Hrennikov, suom. san. Pauli Salonen.<\/p>\n<p>\u00c4\u00e4nitetty 1983<\/p>\n<p>Mikko Sepp\u00e4: laulu<br \/>\nHarri Vainiola: piano<\/p>\n<p><strong>18. Mustekala<\/strong><br \/>\nS\u00e4v. Lauri Peura, sov. Jorma Pellinen.<\/p>\n<p>\u00c4\u00e4nitetty 1982<\/p>\n<p>Erkki J\u00e4rvenp\u00e4\u00e4n hanuritrio<br \/>\nErkki J\u00e4rvenp\u00e4\u00e4: hanuri<br \/>\nMauri Kattelus: hanuri<br \/>\nEsa Koivulahti: hanuri<br \/>\nPentti Hakala: piano<br \/>\nJorma Pellinen: kitara<br \/>\nMikko Rantalainen: basso<br \/>\nHannu Rosblom: rummut<\/p>\n<p><strong>19. Proomutanssit<\/strong><br \/>\nS\u00e4v. Toivo Honkonen, sov. Raimo Erkinheimo.<\/p>\n<p>\u00c4\u00e4nitetty 1979-1980<\/p>\n<p>Raimo Erkinheimon yhtye<br \/>\nRaimo Erkinheimo: trumpetti<br \/>\nVoitto Erkinheimo: tenori saksofoni<br \/>\nAsko Laukkonen: hanuri<br \/>\nOssi Rauhala: basso<br \/>\nHeikki Hautam\u00e4ki: rummut<\/p>\n<p><strong>20. Sepsi \u2013 Sepsi<\/strong><br \/>\nS\u00e4v. Jussi Asu, san. Jussi Asu, sov. Jussi Asu.<\/p>\n<p>\u00c4\u00e4nitetty 1981<\/p>\n<p>Jari V\u00e4h\u00e4koski: laulu<br \/>\nHarri Vainiola: koskettimet<br \/>\nJussi Asu: basso<\/p>\n<p><strong>21. Viisumi, passi ja pussi<\/strong><br \/>\nS\u00e4v. Jussi Asu, san. Jussi Asu, sov. Jussi Asu.<\/p>\n<p>\u00c4\u00e4nitetty 1982<\/p>\n<p>Jari V\u00e4h\u00e4koski: laulu<br \/>\nHarri Vainiola: koskettimet<br \/>\nJussi Asu: basso<\/p>\n<p><strong>22. Suutelemalla<\/strong><br \/>\nS\u00e4v. Kari K\u00e4lli, san. Kari K\u00e4lli, sov. Kari K\u00e4lli.<\/p>\n<p>\u00c4\u00e4nitetty 1985<\/p>\n<p>Kari K\u00e4lli: kitara<\/p>\n<p><strong>23. Oon voimissain (I Will Survive)<\/strong><br \/>\nS\u00e4v. Dino Fekanis, suom. san. Pertti Reponen.<\/p>\n<p>\u00c4\u00e4nitetty 1979<\/p>\n<p>Ossi Talja kvintetti<br \/>\nOssi Talja: laulu<br \/>\nRisto Kamu: kitara<br \/>\nJuhani Kaukosalo: rummut<br \/>\nHeikki Ketola: urut<br \/>\nJuha-Pekka Kankaanp\u00e4\u00e4: basso<\/p>\n<p><strong>24. Armi<\/strong><br \/>\nS\u00e4v. Timo Vartiala, sov. Timo Vartiala.<\/p>\n<p>\u00c4\u00e4nitetty 1981<\/p>\n<p>TV-Group<br \/>\nTimo Vartiala: laulu, basso<br \/>\nPauli Sillanp\u00e4\u00e4: rummut<br \/>\nAri Kivist\u00f6: kitara<br \/>\nMarkku Kivel\u00e4: koskettimet<\/p>\n<p><strong>25. Hell\u00e4 mulle oot<\/strong><br \/>\nS\u00e4v. Jussi Asu, san. Jussi Asu, sov. Jussi Asu.<\/p>\n<p>\u00c4\u00e4nitetty 1980<\/p>\n<p>Jussi Asu: laulu, kitara<\/p>\n<p><strong>26. Armain<\/strong><br \/>\nS\u00e4v. Keijo Kaivo-oja, sov. Keijo Kaivo-oja.<\/p>\n<p>\u00c4\u00e4nitetty 1960-luvun alkupuolella<\/p>\n<p>Tauno Tammilehto: laulu<br \/>\nJukka Latvam\u00e4ki: hanuri<br \/>\nPaavo Kauppi: viulu<br \/>\nErkki Tuomisto: viulu<br \/>\nSeppo Lemponen: kitara<br \/>\nPentti Hakala: piano<br \/>\nAarre Kivim\u00e4ki: vibrafoni<br \/>\nHeikki Jutila: basso<\/p>\n<h3>CD 2<\/h3>\n<p><strong>1. Taistellaan<\/strong><br \/>\nS\u00e4v. Esko Takam\u00e4ki, san. Esko Takam\u00e4ki, sov. Mega.<\/p>\n<p>\u00c4\u00e4nitetty 1985-1986<\/p>\n<p>Mega<br \/>\nEsko Takam\u00e4ki: laulu<br \/>\nJare Renko: kitara<br \/>\nJuhani Lautamaja: kitara<br \/>\nHarri Ala-Kojola: rummut<br \/>\nMika Saari: basso<\/p>\n<p><strong>2. I Want You<\/strong><br \/>\nS\u00e4v. tuntematon, san. tuntematon.<\/p>\n<p>\u00c4\u00e4nitetty 1967<\/p>\n<p>Suikkis<br \/>\nSuikki J\u00e4\u00e4sk\u00e4: laulu, kitara<br \/>\nMikko J\u00e4\u00e4sk\u00e4: kitara<br \/>\nJarmo Kauppila: basso<br \/>\nReijo Siltio: rummut<br \/>\nEsa Ala-Kanto: baritonisaksofoni<\/p>\n<p><strong>3. The Dream of Cecilia<\/strong><br \/>\nS\u00e4v. Harri Naksa, sov. Harri Naksa.<\/p>\n<p>\u00c4\u00e4nitetty 1983<\/p>\n<p>Progression<br \/>\nHarri Nokso: kitara<br \/>\nLasse Hirvi: koskettimet<br \/>\nMichael Peltonen: huilu<br \/>\nHarri Koivisto: trumpetti, flyygelitrumpetti<br \/>\nJuha Holma: tenorisaksofoni<br \/>\nVeli-Matti Tuomela: sopraano- ja alttosaksofoni<br \/>\nJoose Tammelin: basso<br \/>\nJukka Ojaniemi: rummut<\/p>\n<p><strong>4. Hevimpi V\u00e4in\u00e4m\u00f6inen<\/strong><br \/>\nS\u00e4v. Jussi Ala-Kuha, sov. Jussi Ala-Kuha.<\/p>\n<p>\u00c4\u00e4nitetty 1983<\/p>\n<p>Jussi Ala-Kuha: kitara<br \/>\nHeikki Lehtonen: basso<br \/>\nMatti Takala: rummut<\/p>\n<p><strong>5. That&#8217;s No Easy At All<\/strong><br \/>\nS\u00e4v. Kari M\u00e4kiranta, san. Vesa Alatalo, sov. Kari M\u00e4kiranta, Ari Kivist\u00f6, Timo Kallio, Jussi Autio.<\/p>\n<p>\u00c4\u00e4nitetty 1983<\/p>\n<p>Release<br \/>\nKari M\u00e4kiranta: laulu, koskettimet<br \/>\nAri Kivist\u00f6: kitara<br \/>\nTimo Kallio: basso<br \/>\nJussi Autio: rummut<\/p>\n<p><strong>6. Think About The People<\/strong><br \/>\nS\u00e4v. Osibisa, san. Osibisa.<\/p>\n<p>\u00c4\u00e4nitetty 1973<\/p>\n<p>Super Suikkis<br \/>\nSuikki J\u00e4\u00e4sk\u00e4: trumpetti, perkussio<br \/>\nJarmo Kettunen: trumpetti<br \/>\nMikko J\u00e4\u00e4sk\u00e4: kitara<br \/>\nPaavo Sillanp\u00e4\u00e4: basso<br \/>\nJuhani Kaukosalo: rummut<br \/>\nJorma Heikkil\u00e4: laulu<br \/>\nHarri Hyv\u00f6nen: koskettimet<br \/>\nPeppi Seraidis: perkussiot<br \/>\nEsa N\u00e4tsi Rosval: perkussiot<br \/>\nMartti Jalava: baritonisaksofoni<br \/>\nVeli-Matti Vaivila: alttosaksofoni<br \/>\nJukka Hirvonen: tenorisaksofoni<\/p>\n<p><strong>7. Miss B (Theme)<\/strong><br \/>\nS\u00e4v. H. W. Casey, R. Finch, sov. Suikki J\u00e4\u00e4sk\u00e4.<\/p>\n<p>\u00c4\u00e4nitetty 1976<\/p>\n<p>Bestsellers<br \/>\nSuikki J\u00e4\u00e4sk\u00e4: trumpetti<br \/>\nMikko J\u00e4\u00e4sk\u00e4: koskettimet<br \/>\nYrj\u00f6 Koskim\u00e4ki: kitara<br \/>\nRaimo Kuronen: perkussio<br \/>\nJuhani Kaukosalo: rummut<br \/>\nRaimo Ahonen: basso<br \/>\nMatti Laitinen: tenorisaksofoni<br \/>\nAki Kivim\u00e4ki: baritonisaksofoni<\/p>\n<p><strong>8. J\u00e4\u00e4tynyt maa<\/strong><br \/>\nS\u00e4v. Juhani Syrj\u00e4l\u00e4, san. Juhani Syrj\u00e4l\u00e4.<\/p>\n<p>\u00c4\u00e4nitetty 1982<\/p>\n<p>Gabriel<br \/>\nAri Nevala: laulu, kitara<br \/>\nJuhani Syrj\u00e4l\u00e4: laulu, kitara<br \/>\nJorma Hietam\u00e4ki: kitara<br \/>\nJorma Lehtola: koskettimet, rummut<br \/>\nRisto Kiilunen: basso<\/p>\n<p><strong>9. Viinimalja<\/strong><br \/>\nS\u00e4v. Matti Viita-aho, san. Pekka Viita-aho, sov. Pekka Viita-aho, Heiki Isoniemi, Jarmo Kirsil\u00e4, Heikki Viinam\u00e4ki.<\/p>\n<p>\u00c4\u00e4nitetty 1979<\/p>\n<p>Kameleon<br \/>\nPekka Viita-aho: laulu, kitara<br \/>\nHeikki Isoniemi: kitara<br \/>\nJarmo Kirsil\u00e4: rummut, taustalaulu<br \/>\nHeikki Viinam\u00e4ki: basso, taustalaulu<\/p>\n<p><strong>10. Meren kansa<\/strong><br \/>\nS\u00e4v. Jussi Asu, san. Irma Polari.<\/p>\n<p>\u00c4\u00e4nitetty 1980<\/p>\n<p>Raija Uitto<br \/>\nRaija Hietakangas: laulu<br \/>\nTimo Hietala: piano<br \/>\nHeikki Nikula: klarinetti<br \/>\nTimo Marttila: basso<br \/>\nSeppo Myllym\u00e4ki: rummut<\/p>\n<p><strong>11. P\u00e4in punaista<\/strong><br \/>\nS\u00e4v. Erkki Aura, san. Erkki Aura.<\/p>\n<p>\u00c4\u00e4nitetty 1985<\/p>\n<p>Pauli Hanhiniemi: laulu<br \/>\nTanjalotta R\u00e4isk\u00e4: laulu<br \/>\nRaya J\u00e4\u00e4sk\u00e4: laulu<br \/>\nErkki Aura: laulu<br \/>\nTimo Ristil\u00e4: koskettimet<br \/>\nRisto Keteli: basso<br \/>\nErkki Nikkola: kitara<br \/>\nJuhani Nisula: kitara<br \/>\nPasi Kallioniemi: rummut<br \/>\nHessu Laaksonen: saksofoni<br \/>\nHessu Laaksonen: saksofoni<\/p>\n<p><strong>12. Synnytys<\/strong><br \/>\nS\u00e4v. Harri Perki\u00f6, san. Jari E. Hakala, sov. Harri Perki\u00f6, Jaana Makkonen, Merja Ala-huikku, Marja V\u00e4lim\u00e4ki, Pave Syrj\u00e4l\u00e4, Petri M\u00e4kinen.<\/p>\n<p>\u00c4\u00e4nitetty 1986<\/p>\n<p>Teatteri<br \/>\nJari E. Hakala: laulu<br \/>\nMarja V\u00e4lim\u00e4ki: laulu<br \/>\nMerja Ala-Huikku: laulu<br \/>\nJaana Makkonen: laulu<br \/>\nHarri Perki\u00f6: kitara, taustalaulu<br \/>\nPave Syrj\u00e4l\u00e4: basso<br \/>\nPetri M\u00e4kinen: rummut<\/p>\n<p><strong>13. Viimeinen y\u00f6<\/strong><br \/>\nS\u00e4v. Pasi Mattila, san. Pasi Mattila.<\/p>\n<p>\u00c4\u00e4nitetty 1985<\/p>\n<p>Zarab<br \/>\nPasi Mattila: laulu, kitara<br \/>\nJarkko Mattila: rummut<br \/>\nJanne Sankelo: koskettimet<br \/>\nJukka M\u00e4ki: basso<\/p>\n<p><strong>14. Otso karvalaulu<\/strong><br \/>\nS\u00e4v. Hannu Sepponen, san. Sari Peltoniemi.<\/p>\n<p>\u00c4\u00e4nitetty 1985<\/p>\n<p>Noitalinna huraa<br \/>\nSari Peltoniemi: laulu<br \/>\nReijo K\u00e4rh\u00e4: kitara<br \/>\nAntti Tammela: basso<br \/>\nHannu Sepponen: rummut<br \/>\nMarkku Niinist\u00f6: taustalaulu<br \/>\nAri K\u00e4rh\u00e4: taustalaulu<br \/>\nLiisa K\u00e4rh\u00e4: taustalaulu<\/p>\n<p><strong>15. Juomarin laulu<\/strong><br \/>\nS\u00e4v. Juhani Nisula, san. Juha Saarinen, sov. Juhani Nisula, Juha Saarinen, Matti \u00c5gren, Vesa Tanttari, Hessu Laaksonen.<\/p>\n<p>\u00c4\u00e4nitetty 1984<\/p>\n<p>Minosa<br \/>\nJuhani Nisula: kitara<br \/>\nJuha Saarinen: laulu<br \/>\nMatti \u00c5gren: koskettimet<br \/>\nVesa Tanttari: rummut<br \/>\nHessu Laaksonen: Hessu Laaksonen<\/p>\n<p><strong>16. Saanko viel\u00e4<\/strong><br \/>\nS\u00e4v. Esko Takam\u00e4ki, Harri Perki\u00f6, san. Esko Takam\u00e4ki, sov. Esko Takam\u00e4ki, Harri Perki\u00f6, Pepe Palokangas, Ippe V\u00e4likangas.<\/p>\n<p>\u00c4\u00e4nitetty 1983<\/p>\n<p>Krawatts<br \/>\nEsko Takam\u00e4ki: laulu<br \/>\nHarri Perki\u00f6: kitara<br \/>\nPepe Palokangas: basso<br \/>\nIppe V\u00e4likangas: rummut<\/p>\n<p><strong>17. Olen oma sankarini<\/strong><br \/>\nS\u00e4v. Artsi Ojaj\u00e4rvi, sov. Jyrki Kortesniemi, Artsi Ojaj\u00e4rvi, Antti Kortesniemi.<\/p>\n<p>\u00c4\u00e4nitetty 1985<\/p>\n<p>Crack-up<br \/>\nJyrki Kortesniemi: laulu, kitara<br \/>\nArtsi Ojaj\u00e4rvi: basso<br \/>\nAntti Kortesniemi: rummut<\/p>\n<p><strong>18. On siit\u00e4 kauan aikaa<\/strong><br \/>\nS\u00e4v. Ari Saari, san. Ari Saari, sov. Ari Saari.<\/p>\n<p>\u00c4\u00e4nitetty 1980<\/p>\n<p>Raija Uitto: laulu<br \/>\nAri Saari: kitara, taustat (Yamaha rytmikone\/Atari tietokone)<\/p>\n<p><strong>19. Shotgun Blues<\/strong><br \/>\nS\u00e4v. Don Walsh, Richard Walsh, san.Don Walsh, Richard Walsh, sov. Pentti Keskim\u00e4ki, Matti Loppela.<\/p>\n<p>\u00c4\u00e4nitetty 1983<\/p>\n<p>Loppela Blues band<br \/>\nHarri Aho: laulu<br \/>\nMatti Lappela: kitara<br \/>\nHarri Ala-Kojola: rummut<br \/>\nMika Saari: basso<br \/>\nEsa Kivineva: urut<br \/>\nLauri Kukko: piano<br \/>\nPentti Keskim\u00e4ki: tenorisaksofoni<br \/>\nVeli-Pekka Tuomola: baritonisaksofoni<br \/>\nMikko Moisio: trumpetti<br \/>\nJussi Harju: pasuuna<\/p>\n<p><strong>20. Sepon Servoletti<\/strong><br \/>\nS\u00e4v. Seppo Sallinen, san.Seppo Sallinen, sov. Seppo Sallinen, Jukka Sallinen, Paavo Sallinen.<\/p>\n<p>\u00c4\u00e4nitetty 1976<\/p>\n<p>Hard Rock Sallinen<br \/>\nJukka Sallinen: rummut<br \/>\nSeppo Sallinen: laulu, basso<br \/>\nPaavo Sallinen: laulu, kitara<\/p>\n<p><strong>21. \u00c4ng-rokki<\/strong><br \/>\nS\u00e4v. Kari Tyni, san. Kari Tyni, sov. Olli Orrenmaa, Tuomo Orrenmaa, Kari Tyni, Jukka Hyv\u00f6nen.<\/p>\n<p>\u00c4\u00e4nitetty 1982<\/p>\n<p>\u00c4ksy koni<br \/>\nOlli Orrenmaa: laulu<br \/>\nTuomo Orrenmaa: kitara<br \/>\nKari Tyni: basso<br \/>\nJukka Hyv\u00f6nen: rummut<\/p>","protected":false},"excerpt":{"rendered":"<div class=\"field field-name-body field-type-text-with-summary field-label-hidden\">\n<div class=\"field-items\">\n<div class=\"field-item even\">\n<p>T\u00e4m\u00e4 kokoelma t\u00e4ydent\u00e4\u00e4 omalta osaltaan etel\u00e4pohjalaisen rytmimusiikin soivaa historiaa. Suurin osa tallenteista on nyt ensimm\u00e4ist\u00e4 kertaa \u00e4\u00e4nilevyll\u00e4. Monia ei koskaan tarkoitettukaan julkisuuteen, vaan ne tehtiin esittelytarkoituksessa, levy-yhti\u00f6iden tai tanssienj\u00e4rjest\u00e4jien mielenkiinnon her\u00e4tt\u00e4miseksi. Osa on tehty muuten vain, omaksi huviksi ja muistoksi hienosta musisointihetkest\u00e4. Huomattava osa on soinut radioaalloilla, mik\u00e4 viel\u00e4 1970-luvulla oli monelle yhtyeelle ainutlaatuinen ja l\u00e4hes ainoa mahdollisuus p\u00e4\u00e4st\u00e4 suuremman yleis\u00f6n kuuluville. Oikean kaupallisen \u00e4\u00e4nilevyn julkaiseminen oli etenkin maakuntien artisteille ja yhtyeille monen kiven takana. Levyfirmat ja studiot olivat Helsingiss\u00e4 ja levytyssopimuksen kynnys oli tavattoman korkea nykyaikaan verrattuna.<\/p>\n<\/div>\n<\/div>\n<\/div>\n<div class=\"field field-name-field-kamucd-kuv-kirjoittaja field-type-text field-label-hidden\">\n<div class=\"field-items\">\n<div class=\"field-item even\"><em>Vesa Kurkela, Terho Kemppi<\/em><\/div>\n<\/div>\n<div><\/div>\n<div>Tuottaja: Vesa Kurkela<br \/>\nUseita eri \u00e4\u00e4nitt\u00e4ji\u00e4<br \/>\nMasterointi: Suikki J\u00e4\u00e4sk\u00e4<br \/>\nEditointi: Heikki Nuorivaara<br \/>\nRestaurointi: DER<\/div>\n<\/div>","protected":false},"featured_media":1686,"comment_status":"closed","ping_status":"closed","template":"","meta":{"_acf_changed":false},"product_brand":[],"product_cat":[65],"product_tag":[],"class_list":{"0":"post-1685","1":"product","2":"type-product","3":"status-publish","4":"has-post-thumbnail","6":"product_cat-aanitteet","8":"first","9":"instock","10":"shipping-taxable","11":"product-type-simple"},"acf":[],"_links":{"self":[{"href":"https:\/\/etno.net\/en\/wp-json\/wp\/v2\/product\/1685","targetHints":{"allow":["GET"]}}],"collection":[{"href":"https:\/\/etno.net\/en\/wp-json\/wp\/v2\/product"}],"about":[{"href":"https:\/\/etno.net\/en\/wp-json\/wp\/v2\/types\/product"}],"replies":[{"embeddable":true,"href":"https:\/\/etno.net\/en\/wp-json\/wp\/v2\/comments?post=1685"}],"wp:featuredmedia":[{"embeddable":true,"href":"https:\/\/etno.net\/en\/wp-json\/wp\/v2\/media\/1686"}],"wp:attachment":[{"href":"https:\/\/etno.net\/en\/wp-json\/wp\/v2\/media?parent=1685"}],"wp:term":[{"taxonomy":"product_brand","embeddable":true,"href":"https:\/\/etno.net\/en\/wp-json\/wp\/v2\/product_brand?post=1685"},{"taxonomy":"product_cat","embeddable":true,"href":"https:\/\/etno.net\/en\/wp-json\/wp\/v2\/product_cat?post=1685"},{"taxonomy":"product_tag","embeddable":true,"href":"https:\/\/etno.net\/en\/wp-json\/wp\/v2\/product_tag?post=1685"}],"curies":[{"name":"wp","href":"https:\/\/api.w.org\/{rel}","templated":true}]}}