{"id":1687,"date":"2020-12-18T14:14:43","date_gmt":"2020-12-18T12:14:43","guid":{"rendered":"https:\/\/etno.net\/?post_type=product&#038;p=1687"},"modified":"2021-12-15T09:35:15","modified_gmt":"2021-12-15T07:35:15","slug":"henriksson-kleemola-prauda-rindanickola","status":"publish","type":"product","link":"https:\/\/etno.net\/en\/julkaisu\/aanitteet\/henriksson-kleemola-prauda-rindanickola","title":{"rendered":"Henriksson-Kleemola-Prauda: RindaNickola"},"content":{"rendered":"<p><strong>1. Hauho-polskan<\/strong><\/p>\n<!--[if lt IE 9]><script>document.createElement('audio');<\/script><![endif]-->\n<audio class=\"wp-audio-shortcode\" id=\"audio-1687-1\" preload=\"none\" style=\"width: 100%;\" controls=\"controls\"><source type=\"audio\/mpeg\" src=\"https:\/\/etno.net\/wp-content\/uploads\/2020\/12\/Herikson-Kleemola-Prauda_-_01_-_Track_1.mp3?_=1\" \/><a href=\"https:\/\/etno.net\/wp-content\/uploads\/2020\/12\/Herikson-Kleemola-Prauda_-_01_-_Track_1.mp3\">https:\/\/etno.net\/wp-content\/uploads\/2020\/12\/Herikson-Kleemola-Prauda_-_01_-_Track_1.mp3<\/a><\/audio>\n<p>S\u00e4v. trad., sov. Marianna Henriksson, Piia Kleemola, Petri Prauda.<\/p>\n<p><strong>2. Kahman Antti<\/strong><br \/>\nS\u00e4v. trad., sov. Marianna Henriksson, Piia Kleemola, Petri Prauda.<\/p>\n<p><strong>3. F-duuripolska<\/strong><br \/>\nS\u00e4v. trad., sov. Piia Kleemola.<\/p>\n<p><strong>4. Yxi kaunis papillinen polska<\/strong><br \/>\nS\u00e4v. trad., sov. Marianna Henriksson, Piia Kleemola.<\/p>\n<p><strong>5. Hullu-Sakarin polskat<\/strong><br \/>\nS\u00e4v. trad., sov. Piia Kleemola, Petri Prauda.<\/p>\n<p><strong>6. &#8221;Mit\u00e4 silloin taita puuttuu?&#8221;<\/strong><\/p>\n<audio class=\"wp-audio-shortcode\" id=\"audio-1687-2\" preload=\"none\" style=\"width: 100%;\" controls=\"controls\"><source type=\"audio\/mpeg\" src=\"https:\/\/etno.net\/wp-content\/uploads\/2020\/12\/Herikson-Kleemola-Prauda_-_06_-_Track_6.mp3?_=2\" \/><a href=\"https:\/\/etno.net\/wp-content\/uploads\/2020\/12\/Herikson-Kleemola-Prauda_-_06_-_Track_6.mp3\">https:\/\/etno.net\/wp-content\/uploads\/2020\/12\/Herikson-Kleemola-Prauda_-_06_-_Track_6.mp3<\/a><\/audio>\n<p>S\u00e4v. trad., sov. Marianna Henriksson, Piia Kleemola.<\/p>\n<p><strong>7. Johannes Yli-Nikkola<\/strong><br \/>\nS\u00e4v. trad., sov. Marianna Henriksson, Piia Kleemola, Petri Prauda.<\/p>\n<p><strong>8. Hendrikin polska<\/strong><br \/>\nS\u00e4v. trad., sov. Piia Kleemola, Petri Prauda.<\/p>\n<p><strong>9. Rinta-Nikkolan mahtipolskat<\/strong><br \/>\nS\u00e4v. trad., sov. Marianna Henriksson, Piia Kleemola, Petri Prauda.<\/p>\n<p><strong>10. Bj\u00f6rko-polska<\/strong><\/p>\n<audio class=\"wp-audio-shortcode\" id=\"audio-1687-3\" preload=\"none\" style=\"width: 100%;\" controls=\"controls\"><source type=\"audio\/mpeg\" src=\"https:\/\/etno.net\/wp-content\/uploads\/2020\/12\/Herikson-Kleemola-Prauda_-_10_-_Track_10.mp3?_=3\" \/><a href=\"https:\/\/etno.net\/wp-content\/uploads\/2020\/12\/Herikson-Kleemola-Prauda_-_10_-_Track_10.mp3\">https:\/\/etno.net\/wp-content\/uploads\/2020\/12\/Herikson-Kleemola-Prauda_-_10_-_Track_10.mp3<\/a><\/audio>\n<p>S\u00e4v. trad., sov. Piia Kleemola.<\/p>\n","protected":false},"excerpt":{"rendered":"<p>Marianna Henrikssonin, Piia Kleemolan ja Petri Praudan muodostama genrerajoja rikkova trio perustettiin vuonna 2007. Musiikissaan yhtye yhdist\u00e4\u00e4 barokkimusiikin ja kansanmusiikin s\u00e4vyj\u00e4 ja tulkintatapoja. Trion ohjelmiston ydin muodostuu ilmajokisen Samuel Rinta-nikkolan vuonna 1809 muistiin merkitsem\u00e4n nuottikirjan poskas\u00e4velmist\u00e4.<\/p>\n<p>Tuottaja: Timo Alakotila<br \/>\n\u00c4\u00e4nitys: Marko My\u00f6h\u00e4nen<br \/>\nMiksaus: Marko My\u00f6h\u00e4nen<br \/>\nMasterointi: Henkka Niemist\u00f6, Chartmakers Oy<\/p>\n<p>Marianna Henriksson: cembalo<br \/>\nPiia Kleemola: barokkiviulu<br \/>\nPetri Prauda: kitara, cittern<\/p>","protected":false},"featured_media":1688,"comment_status":"closed","ping_status":"closed","template":"","meta":{"_acf_changed":false},"product_brand":[],"product_cat":[65],"product_tag":[],"class_list":{"0":"post-1687","1":"product","2":"type-product","3":"status-publish","4":"has-post-thumbnail","6":"product_cat-aanitteet","8":"first","9":"instock","10":"shipping-taxable","11":"product-type-simple"},"acf":[],"_links":{"self":[{"href":"https:\/\/etno.net\/en\/wp-json\/wp\/v2\/product\/1687","targetHints":{"allow":["GET"]}}],"collection":[{"href":"https:\/\/etno.net\/en\/wp-json\/wp\/v2\/product"}],"about":[{"href":"https:\/\/etno.net\/en\/wp-json\/wp\/v2\/types\/product"}],"replies":[{"embeddable":true,"href":"https:\/\/etno.net\/en\/wp-json\/wp\/v2\/comments?post=1687"}],"wp:featuredmedia":[{"embeddable":true,"href":"https:\/\/etno.net\/en\/wp-json\/wp\/v2\/media\/1688"}],"wp:attachment":[{"href":"https:\/\/etno.net\/en\/wp-json\/wp\/v2\/media?parent=1687"}],"wp:term":[{"taxonomy":"product_brand","embeddable":true,"href":"https:\/\/etno.net\/en\/wp-json\/wp\/v2\/product_brand?post=1687"},{"taxonomy":"product_cat","embeddable":true,"href":"https:\/\/etno.net\/en\/wp-json\/wp\/v2\/product_cat?post=1687"},{"taxonomy":"product_tag","embeddable":true,"href":"https:\/\/etno.net\/en\/wp-json\/wp\/v2\/product_tag?post=1687"}],"curies":[{"name":"wp","href":"https:\/\/api.w.org\/{rel}","templated":true}]}}