{"id":1697,"date":"2020-12-18T14:32:53","date_gmt":"2020-12-18T12:32:53","guid":{"rendered":"https:\/\/etno.net\/?post_type=product&#038;p=1697"},"modified":"2021-12-15T08:54:27","modified_gmt":"2021-12-15T06:54:27","slug":"gpv-trombi7708","status":"publish","type":"product","link":"https:\/\/etno.net\/en\/julkaisu\/aanitteet\/gpv-trombi7708","title":{"rendered":"GPV: Trombi7708"},"content":{"rendered":"<p><strong>1. The Wind Across the Border<br \/>\n<\/strong><\/p>\n<!--[if lt IE 9]><script>document.createElement('audio');<\/script><![endif]-->\n<audio class=\"wp-audio-shortcode\" id=\"audio-1697-1\" preload=\"none\" style=\"width: 100%;\" controls=\"controls\"><source type=\"audio\/mpeg\" src=\"https:\/\/etno.net\/wp-content\/uploads\/2020\/12\/etn_fcd_087_087_sou_001_prv.mp3?_=1\" \/><a href=\"https:\/\/etno.net\/wp-content\/uploads\/2020\/12\/etn_fcd_087_087_sou_001_prv.mp3\">https:\/\/etno.net\/wp-content\/uploads\/2020\/12\/etn_fcd_087_087_sou_001_prv.mp3<\/a><\/audio>\n<p><strong>2. Met-El<br \/>\n<\/strong><\/p>\n<audio class=\"wp-audio-shortcode\" id=\"audio-1697-2\" preload=\"none\" style=\"width: 100%;\" controls=\"controls\"><source type=\"audio\/mpeg\" src=\"https:\/\/etno.net\/wp-content\/uploads\/2020\/12\/etn_fcd_087_087_sou_002_prv.mp3?_=2\" \/><a href=\"https:\/\/etno.net\/wp-content\/uploads\/2020\/12\/etn_fcd_087_087_sou_002_prv.mp3\">https:\/\/etno.net\/wp-content\/uploads\/2020\/12\/etn_fcd_087_087_sou_002_prv.mp3<\/a><\/audio>\n<p><strong>3. Nora Paid<br \/>\n<\/strong><strong>4. Air Dance<br \/>\n<\/strong><\/p>\n<audio class=\"wp-audio-shortcode\" id=\"audio-1697-3\" preload=\"none\" style=\"width: 100%;\" controls=\"controls\"><source type=\"audio\/mpeg\" src=\"https:\/\/etno.net\/wp-content\/uploads\/2020\/12\/etn_fcd_087_087_sou_004_prv.mp3?_=3\" \/><a href=\"https:\/\/etno.net\/wp-content\/uploads\/2020\/12\/etn_fcd_087_087_sou_004_prv.mp3\">https:\/\/etno.net\/wp-content\/uploads\/2020\/12\/etn_fcd_087_087_sou_004_prv.mp3<\/a><\/audio>\n<p><strong>5. Taavi Nastola<\/strong><br \/>\n<strong>6. Sara&#8217;s Paris<\/strong><\/p>\n","protected":false},"excerpt":{"rendered":"<p>\u00c4\u00e4nitys: Antti Vuorenmaa, avustajana Risto Hemmi Finnvoxin B studiolla 2008<br \/>\n\u00c4\u00e4nimaiseman \u00e4\u00e4nitys: Antti Vuorenmaa Helsingin rautatieasemalla tammikuussa 2009<br \/>\nMiksaus: Antti Vuorenrnaa, Plutokerho 2008<\/p>\n<p>Masterointi: Pauli Saastamoinen, Finnvox 2009<br \/>\nTuottaja: Antti Vuorenmaa<\/p>\n<p>Eero Grundstr\u00f6m: piano, harmooni<br \/>\nSara Puljula: kontrabasso<br \/>\nAntti Vuorenmaa: s\u00e4hk\u00f6kitara<br \/>\nPanu Syrj\u00e4nen: saksofonit<\/p>","protected":false},"featured_media":1698,"comment_status":"closed","ping_status":"closed","template":"","meta":{"_acf_changed":false},"product_brand":[],"product_cat":[65],"product_tag":[],"class_list":{"0":"post-1697","1":"product","2":"type-product","3":"status-publish","4":"has-post-thumbnail","6":"product_cat-aanitteet","8":"first","9":"instock","10":"shipping-taxable","11":"product-type-simple"},"acf":[],"_links":{"self":[{"href":"https:\/\/etno.net\/en\/wp-json\/wp\/v2\/product\/1697","targetHints":{"allow":["GET"]}}],"collection":[{"href":"https:\/\/etno.net\/en\/wp-json\/wp\/v2\/product"}],"about":[{"href":"https:\/\/etno.net\/en\/wp-json\/wp\/v2\/types\/product"}],"replies":[{"embeddable":true,"href":"https:\/\/etno.net\/en\/wp-json\/wp\/v2\/comments?post=1697"}],"wp:featuredmedia":[{"embeddable":true,"href":"https:\/\/etno.net\/en\/wp-json\/wp\/v2\/media\/1698"}],"wp:attachment":[{"href":"https:\/\/etno.net\/en\/wp-json\/wp\/v2\/media?parent=1697"}],"wp:term":[{"taxonomy":"product_brand","embeddable":true,"href":"https:\/\/etno.net\/en\/wp-json\/wp\/v2\/product_brand?post=1697"},{"taxonomy":"product_cat","embeddable":true,"href":"https:\/\/etno.net\/en\/wp-json\/wp\/v2\/product_cat?post=1697"},{"taxonomy":"product_tag","embeddable":true,"href":"https:\/\/etno.net\/en\/wp-json\/wp\/v2\/product_tag?post=1697"}],"curies":[{"name":"wp","href":"https:\/\/api.w.org\/{rel}","templated":true}]}}