{"id":1702,"date":"2020-12-18T14:43:16","date_gmt":"2020-12-18T12:43:16","guid":{"rendered":"https:\/\/etno.net\/?post_type=product&#038;p=1702"},"modified":"2021-11-19T15:35:53","modified_gmt":"2021-11-19T13:35:53","slug":"tsuumi-sound-system-growing-up","status":"publish","type":"product","link":"https:\/\/etno.net\/en\/julkaisu\/aanitteet\/tsuumi-sound-system-growing-up","title":{"rendered":"Tsuumi Sound System: Growing Up"},"content":{"rendered":"<p><strong>1. Northling<\/strong><\/p>\n<!--[if lt IE 9]><script>document.createElement('audio');<\/script><![endif]-->\n<audio class=\"wp-audio-shortcode\" id=\"audio-1702-1\" preload=\"none\" style=\"width: 100%;\" controls=\"controls\"><source type=\"audio\/mpeg\" src=\"https:\/\/etno.net\/wp-content\/uploads\/2020\/12\/TsuumiSoundSystem_-_01_-_Track_1.mp3?_=1\" \/><a href=\"https:\/\/etno.net\/wp-content\/uploads\/2020\/12\/TsuumiSoundSystem_-_01_-_Track_1.mp3\">https:\/\/etno.net\/wp-content\/uploads\/2020\/12\/TsuumiSoundSystem_-_01_-_Track_1.mp3<\/a><\/audio>\n<p>S\u00e4v. Esko J\u00e4rvel\u00e4, sov. Tarmo Anttila, Tommi Asplund, Joakim Bergh\u00e4ll, Esko J\u00e4rvel\u00e4, Hannu Kella, Jani Kivel\u00e4, Jussi Nikula, Pilvi Talvitie.<\/p>\n<p><strong>2. Taivaankorjaaja \u2013 Skyfixer<\/strong><br \/>\nS\u00e4v. Tommi Asplund, Olli Seikkula, sov. Tarmo Anttila, Tommi Asplund, Joakim Bergh\u00e4ll, Esko J\u00e4rvel\u00e4, Hannu Kella, Jani Kivel\u00e4, Jussi Nikula, Pilvi Talvitie.<\/p>\n<p><strong>3. Grown-up Roger<\/strong><br \/>\nS\u00e4v. Esko J\u00e4rvel\u00e4, sov. Tarmo Anttila, Tommi Asplund, Joakim Bergh\u00e4ll, Esko J\u00e4rvel\u00e4, Hannu Kella, Jani Kivel\u00e4, Jussi Nikula, Pilvi Talvitie.<\/p>\n<p><strong>4. Livets v\u00e5r<\/strong><br \/>\nS\u00e4v. Pilvi Talvitie, sov. Tarmo Anttila, Tommi Asplund, Joakim Bergh\u00e4ll, Esko J\u00e4rvel\u00e4, Hannu Kella, Jani Kivel\u00e4, Jussi Nikula, Pilvi Talvitie.<\/p>\n<p><strong>5. Valse Cinque<\/strong><br \/>\nS\u00e4v. Joakim Bergh\u00e4ll, sov. Tarmo Anttila, Tommi Asplund, Joakim Bergh\u00e4ll, Esko J\u00e4rvel\u00e4, Hannu Kella, Jani Kivel\u00e4, Jussi Nikula, Pilvi Talvitie.<\/p>\n<p><strong>6. HUP<\/strong><br \/>\nS\u00e4v. Hannu Kella, sov. Tarmo Anttila, Tommi Asplund, Joakim Bergh\u00e4ll, Esko J\u00e4rvel\u00e4, Hannu Kella, Jani Kivel\u00e4, Jussi Nikula, Pilvi Talvitie.<\/p>\n<p><strong>7. As soon as possible<\/strong><\/p>\n<audio class=\"wp-audio-shortcode\" id=\"audio-1702-2\" preload=\"none\" style=\"width: 100%;\" controls=\"controls\"><source type=\"audio\/mpeg\" src=\"https:\/\/etno.net\/wp-content\/uploads\/2020\/12\/TsuumiSoundSystem_-_07_-_Track_7.mp3?_=2\" \/><a href=\"https:\/\/etno.net\/wp-content\/uploads\/2020\/12\/TsuumiSoundSystem_-_07_-_Track_7.mp3\">https:\/\/etno.net\/wp-content\/uploads\/2020\/12\/TsuumiSoundSystem_-_07_-_Track_7.mp3<\/a><\/audio>\n<p>S\u00e4v. Pilvi Talvitie, sov. Tarmo Anttila, Tommi Asplund, Joakim Bergh\u00e4ll, Esko J\u00e4rvel\u00e4, Hannu Kella, Jani Kivel\u00e4, Jussi Nikula, Pilvi Talvitie.<\/p>\n<p><strong>8. LaaLaa Land<\/strong><br \/>\nS\u00e4v. Esko J\u00e4rvel\u00e4, sov. Tarmo Anttila, Tommi Asplund, Joakim Bergh\u00e4ll, Esko J\u00e4rvel\u00e4, Hannu Kella, Jani Kivel\u00e4, Jussi Nikula, Pilvi Talvitie.<\/p>\n<p><strong>9. Natten vid Hagelberg<\/strong><br \/>\nS\u00e4v. Jussi Nikula, sov. Tarmo Anttila, Tommi Asplund, Joakim Bergh\u00e4ll, Esko J\u00e4rvel\u00e4, Hannu Kella, Jani Kivel\u00e4, Jussi Nikula, Pilvi Talvitie.<\/p>\n<p><strong>10. Sicilian Panda<\/strong><br \/>\nS\u00e4v. Hannu Kella, sov. Tarmo Anttila, Tommi Asplund, Joakim Bergh\u00e4ll, Esko J\u00e4rvel\u00e4, Hannu Kella, Jani Kivel\u00e4, Jussi Nikula, Pilvi Talvitie.<\/p>\n<p><strong>11. Hiljainen mieli-Silent mind<\/strong><br \/>\nS\u00e4v. Esko J\u00e4rvel\u00e4, sov. Tarmo Anttila, Tommi Asplund, Joakim Bergh\u00e4ll, Esko J\u00e4rvel\u00e4, Hannu Kella, Jani Kivel\u00e4, Jussi Nikula, Pilvi Talvitie.<\/p>\n<p><strong>12. Rec. 32<\/strong><br \/>\nS\u00e4v. Esko J\u00e4rvel\u00e4, sov. Tarmo Anttila, Tommi Asplund, Joakim Bergh\u00e4ll, Esko J\u00e4rvel\u00e4, Hannu Kella, Jani Kivel\u00e4, Jussi Nikula, Pilvi Talvitie.<\/p>\n<p><strong>13. Unknown tomorrow<\/strong><\/p>\n<audio class=\"wp-audio-shortcode\" id=\"audio-1702-3\" preload=\"none\" style=\"width: 100%;\" controls=\"controls\"><source type=\"audio\/mpeg\" src=\"https:\/\/etno.net\/wp-content\/uploads\/2020\/12\/TsuumiSoundSystem_-_13_-_Track_13.mp3?_=3\" \/><a href=\"https:\/\/etno.net\/wp-content\/uploads\/2020\/12\/TsuumiSoundSystem_-_13_-_Track_13.mp3\">https:\/\/etno.net\/wp-content\/uploads\/2020\/12\/TsuumiSoundSystem_-_13_-_Track_13.mp3<\/a><\/audio>\n<p>S\u00e4v. Hannu Kella, sov. Tarmo Anttila, Tommi Asplund, Joakim Bergh\u00e4ll, Esko J\u00e4rvel\u00e4, Hannu Kella, Jani Kivel\u00e4, Jussi Nikula, Pilvi Talvitie.<\/p>\n","protected":false},"excerpt":{"rendered":"<p>Tuottaja: Roger Tallroth<br \/>\n\u00c4\u00e4nitys: Marko My\u00f6h\u00e4nen<br \/>\nMiksaus: Martin Igelstr\u00f6m<br \/>\nMasterointi: Minerva Pappi, Finnvox<\/p>\n<p>Tarmo Anttila: kontrabasso<br \/>\nTommi Asplund: viulu<br \/>\nJoakim Bergh\u00e4ll: saksofonit, perkussiot, sello<br \/>\nEsko J\u00e4rvel\u00e4: viulu, alttoviulu, harmooni<br \/>\nHannu Kella: haitari<br \/>\nJani Kivel\u00e4: kitara, cittern<br \/>\nJussi Nikula: rummut, perkussiot<br \/>\nPilvi Talvitie: piano, harmooni<\/p>","protected":false},"featured_media":1703,"comment_status":"closed","ping_status":"closed","template":"","meta":{"_acf_changed":false},"product_brand":[],"product_cat":[65],"product_tag":[],"class_list":{"0":"post-1702","1":"product","2":"type-product","3":"status-publish","4":"has-post-thumbnail","6":"product_cat-aanitteet","8":"first","9":"instock","10":"shipping-taxable","11":"product-type-simple"},"acf":[],"_links":{"self":[{"href":"https:\/\/etno.net\/en\/wp-json\/wp\/v2\/product\/1702","targetHints":{"allow":["GET"]}}],"collection":[{"href":"https:\/\/etno.net\/en\/wp-json\/wp\/v2\/product"}],"about":[{"href":"https:\/\/etno.net\/en\/wp-json\/wp\/v2\/types\/product"}],"replies":[{"embeddable":true,"href":"https:\/\/etno.net\/en\/wp-json\/wp\/v2\/comments?post=1702"}],"wp:featuredmedia":[{"embeddable":true,"href":"https:\/\/etno.net\/en\/wp-json\/wp\/v2\/media\/1703"}],"wp:attachment":[{"href":"https:\/\/etno.net\/en\/wp-json\/wp\/v2\/media?parent=1702"}],"wp:term":[{"taxonomy":"product_brand","embeddable":true,"href":"https:\/\/etno.net\/en\/wp-json\/wp\/v2\/product_brand?post=1702"},{"taxonomy":"product_cat","embeddable":true,"href":"https:\/\/etno.net\/en\/wp-json\/wp\/v2\/product_cat?post=1702"},{"taxonomy":"product_tag","embeddable":true,"href":"https:\/\/etno.net\/en\/wp-json\/wp\/v2\/product_tag?post=1702"}],"curies":[{"name":"wp","href":"https:\/\/api.w.org\/{rel}","templated":true}]}}