{"id":1709,"date":"2020-12-22T11:34:12","date_gmt":"2020-12-22T09:34:12","guid":{"rendered":"https:\/\/etno.net\/?post_type=product&#038;p=1709"},"modified":"2021-11-19T15:32:13","modified_gmt":"2021-11-19T13:32:13","slug":"luna-nova-luna","status":"publish","type":"product","link":"https:\/\/etno.net\/en\/julkaisu\/aanitteet\/luna-nova-luna","title":{"rendered":"Luna Nova: Luna"},"content":{"rendered":"<p><strong>1. Alli<\/strong><\/p>\n<!--[if lt IE 9]><script>document.createElement('audio');<\/script><![endif]-->\n<audio class=\"wp-audio-shortcode\" id=\"audio-1709-1\" preload=\"none\" style=\"width: 100%;\" controls=\"controls\"><source type=\"audio\/mpeg\" src=\"https:\/\/etno.net\/wp-content\/uploads\/2020\/12\/LunaNova_-_01_-_Track_1.mp3?_=1\" \/><a href=\"https:\/\/etno.net\/wp-content\/uploads\/2020\/12\/LunaNova_-_01_-_Track_1.mp3\">https:\/\/etno.net\/wp-content\/uploads\/2020\/12\/LunaNova_-_01_-_Track_1.mp3<\/a><\/audio>\n<p>S\u00e4v. Tellu Turkka, san. trad., sov. Timo Alakotila, Ville Kangas, Timo Myllykangas.<\/p>\n<p><strong>2. Eeden<\/strong><br \/>\nS\u00e4v. Timo Alakotila.<\/p>\n<p><strong>3. Blodpropp<\/strong><br \/>\nS\u00e4v. Tellu Turkka, san. trad., sov. Timo Alakotila, Ville Kangas, Timo Myllykangas, Mika Virkkala<\/p>\n<p><strong>4. Luna<\/strong><\/p>\n<audio class=\"wp-audio-shortcode\" id=\"audio-1709-2\" preload=\"none\" style=\"width: 100%;\" controls=\"controls\"><source type=\"audio\/mpeg\" src=\"https:\/\/etno.net\/wp-content\/uploads\/2020\/12\/LunaNova_-_04_-_Track_4.mp3?_=2\" \/><a href=\"https:\/\/etno.net\/wp-content\/uploads\/2020\/12\/LunaNova_-_04_-_Track_4.mp3\">https:\/\/etno.net\/wp-content\/uploads\/2020\/12\/LunaNova_-_04_-_Track_4.mp3<\/a><\/audio>\n<p>S\u00e4v. Tellu Turkka, san. trad., Tellu Turkka, sov. Timo Alakotila, Ville Kangas, Timo Myllykangas, Mika Virkkala.<\/p>\n<p><strong>5. Udutar<\/strong><br \/>\nS\u00e4v. Ville Kangas.<\/p>\n<p><strong>6. Sofian virsi<\/strong><br \/>\nS\u00e4v. Tellu Turkka, Heikki Pohto, san. trad., sov. Timo Alakotila, Ville Kangas, Timo Myllykangas, Mika Virkkala, Heikki Pohto.<\/p>\n<p><strong>7. Emo itki<\/strong><br \/>\nS\u00e4v. Tellu Turkka, san. trad., sov. Timo Alakotila, Ville Kangas, Timo Myllykangas, Mika Virkkala.<\/p>\n<p><strong>8. Niittyhumala<\/strong><\/p>\n<audio class=\"wp-audio-shortcode\" id=\"audio-1709-3\" preload=\"none\" style=\"width: 100%;\" controls=\"controls\"><source type=\"audio\/mpeg\" src=\"https:\/\/etno.net\/wp-content\/uploads\/2020\/12\/LunaNova_-_08_-_Track_8.mp3?_=3\" \/><a href=\"https:\/\/etno.net\/wp-content\/uploads\/2020\/12\/LunaNova_-_08_-_Track_8.mp3\">https:\/\/etno.net\/wp-content\/uploads\/2020\/12\/LunaNova_-_08_-_Track_8.mp3<\/a><\/audio>\n<p>S\u00e4v. Ville Kangas, san. Ville Kangas, sov. Ville Kangas.<\/p>\n","protected":false},"excerpt":{"rendered":"<p>Tuottaja: Timo Alakotila<br \/>\n\u00c4\u00e4nitys: Speedy Saarinen, Kallio-Kuninkala, J\u00e4rvenp\u00e4\u00e4<br \/>\nMiksaus: Speedy Saarinen<br \/>\nMasterointi: Svante Forsb\u00e4ck, Chartmakers oy<\/p>\n<p>Timo Alakotila: piano<br \/>\nPetri Hakala: oktaavimandoliini<br \/>\nKukka Lehto: viulu<br \/>\nHannu Rantanen: kontrabasso<br \/>\nRisto Salmi: saksofonit<br \/>\nTellu Turkka: laulu<\/p>","protected":false},"featured_media":1710,"comment_status":"closed","ping_status":"closed","template":"","meta":{"_acf_changed":false},"product_brand":[],"product_cat":[65],"product_tag":[],"class_list":{"0":"post-1709","1":"product","2":"type-product","3":"status-publish","4":"has-post-thumbnail","6":"product_cat-aanitteet","8":"first","9":"instock","10":"shipping-taxable","11":"product-type-simple"},"acf":[],"_links":{"self":[{"href":"https:\/\/etno.net\/en\/wp-json\/wp\/v2\/product\/1709","targetHints":{"allow":["GET"]}}],"collection":[{"href":"https:\/\/etno.net\/en\/wp-json\/wp\/v2\/product"}],"about":[{"href":"https:\/\/etno.net\/en\/wp-json\/wp\/v2\/types\/product"}],"replies":[{"embeddable":true,"href":"https:\/\/etno.net\/en\/wp-json\/wp\/v2\/comments?post=1709"}],"wp:featuredmedia":[{"embeddable":true,"href":"https:\/\/etno.net\/en\/wp-json\/wp\/v2\/media\/1710"}],"wp:attachment":[{"href":"https:\/\/etno.net\/en\/wp-json\/wp\/v2\/media?parent=1709"}],"wp:term":[{"taxonomy":"product_brand","embeddable":true,"href":"https:\/\/etno.net\/en\/wp-json\/wp\/v2\/product_brand?post=1709"},{"taxonomy":"product_cat","embeddable":true,"href":"https:\/\/etno.net\/en\/wp-json\/wp\/v2\/product_cat?post=1709"},{"taxonomy":"product_tag","embeddable":true,"href":"https:\/\/etno.net\/en\/wp-json\/wp\/v2\/product_tag?post=1709"}],"curies":[{"name":"wp","href":"https:\/\/api.w.org\/{rel}","templated":true}]}}