{"id":1715,"date":"2020-12-22T11:38:12","date_gmt":"2020-12-22T09:38:12","guid":{"rendered":"https:\/\/etno.net\/?post_type=product&#038;p=1715"},"modified":"2021-11-19T15:31:05","modified_gmt":"2021-11-19T13:31:05","slug":"entisten-nuorten-orkesteri-eno","status":"publish","type":"product","link":"https:\/\/etno.net\/en\/julkaisu\/aanitteet\/entisten-nuorten-orkesteri-eno","title":{"rendered":"Entisten Nuorten Orkesteri ENO"},"content":{"rendered":"<p><strong>1. Hottiisi<\/strong><\/p>\n<!--[if lt IE 9]><script>document.createElement('audio');<\/script><![endif]-->\n<audio class=\"wp-audio-shortcode\" id=\"audio-1715-1\" preload=\"none\" style=\"width: 100%;\" controls=\"controls\"><source type=\"audio\/mpeg\" src=\"https:\/\/etno.net\/wp-content\/uploads\/2020\/12\/ENO_-_01_-_Track_1.mp3?_=1\" \/><a href=\"https:\/\/etno.net\/wp-content\/uploads\/2020\/12\/ENO_-_01_-_Track_1.mp3\">https:\/\/etno.net\/wp-content\/uploads\/2020\/12\/ENO_-_01_-_Track_1.mp3<\/a><\/audio>\n<p>S\u00e4v. Miia Palom\u00e4ki, Leija Lautamaja, sov. Topi Korhonen, Meriheini Luoto, Miia Palom\u00e4ki, Leija Lautamaja, Sarah Palu, Maija Pokela, Jutta Rahmel<\/p>\n<p><strong>2. Armas<\/strong><br \/>\nS\u00e4v. Nora Vaura, san. trad., sov. Topi Korhonen, Nora Vaura, Meriheini Luoto, Miia Palom\u00e4ki, Leija Lautamaja, Sarah Palu, Maija Pokela, Jutta Rahmel<\/p>\n<p><strong>3. Bj\u00f8knek\u00e6den<\/strong><\/p>\n<audio class=\"wp-audio-shortcode\" id=\"audio-1715-2\" preload=\"none\" style=\"width: 100%;\" controls=\"controls\"><source type=\"audio\/mpeg\" src=\"https:\/\/etno.net\/wp-content\/uploads\/2020\/12\/ENO_-_03_-_Track_3.mp3?_=2\" \/><a href=\"https:\/\/etno.net\/wp-content\/uploads\/2020\/12\/ENO_-_03_-_Track_3.mp3\">https:\/\/etno.net\/wp-content\/uploads\/2020\/12\/ENO_-_03_-_Track_3.mp3<\/a><\/audio>\n<p>S\u00e4v. Morten H\u00f8irup, Sonnich Lydom, sov. Topi Korhonen, Meriheini Luoto, Miia Palom\u00e4ki, Leija Lautamaja, Sarah Palu, Maija Pokela, Jutta Rahmel<\/p>\n<p><strong>4. Ketun polkka<\/strong><br \/>\nS\u00e4v. trad., soittanut Teppo Repo, Topi Korhonen, sov. Topi Korhonen, Meriheini Luoto, Miia Palom\u00e4ki, Leija Lautamaja, Sarah Palu, Maija Pokela, Jutta Rahmel<\/p>\n<p><strong>5. Taklax<\/strong><\/p>\n<audio class=\"wp-audio-shortcode\" id=\"audio-1715-3\" preload=\"none\" style=\"width: 100%;\" controls=\"controls\"><source type=\"audio\/mpeg\" src=\"https:\/\/etno.net\/wp-content\/uploads\/2020\/12\/ENO_-_05_-_Track_5.mp3?_=3\" \/><a href=\"https:\/\/etno.net\/wp-content\/uploads\/2020\/12\/ENO_-_05_-_Track_5.mp3\">https:\/\/etno.net\/wp-content\/uploads\/2020\/12\/ENO_-_05_-_Track_5.mp3<\/a><\/audio>\n<p>S\u00e4v. trad. soittanut Johan Erik Taklax, sov. Topi Korhonen, Valtteri Lehto, Meriheini Luoto, Miia Palom\u00e4ki, Leija Lautamaja, Sarah Palu, Maija Pokela, Jutta Rahmel<\/p>\n","protected":false},"excerpt":{"rendered":"<p>\u00c4\u00e4nitys: Olli Varis, Marko My\u00f6h\u00e4nen, Sibelius-Akatemia<br \/>\nMiksaus: Marko My\u00f6h\u00e4nen<br \/>\nMasterointi: Marko My\u00f6h\u00e4nen<\/p>\n<p>Irina Cederberg: iso kantele, 5-rivinen haitari<br \/>\nTopi Korhonen: kitara, basso, ly\u00f6m\u00e4kitara<br \/>\nLeija Lautamaja: 2-rivinen haitari, harmooni, laulu<br \/>\nMeriheini Luoto: viulu, avainviulu, laulu<br \/>\nSarah Palu: iso kantele, laulu<br \/>\nMaija Pokela: 15-kielinen kantele, iso kantele, laulu, piano<br \/>\nJutta Rahmel: 15-kielinen kantele, iso kantele, laulu<\/p>\n<p>Vieraileva Henriikka Santamaa: 5-rivinen haitari<\/p>","protected":false},"featured_media":1716,"comment_status":"closed","ping_status":"closed","template":"","meta":{"_acf_changed":false},"product_brand":[],"product_cat":[65],"product_tag":[],"class_list":{"0":"post-1715","1":"product","2":"type-product","3":"status-publish","4":"has-post-thumbnail","6":"product_cat-aanitteet","8":"first","9":"instock","10":"shipping-taxable","11":"product-type-simple"},"acf":[],"_links":{"self":[{"href":"https:\/\/etno.net\/en\/wp-json\/wp\/v2\/product\/1715","targetHints":{"allow":["GET"]}}],"collection":[{"href":"https:\/\/etno.net\/en\/wp-json\/wp\/v2\/product"}],"about":[{"href":"https:\/\/etno.net\/en\/wp-json\/wp\/v2\/types\/product"}],"replies":[{"embeddable":true,"href":"https:\/\/etno.net\/en\/wp-json\/wp\/v2\/comments?post=1715"}],"wp:featuredmedia":[{"embeddable":true,"href":"https:\/\/etno.net\/en\/wp-json\/wp\/v2\/media\/1716"}],"wp:attachment":[{"href":"https:\/\/etno.net\/en\/wp-json\/wp\/v2\/media?parent=1715"}],"wp:term":[{"taxonomy":"product_brand","embeddable":true,"href":"https:\/\/etno.net\/en\/wp-json\/wp\/v2\/product_brand?post=1715"},{"taxonomy":"product_cat","embeddable":true,"href":"https:\/\/etno.net\/en\/wp-json\/wp\/v2\/product_cat?post=1715"},{"taxonomy":"product_tag","embeddable":true,"href":"https:\/\/etno.net\/en\/wp-json\/wp\/v2\/product_tag?post=1715"}],"curies":[{"name":"wp","href":"https:\/\/api.w.org\/{rel}","templated":true}]}}