{"id":1720,"date":"2020-12-22T11:41:47","date_gmt":"2020-12-22T09:41:47","guid":{"rendered":"https:\/\/etno.net\/?post_type=product&#038;p=1720"},"modified":"2021-11-19T15:30:25","modified_gmt":"2021-11-19T13:30:25","slug":"vtq-vilma-timonen-quartet-forward","status":"publish","type":"product","link":"https:\/\/etno.net\/en\/julkaisu\/aanitteet\/vtq-vilma-timonen-quartet-forward","title":{"rendered":"VTQ &#8211; Vilma Timonen Quartet: Forward"},"content":{"rendered":"<p><strong>1. Loiste<\/strong><\/p>\n<!--[if lt IE 9]><script>document.createElement('audio');<\/script><![endif]-->\n<audio class=\"wp-audio-shortcode\" id=\"audio-1720-1\" preload=\"none\" style=\"width: 100%;\" controls=\"controls\"><source type=\"audio\/mpeg\" src=\"https:\/\/etno.net\/wp-content\/uploads\/2020\/12\/VTQ_-_01_-_Track_1.mp3?_=1\" \/><a href=\"https:\/\/etno.net\/wp-content\/uploads\/2020\/12\/VTQ_-_01_-_Track_1.mp3\">https:\/\/etno.net\/wp-content\/uploads\/2020\/12\/VTQ_-_01_-_Track_1.mp3<\/a><\/audio>\n<p>S\u00e4v. Vilma Timonen, Topi Korhonen, sov. Ape Anttila, Mikko Hassinen, Topi Korhonen, Vilma Timonen.<\/p>\n<p><strong>2. Kokko<\/strong><br \/>\nS\u00e4v. Vilma Timonen, san. trad., sov. Ape Anttila, Mikko Hassinen, Topi Korhonen, Vilma Timonen.<\/p>\n<p><strong>3. Getting your hopes up<\/strong><br \/>\nS\u00e4v. Vilma Timonen, sov. Ape Anttila, Mikko Hassinen, Topi Korhonen, Vilma Timonen.<\/p>\n<p><strong>4. Kuiskaus<\/strong><br \/>\nS\u00e4v. Vilma Timonen, sov. Ape Anttila, Mikko Hassinen, Topi Korhonen, Vilma Timonen.<\/p>\n<p><strong>5. Repostellen I: Peipposen polkka<\/strong><\/p>\n<audio class=\"wp-audio-shortcode\" id=\"audio-1720-2\" preload=\"none\" style=\"width: 100%;\" controls=\"controls\"><source type=\"audio\/mpeg\" src=\"https:\/\/etno.net\/wp-content\/uploads\/2020\/12\/VTQ_-_05_-_Track_5.mp3?_=2\" \/><a href=\"https:\/\/etno.net\/wp-content\/uploads\/2020\/12\/VTQ_-_05_-_Track_5.mp3\">https:\/\/etno.net\/wp-content\/uploads\/2020\/12\/VTQ_-_05_-_Track_5.mp3<\/a><\/audio>\n<p>S\u00e4v. Teppo Repo, Ari-Pekka Anttila, sov. Ape Anttila, Mikko Hassinen, Topi Korhonen, Vilma Timonen.<\/p>\n<p><strong>6. Repostellen II: Orvokin ostan \u00e4idilleni<\/strong><br \/>\nS\u00e4v. Teppo Repo, sov. Ape Anttila, Mikko Hassinen, Topi Korhonen, Vilma Timonen.<\/p>\n<p><strong>7. Marraskuura<\/strong><br \/>\nS\u00e4v. Vilma Timonen, sov. Ape Anttila, Mikko Hassinen, Topi Korhonen, Vilma Timonen.<\/p>\n<p><strong>8. Ripatska<\/strong><br \/>\nS\u00e4v. trad., sov. Mikko Hassinen, Vilma Timonen.<\/p>\n<p><strong>9. Make a wish<\/strong><\/p>\n<audio class=\"wp-audio-shortcode\" id=\"audio-1720-3\" preload=\"none\" style=\"width: 100%;\" controls=\"controls\"><source type=\"audio\/mpeg\" src=\"https:\/\/etno.net\/wp-content\/uploads\/2020\/12\/VTQ_-_09_-_Track_9.mp3?_=3\" \/><a href=\"https:\/\/etno.net\/wp-content\/uploads\/2020\/12\/VTQ_-_09_-_Track_9.mp3\">https:\/\/etno.net\/wp-content\/uploads\/2020\/12\/VTQ_-_09_-_Track_9.mp3<\/a><\/audio>\n<p>S\u00e4v. Vilma Timonen, sov. Ari-Pekka Anttila, Topi Korhonen, Vilma Timonen.<\/p>\n","protected":false},"excerpt":{"rendered":"<p>Vilma Timonen Quartetissa yhdistyv\u00e4t kanteleen ainutlaatuinen sointi sek\u00e4 tyylill\u00e4 ja vahvalla ammattitaidolla\u00a0 jazzia ja kansanmusiikkia fuusoiva yhtye.<\/p>\n<p>Ohjelmisto koostuu Vilma Timosen s\u00e4vellyksist\u00e4, jotka tuovat esille kanteleen rikkaan ja monipuolisen \u00e4\u00e4nimaiseman mielenkiintoisesti ja uutta luovasti sek\u00e4 yhtyeen omista traditionallisten melodioiden sovituksista.<\/p>\n<p>VtQ maalailee s\u00e4vykk\u00e4\u00e4sti pitk\u00e4\u00e4 kaarta muinaismusiikin maailmasta h\u00e4myisiin jazz-klubeihin.<\/p>\n<p>Ape Anttila: kontrabasso, s\u00e4hk\u00f6basso, laulu, ly\u00f6m\u00e4soittimet<br \/>\nMikko Hassinen: rummut, perkussiot<br \/>\nTopi Korhonen: kitara, trumpetti, laulu<br \/>\nVilma Timonen: kantele, laulu<\/p>\n<p>Tuottaja: Ari-Pekka Anttila<br \/>\n\u00c4\u00e4nitys: Kimmo Antikainen<br \/>\nMiksaus: Kimmo Antikainen<br \/>\nMasterointi: Taito Hoffr\u00e9n<\/p>","protected":false},"featured_media":1724,"comment_status":"closed","ping_status":"closed","template":"","meta":{"_acf_changed":false},"product_brand":[],"product_cat":[65],"product_tag":[],"class_list":{"0":"post-1720","1":"product","2":"type-product","3":"status-publish","4":"has-post-thumbnail","6":"product_cat-aanitteet","8":"first","9":"instock","10":"shipping-taxable","11":"product-type-simple"},"acf":[],"_links":{"self":[{"href":"https:\/\/etno.net\/en\/wp-json\/wp\/v2\/product\/1720","targetHints":{"allow":["GET"]}}],"collection":[{"href":"https:\/\/etno.net\/en\/wp-json\/wp\/v2\/product"}],"about":[{"href":"https:\/\/etno.net\/en\/wp-json\/wp\/v2\/types\/product"}],"replies":[{"embeddable":true,"href":"https:\/\/etno.net\/en\/wp-json\/wp\/v2\/comments?post=1720"}],"wp:featuredmedia":[{"embeddable":true,"href":"https:\/\/etno.net\/en\/wp-json\/wp\/v2\/media\/1724"}],"wp:attachment":[{"href":"https:\/\/etno.net\/en\/wp-json\/wp\/v2\/media?parent=1720"}],"wp:term":[{"taxonomy":"product_brand","embeddable":true,"href":"https:\/\/etno.net\/en\/wp-json\/wp\/v2\/product_brand?post=1720"},{"taxonomy":"product_cat","embeddable":true,"href":"https:\/\/etno.net\/en\/wp-json\/wp\/v2\/product_cat?post=1720"},{"taxonomy":"product_tag","embeddable":true,"href":"https:\/\/etno.net\/en\/wp-json\/wp\/v2\/product_tag?post=1720"}],"curies":[{"name":"wp","href":"https:\/\/api.w.org\/{rel}","templated":true}]}}