{"id":1730,"date":"2020-12-22T12:09:33","date_gmt":"2020-12-22T10:09:33","guid":{"rendered":"https:\/\/etno.net\/?post_type=product&#038;p=1730"},"modified":"2021-11-19T15:28:22","modified_gmt":"2021-11-19T13:28:22","slug":"suunta-sulavainen","status":"publish","type":"product","link":"https:\/\/etno.net\/en\/julkaisu\/aanitteet\/suunta-sulavainen","title":{"rendered":"Suunta: Sulavainen"},"content":{"rendered":"<p><strong>1. Sulavainen<\/strong><br \/>\nS\u00e4v. Anna-Kaisa Liedes, san. trad., sov. Anna-Kaisa Liedes, Kristiina Ilmonen, TImo V\u00e4\u00e4n\u00e4nen.<\/p>\n<!--[if lt IE 9]><script>document.createElement('audio');<\/script><![endif]-->\n<audio class=\"wp-audio-shortcode\" id=\"audio-1730-1\" preload=\"none\" style=\"width: 100%;\" controls=\"controls\"><source type=\"audio\/mpeg\" src=\"https:\/\/etno.net\/wp-content\/uploads\/2020\/12\/Suunta_-_01_-_Track_1.mp3?_=1\" \/><a href=\"https:\/\/etno.net\/wp-content\/uploads\/2020\/12\/Suunta_-_01_-_Track_1.mp3\">https:\/\/etno.net\/wp-content\/uploads\/2020\/12\/Suunta_-_01_-_Track_1.mp3<\/a><\/audio>\n<p><strong>2. Tuli<\/strong><br \/>\nS\u00e4v. Anna-Kaisa Liedes, san. trad., sov. Anna-Kaisa Liedes, Kristiina Ilmonen, Timo V\u00e4\u00e4n\u00e4nen.<\/p>\n<p><strong>3. Nuoruus<\/strong><br \/>\nS\u00e4v. trad., sov. Anna-Kaisa Liedes, Timo V\u00e4\u00e4n\u00e4nen.<\/p>\n<p><strong>4. Louhi<\/strong><br \/>\nS\u00e4v. Timo V\u00e4\u00e4n\u00e4nen, san. trad., sov. Anna-Kaisa Liedes, Kristiina Ilmonen, Timo V\u00e4\u00e4n\u00e4nen.<\/p>\n<audio class=\"wp-audio-shortcode\" id=\"audio-1730-2\" preload=\"none\" style=\"width: 100%;\" controls=\"controls\"><source type=\"audio\/mpeg\" src=\"https:\/\/etno.net\/wp-content\/uploads\/2020\/12\/Suunta_-_04_-_Track_4.mp3?_=2\" \/><a href=\"https:\/\/etno.net\/wp-content\/uploads\/2020\/12\/Suunta_-_04_-_Track_4.mp3\">https:\/\/etno.net\/wp-content\/uploads\/2020\/12\/Suunta_-_04_-_Track_4.mp3<\/a><\/audio>\n<p><strong>5. Ella<\/strong><br \/>\nS\u00e4v. trad., san. trad., sov. Anna-Kaisa Liedes, Kristiina Ilmonen, Timo V\u00e4\u00e4n\u00e4nen.<\/p>\n<p><strong>6. Pyhien tanssi<\/strong><br \/>\nS\u00e4v. Timo V\u00e4\u00e4n\u00e4nen, sov. Anna-Kaisa Liedes, Kristiina Ilmonen, Timo V\u00e4\u00e4n\u00e4nen.<\/p>\n<p><strong>7. Kuutar<\/strong><br \/>\nS\u00e4v. Anna-Kaisa Liedes, san. trad., sov. Anna-Kaisa Liedes, Kristiina Ilmonen, Timo V\u00e4\u00e4n\u00e4nen.<\/p>\n<audio class=\"wp-audio-shortcode\" id=\"audio-1730-3\" preload=\"none\" style=\"width: 100%;\" controls=\"controls\"><source type=\"audio\/mpeg\" src=\"https:\/\/etno.net\/wp-content\/uploads\/2020\/12\/Suunta_-_07_-_Track_7.mp3?_=3\" \/><a href=\"https:\/\/etno.net\/wp-content\/uploads\/2020\/12\/Suunta_-_07_-_Track_7.mp3\">https:\/\/etno.net\/wp-content\/uploads\/2020\/12\/Suunta_-_07_-_Track_7.mp3<\/a><\/audio>\n","protected":false},"excerpt":{"rendered":"<div class=\"field field-name-field-kamucd-yht-kokoonpano field-type-text-long field-label-inline clearfix\">\n<div class=\"field-items\">\n<div class=\"field-item even\">\n<p>Kristiina Ilmonen: ly\u00f6m\u00e4soittimet, puhaltimet, laulu<br \/>\nAnna-Kaisa Liedes: laulu<br \/>\nTimo V\u00e4\u00e4n\u00e4nen: kanteleet, laulu<\/p>\n<\/div>\n<\/div>\n<\/div>\n<div class=\"field field-name-field-kamucd-raidat field-type-text-long field-label-hidden\">\n<div class=\"field-items\">\n<div class=\"field-item even\">\u00c4\u00e4nitys: Vesa Norilo<br \/>\nMiksaus: Vesa Norilo<br \/>\nMasterointi: Vesa Norilo<\/div>\n<\/div>\n<\/div>","protected":false},"featured_media":1734,"comment_status":"closed","ping_status":"closed","template":"","meta":{"_acf_changed":false},"product_brand":[],"product_cat":[65],"product_tag":[],"class_list":{"0":"post-1730","1":"product","2":"type-product","3":"status-publish","4":"has-post-thumbnail","6":"product_cat-aanitteet","8":"first","9":"instock","10":"shipping-taxable","11":"product-type-simple"},"acf":[],"_links":{"self":[{"href":"https:\/\/etno.net\/en\/wp-json\/wp\/v2\/product\/1730","targetHints":{"allow":["GET"]}}],"collection":[{"href":"https:\/\/etno.net\/en\/wp-json\/wp\/v2\/product"}],"about":[{"href":"https:\/\/etno.net\/en\/wp-json\/wp\/v2\/types\/product"}],"replies":[{"embeddable":true,"href":"https:\/\/etno.net\/en\/wp-json\/wp\/v2\/comments?post=1730"}],"wp:featuredmedia":[{"embeddable":true,"href":"https:\/\/etno.net\/en\/wp-json\/wp\/v2\/media\/1734"}],"wp:attachment":[{"href":"https:\/\/etno.net\/en\/wp-json\/wp\/v2\/media?parent=1730"}],"wp:term":[{"taxonomy":"product_brand","embeddable":true,"href":"https:\/\/etno.net\/en\/wp-json\/wp\/v2\/product_brand?post=1730"},{"taxonomy":"product_cat","embeddable":true,"href":"https:\/\/etno.net\/en\/wp-json\/wp\/v2\/product_cat?post=1730"},{"taxonomy":"product_tag","embeddable":true,"href":"https:\/\/etno.net\/en\/wp-json\/wp\/v2\/product_tag?post=1730"}],"curies":[{"name":"wp","href":"https:\/\/api.w.org\/{rel}","templated":true}]}}