{"id":1753,"date":"2020-12-28T11:51:31","date_gmt":"2020-12-28T09:51:31","guid":{"rendered":"https:\/\/etno.net\/?post_type=product&#038;p=1753"},"modified":"2023-04-19T10:38:06","modified_gmt":"2023-04-19T08:38:06","slug":"tango-orkesteri-unto-finnish-tango-vol-2","status":"publish","type":"product","link":"https:\/\/etno.net\/en\/julkaisu\/aanitteet\/tango-orkesteri-unto-finnish-tango-vol-2","title":{"rendered":"Tango-orkesteri Unto: Finnish Tango Vol. 2 &#8211; Kylm\u00e4 Rakkaus"},"content":{"rendered":"<p><strong>1. Kylm\u00e4 rakkaus (ColdLove) (1954)<\/strong><\/p>\n<!--[if lt IE 9]><script>document.createElement('audio');<\/script><![endif]-->\n<audio class=\"wp-audio-shortcode\" id=\"audio-1753-1\" preload=\"none\" style=\"width: 100%;\" controls=\"controls\"><source type=\"audio\/mpeg\" src=\"https:\/\/etno.net\/wp-content\/uploads\/2020\/12\/etn_fcd_097_097_sou_001_prv.mp3?_=1\" \/><a href=\"https:\/\/etno.net\/wp-content\/uploads\/2020\/12\/etn_fcd_097_097_sou_001_prv.mp3\">https:\/\/etno.net\/wp-content\/uploads\/2020\/12\/etn_fcd_097_097_sou_001_prv.mp3<\/a><\/audio>\n<p>Comp. Erik Lindstr\u00f6m, lyrics Reino Helismaa &amp; Timo Koivusalo, arr. Timo Alakotila &amp; Tango-orkesteri Unto; Warner \/ Chappell Music Finland Oy.<\/p>\n<p>One of the most elegant Finnish evergreens, a song about a love that is as cold as winter and ice, by the true gentleman in Finnish popular music, Erik Lindstr\u00f6m.<\/p>\n<p><strong>2. Kadotetulle (To the Lost One) (2009)<\/strong><\/p>\n<audio class=\"wp-audio-shortcode\" id=\"audio-1753-2\" preload=\"none\" style=\"width: 100%;\" controls=\"controls\"><source type=\"audio\/mpeg\" src=\"https:\/\/etno.net\/wp-content\/uploads\/2020\/12\/etn_fcd_097_097_sou_002_prv.mp3?_=2\" \/><a href=\"https:\/\/etno.net\/wp-content\/uploads\/2020\/12\/etn_fcd_097_097_sou_002_prv.mp3\">https:\/\/etno.net\/wp-content\/uploads\/2020\/12\/etn_fcd_097_097_sou_002_prv.mp3<\/a><\/audio>\n<p>Comp. Anna-Mari K\u00e4h\u00e4r\u00e4, poem Eeva-Liisa Manner (1921-1995), arr. Tango-orkesteri Unto.<\/p>\n<p>&#8221;Tonight the sky is on fire over the deserted town. Secretly I whisper your<br \/>\nname, but your smile is gone.&#8221;<\/p>\n<p>Echoes of the early 1940s Vyborg in this jewel of a song by Anna-Mari<br \/>\nK\u00e4h\u00e4r\u00e4. Eeva-Liisa Manner was only 19 years old when she wrote this poem.<\/p>\n<p><strong>3. Miksi juuri h\u00e4n (WhyHim?) (2004)<\/strong><\/p>\n<audio class=\"wp-audio-shortcode\" id=\"audio-1753-3\" preload=\"none\" style=\"width: 100%;\" controls=\"controls\"><source type=\"audio\/mpeg\" src=\"https:\/\/etno.net\/wp-content\/uploads\/2020\/12\/etn_fcd_097_097_sou_003_prv.mp3?_=3\" \/><a href=\"https:\/\/etno.net\/wp-content\/uploads\/2020\/12\/etn_fcd_097_097_sou_003_prv.mp3\">https:\/\/etno.net\/wp-content\/uploads\/2020\/12\/etn_fcd_097_097_sou_003_prv.mp3<\/a><\/audio>\n<p>Comp. Jussi Tuurna, lyrics Eppu Nuotio, arr. Tango-orkesteri Unto.<\/p>\n<p>&#8221;Why is it he whom I want, why not somebody else? Why is he the only man<br \/>\nwho makes the rivers flood?&#8221;<\/p>\n<p>A tour-de-force about an all-consuming love. Originally written for stage.<\/p>\n<p><strong>4. Ikkunan alla (Beneath ihe Window) (2003)<\/strong><br \/>\nComp. Anna-Mari K\u00e4h\u00e4r\u00e4, poem Marja-Leena Mikkola, arr. Tango-orkesteri Unto.<\/p>\n<p>&#8221;Walk away, run if you have to&#8230; he just isn&#8217;t the one for you, you need something more:&#8221; A song about a woman leaving a destructive relationship.<\/p>\n<p><strong>5. Rannalla (On the Shore) (1990)<\/strong><br \/>\nComp. Vesa Tuomi, arr. Tango-orkesteri Unto; MTV OY Helsinki.<\/p>\n<p>&#8221;Rannalla&#8221;; the winner of the 1990 tango composition competition held at the Tango Festival in Sein\u00e4joki, has been enormously popular ever since.<\/p>\n<p><strong>6. Suomorsian (Swamp Bride) (2009)<\/strong><br \/>\nComp. Johanna Juhola, poem Matti Rossi, arr. Johanna Juhola &amp; Tango-orkesteri Unto.<\/p>\n<p>A man wanders through a burning forest to mourn at his bride&#8217;s grave. When he gets there he discovers that there is a wild party going on \u2013 and the bride herself rising from the swamp with burning lips of heather, breasts of rosin and a fire between her thighs. Johanna&#8217;s first composition for Unto, and it fits like a glove!<\/p>\n<p><strong>7. Y\u00f6 ikkunan takana (Night Behind the Window) (1963)<\/strong><br \/>\nComp. Unto Mononen, lyrics Unto Mononen &amp; Solja Tuuli, arr. Timo Alakotila; Warner \/ Chappell Music Finland Oy.<\/p>\n<p>A lesser-known and rarely performed masterpiece by Unto Mononen, the master of Finnish tango. A powerful melody with lyrics full of colour and magic of the night.<\/p>\n<p><strong>8. Tangon kotimaa (Homeland of Tango) (1996)<\/strong><br \/>\nComp. Taisto Wesslin, lyrics Pauli Ylitalo, arr. Timo Alakotila; Wesslin Music Ltd. Oy.<\/p>\n<p>A young man escapes hard times by taking a long and exhausting voyage \u2013 without any booze or women \u2013 across the Atlantic Ocean to South America. When they finally gets to the harbour in Buenos Aires he heads straight for a bar, picks up a beautiful brunette, gets completely wasted \u2013 and then proceeds to show the<br \/>\nArgentinians how to dance the tango the Finnish way.<\/p>\n<p><strong>9. Min\u00e4 rakastan sinut (I love&#8230; )(2009)<\/strong><br \/>\nComp. Timo Alakotila, lyrics Sinikka Sv\u00e4rd, arr. Timo Alakotila.<\/p>\n<p>The title of the song defies translation! Min\u00e4 rakastan sinua means I love you, but Min\u00e4 rakastan sinut is something completely different! Well, it is still all about love &#8211; and the various aspects of it.<\/p>\n<p><strong>10. Sateen tango (Tango in the Rain) (1963)<\/strong><br \/>\nComp. Unto Mononen, lyrics Unto Mononen &amp; Seija Tuuli, arr.Timo Alakotila; Warner \/ Chappell Music Finland Oy.<\/p>\n<p>A quiet tango ringing in the rain&#8230; Longing for a love lost-this time on a rainy night. A popular Mononen classic<br \/>\nfrom the height of the 1960s tango boom.<\/p>\n<p><strong>11. Satakielelle (To the Nightingale) (2002)<\/strong><br \/>\nComp. Anna-Mari K\u00e4h\u00e4r\u00e4, poem Viljo Kajava (1909-1998), arr. Tango-orkesteri Unto.<\/p>\n<p>This haunting poem can often be found in obituaries. The narrator in the poem knows that it will soon be his time te depart, so he asks the nightingale to sing what he has left unsung.<\/p>\n<p><strong>12. Hektinen hetki (Hectic Moment) (2009)<\/strong><br \/>\nComp. Johanna Juhola, arr. Johanna Juhola &amp; Tango-orkesteri Unto.<\/p>\n<p>A hectic moment when everything happens in &#8217;fast forward&#8217; and in high energy mode!<\/p>\n<p><strong>13. Pajupensas (Willowbush) (2009)<\/strong><br \/>\nComp. Timo Alakotila, poem Marja-Liisa Vartio (1924-1966), arr. Timo Alakotila.<\/p>\n<p>The story of a young love as beautiful and brief as the summers in Finland. Timo&#8217;s composition captures the bitter-sweet beauty of the poem.<\/p>\n<p><strong>14. Siis unohtakaamme (So Let Us Forget) (2009)<\/strong><br \/>\nComp. Anna-Mari K\u00e4h\u00e4r\u00e4, poem Eeva-Liisa Manner (1921-1995), arr.Tango-orkesteri Unto.<\/p>\n<p>&#8221;So let us forget, let us go lightly through the unknown&#8230; embracing the sorrow which are ours, and still warm.&#8221;<\/p>\n","protected":false},"excerpt":{"rendered":"<div class=\"field field-name-body field-type-text-with-summary field-label-hidden\">\n<div class=\"field-items\">\n<div class=\"field-item even\">\n<p>Tango-orkesteri Unto \u2013 suomalaisen tangon unelmajoukkue<\/p>\n<p>Suomalaisen tangon kaiho, melankolia ja intohimo soivat v\u00e4kevin\u00e4 Tango-orkesteri Unton musiikissa. Timo Alakotilan luotsaamat virtuoosit nostavat suomitangon uusiin ulottuvuuksiin vivahteikkailla ja heitt\u00e4ytyvill\u00e4 tulkinnoillaan sek\u00e4 ikivihreist\u00e4 ett\u00e4 upouusista tangoista. Yhtyeen j\u00e4senet ovat Suomen eturivin muusikoita, joiden monipuolinen tausta, kansanmusiikista jazziin ja improvisoituun musiikkiin, teatterimusiikista tango nuevoon, kuuluu Unton soitossa vaikutteiden rikkautena, soittamisen vapautena ja tulkinnan syvyyten\u00e4. Suomalaisen tangon suurmiehen Unto Monosen mukaan nimetty Tango-orkesteri Unto perustettiin vuonna 1998. Yhtyeen ensiesiintyminen tapahtui Lissabonin EXPO &#8217;98 -maailmann\u00e4yttelyss\u00e4, jossa sen tulkinnat suomalaisista tangoista saivat kansainv\u00e4liselt\u00e4 yleis\u00f6lt\u00e4 innostuneen vastaanoton. Yhtye on sittemminkin konsertoinut l\u00e4hinn\u00e4 ulkomailla.<\/p>\n<p>Unton ensilevy, Finnish Tango, ilmestyi ARC:n julkaisemana 2003. Ohjelmiston p\u00e4\u00e4paino oli suomitangon klassikoissa ja levyll\u00e4 kuultiinkin useita Unto Monosenja Toivo K\u00e4rjen tunnetuimpia tangoja. Uudella levyll\u00e4\u00e4n Tango-orkesteri Unto katsoo rohkeasti tulevaisuuteen, perinteit\u00e4 kunnioittaen. Mukana on edelleen rakastettuja ikivihreit\u00e4, mutta valtaosa ohjelmistosta on uutta, suomalaisesta lyriikasta innoituksensa saanutta musiikkia. Anna-Mari K\u00e4h\u00e4r\u00e4n, Jussi Tuurnan ja Unton omien s\u00e4velt\u00e4jien Timo Alakotilan ja Johanna Juholan s\u00e4vellyksiss\u00e4 soi runollisena modernin tangon tunteen palo. Suomalainen tango voi hyvin ja el\u00e4\u00e4 vahvana Tango-orkesteri Unton k\u00e4siss\u00e4!<\/p>\n<p>Pirjo Aittom\u00e4ki: laulu<br \/>\nTimo Alakotila: piano<br \/>\nJohanna Juhola: harmonikka<br \/>\nMauno J\u00e4rvel\u00e4: viulu<br \/>\nPetri Hakala: kitara<br \/>\nHannu Rantanen: kontrabasso<\/p>\n<\/div>\n<p>\u00c4\u00e4nitetty elo-joulukuussa 2009 Kallio-Kuninkalassa.<\/p>\n<p>\u00c4\u00e4nitys: Speedy Saarinen, Timo Kuisma ja Marko My\u00f6h\u00e4nen<br \/>\nOsa-\u00e4\u00e4nitys helmikuussa 2010 Ogeli Studio \/ MediaGents:issa, \u00e4\u00e4nitt\u00e4j\u00e4n\u00e4 Speedy Saarinen.<\/p>\n<p>Editointi: Speedy Saarinen Sibelius-Akatemiassa<br \/>\nMiksaus: Speedy Saarinen, Ogeli Studio \/ MediaGents:issa<\/p>\n<p>Masterointi: S. Forsb\u00e4ck maaliskussa 2010, Chartmakersissa<br \/>\nEsimasterointi: Diz Heller<\/p>\n<\/div>\n<\/div>","protected":false},"featured_media":1754,"comment_status":"closed","ping_status":"closed","template":"","meta":{"_acf_changed":false},"product_brand":[],"product_cat":[65],"product_tag":[],"class_list":{"0":"post-1753","1":"product","2":"type-product","3":"status-publish","4":"has-post-thumbnail","6":"product_cat-aanitteet","8":"first","9":"instock","10":"shipping-taxable","11":"product-type-simple"},"acf":[],"_links":{"self":[{"href":"https:\/\/etno.net\/en\/wp-json\/wp\/v2\/product\/1753","targetHints":{"allow":["GET"]}}],"collection":[{"href":"https:\/\/etno.net\/en\/wp-json\/wp\/v2\/product"}],"about":[{"href":"https:\/\/etno.net\/en\/wp-json\/wp\/v2\/types\/product"}],"replies":[{"embeddable":true,"href":"https:\/\/etno.net\/en\/wp-json\/wp\/v2\/comments?post=1753"}],"wp:featuredmedia":[{"embeddable":true,"href":"https:\/\/etno.net\/en\/wp-json\/wp\/v2\/media\/1754"}],"wp:attachment":[{"href":"https:\/\/etno.net\/en\/wp-json\/wp\/v2\/media?parent=1753"}],"wp:term":[{"taxonomy":"product_brand","embeddable":true,"href":"https:\/\/etno.net\/en\/wp-json\/wp\/v2\/product_brand?post=1753"},{"taxonomy":"product_cat","embeddable":true,"href":"https:\/\/etno.net\/en\/wp-json\/wp\/v2\/product_cat?post=1753"},{"taxonomy":"product_tag","embeddable":true,"href":"https:\/\/etno.net\/en\/wp-json\/wp\/v2\/product_tag?post=1753"}],"curies":[{"name":"wp","href":"https:\/\/api.w.org\/{rel}","templated":true}]}}