{"id":1758,"date":"2020-12-28T11:59:31","date_gmt":"2020-12-28T09:59:31","guid":{"rendered":"https:\/\/etno.net\/?post_type=product&#038;p=1758"},"modified":"2021-11-19T15:15:14","modified_gmt":"2021-11-19T13:15:14","slug":"anna-karin-korhonen-timo-alakotila-koralli","status":"publish","type":"product","link":"https:\/\/etno.net\/en\/julkaisu\/aanitteet\/anna-karin-korhonen-timo-alakotila-koralli","title":{"rendered":"Anna-Karin Korhonen &amp; Timo Alakotila: Koralli"},"content":{"rendered":"<p><strong>1. Lumikko \u2013 Lumen Valossa<\/strong><br \/>\nS\u00e4v. Anna-Karin Korhonen, Timo Alakotila<\/p>\n<p><strong>2. Menuetti<\/strong><br \/>\nS\u00e4v. Trad., sov. Anna-Karin Korhonen<\/p>\n<p><strong>3. Yxi Kaunis papillinen polska<\/strong><\/p>\n<!--[if lt IE 9]><script>document.createElement('audio');<\/script><![endif]-->\n<audio class=\"wp-audio-shortcode\" id=\"audio-1758-1\" preload=\"none\" style=\"width: 100%;\" controls=\"controls\"><source type=\"audio\/mpeg\" src=\"https:\/\/etno.net\/wp-content\/uploads\/2020\/12\/etn_fcd_098_098_sou_003_prv.mp3?_=1\" \/><a href=\"https:\/\/etno.net\/wp-content\/uploads\/2020\/12\/etn_fcd_098_098_sou_003_prv.mp3\">https:\/\/etno.net\/wp-content\/uploads\/2020\/12\/etn_fcd_098_098_sou_003_prv.mp3<\/a><\/audio>\n<p>S\u00e4v. Trad., sov. Anna-Karin Korhonen<\/p>\n<p><strong>4. G\u00e5ngl\u00e5t efter Finn Hans<\/strong><br \/>\nS\u00e4v. Trad., sov. Timo Alakotila<\/p>\n<p><strong>5. Avsked till bruden<\/strong><br \/>\nS\u00e4v. Trad., sov. Anna-Karin Korhonen<\/p>\n<p><strong>6. Ladybird<\/strong><br \/>\nS\u00e4v. Timo Alakotila<\/p>\n<p><strong>7. Coral<\/strong><\/p>\n<audio class=\"wp-audio-shortcode\" id=\"audio-1758-2\" preload=\"none\" style=\"width: 100%;\" controls=\"controls\"><source type=\"audio\/mpeg\" src=\"https:\/\/etno.net\/wp-content\/uploads\/2020\/12\/etn_fcd_098_098_sou_007_prv.mp3?_=2\" \/><a href=\"https:\/\/etno.net\/wp-content\/uploads\/2020\/12\/etn_fcd_098_098_sou_007_prv.mp3\">https:\/\/etno.net\/wp-content\/uploads\/2020\/12\/etn_fcd_098_098_sou_007_prv.mp3<\/a><\/audio>\n<p>S\u00e4v. Timo Alakotila<\/p>\n<p><strong>8. Leksands Tingsmarsch<\/strong><br \/>\nS\u00e4v. Trad., sov. Timo Alakotila<\/p>\n<p><strong>9. Blue Amber<\/strong><\/p>\n<audio class=\"wp-audio-shortcode\" id=\"audio-1758-3\" preload=\"none\" style=\"width: 100%;\" controls=\"controls\"><source type=\"audio\/mpeg\" src=\"https:\/\/etno.net\/wp-content\/uploads\/2020\/12\/etn_fcd_098_098_sou_009_prv.mp3?_=3\" \/><a href=\"https:\/\/etno.net\/wp-content\/uploads\/2020\/12\/etn_fcd_098_098_sou_009_prv.mp3\">https:\/\/etno.net\/wp-content\/uploads\/2020\/12\/etn_fcd_098_098_sou_009_prv.mp3<\/a><\/audio>\n<p>S\u00e4v. Anna-Karin Korhonen<\/p>\n<p><strong>10. Hymn<\/strong><br \/>\nS\u00e4v. Timo Alakotila<\/p>\n<p><strong>11. Kuukehr\u00e4\u00e4j\u00e4<\/strong><br \/>\nS\u00e4v. Anna-Karin Korhonen<\/p>\n","protected":false},"excerpt":{"rendered":"<div class=\"field field-name-body field-type-text-with-summary field-label-hidden\">\n<div class=\"field-items\">\n<div class=\"field-item even\">\n<p><strong>Lumen valossa<\/strong><\/p>\n<p>Valkea, runsasluminen talvi on takanap\u00e4in ja kev\u00e4t on saavuttanut etel\u00e4isen Suomen rannikkoseudun mustarastaineen, peipposineen. Kuuntelen Anna-Karin Korhosen ja Timo Alakotilan uuden levyn l\u00e4pikotaisin. Musiikki on kev\u00e4\u00e4n \u00e4\u00e4ni\u00e4 t\u00e4ynn\u00e4. Runsas ja vehre\u00e4 sointi ammentaa kauhallaan kansojen musiikin ehtym\u00e4tt\u00f6m\u00e4st\u00e4 l\u00e4hteest\u00e4. Kuulaus ja raikkaus koskettavat. Huomaamattaan kuulija on matkalla jossain tarunhohtoisessa maailmassa, joka on pullollaan kauniita s\u00e4velmi\u00e4, riemukkaita ja hartaita.<\/p>\n<p>Kaksi pianoa ja kaksi oman kuuloistaan taiteilijaa ovat kutsuneet soitollaan paikalle niin kokonaisen orkesterin kuin yksin\u00e4isen pelimanninkin. Pianolla se on mahdollista. Vaikkei piano olekaan se tavanomaisin instrumentti edes nykykansanmusiikkia soitettaessa, ovat sen mahdollisuudet miltei rajattomat. Minulle t\u00e4m\u00e4 duo avasi ihan uuden n\u00e4kym\u00e4n. S\u00e4velmien avoimet ja raikkaat sovitukset j\u00e4tt\u00e4v\u00e4t mielikuvitukselle tilaa vaeltaa ja antavat oikeutuksen sek\u00e4 pianon klangille ett\u00e4 kansanmusiikin ominaispiirteille.<\/p>\n<p>Toivotan kuulijalle hyv\u00e4\u00e4 matkaa mielenkiintoiseen satumaailmaan, kahden taitavan pianistin johdattamana.<\/p>\n<p>Helsingiss\u00e4 9.4.2010 (Mikael Agricolan p\u00e4iv\u00e4n\u00e4)<\/p>\n<\/div>\n<\/div>\n<\/div>\n<div class=\"field field-name-field-kamucd-kuv-kirjoittaja field-type-text field-label-hidden\">\n<div class=\"field-items\">\n<div class=\"field-item even\"><em>Minsku Tammela, muusikko ja musiikin yst\u00e4v\u00e4<\/em><\/div>\n<\/div>\n<\/div>\n<div><\/div>\n<div>Anna-Karin Korhonen: piano<br \/>\nTimo Alakotila: piano<\/div>\n<div><\/div>\n<div>\n<p>\u00c4\u00e4nitetty Sibelius-Akatemian studiossa Kallio-Kuninkalassa, J\u00e4rvenp\u00e4\u00e4ss\u00e4 helmikuussa 2010<\/p>\n<p>\u00c4\u00e4nitys: Teemu Korpip\u00e4\u00e4 &amp; Speedy Saarinen<br \/>\nMiksaus: Teemu Korpip\u00e4\u00e4<br \/>\nMasterointi: Pauli Saastamoinen, Finnvox, Helsinki<\/p>\n<\/div>","protected":false},"featured_media":1759,"comment_status":"closed","ping_status":"closed","template":"","meta":{"_acf_changed":false},"product_brand":[],"product_cat":[65],"product_tag":[],"class_list":{"0":"post-1758","1":"product","2":"type-product","3":"status-publish","4":"has-post-thumbnail","6":"product_cat-aanitteet","8":"first","9":"instock","10":"shipping-taxable","11":"product-type-simple"},"acf":[],"_links":{"self":[{"href":"https:\/\/etno.net\/en\/wp-json\/wp\/v2\/product\/1758","targetHints":{"allow":["GET"]}}],"collection":[{"href":"https:\/\/etno.net\/en\/wp-json\/wp\/v2\/product"}],"about":[{"href":"https:\/\/etno.net\/en\/wp-json\/wp\/v2\/types\/product"}],"replies":[{"embeddable":true,"href":"https:\/\/etno.net\/en\/wp-json\/wp\/v2\/comments?post=1758"}],"wp:featuredmedia":[{"embeddable":true,"href":"https:\/\/etno.net\/en\/wp-json\/wp\/v2\/media\/1759"}],"wp:attachment":[{"href":"https:\/\/etno.net\/en\/wp-json\/wp\/v2\/media?parent=1758"}],"wp:term":[{"taxonomy":"product_brand","embeddable":true,"href":"https:\/\/etno.net\/en\/wp-json\/wp\/v2\/product_brand?post=1758"},{"taxonomy":"product_cat","embeddable":true,"href":"https:\/\/etno.net\/en\/wp-json\/wp\/v2\/product_cat?post=1758"},{"taxonomy":"product_tag","embeddable":true,"href":"https:\/\/etno.net\/en\/wp-json\/wp\/v2\/product_tag?post=1758"}],"curies":[{"name":"wp","href":"https:\/\/api.w.org\/{rel}","templated":true}]}}