{"id":1768,"date":"2020-12-28T12:12:53","date_gmt":"2020-12-28T10:12:53","guid":{"rendered":"https:\/\/etno.net\/?post_type=product&#038;p=1768"},"modified":"2021-11-19T14:11:59","modified_gmt":"2021-11-19T12:11:59","slug":"uoma-kansanmusiikkia-sibelius-akatemiasta","status":"publish","type":"product","link":"https:\/\/etno.net\/en\/julkaisu\/aanitteet\/uoma-kansanmusiikkia-sibelius-akatemiasta","title":{"rendered":"Uoma &#8211; Kansanmusiikkia Sibelius-Akatemiasta"},"content":{"rendered":"<p><strong>1. Napoleon<\/strong><\/p>\n<!--[if lt IE 9]><script>document.createElement('audio');<\/script><![endif]-->\n<audio class=\"wp-audio-shortcode\" id=\"audio-1768-1\" preload=\"none\" style=\"width: 100%;\" controls=\"controls\"><source type=\"audio\/mpeg\" src=\"https:\/\/etno.net\/wp-content\/uploads\/2020\/12\/etn_fcd_100_100_sou_001_prv.mp3?_=1\" \/><a href=\"https:\/\/etno.net\/wp-content\/uploads\/2020\/12\/etn_fcd_100_100_sou_001_prv.mp3\">https:\/\/etno.net\/wp-content\/uploads\/2020\/12\/etn_fcd_100_100_sou_001_prv.mp3<\/a><\/audio>\n<p>Maria Kalaniemi &amp; Aldargaz<\/p>\n<p>S\u00e4v. trad., sov. Timo Alakotila<\/p>\n<p>\u24c5 Olarin Musiikki 1995, OMCD 57: Iho<\/p>\n<p><strong>2. Solberg<\/strong><br \/>\nFrigg<\/p>\n<p>S\u00e4v. Gjermund Larsen, sov. G. Larsen, Alina J\u00e4rvel\u00e4, Antti J\u00e4rvel\u00e4, Esko J\u00e4rvel\u00e4, Einar Olav Larsen, Petri Prauda.<\/p>\n<p>\u24c5 Frigg 2005, FRIGG00002: Oasis &#8211; Keidas<\/p>\n<p><strong>3. Markina-Aatto<\/strong><br \/>\nMeNaiset<\/p>\n<p>S\u00e4v. trad., sov. Pia Rask, san. trad. \/ P. Rask.<\/p>\n<p>\u24c5 Kansanmusiikki-instituutti 1995, KICD 37: Me Naiset<\/p>\n<p><strong>4. Pambazuko \/ Aurinko Nousee \/ The Sun Is Rising<\/strong><br \/>\nPolePole (Arnold Chiwalala &amp; Topi Korhonen)<\/p>\n<p>S\u00e4v. &amp; san. A. Chiwalala.<\/p>\n<p>\u24c5 IMU-Inkoon Musiikki &amp; Sibelius-Akatemia 2008, IMU-CD 081, SibKaCD80: Kantele Continuum<\/p>\n<p><strong>5. Concerto Diatonique<\/strong><br \/>\nMarkku Lepist\u00f6<\/p>\n<p>S\u00e4v. M. Lepist\u00f6, sov. M. Lepist\u00f6, Pekka Lehti, Petri Hakala, Jouko Kyh\u00e4l\u00e4, Janne Viksten.<\/p>\n<p>\u24c5 M. Lepist\u00f6 2001, AICD003 By Aito Records: Silta<\/p>\n<p><strong>6. Jampparaleele<\/strong><br \/>\nSv\u00e4ng<\/p>\n<p>S\u00e4v. Eero Turkka.<\/p>\n<p>\u24c5 Jumi-tuotanto Oy 2004, AICD005 By Aito Records: Sv\u00e4ng<\/p>\n<p><strong>7. Pyhien Tanssi<\/strong><\/p>\n<audio class=\"wp-audio-shortcode\" id=\"audio-1768-2\" preload=\"none\" style=\"width: 100%;\" controls=\"controls\"><source type=\"audio\/mpeg\" src=\"https:\/\/etno.net\/wp-content\/uploads\/2020\/12\/etn_fcd_100_100_sou_007_prv.mp3?_=2\" \/><a href=\"https:\/\/etno.net\/wp-content\/uploads\/2020\/12\/etn_fcd_100_100_sou_007_prv.mp3\">https:\/\/etno.net\/wp-content\/uploads\/2020\/12\/etn_fcd_100_100_sou_007_prv.mp3<\/a><\/audio>\n<p>Suunta<\/p>\n<p>S\u00e4v. Timo V\u00e4\u00e4n\u00e4nen, sov. T. V\u00e4\u00e4n\u00e4nen, Kristiina Ilmonen, Anna-Kaisa Liedes.<\/p>\n<p>\u24c5 Maanite 2009, MAA 03: Sulavainen<\/p>\n<p><strong>8. Finsko Pajdusko<\/strong><br \/>\nTeija Niku &amp; Groupa Balkan<\/p>\n<p>S\u00e4v. T. Niku, \u00a9 Zen Master Publishing Oy.<\/p>\n<p>\u24c5 Zen Master Records &amp; Publishing Oy \/ Rockadillo Records 2011, ZENCD 2137: Finsko Pajdusko<\/p>\n<p><strong>9. &#8221;Mit\u00e4 silloin taita puuttuu?&#8221;<\/strong><br \/>\nHenriksson-Kleemola-Prauda<\/p>\n<p>S\u00e4v. trad., sov. Marianna Henriksson, Piia Kleemola.<\/p>\n<p>\u24c5 Sibelius-Akatemia 2009, SibKaCD085: Rinda Nicola<\/p>\n<p><strong>10. Johannes Yli-Nikkola<\/strong><br \/>\nHenriksson-Kleemola-Prauda<\/p>\n<p>S\u00e4v. trad., sov. M. Henriksson, P. Kleemola, Petri Prauda.<\/p>\n<p>\u24c5 Sibelius-Akatemia 2009, SibKaCD085: Rinda Nicola<\/p>\n<p><strong>11. Gammal Br\u00f6llopspolska<\/strong><br \/>\nTapani Varis<\/p>\n<p>S\u00e4v. trad.<\/p>\n<p>\u24c5 Kansanmusiikki-instituutti 1995, KICD 46: Munniharppuuna<\/p>\n<p><strong>12. P\u00e4\u00e4llik\u00f6t on voittamattomii<\/strong><br \/>\nShava<\/p>\n<p>S\u00e4v. Kiureli Sammallahti, sov. K. Sammallahti, Valtteri Bruun, Lauri Salokoski, Sami R\u00f6nk\u00e4, Hannu Risku, &#8221;King&#8221; Gurcharan Mall, Pandit Rajendra Prasanna, Los Elementos &amp; Soul Sisters Choir, san. K. Sammallahti, G. Mall.<\/p>\n<p>\u24c5 Suomen Bhangrayhdistys ry 2010, SHAVA03: Betoninen kotimaani<\/p>\n<p><strong>13. Matka<\/strong><br \/>\nNordik Tree<\/p>\n<p>S\u00e4v. Timo Alakotila, sov. T. Alakotila, Arto J\u00e4rvel\u00e4, Hans Kennemark.<\/p>\n<p>\u24c5 Nordik Tree 2010, NDTCD010: Contradans<\/p>\n<p><strong>14. Begrundan<\/strong><br \/>\nNordiktree<\/p>\n<p>S\u00e4v. Hans Kennemark, Alf Hambe, (c) Verbum F\u00f6rlag AB, sov. H. Kennemark, T. Alakotila, A. J\u00e4rvel\u00e4.<\/p>\n<p>\u24c5 Nordik Tree 2010, NDTCD010: Contradans<\/p>\n<p><strong>15. Irti tangosta<\/strong><br \/>\nDuo Milla Viljamaa &amp; Johanna Juhola<\/p>\n<p>S\u00e4v. Johanna Juhola, sov. J. Juhola, M. Viljamaa.<\/p>\n<p>\u24c5 Finlandia Records; Warner Music Finland Oy 2003, 2564-60268-2: Piazzolla Passage<\/p>\n<p><strong>16. Ripatska<\/strong><br \/>\nVTQ-Vilma Timonen Quartet<\/p>\n<p>S\u00e4v. trad., sov. V. Timonen, Mikko Hassinen.<\/p>\n<p>\u24c5 Kanteleen \u00e4\u00e4ni\u00e4 2009, AANIA-15: Forward<\/p>\n<p><strong>17. Northling<\/strong><\/p>\n<audio class=\"wp-audio-shortcode\" id=\"audio-1768-3\" preload=\"none\" style=\"width: 100%;\" controls=\"controls\"><source type=\"audio\/mpeg\" src=\"https:\/\/etno.net\/wp-content\/uploads\/2020\/12\/etn_fcd_100_100_sou_017_prv.mp3?_=3\" \/><a href=\"https:\/\/etno.net\/wp-content\/uploads\/2020\/12\/etn_fcd_100_100_sou_017_prv.mp3\">https:\/\/etno.net\/wp-content\/uploads\/2020\/12\/etn_fcd_100_100_sou_017_prv.mp3<\/a><\/audio>\n<p>Tsuumi Sound System<\/p>\n<p>S\u00e4v. Esko J\u00e4rvel\u00e4, sov. E. J\u00e4rvel\u00e4, Tommi Asplund, Hannu Kella, Joakim Bergh\u00e4ll, Pilvi Talvitie, Jani Kivel\u00e4, Tarmo Anttila, Jussi Nikula.<\/p>\n<p>\u24c5 Tsuumi Sound System 2009, TSS001: Growing Up<\/p>\n<p><strong>18. Sulat<\/strong><br \/>\nTrepaanit<\/p>\n<p>S\u00e4v. Olli Varis.<\/p>\n<p>\u24c5 Trepaanit 2006, TREPANON1: Halla<\/p>\n<p><strong>19. Pommaripoika<\/strong><br \/>\nHeikki Laitinen<\/p>\n<p>S\u00e4v. trad.<\/p>\n<p>\u24c5 Ondine INC. 1999, ODE 934-2: Folk Voices &#8211; Finnish Folk Songs Through the Ages<\/p>\n","protected":false},"excerpt":{"rendered":"<p>Sibelius-Akatemian kansanmusiikin osaston \u00e4\u00e4nitesarjan ensimm\u00e4inen levy ilmestyi vuonna 1993. Nyt on ohitettu sadan julkaisun rajapyykki. Valtaosa \u00e4\u00e4nitteiden muusikoista, tuottajista ja \u00e4\u00e4nitt\u00e4jist\u00e4 opiskelee tai ty\u00f6skentelee Sibelius-Akatemiassa. L\u00e4hes kaikki sarjan julkaisut ovat levy-yhti\u00f6iden tai muiden kumppaneiden kanssa tehtyj\u00e4 yhteistuotantoja. Levyille on tallennettu vahvaa perinteen hallintaa, rajojen rikkomista, uuden etsimist\u00e4 ja omien uomien l\u00f6yt\u00e4mist\u00e4. T\u00e4lle juhlalevylle p\u00e4\u00e4tyi vain pieni osa monipuolisesta musiikistamme &#8211; nautinnollisia kuunteluhetki\u00e4!<\/p>\n<p>Masterointi: Anders Pohjola<br \/>\nKansi: Maikki Rantala<br \/>\nValokuvat: Lina Tegman<br \/>\nVastaava tuottaja: Juhani N\u00e4reharju<\/p>","protected":false},"featured_media":1769,"comment_status":"closed","ping_status":"closed","template":"","meta":{"_acf_changed":false},"product_brand":[],"product_cat":[65],"product_tag":[],"class_list":{"0":"post-1768","1":"product","2":"type-product","3":"status-publish","4":"has-post-thumbnail","6":"product_cat-aanitteet","8":"first","9":"instock","10":"shipping-taxable","11":"product-type-simple"},"acf":[],"_links":{"self":[{"href":"https:\/\/etno.net\/en\/wp-json\/wp\/v2\/product\/1768","targetHints":{"allow":["GET"]}}],"collection":[{"href":"https:\/\/etno.net\/en\/wp-json\/wp\/v2\/product"}],"about":[{"href":"https:\/\/etno.net\/en\/wp-json\/wp\/v2\/types\/product"}],"replies":[{"embeddable":true,"href":"https:\/\/etno.net\/en\/wp-json\/wp\/v2\/comments?post=1768"}],"wp:featuredmedia":[{"embeddable":true,"href":"https:\/\/etno.net\/en\/wp-json\/wp\/v2\/media\/1769"}],"wp:attachment":[{"href":"https:\/\/etno.net\/en\/wp-json\/wp\/v2\/media?parent=1768"}],"wp:term":[{"taxonomy":"product_brand","embeddable":true,"href":"https:\/\/etno.net\/en\/wp-json\/wp\/v2\/product_brand?post=1768"},{"taxonomy":"product_cat","embeddable":true,"href":"https:\/\/etno.net\/en\/wp-json\/wp\/v2\/product_cat?post=1768"},{"taxonomy":"product_tag","embeddable":true,"href":"https:\/\/etno.net\/en\/wp-json\/wp\/v2\/product_tag?post=1768"}],"curies":[{"name":"wp","href":"https:\/\/api.w.org\/{rel}","templated":true}]}}