{"id":1773,"date":"2020-12-28T12:25:57","date_gmt":"2020-12-28T10:25:57","guid":{"rendered":"https:\/\/etno.net\/?post_type=product&#038;p=1773"},"modified":"2021-11-19T14:11:26","modified_gmt":"2021-11-19T12:11:26","slug":"duo-elina-jarvela-juha-virtanen-pelia","status":"publish","type":"product","link":"https:\/\/etno.net\/en\/julkaisu\/aanitteet\/duo-elina-jarvela-juha-virtanen-pelia","title":{"rendered":"Duo Elina J\u00e4rvel\u00e4 &amp; Juha Virtanen: Peli\u00e4"},"content":{"rendered":"<p><strong>1. Akseli<\/strong><\/p>\n<!--[if lt IE 9]><script>document.createElement('audio');<\/script><![endif]-->\n<audio class=\"wp-audio-shortcode\" id=\"audio-1773-1\" preload=\"none\" style=\"width: 100%;\" controls=\"controls\"><source type=\"audio\/mpeg\" src=\"https:\/\/etno.net\/wp-content\/uploads\/2020\/12\/etn_fcd_101_101_sou_001_prv.mp3?_=1\" \/><a href=\"https:\/\/etno.net\/wp-content\/uploads\/2020\/12\/etn_fcd_101_101_sou_001_prv.mp3\">https:\/\/etno.net\/wp-content\/uploads\/2020\/12\/etn_fcd_101_101_sou_001_prv.mp3<\/a><\/audio>\n<p>S\u00e4v. trad.<\/p>\n<p>Vihantilaisen haitaripelimanni Mikko Py\u00f6r\u00e4l\u00e4n soittama polkka, jonka h\u00e4n oli oppinut N\u00e4rpi\u00f6l\u00e4iselt\u00e4 Akseli M\u00e4enp\u00e4\u00e4lt\u00e4.<\/p>\n<p><strong>2. Lusignac \u2013 La Boite a Frissons<\/strong><br \/>\nS\u00e4v. Chris Wood ja Andy Cutting.<\/p>\n<p>Tunnelmapala Chris Woodin ja Andy Cuttingin ohjelmistosta<\/p>\n<p><strong>3. Talliainen<\/strong><\/p>\n<audio class=\"wp-audio-shortcode\" id=\"audio-1773-2\" preload=\"none\" style=\"width: 100%;\" controls=\"controls\"><source type=\"audio\/mpeg\" src=\"https:\/\/etno.net\/wp-content\/uploads\/2020\/12\/etn_fcd_101_101_sou_003_prv.mp3?_=2\" \/><a href=\"https:\/\/etno.net\/wp-content\/uploads\/2020\/12\/etn_fcd_101_101_sou_003_prv.mp3\">https:\/\/etno.net\/wp-content\/uploads\/2020\/12\/etn_fcd_101_101_sou_003_prv.mp3<\/a><\/audio>\n<p>S\u00e4v. Juha Virtanen.<\/p>\n<p>Tavan tallaajan tallustelua jenkan tahtiin<\/p>\n<p><strong>4. Hulttio-Hummeri<\/strong><br \/>\nS\u00e4v. trad., Otto Hotakainen.<\/p>\n<p>Asiaa huonok\u00e4yt\u00f6ksisest\u00e4 saksiniekasta Hultiahon sottiisin ja Hummerin polkan s\u00e4velin<\/p>\n<p><strong>5. Eng\u00e5ngl\u00e5t<\/strong><\/p>\n<audio class=\"wp-audio-shortcode\" id=\"audio-1773-3\" preload=\"none\" style=\"width: 100%;\" controls=\"controls\"><source type=\"audio\/mpeg\" src=\"https:\/\/etno.net\/wp-content\/uploads\/2020\/12\/etn_fcd_101_101_sou_005_prv.mp3?_=3\" \/><a href=\"https:\/\/etno.net\/wp-content\/uploads\/2020\/12\/etn_fcd_101_101_sou_005_prv.mp3\">https:\/\/etno.net\/wp-content\/uploads\/2020\/12\/etn_fcd_101_101_sou_005_prv.mp3<\/a><\/audio>\n<p>S\u00e4v. Elina J\u00e4rvel\u00e4.<\/p>\n<p>Tarina asioista, jotka tapahtuvat kerran el\u00e4m\u00e4ss\u00e4<\/p>\n<p><strong>6. Schottish<\/strong><br \/>\nS\u00e4v. trad. Keski-Ranska, Juha Virtanen.<\/p>\n<p>Patongin tuoksuinen sottiisi kolmannen osan ruisleiv\u00e4ll\u00e4 ryyditettyn\u00e4<\/p>\n<p><strong>7. Py\u00f6r\u00e4l\u00e4<\/strong><br \/>\nPersoonallisen B-osan alun omaava polkka Mikko Py\u00f6r\u00e4l\u00e4n ohjelmistosta.<\/p>\n<p><strong>8. Vikatikki<\/strong><br \/>\nS\u00e4v. Elina J\u00e4rvel\u00e4.<\/p>\n<p>Kun viulisti ryhtyy s\u00e4velt\u00e4m\u00e4\u00e4n kappaletta haitarilla, ei nime\u00e4 tarvitse kahta kertaa mietti\u00e4.<\/p>\n<p><strong>9. La Partida<\/strong><br \/>\nS\u00e4v. F. M. Alvarez.<\/p>\n<p>Kaihoisa venezuelalainen valssi.<\/p>\n<p><strong>10. Tahallista sutinaa<\/strong><br \/>\nS\u00e4v. Juha Virtanen.<\/p>\n<p>Joskus vahingossa, toisinaan tahallaan. Satunnaista mopon keulimista korostaa levylle tallentuntut auton \u00e4\u00e4ni alun sutinan taustalla.<\/p>\n","protected":false},"excerpt":{"rendered":"<p>Syksyll\u00e4 2007 Elina J\u00e4rvel\u00e4 ja Juha Virtanen kokoontuivat soittelemaan yhdess\u00e4. Ajauksena oli pit\u00e4\u00e4 hauskaa musiikin avulla ja harjoitella improvisointia. Toinen n\u00e4ist\u00e4 perusajatuksista on kantanut t\u00e4lle levylle saakka, toinen hoidettiin pois tielt\u00e4 ensimm\u00e4isiss\u00e4 harjoituksissa. Tosin viitteit\u00e4 my\u00f6s viimeksi mainitusta on yh\u00e4 kuultavissa joissakin kappaleissa. Duon kolmen vuoden hillitty mutta tinkim\u00e4t\u00f6n hauskanpito palkittiin Kaustinen Folk Music Festivalin Vuoden yhtye 2010 -tittelill\u00e4. T\u00e4m\u00e4n kunniaksi Duo l\u00f6i sovitukset lukkoon ja suuntasi studioon. Lopputulos lienee jo levylautasella tai ainakin matkalla sinne. Siisp\u00e4 antoisia kuunteluhetki\u00e4!<\/p>\n<p>Elina J\u00e4rvinen: viulu<br \/>\nJuha Virtanen: 2\u00bd-rivinen haitari<\/p>\n<p>\u00c4\u00e4nitys ja mjiksaus Vesa Norilio<br \/>\nMasterointi Taito Hoffr\u00e9n<br \/>\n\u00c4\u00e4nitetty ja miksattu Kallio-Kuninkalassa 24.26.5.2010<\/p>","protected":false},"featured_media":1777,"comment_status":"closed","ping_status":"closed","template":"","meta":{"_acf_changed":false},"product_brand":[],"product_cat":[65],"product_tag":[],"class_list":{"0":"post-1773","1":"product","2":"type-product","3":"status-publish","4":"has-post-thumbnail","6":"product_cat-aanitteet","8":"first","9":"instock","10":"shipping-taxable","11":"product-type-simple"},"acf":[],"_links":{"self":[{"href":"https:\/\/etno.net\/en\/wp-json\/wp\/v2\/product\/1773","targetHints":{"allow":["GET"]}}],"collection":[{"href":"https:\/\/etno.net\/en\/wp-json\/wp\/v2\/product"}],"about":[{"href":"https:\/\/etno.net\/en\/wp-json\/wp\/v2\/types\/product"}],"replies":[{"embeddable":true,"href":"https:\/\/etno.net\/en\/wp-json\/wp\/v2\/comments?post=1773"}],"wp:featuredmedia":[{"embeddable":true,"href":"https:\/\/etno.net\/en\/wp-json\/wp\/v2\/media\/1777"}],"wp:attachment":[{"href":"https:\/\/etno.net\/en\/wp-json\/wp\/v2\/media?parent=1773"}],"wp:term":[{"taxonomy":"product_brand","embeddable":true,"href":"https:\/\/etno.net\/en\/wp-json\/wp\/v2\/product_brand?post=1773"},{"taxonomy":"product_cat","embeddable":true,"href":"https:\/\/etno.net\/en\/wp-json\/wp\/v2\/product_cat?post=1773"},{"taxonomy":"product_tag","embeddable":true,"href":"https:\/\/etno.net\/en\/wp-json\/wp\/v2\/product_tag?post=1773"}],"curies":[{"name":"wp","href":"https:\/\/api.w.org\/{rel}","templated":true}]}}