{"id":1778,"date":"2020-12-29T12:03:40","date_gmt":"2020-12-29T10:03:40","guid":{"rendered":"https:\/\/etno.net\/?post_type=product&#038;p=1778"},"modified":"2021-11-19T14:10:57","modified_gmt":"2021-11-19T12:10:57","slug":"snekka-akropolis","status":"publish","type":"product","link":"https:\/\/etno.net\/en\/julkaisu\/aanitteet\/snekka-akropolis","title":{"rendered":"Snekka: Akropolis"},"content":{"rendered":"<p><strong>1. Kaustinen<\/strong><br \/>\nS\u00e4v. Tero Hyv\u00e4luoma, Olli Seikkula.<\/p>\n<p><strong>2. Schottis fr\u00e5n Hastgran<\/strong><\/p>\n<!--[if lt IE 9]><script>document.createElement('audio');<\/script><![endif]-->\n<audio class=\"wp-audio-shortcode\" id=\"audio-1778-1\" preload=\"none\" style=\"width: 100%;\" controls=\"controls\"><source type=\"audio\/mpeg\" src=\"https:\/\/etno.net\/wp-content\/uploads\/2020\/12\/etn_fcd_102_102_sou_002_prv.mp3?_=1\" \/><a href=\"https:\/\/etno.net\/wp-content\/uploads\/2020\/12\/etn_fcd_102_102_sou_002_prv.mp3\">https:\/\/etno.net\/wp-content\/uploads\/2020\/12\/etn_fcd_102_102_sou_002_prv.mp3<\/a><\/audio>\n<p>S\u00e4v. Tero Hyv\u00e4luoma, sov. Snekka.<\/p>\n<p><strong>3. Polska nro.1<\/strong><br \/>\nS\u00e4v. Olli Seikkula, sov. Snekka.<\/p>\n<p><strong>4. Heimbacka<\/strong><\/p>\n<audio class=\"wp-audio-shortcode\" id=\"audio-1778-2\" preload=\"none\" style=\"width: 100%;\" controls=\"controls\"><source type=\"audio\/mpeg\" src=\"https:\/\/etno.net\/wp-content\/uploads\/2020\/12\/etn_fcd_102_102_sou_004_prv.mp3?_=2\" \/><a href=\"https:\/\/etno.net\/wp-content\/uploads\/2020\/12\/etn_fcd_102_102_sou_004_prv.mp3\">https:\/\/etno.net\/wp-content\/uploads\/2020\/12\/etn_fcd_102_102_sou_004_prv.mp3<\/a><\/audio>\n<p>S\u00e4v. Tarmo Anttila.<\/p>\n<p><strong>5. Cocktail, part II<\/strong><br \/>\nS\u00e4v. trad., sov. Olli Seikkula.<\/p>\n<p><strong>6. Helsinki<\/strong><br \/>\nS\u00e4v. Tero Hyv\u00e4luoma.<\/p>\n<p><strong>7. Fired<\/strong><\/p>\n<audio class=\"wp-audio-shortcode\" id=\"audio-1778-3\" preload=\"none\" style=\"width: 100%;\" controls=\"controls\"><source type=\"audio\/mpeg\" src=\"https:\/\/etno.net\/wp-content\/uploads\/2020\/12\/etn_fcd_102_102_sou_007_prv.mp3?_=3\" \/><a href=\"https:\/\/etno.net\/wp-content\/uploads\/2020\/12\/etn_fcd_102_102_sou_007_prv.mp3\">https:\/\/etno.net\/wp-content\/uploads\/2020\/12\/etn_fcd_102_102_sou_007_prv.mp3<\/a><\/audio>\n<p>S\u00e4v. Tarmo Anttila, sov. Snekka.<\/p>\n<p><strong>8. Triolipolska<\/strong><br \/>\nS\u00e4v. Tero Hyv\u00e4luoma, sov. Snekka.<\/p>\n<p><strong>9. Kurjet<\/strong><br \/>\nS\u00e4v. Tero Hyv\u00e4luoma, sov. Snekka.<\/p>\n<p><strong>10. Maihinnousu<\/strong><br \/>\nS\u00e4v. Olli Seikkula, sov. Snekka.<\/p>\n<p><strong>11. Akropolis<\/strong><br \/>\nS\u00e4v. Tero Hyv\u00e4luoma, Tarmo Anttila.<\/p>\n","protected":false},"excerpt":{"rendered":"<p>Tarmo Anttila: kontrabasso, harppu<br \/>\nTero Hyv\u00e4luoma: viulu, buzuki, kosketinsoittimet, ly\u00f6m\u00e4soittimet<br \/>\nOskari &#8221;Leka&#8221; Lehtonen: rummut ja ly\u00f6m\u00e4soittimet<br \/>\nMarkus Luomala: harmonikka, bandoneon<br \/>\nOlli Seikkula: kitarat, ly\u00f6m\u00e4soittimet, nahkavy\u00f6<br \/>\nMatias Tyni: kosketinsoittimet<br \/>\nMarkus &#8221;Kikke&#8221; Pajakkala: \u00e4\u00e4niteknikko, ly\u00f6m\u00e4soittimet<\/p>\n<p>Jousikvartetti kappaleessa &#8221;Akropolis&#8221;<\/p>\n<p>Annica Br\u00e4nnkarr: I viulu<br \/>\nHanna Parviainen, II viulu<br \/>\nTero Hyv\u00e4luoma, alttoviulu<br \/>\nVeera Perkola, sello<\/p>\n<p>\u00c4\u00e4nitetty Sibelius-Akatemian kansanmusiikin osaston studiossa kes\u00e4ll\u00e4 2010<\/p>\n<p>\u00c4\u00e4nitys ja miksaus: Kikke Pajakkala<br \/>\nMasterointi: Vesa Norilo &amp; Kikke Pajakkala<br \/>\nTuottaja: Snekka &amp; Kikke Pajakkala<\/p>","protected":false},"featured_media":1779,"comment_status":"closed","ping_status":"closed","template":"","meta":{"_acf_changed":false},"product_brand":[],"product_cat":[65],"product_tag":[],"class_list":{"0":"post-1778","1":"product","2":"type-product","3":"status-publish","4":"has-post-thumbnail","6":"product_cat-aanitteet","8":"first","9":"instock","10":"shipping-taxable","11":"product-type-simple"},"acf":[],"_links":{"self":[{"href":"https:\/\/etno.net\/en\/wp-json\/wp\/v2\/product\/1778","targetHints":{"allow":["GET"]}}],"collection":[{"href":"https:\/\/etno.net\/en\/wp-json\/wp\/v2\/product"}],"about":[{"href":"https:\/\/etno.net\/en\/wp-json\/wp\/v2\/types\/product"}],"replies":[{"embeddable":true,"href":"https:\/\/etno.net\/en\/wp-json\/wp\/v2\/comments?post=1778"}],"wp:featuredmedia":[{"embeddable":true,"href":"https:\/\/etno.net\/en\/wp-json\/wp\/v2\/media\/1779"}],"wp:attachment":[{"href":"https:\/\/etno.net\/en\/wp-json\/wp\/v2\/media?parent=1778"}],"wp:term":[{"taxonomy":"product_brand","embeddable":true,"href":"https:\/\/etno.net\/en\/wp-json\/wp\/v2\/product_brand?post=1778"},{"taxonomy":"product_cat","embeddable":true,"href":"https:\/\/etno.net\/en\/wp-json\/wp\/v2\/product_cat?post=1778"},{"taxonomy":"product_tag","embeddable":true,"href":"https:\/\/etno.net\/en\/wp-json\/wp\/v2\/product_tag?post=1778"}],"curies":[{"name":"wp","href":"https:\/\/api.w.org\/{rel}","templated":true}]}}