{"id":1783,"date":"2020-12-29T12:07:47","date_gmt":"2020-12-29T10:07:47","guid":{"rendered":"https:\/\/etno.net\/?post_type=product&#038;p=1783"},"modified":"2021-11-19T14:10:24","modified_gmt":"2021-11-19T12:10:24","slug":"shava-betoninen-kotimaani","status":"publish","type":"product","link":"https:\/\/etno.net\/en\/julkaisu\/aanitteet\/shava-betoninen-kotimaani","title":{"rendered":"Shava: Betoninen kotimaani"},"content":{"rendered":"<p><strong>1. P\u00e4\u00e4llik\u00f6t on voittamattomii<\/strong><\/p>\n<!--[if lt IE 9]><script>document.createElement('audio');<\/script><![endif]-->\n<audio class=\"wp-audio-shortcode\" id=\"audio-1783-1\" preload=\"none\" style=\"width: 100%;\" controls=\"controls\"><source type=\"audio\/mpeg\" src=\"https:\/\/etno.net\/wp-content\/uploads\/2020\/12\/etn_fcd_103_103_sou_001_prv.mp3?_=1\" \/><a href=\"https:\/\/etno.net\/wp-content\/uploads\/2020\/12\/etn_fcd_103_103_sou_001_prv.mp3\">https:\/\/etno.net\/wp-content\/uploads\/2020\/12\/etn_fcd_103_103_sou_001_prv.mp3<\/a><\/audio>\n<p>S\u00e4v. Kiureli Sammallahti, san. Kiureli Sammallahti, Gurcharan Mall<\/p>\n<p>Kiureli Sammallahti: vocals, harmonium<br \/>\nValtteri bruun: el. guitar, Jupiter 4<br \/>\nLauri Salokoski: bass<br \/>\nSami R\u00f6nk\u00e4: dholki, tabla<br \/>\nHannu Risku: drums<br \/>\n&#8221;King&#8221; Gurcharan Mall: dhol, shout<br \/>\nPandit Rajendra Prasanna: shahnai<br \/>\nLos Elementos &amp; Soul Sisters Choir: vox<\/p>\n<p>The album kicks off with a cheerful song about the Band itself. We&#8217;re bad ass and we&#8217;re invincible is the simple but beautiful message here.<\/p>\n<p><strong>2. Gur nalo ishq mitha (Rakkaus on makiaa)<\/strong><br \/>\nS\u00e4v. trad., san. trad., Kiureli Sammallahti, Hannu Risku, Gurcharan Mall<\/p>\n<p>Kiureli Sammallahti: vocals<br \/>\nValtteri Bruun: el. guitar, synth, bass, mandolin, baglama<br \/>\nHannu Risku: rap, percussion<br \/>\nVille V\u00e4\u00e4t\u00e4inen: drums<br \/>\n&#8221;King&#8221; Gurcharan Mall: dhol, vocals<br \/>\nLos Elementos &amp; Soul Sisters Choir: vox<\/p>\n<p>One of the most classic Bhangra songs has been given a Finnish countryside twist. The original Punjabi lyrics suggest that &#8221;Love is sweeter than Jaggery&#8221;, to which the Finnish response is &#8221;Love is hotter than sauna&#8221; followed by ecstatic rap lyrics on the subject matter.<\/p>\n<p><strong>3. 79 (Hertzigassa aamubussissa)<\/strong><br \/>\nS\u00e4v., san. Kiureli Sammallahti<\/p>\n<p>Kiureli Sammallahti: vocals, harmonium, electric guitar<br \/>\nValtteri Bruun: tumbi, slide guitar<br \/>\nLauri Salokoski: bass<br \/>\nSami R\u00f6nk\u00e4: tabla<\/p>\n<p>A song about riding on the morning bus in Herttoniemi and the mythical origins of the Finnish Bhangra tribe in East Helsinki<\/p>\n<p><strong>4. Suomenmaa<\/strong><\/p>\n<audio class=\"wp-audio-shortcode\" id=\"audio-1783-2\" preload=\"none\" style=\"width: 100%;\" controls=\"controls\"><source type=\"audio\/mpeg\" src=\"https:\/\/etno.net\/wp-content\/uploads\/2020\/12\/etn_fcd_103_103_sou_004_prv.mp3?_=2\" \/><a href=\"https:\/\/etno.net\/wp-content\/uploads\/2020\/12\/etn_fcd_103_103_sou_004_prv.mp3\">https:\/\/etno.net\/wp-content\/uploads\/2020\/12\/etn_fcd_103_103_sou_004_prv.mp3<\/a><\/audio>\n<p>S\u00e4v. Kiureli Sammallahti, san. Kiureli Sammallahti, Peali Juva<\/p>\n<p>Kiureli Sammallahti: vocals, accordion<br \/>\nValtteri Bruun: mandolin, kantele, guitar<br \/>\nLauri Salokoski: bass<br \/>\nSami R\u00f6nk\u00e4: tabla, dhol<br \/>\nHannu Risku: drums, darbuka<br \/>\nPeali Juva: vocals<br \/>\nKai Olander: saxophone<\/p>\n<p>Bollywood goes Finnish in a song about a romance between a Finn and an immigrant. Based on a true story.<\/p>\n<p><strong>5. Usko rumpuun<\/strong><br \/>\nS\u00e4v., san. Kiureli Sammallahti<\/p>\n<p>Kiureli Sammallahti: vocals, harmonium<br \/>\nValtteri Bruun: synth<br \/>\nDile Kolanen: bass<br \/>\nSami R\u00f6nk\u00e4: dhol<br \/>\nKaro Sampela: drums<br \/>\nRoope Aarnio: mandola, tumbi<br \/>\nPeali Juva: vocals<br \/>\nGulfam Sabri: tabla intro<br \/>\nOtso M\u00e4ensivu: shout<\/p>\n<p>Believe in the drum!<\/p>\n<p><strong>6. Kaiken takana on nainen<\/strong><br \/>\nS\u00e4v. Kiureli Sammallahti, san. V.-P. Lehto \/ Hannu Risku<br \/>\nKiureli Sammallahti: vocals, synth<br \/>\nValtteri Bruun: guitars<br \/>\nLauri Salokoski: bass<br \/>\nSami R\u00f6nk\u00e4: tabla, dholki<br \/>\nHannu Risku: drums, rap, vocals<br \/>\nShakthdhar Iyer: flute<br \/>\nPi Kiviharju: giggle<\/p>\n<p>The song states &#8221;the woman is behind everything&#8221;. Matti &amp; Teppo along with the lyricist V.-P. Lehto have several mega hits from the 70&#8217;s and 80&#8217;s to their name, Kaiken takana on nainen being the biggest of them all. Their lyrics fit in very well for a Bhangra groove and the song topics are not that far from popular Punjabi songs. One can speculate if the tune was originally written as a Bhangra \u2013 a hypothetical original version might have sounded something like this \ud83d\ude42<\/p>\n<p><strong>7. Shavan lemmenlaulu<\/strong><\/p>\n<audio class=\"wp-audio-shortcode\" id=\"audio-1783-3\" preload=\"none\" style=\"width: 100%;\" controls=\"controls\"><source type=\"audio\/mpeg\" src=\"https:\/\/etno.net\/wp-content\/uploads\/2020\/12\/etn_fcd_103_103_sou_007_prv.mp3?_=3\" \/><a href=\"https:\/\/etno.net\/wp-content\/uploads\/2020\/12\/etn_fcd_103_103_sou_007_prv.mp3\">https:\/\/etno.net\/wp-content\/uploads\/2020\/12\/etn_fcd_103_103_sou_007_prv.mp3<\/a><\/audio>\n<p>S\u00e4v., san. Kiureli Sammallahti<\/p>\n<p>Kiureli Sammallahti: vocals, harmonium<br \/>\nValtteri Bruun: ud, electric guitar, kantele<br \/>\nLauri Salokoski: vocals, bass<br \/>\nSami R\u00f6nk\u00e4: tabla, dholki<br \/>\nHannu Risku: mbira, djembe<br \/>\nPeali Juva: vocals<\/p>\n<p>The band goes Hindustani Classical in this mellow, philosophical and Ghazalesque love song.<\/p>\n<p><strong>8. Nyt vasta bileet alkaa<\/strong><br \/>\nS\u00e4v., Kiureli Sammallahti \/ trad., san. Kiureli Sammallahti<\/p>\n<p>Kiureli Sammallahti : vocals, synth, harmonium<br \/>\nValtteri Bruun: electric guitar<br \/>\nLauri Salokoski: bass<br \/>\nSami R\u00f6nk\u00e4: tabla, dholki<br \/>\n&#8221;King&#8221; Gurcharan Mall: dhol<br \/>\nHannu Henrik Salomo Risku: drums<br \/>\nPeali Juva: vocals<br \/>\nPandit Rajendra Prasanna: shahnai<\/p>\n<p>Partaaaaaayyyyyyy like a Finnjabi!<\/p>\n<p><strong>9. Betoninen kotimaani<\/strong><br \/>\nS\u00e4v., san. Kiureli Sammallahti<\/p>\n<p>Kiureli Sammallahti: vocals, synth, harmonium, accordion<br \/>\nValtteri Bruun: guitars<br \/>\nLauri Salokoski: bass<br \/>\nSami R\u00f6nk\u00e4: dhol, dholki<\/p>\n<p>The song title translates as &#8221;my homeland made ouf of concrete&#8221;. The homeland that shava is singing about is actually not tied to one place or country, but Shava&#8217;s aim has been to create a kind af a folk music of the global suburbia. Today, a huge and ever-growing amount of the world population lives in the suburbs, and it is there that so many different cultures live side by side.<\/p>\n<p><strong>10. Bonus track \u2013 Kaiken takana on nainen (dhol \/ zipper version)<\/strong><br \/>\nS\u00e4v. Kiureli Sammallahti, san. V.-P. Lehto \/ Hannu Risku<br \/>\nKiureli Sammallahti: vocals, synth<br \/>\nValtteri Bruun: tumbi<br \/>\nLauri Salokoski: bass, vocals<br \/>\nSami R\u00f6nk\u00e4: dhol, dholki, tabla<br \/>\nHannu Risku: rap<br \/>\nSara Puljula: zip<\/p>\n","protected":false},"excerpt":{"rendered":"<p>KANSA HALUAA BHANGRAA!<\/p>\n<p>ja Intian syke Iskee kuin miljoona ampeeria suoraan syd\u00e4meen&#8230; Shava soittaa Iskus\u00e4veli\u00e4 nykyp\u00e4iv\u00e4n betonisen maaflmankyl\u00e4n asukin arjen riemuista ja murheista. Suomibhangra on uuden vuosituhannen globaalia kansanmusiikkia, jonka juuret ovat kotiseudulla It\u00e4-Helsingiss\u00e4 mutta latva syleilee koko maailmaa. Rytmi ja syd\u00e4n tulee Intiasta.<\/p>\n<p>Kiureli Sammallahti: laulu, koskettimet<br \/>\nValtteri Bruun: kitara<br \/>\nLauri Salokoski: basso, laulu<br \/>\nHannu Risku: rummut, ragga<br \/>\nSami R\u00f6nk\u00e4: dhol, tabla<\/p>\n<p>Tuottaja: Valtteri Bruun<br \/>\n\u00c4\u00e4nitys: Valtteri Bruun, Taneli Bruun ja Karl Sinkkonen<br \/>\n\u00c4\u00e4nitetty Kallio-Kuninkalassa, Hitsville IV:ssa, Sibelius-Akatemian kansanmusiikin osastolla, Kaapelitehtaalla, Kurvissa, Ison-Antintiell\u00e4, kotona ja jossain Bangaloressa<\/p>\n<p>Masterointi: Jaakko Viital\u00e4hde, Viital\u00e4hde Mastering<\/p>","protected":false},"featured_media":1784,"comment_status":"closed","ping_status":"closed","template":"","meta":{"_acf_changed":false},"product_brand":[],"product_cat":[65],"product_tag":[],"class_list":{"0":"post-1783","1":"product","2":"type-product","3":"status-publish","4":"has-post-thumbnail","6":"product_cat-aanitteet","8":"first","9":"instock","10":"shipping-taxable","11":"product-type-simple"},"acf":[],"_links":{"self":[{"href":"https:\/\/etno.net\/en\/wp-json\/wp\/v2\/product\/1783","targetHints":{"allow":["GET"]}}],"collection":[{"href":"https:\/\/etno.net\/en\/wp-json\/wp\/v2\/product"}],"about":[{"href":"https:\/\/etno.net\/en\/wp-json\/wp\/v2\/types\/product"}],"replies":[{"embeddable":true,"href":"https:\/\/etno.net\/en\/wp-json\/wp\/v2\/comments?post=1783"}],"wp:featuredmedia":[{"embeddable":true,"href":"https:\/\/etno.net\/en\/wp-json\/wp\/v2\/media\/1784"}],"wp:attachment":[{"href":"https:\/\/etno.net\/en\/wp-json\/wp\/v2\/media?parent=1783"}],"wp:term":[{"taxonomy":"product_brand","embeddable":true,"href":"https:\/\/etno.net\/en\/wp-json\/wp\/v2\/product_brand?post=1783"},{"taxonomy":"product_cat","embeddable":true,"href":"https:\/\/etno.net\/en\/wp-json\/wp\/v2\/product_cat?post=1783"},{"taxonomy":"product_tag","embeddable":true,"href":"https:\/\/etno.net\/en\/wp-json\/wp\/v2\/product_tag?post=1783"}],"curies":[{"name":"wp","href":"https:\/\/api.w.org\/{rel}","templated":true}]}}