{"id":1793,"date":"2020-12-29T12:37:30","date_gmt":"2020-12-29T10:37:30","guid":{"rendered":"https:\/\/etno.net\/?post_type=product&#038;p=1793"},"modified":"2021-11-19T14:09:26","modified_gmt":"2021-11-19T12:09:26","slug":"teija-niku-finsko-pajdusko","status":"publish","type":"product","link":"https:\/\/etno.net\/en\/julkaisu\/aanitteet\/teija-niku-finsko-pajdusko","title":{"rendered":"Teija Niku: Finsko Pajdusko"},"content":{"rendered":"<p><strong>1. Teijavo Horo<\/strong><\/p>\n<!--[if lt IE 9]><script>document.createElement('audio');<\/script><![endif]-->\n<audio class=\"wp-audio-shortcode\" id=\"audio-1793-1\" preload=\"none\" style=\"width: 100%;\" controls=\"controls\"><source type=\"audio\/mpeg\" src=\"https:\/\/etno.net\/wp-content\/uploads\/2020\/12\/etn_fcd_105_105_sou_001_prv.mp3?_=1\" \/><a href=\"https:\/\/etno.net\/wp-content\/uploads\/2020\/12\/etn_fcd_105_105_sou_001_prv.mp3\">https:\/\/etno.net\/wp-content\/uploads\/2020\/12\/etn_fcd_105_105_sou_001_prv.mp3<\/a><\/audio>\n<p>S\u00e4v. Teija Niku.<\/p>\n<p><strong>2. Hora Martisorului<\/strong><br \/>\nS\u00e4v. Grigoras Dinicu.<\/p>\n<p><strong>3. Ajde Jano<\/strong><br \/>\nS\u00e4v. trad.<\/p>\n<p><strong>4. Finsko Pajdusko<\/strong><\/p>\n<audio class=\"wp-audio-shortcode\" id=\"audio-1793-2\" preload=\"none\" style=\"width: 100%;\" controls=\"controls\"><source type=\"audio\/mpeg\" src=\"https:\/\/etno.net\/wp-content\/uploads\/2020\/12\/etn_fcd_105_105_sou_004_prv.mp3?_=2\" \/><a href=\"https:\/\/etno.net\/wp-content\/uploads\/2020\/12\/etn_fcd_105_105_sou_004_prv.mp3\">https:\/\/etno.net\/wp-content\/uploads\/2020\/12\/etn_fcd_105_105_sou_004_prv.mp3<\/a><\/audio>\n<p>S\u00e4v. Teija Niku.<\/p>\n<p><strong>5. Bitolcanka Oro<\/strong><br \/>\nS\u00e4v. trad.<\/p>\n<p><strong>6. Romanian Hora<\/strong><\/p>\n<audio class=\"wp-audio-shortcode\" id=\"audio-1793-3\" preload=\"none\" style=\"width: 100%;\" controls=\"controls\"><source type=\"audio\/mpeg\" src=\"https:\/\/etno.net\/wp-content\/uploads\/2020\/12\/etn_fcd_105_105_sou_006_prv.mp3?_=3\" \/><a href=\"https:\/\/etno.net\/wp-content\/uploads\/2020\/12\/etn_fcd_105_105_sou_006_prv.mp3\">https:\/\/etno.net\/wp-content\/uploads\/2020\/12\/etn_fcd_105_105_sou_006_prv.mp3<\/a><\/audio>\n<p>S\u00e4v. trad.<\/p>\n<p><strong>7. Prelaz Kolo<\/strong><br \/>\nS\u00e4v. trad.<\/p>\n<p><strong>8. Oriental Cocek<\/strong><br \/>\nS\u00e4v. Teija Niku.<\/p>\n<p><strong>9. Drugarsko Kolo<\/strong><br \/>\nS\u00e4v. Lelo Nika.<\/p>\n<p><strong>10. Nova Ruchenitsa<\/strong><br \/>\nS\u00e4v. Teija Niku.<\/p>\n<p><strong>11. Brala Moma<\/strong><br \/>\nS\u00e4v. trad.<\/p>\n","protected":false},"excerpt":{"rendered":"<p>Teija Niku: harmonikka<br \/>\nTommi Asplund: viulu<br \/>\nTuomas Logr\u00e9n: kitara, mandoliini, dobro<br \/>\nIlkka Heinonen: kontrabasso<\/p>\n<p>Riq tamburiini (4) &amp; darbuka (8) Christer Hackman<br \/>\nLaulu (11) Mamo Ensemble: Emmi Knuutinen (solisti), Juulia Salonen, Ingrit Vaher, Mira T\u00f6rm\u00e4l\u00e4 + Teija Niku<\/p>\n<p>Sovittanut ja tuottanut Teija Niku<br \/>\n\u00c4\u00e4nitys ja miksaus Kimpi Huisman<br \/>\nMasterointi Svante Forsb\u00e4ck, Chartmakers<\/p>","protected":false},"featured_media":1794,"comment_status":"closed","ping_status":"closed","template":"","meta":{"_acf_changed":false},"product_brand":[],"product_cat":[65],"product_tag":[],"class_list":{"0":"post-1793","1":"product","2":"type-product","3":"status-publish","4":"has-post-thumbnail","6":"product_cat-aanitteet","8":"first","9":"instock","10":"shipping-taxable","11":"product-type-simple"},"acf":[],"_links":{"self":[{"href":"https:\/\/etno.net\/en\/wp-json\/wp\/v2\/product\/1793","targetHints":{"allow":["GET"]}}],"collection":[{"href":"https:\/\/etno.net\/en\/wp-json\/wp\/v2\/product"}],"about":[{"href":"https:\/\/etno.net\/en\/wp-json\/wp\/v2\/types\/product"}],"replies":[{"embeddable":true,"href":"https:\/\/etno.net\/en\/wp-json\/wp\/v2\/comments?post=1793"}],"wp:featuredmedia":[{"embeddable":true,"href":"https:\/\/etno.net\/en\/wp-json\/wp\/v2\/media\/1794"}],"wp:attachment":[{"href":"https:\/\/etno.net\/en\/wp-json\/wp\/v2\/media?parent=1793"}],"wp:term":[{"taxonomy":"product_brand","embeddable":true,"href":"https:\/\/etno.net\/en\/wp-json\/wp\/v2\/product_brand?post=1793"},{"taxonomy":"product_cat","embeddable":true,"href":"https:\/\/etno.net\/en\/wp-json\/wp\/v2\/product_cat?post=1793"},{"taxonomy":"product_tag","embeddable":true,"href":"https:\/\/etno.net\/en\/wp-json\/wp\/v2\/product_tag?post=1793"}],"curies":[{"name":"wp","href":"https:\/\/api.w.org\/{rel}","templated":true}]}}