{"id":1798,"date":"2020-12-29T12:40:50","date_gmt":"2020-12-29T10:40:50","guid":{"rendered":"https:\/\/etno.net\/?post_type=product&#038;p=1798"},"modified":"2022-08-18T08:35:36","modified_gmt":"2022-08-18T06:35:36","slug":"suo-maan-unia-puun-unia","status":"publish","type":"product","link":"https:\/\/etno.net\/en\/julkaisu\/aanitteet\/suo-maan-unia-puun-unia","title":{"rendered":"Suo: Maan unia, puun unia"},"content":{"rendered":"<p><strong>1. Laulajan latu<\/strong><br \/>\nS\u00e4v. Suo, sov. Suo, san. trad.<\/p>\n<p><strong>2. Manan unia<\/strong><br \/>\nS\u00e4v. Suo, sov. Suo, san. trad.<\/p>\n<p><strong>3. Unen nouto<\/strong><br \/>\nS\u00e4v. Suo, sov. Suo, san. trad.<\/p>\n<p><strong>4. Artjamei<\/strong><\/p>\n<!--[if lt IE 9]><script>document.createElement('audio');<\/script><![endif]-->\n<audio class=\"wp-audio-shortcode\" id=\"audio-1798-1\" preload=\"none\" style=\"width: 100%;\" controls=\"controls\"><source type=\"audio\/mpeg\" src=\"https:\/\/etno.net\/wp-content\/uploads\/2020\/12\/etn_fcd_106_106_sou_004_prv.mp3?_=1\" \/><a href=\"https:\/\/etno.net\/wp-content\/uploads\/2020\/12\/etn_fcd_106_106_sou_004_prv.mp3\">https:\/\/etno.net\/wp-content\/uploads\/2020\/12\/etn_fcd_106_106_sou_004_prv.mp3<\/a><\/audio>\n<p>S\u00e4v. Emilia Lajunen, sov. Suo, san. trad.<\/p>\n<p><strong>5. Tuuditan tuhoista lasta<\/strong><br \/>\nS\u00e4v. trad., sov. Suo, san. trad.<\/p>\n<p><strong>6. Tuulee<\/strong><br \/>\nS\u00e4v. trad., sov. Suo, san. trad.<\/p>\n<p><strong>7. Tammikkinen<\/strong><br \/>\nS\u00e4v. Suo, sov. Suo, san. trad.<\/p>\n<p><strong>8. Tummene tulonen<\/strong><br \/>\nS\u00e4v. Suo, sov. Suo, san. trad.<\/p>\n<p><strong>9. Kintereill\u00e4<\/strong><br \/>\nS\u00e4v. Roope Aarnio, sov. Suo, san. Veera Voima<\/p>\n<p><strong>10. Niin olet sin\u00e4<\/strong><\/p>\n<audio class=\"wp-audio-shortcode\" id=\"audio-1798-2\" preload=\"none\" style=\"width: 100%;\" controls=\"controls\"><source type=\"audio\/mpeg\" src=\"https:\/\/etno.net\/wp-content\/uploads\/2020\/12\/etn_fcd_106_106_sou_010_prv.mp3?_=2\" \/><a href=\"https:\/\/etno.net\/wp-content\/uploads\/2020\/12\/etn_fcd_106_106_sou_010_prv.mp3\">https:\/\/etno.net\/wp-content\/uploads\/2020\/12\/etn_fcd_106_106_sou_010_prv.mp3<\/a><\/audio>\n<p>S\u00e4v. trad., sov. Suo, san. Veera Voima<\/p>\n<p><strong>11. Hahden P\u00e4iv\u00e4ys<\/strong><br \/>\nS\u00e4v. Roope Aarnio, sov. Suo, san. trad.<\/p>\n<p><strong>Video: Mielt\u00e4ni meri ajaa<\/strong><br \/>\nS\u00e4v. Suo, sov. Suo, san. trad.<\/p>\n","protected":false},"excerpt":{"rendered":"<p>Sanojen ja runojen mets\u00e4stys voi vied\u00e4 mielen kauas hienoille matkoille. Ja joskus se on niin vaikeaa, ettei valmista tule ennen maailmanloppua. Ennen kuin katajanmarjat kypsyv\u00e4t samassa puussa yht\u00e4 aikaa.<\/p>\n<p>Veera Voima: 15-string kantele, overtone flute, low whistle, tin whistle<br \/>\nRoope Aarnio: guitar, mandolin, fretless guitar, backing vocals<br \/>\nEmilia Lajunen: 5-string fiddle, nyckelharpa, erhu, backing vocals<\/p>\n<p>Guest artist<br \/>\nSara Puljula: double bass, percussions<br \/>\nTeemu Korpip\u00e4\u00e4: drum programming (tracks 1,2, 4)<\/p>\n<p>Tuottaja: Rope Aarnio, Teemu Korpip\u00e4\u00e4, Sara Puljula<br \/>\n\u00c4\u00e4nitys: Teemu Korpip\u00e4\u00e4<br \/>\nMiksaus: Teemu Korpip\u00e4\u00e4<br \/>\nMasterointi: Minerva Pappi, Finnvox<br \/>\nVideo: Petteri Saario, Doc Art<\/p>\n<p>\u00c4\u00e4nitetty Kallio-Kuninkalassa ja Popnalli-studiossa 2011.<\/p>","protected":false},"featured_media":1799,"comment_status":"closed","ping_status":"closed","template":"","meta":{"_acf_changed":false},"product_brand":[],"product_cat":[65],"product_tag":[],"class_list":{"0":"post-1798","1":"product","2":"type-product","3":"status-publish","4":"has-post-thumbnail","6":"product_cat-aanitteet","8":"first","9":"instock","10":"shipping-taxable","11":"product-type-simple"},"acf":[],"_links":{"self":[{"href":"https:\/\/etno.net\/en\/wp-json\/wp\/v2\/product\/1798","targetHints":{"allow":["GET"]}}],"collection":[{"href":"https:\/\/etno.net\/en\/wp-json\/wp\/v2\/product"}],"about":[{"href":"https:\/\/etno.net\/en\/wp-json\/wp\/v2\/types\/product"}],"replies":[{"embeddable":true,"href":"https:\/\/etno.net\/en\/wp-json\/wp\/v2\/comments?post=1798"}],"wp:featuredmedia":[{"embeddable":true,"href":"https:\/\/etno.net\/en\/wp-json\/wp\/v2\/media\/1799"}],"wp:attachment":[{"href":"https:\/\/etno.net\/en\/wp-json\/wp\/v2\/media?parent=1798"}],"wp:term":[{"taxonomy":"product_brand","embeddable":true,"href":"https:\/\/etno.net\/en\/wp-json\/wp\/v2\/product_brand?post=1798"},{"taxonomy":"product_cat","embeddable":true,"href":"https:\/\/etno.net\/en\/wp-json\/wp\/v2\/product_cat?post=1798"},{"taxonomy":"product_tag","embeddable":true,"href":"https:\/\/etno.net\/en\/wp-json\/wp\/v2\/product_tag?post=1798"}],"curies":[{"name":"wp","href":"https:\/\/api.w.org\/{rel}","templated":true}]}}