{"id":1804,"date":"2021-01-07T12:37:27","date_gmt":"2021-01-07T10:37:27","guid":{"rendered":"https:\/\/etno.net\/?post_type=product&#038;p=1804"},"modified":"2021-11-19T13:52:25","modified_gmt":"2021-11-19T11:52:25","slug":"laitakaupungin-orkesteri-virta","status":"publish","type":"product","link":"https:\/\/etno.net\/en\/julkaisu\/aanitteet\/laitakaupungin-orkesteri-virta","title":{"rendered":"Laitakaupungin orkesteri &#8211; Virta"},"content":{"rendered":"<div class=\"field field-name-field-kamucd-teknikot field-type-text-long field-label-hidden\">\n<div class=\"field-items\">\n<div class=\"field-item even\">\n<p>Tuottaja: Sami Sil\u00e9n, Teemu Vuorela<br \/>\n\u00c4\u00e4nitys: LKO-studio, Swamphouse studio, Austin, TX, Soundwall studio, Sein\u00e4joki<br \/>\nMiksaus: Kimmo Ahola, AMS-Studio<br \/>\nMasterointi: Pauli Saastamoinen, Finnvox<\/p>\n<\/div>\n<\/div>\n<\/div>\n<div class=\"field field-name-field-kamucd-yht-kokoonpano field-type-text-long field-label-inline clearfix\">\n<div class=\"field-label\">Muusikot:<\/div>\n<div class=\"field-items\">\n<div class=\"field-item even\">\n<p>Charlotta Hagfors &#8211; Laulu, saha<br \/>\nPiia Kleemola &#8211; Viulu, 15-kielinen kantele, laulu<br \/>\nAntti Paalanen &#8211; Haitarit<br \/>\nSami Sil\u00e9n &#8211; Akustinen- ja s\u00e4hk\u00f6kitara, buzuki, laulu<br \/>\nTeemu Vuorela &#8211; Rummut, ohjelmointi, ly\u00f6m\u00e4soittimet<br \/>\nPetri V\u00e4lim\u00e4ki &#8211; Kontra- ja s\u00e4hk\u00f6basso<\/p>\n<\/div>\n<\/div>\n<\/div>\n<div class=\"field field-name-field-kamucd-raidat field-type-text-long field-label-hidden\">\n<div class=\"field-items\">\n<div class=\"field-item even\">\n<p><strong>1. Breath<\/strong><\/p>\n<p>S\u00e4v. Paalanen<\/p>\n<!--[if lt IE 9]><script>document.createElement('audio');<\/script><![endif]-->\n<audio class=\"wp-audio-shortcode\" id=\"audio-1804-1\" preload=\"none\" style=\"width: 100%;\" controls=\"controls\"><source type=\"audio\/mpeg\" src=\"https:\/\/etno.net\/wp-content\/uploads\/2021\/01\/aan1.mp3?_=1\" \/><a href=\"https:\/\/etno.net\/wp-content\/uploads\/2021\/01\/aan1.mp3\">https:\/\/etno.net\/wp-content\/uploads\/2021\/01\/aan1.mp3<\/a><\/audio>\n<p>2. Irrallaan<\/p>\n<p>S\u00e4v. Laitakaupungin orkesteri, san. Hagfors<\/p>\n<p>3. Jours de la vie<\/p>\n<p>S\u00e4v. Kleemola<\/p>\n<p><strong>4. L\u00e4htij\u00e4<\/strong><\/p>\n<p>S\u00e4v. Laitakaupungin orkesteri, san. Hagfors<\/p>\n<audio class=\"wp-audio-shortcode\" id=\"audio-1804-2\" preload=\"none\" style=\"width: 100%;\" controls=\"controls\"><source type=\"audio\/mpeg\" src=\"https:\/\/etno.net\/wp-content\/uploads\/2021\/01\/lahtija.mp3?_=2\" \/><a href=\"https:\/\/etno.net\/wp-content\/uploads\/2021\/01\/lahtija.mp3\">https:\/\/etno.net\/wp-content\/uploads\/2021\/01\/lahtija.mp3<\/a><\/audio>\n<p>5. Kehto<\/p>\n<p>S\u00e4v. Laitakaupungin orkesteri,\u00a0san. Hagfors<\/p>\n<p>6. El poro<\/p>\n<p>S\u00e4v. V\u00e4lim\u00e4ki<\/p>\n<p><strong>7. Virta<\/strong><\/p>\n<p>S\u00e4v.\/san. Hagfors<\/p>\n<audio class=\"wp-audio-shortcode\" id=\"audio-1804-3\" preload=\"none\" style=\"width: 100%;\" controls=\"controls\"><source type=\"audio\/mpeg\" src=\"https:\/\/etno.net\/wp-content\/uploads\/2021\/01\/virta.mp3?_=3\" \/><a href=\"https:\/\/etno.net\/wp-content\/uploads\/2021\/01\/virta.mp3\">https:\/\/etno.net\/wp-content\/uploads\/2021\/01\/virta.mp3<\/a><\/audio>\n<\/div>\n<\/div>\n<\/div>\n","protected":false},"excerpt":{"rendered":"<p>Tuottaja: Sami Sil\u00e9n, Teemu Vuorela \u00c4\u00e4nitys: LKO-studio, Swamphouse studio, Austin, TX, Soundwall studio, Sein\u00e4joki Miksaus: Kimmo Ahola, AMS-Studio Masterointi: Pauli Saastamoinen, Finnvox Muusikot: Charlotta Hagfors &#8211; Laulu, saha Piia Kleemola &#8211; Viulu, 15-kielinen kantele, laulu Antti Paalanen &#8211; Haitarit Sami Sil\u00e9n &#8211; Akustinen- ja s\u00e4hk\u00f6kitara, buzuki, laulu Teemu Vuorela &#8211; Rummut, ohjelmointi, ly\u00f6m\u00e4soittimet Petri V\u00e4lim\u00e4ki [&hellip;]<\/p>\n","protected":false},"featured_media":1808,"comment_status":"closed","ping_status":"closed","template":"","meta":{"_acf_changed":false},"product_brand":[],"product_cat":[65],"product_tag":[],"class_list":{"0":"post-1804","1":"product","2":"type-product","3":"status-publish","4":"has-post-thumbnail","6":"product_cat-aanitteet","8":"first","9":"instock","10":"shipping-taxable","11":"product-type-simple"},"acf":[],"_links":{"self":[{"href":"https:\/\/etno.net\/en\/wp-json\/wp\/v2\/product\/1804","targetHints":{"allow":["GET"]}}],"collection":[{"href":"https:\/\/etno.net\/en\/wp-json\/wp\/v2\/product"}],"about":[{"href":"https:\/\/etno.net\/en\/wp-json\/wp\/v2\/types\/product"}],"replies":[{"embeddable":true,"href":"https:\/\/etno.net\/en\/wp-json\/wp\/v2\/comments?post=1804"}],"wp:featuredmedia":[{"embeddable":true,"href":"https:\/\/etno.net\/en\/wp-json\/wp\/v2\/media\/1808"}],"wp:attachment":[{"href":"https:\/\/etno.net\/en\/wp-json\/wp\/v2\/media?parent=1804"}],"wp:term":[{"taxonomy":"product_brand","embeddable":true,"href":"https:\/\/etno.net\/en\/wp-json\/wp\/v2\/product_brand?post=1804"},{"taxonomy":"product_cat","embeddable":true,"href":"https:\/\/etno.net\/en\/wp-json\/wp\/v2\/product_cat?post=1804"},{"taxonomy":"product_tag","embeddable":true,"href":"https:\/\/etno.net\/en\/wp-json\/wp\/v2\/product_tag?post=1804"}],"curies":[{"name":"wp","href":"https:\/\/api.w.org\/{rel}","templated":true}]}}