{"id":1809,"date":"2021-01-07T12:39:37","date_gmt":"2021-01-07T10:39:37","guid":{"rendered":"https:\/\/etno.net\/?post_type=product&#038;p=1809"},"modified":"2021-11-19T13:53:16","modified_gmt":"2021-11-19T11:53:16","slug":"the-mystic-revelation-of-teppo-repo","status":"publish","type":"product","link":"https:\/\/etno.net\/en\/julkaisu\/aanitteet\/the-mystic-revelation-of-teppo-repo","title":{"rendered":"The Mystic Revelation of Teppo Repo"},"content":{"rendered":"<div class=\"field field-name-body field-type-text-with-summary field-label-hidden\">\n<div class=\"field-items\">\n<div class=\"field-item even\">\n<p>T.M.R.O.T.R:n musiikki ammentaa Teppo Revon perinteest\u00e4 ja muodostaa elektroakustisen kokonaisuuden, joka rakentuu c-kasettinauhoille tallennetuista \u00e4\u00e4nimaisemista ja akustisesta live-soitannasta. Paimenmusiikin ohella inspiraatiota on haettu oldschool-hiphopista, dubista sek\u00e4 taidemusiikista.<\/p>\n<\/div>\n<\/div>\n<\/div>\n<div class=\"field field-name-field-kamucd-kustantaja field-type-text field-label-inline clearfix\"><\/div>\n<div class=\"field field-name-field-kamucd-tallennusmaa field-type-text field-label-inline clearfix\">\n<div class=\"field-items\">\n<div class=\"field-item even\"><\/div>\n<\/div>\n<\/div>\n<div class=\"field field-name-field-kamucd-teknikot field-type-text-long field-label-hidden\">\n<div class=\"field-items\">\n<div class=\"field-item even\">\n<p>Teemu Korpip\u00e4\u00e4: Erikoisefektit, \u00e4\u00e4nitys, miksaus ja masterointi<\/p>\n<p>&nbsp;<\/p>\n<\/div>\n<\/div>\n<\/div>\n<div class=\"field field-name-field-kamucd-yht-kokoonpano field-type-text-long field-label-inline clearfix\">\n<div class=\"field-label\">Muusikot:<\/div>\n<div class=\"field-items\">\n<div class=\"field-item even\">\n<p>Otto Eskelinen: Alttosaksofoni, huilu, kasettidekit, perkussiot<br \/>\nEero Tikkanen: Kontrabasso, huuliharppu, perkussiot<br \/>\nArttu Hasu: S\u00e4hk\u00f6basso raidalla It\u00e4meren s\u00e4vel<\/p>\n<\/div>\n<\/div>\n<\/div>\n<div class=\"field field-name-field-kamucd-raidat field-type-text-long field-label-hidden\">\n<div class=\"field-items\">\n<div class=\"field-item even\">\n<h2>1 Aamuher\u00e4tys<\/h2>\n<h2>2 Paimenen s\u00e4veli\u00e4<\/h2>\n<h2>3 Paimen kohtaa suden<\/h2>\n<h2>4 Pauolinin s\u00e4vel<\/h2>\n<h2>5 Soikkolan marssi<\/h2>\n<h2>6 Pauolinin dub<\/h2>\n<h2>7 P\u00e4ivikin s\u00e4vel<\/h2>\n<h2>8 It\u00e4meren s\u00e4vel intro<\/h2>\n<h2>9 It\u00e4meren s\u00e4vel<\/h2>\n<h2>10 Paimen her\u00e4\u00e4<\/h2>\n<\/div>\n<\/div>\n<\/div>","protected":false},"excerpt":{"rendered":"<p>T.M.R.O.T.R:n musiikki ammentaa Teppo Revon perinteest\u00e4 ja muodostaa elektroakustisen kokonaisuuden, joka rakentuu c-kasettinauhoille tallennetuista \u00e4\u00e4nimaisemista ja akustisesta live-soitannasta. Paimenmusiikin ohella inspiraatiota on haettu oldschool-hiphopista, dubista sek\u00e4 taidemusiikista. Teemu Korpip\u00e4\u00e4: Erikoisefektit, \u00e4\u00e4nitys, miksaus ja masterointi &nbsp; Muusikot: Otto Eskelinen: Alttosaksofoni, huilu, kasettidekit, perkussiot Eero Tikkanen: Kontrabasso, huuliharppu, perkussiot Arttu Hasu: S\u00e4hk\u00f6basso raidalla It\u00e4meren s\u00e4vel 1 Aamuher\u00e4tys [&hellip;]<\/p>\n","protected":false},"featured_media":1810,"comment_status":"closed","ping_status":"closed","template":"","meta":{"_acf_changed":false},"product_brand":[],"product_cat":[65],"product_tag":[],"class_list":{"0":"post-1809","1":"product","2":"type-product","3":"status-publish","4":"has-post-thumbnail","6":"product_cat-aanitteet","8":"first","9":"instock","10":"shipping-taxable","11":"product-type-simple"},"acf":[],"_links":{"self":[{"href":"https:\/\/etno.net\/en\/wp-json\/wp\/v2\/product\/1809","targetHints":{"allow":["GET"]}}],"collection":[{"href":"https:\/\/etno.net\/en\/wp-json\/wp\/v2\/product"}],"about":[{"href":"https:\/\/etno.net\/en\/wp-json\/wp\/v2\/types\/product"}],"replies":[{"embeddable":true,"href":"https:\/\/etno.net\/en\/wp-json\/wp\/v2\/comments?post=1809"}],"wp:featuredmedia":[{"embeddable":true,"href":"https:\/\/etno.net\/en\/wp-json\/wp\/v2\/media\/1810"}],"wp:attachment":[{"href":"https:\/\/etno.net\/en\/wp-json\/wp\/v2\/media?parent=1809"}],"wp:term":[{"taxonomy":"product_brand","embeddable":true,"href":"https:\/\/etno.net\/en\/wp-json\/wp\/v2\/product_brand?post=1809"},{"taxonomy":"product_cat","embeddable":true,"href":"https:\/\/etno.net\/en\/wp-json\/wp\/v2\/product_cat?post=1809"},{"taxonomy":"product_tag","embeddable":true,"href":"https:\/\/etno.net\/en\/wp-json\/wp\/v2\/product_tag?post=1809"}],"curies":[{"name":"wp","href":"https:\/\/api.w.org\/{rel}","templated":true}]}}