{"id":1811,"date":"2021-01-07T12:43:17","date_gmt":"2021-01-07T10:43:17","guid":{"rendered":"https:\/\/etno.net\/?post_type=product&#038;p=1811"},"modified":"2021-11-19T13:54:10","modified_gmt":"2021-11-19T11:54:10","slug":"desiree-saarela-triskel-tidsemigranten","status":"publish","type":"product","link":"https:\/\/etno.net\/en\/julkaisu\/aanitteet\/desiree-saarela-triskel-tidsemigranten","title":{"rendered":"D\u00e9sir\u00e9e Saarela &amp; Triskel &#8211; Tidsemigranten"},"content":{"rendered":"<div class=\"field field-name-field-kamucd-teknikot field-type-text-long field-label-hidden\">\n<div class=\"field-items\">\n<div class=\"field-item even\">\n<p>Tuottaja: D\u00e9sir\u00e9e Saarela<br \/>\n\u00c4\u00e4nitys: Janne Viksten<br \/>\nMiksaus: Janne Viksten \/ Arabia Pop Jazz Studios<br \/>\nMasterointi: Svante F\u00f6rsb\u00e4ck<\/p>\n<\/div>\n<\/div>\n<\/div>\n<div class=\"field field-name-field-kamucd-yht-kokoonpano field-type-text-long field-label-inline clearfix\">\n<div class=\"field-label\">Muusikot:<\/div>\n<div class=\"field-items\">\n<div class=\"field-item even\">\n<p>D\u00e9sir\u00e9e Saarela: laulu, kitara, mandoliini<br \/>\nKirsi VInkki: viulu: alttoviulu, jouhikko, kampiliira, kellopeli, laulu<br \/>\nSamuli Karjalainen: busuki, kitara, kantele, harppu, huilut, laulu<\/p>\n<\/div>\n<\/div>\n<\/div>\n<div class=\"field field-name-field-kamucd-raidat field-type-text-long field-label-hidden\">\n<div class=\"field-items\">\n<div class=\"field-item even\">\n<h2>1. Ruth<\/h2>\n<p>S\u00e4v. D\u00e9sir\u00e9e Saarela, san. D\u00e9sir\u00e9e Saarela, sov. D\u00e9sir\u00e9e Saarela &amp; Triskel<\/p>\n<h2>2. Iris<\/h2>\n<p>S\u00e4v. D\u00e9sir\u00e9e Saarela, san. D\u00e9sir\u00e9e Saarela, sov. D\u00e9sir\u00e9e Saarela &amp; Triskel<\/p>\n<h2>3. Bl\u00e5<\/h2>\n<p>s\u00e4v. D\u00e9sir\u00e9e Saarela, san. D\u00e9sir\u00e9e Saarela, sov. D\u00e9sir\u00e9e Saarela &amp; Triskel<\/p>\n<h2>4. Jag ville stanna kvar<\/h2>\n<p>s\u00e4v. D\u00e9sir\u00e9e Saarela, san. D\u00e9sir\u00e9e Saarela, sov. D\u00e9sir\u00e9e Saarela &amp; Triskel<\/p>\n<!--[if lt IE 9]><script>document.createElement('audio');<\/script><![endif]-->\n<audio class=\"wp-audio-shortcode\" id=\"audio-1811-1\" preload=\"none\" style=\"width: 100%;\" controls=\"controls\"><source type=\"audio\/mpeg\" src=\"https:\/\/etno.net\/wp-content\/uploads\/2021\/01\/jag_ville_stanna_kvar.mp3?_=1\" \/><a href=\"https:\/\/etno.net\/wp-content\/uploads\/2021\/01\/jag_ville_stanna_kvar.mp3\">https:\/\/etno.net\/wp-content\/uploads\/2021\/01\/jag_ville_stanna_kvar.mp3<\/a><\/audio>\n<h2>5. Sigrid&#8217;s song<\/h2>\n<p>s\u00e4v. D\u00e9sir\u00e9e Saarela, san. D\u00e9sir\u00e9e Saarela, sov. D\u00e9sir\u00e9e Saarela<\/p>\n<h2>6. Selma<\/h2>\n<p>s\u00e4v. D\u00e9sir\u00e9e Saarela, san. D\u00e9sir\u00e9e Saarela, sov. D\u00e9sir\u00e9e Saarela<\/p>\n<audio class=\"wp-audio-shortcode\" id=\"audio-1811-2\" preload=\"none\" style=\"width: 100%;\" controls=\"controls\"><source type=\"audio\/mpeg\" src=\"https:\/\/etno.net\/wp-content\/uploads\/2021\/01\/selma.mp3?_=2\" \/><a href=\"https:\/\/etno.net\/wp-content\/uploads\/2021\/01\/selma.mp3\">https:\/\/etno.net\/wp-content\/uploads\/2021\/01\/selma.mp3<\/a><\/audio>\n<h2>7. Julina<\/h2>\n<p>s\u00e4v. D\u00e9sir\u00e9e Saarela, san. D\u00e9sir\u00e9e Saarela, sov. D\u00e9sir\u00e9e Saarela, Kirsi Vinkki<\/p>\n<h2>8. B\u00e5ten till Halifax<\/h2>\n<p>s\u00e4v. D\u00e9sir\u00e9e Saarela, san. D\u00e9sir\u00e9e Saarela, sov. D\u00e9sir\u00e9e Saarela, Kirsi Vinkki<\/p>\n<h2>9. Tidsemigranten<\/h2>\n<p>s\u00e4v. D\u00e9sir\u00e9e Saarela, san. D\u00e9sir\u00e9e Saarela, sov. D\u00e9sir\u00e9e Saarela &amp; Triskel<\/p>\n<h2>10. Skogsr\u00e5d<\/h2>\n<p>s\u00e4v. D\u00e9sir\u00e9e Saarela, san. D\u00e9sir\u00e9e Saarela, sov. D\u00e9sir\u00e9e Saarela &amp; Triskel<\/p>\n<h2>11. Sn\u00e4cksamlaren<\/h2>\n<p>s\u00e4v. D\u00e9sir\u00e9e Saarela, san. D\u00e9sir\u00e9e Saarela, sov. D\u00e9sir\u00e9e Saarela &amp; Triskel<\/p>\n<h2>12. Allt \u00e4r bra<\/h2>\n<p>s\u00e4v. D\u00e9sir\u00e9e Saarela, san. D\u00e9sir\u00e9e Saarela, sov. D\u00e9sir\u00e9e Saarela &amp; Triskel<\/p>\n<audio class=\"wp-audio-shortcode\" id=\"audio-1811-3\" preload=\"none\" style=\"width: 100%;\" controls=\"controls\"><source type=\"audio\/mpeg\" src=\"https:\/\/etno.net\/wp-content\/uploads\/2021\/01\/allt_ar_bra.mp3?_=3\" \/><a href=\"https:\/\/etno.net\/wp-content\/uploads\/2021\/01\/allt_ar_bra.mp3\">https:\/\/etno.net\/wp-content\/uploads\/2021\/01\/allt_ar_bra.mp3<\/a><\/audio>\n<\/div>\n<\/div>\n<\/div>\n","protected":false},"excerpt":{"rendered":"<p>Tuottaja: D\u00e9sir\u00e9e Saarela \u00c4\u00e4nitys: Janne Viksten Miksaus: Janne Viksten \/ Arabia Pop Jazz Studios Masterointi: Svante F\u00f6rsb\u00e4ck Muusikot: D\u00e9sir\u00e9e Saarela: laulu, kitara, mandoliini Kirsi VInkki: viulu: alttoviulu, jouhikko, kampiliira, kellopeli, laulu Samuli Karjalainen: busuki, kitara, kantele, harppu, huilut, laulu 1. Ruth S\u00e4v. D\u00e9sir\u00e9e Saarela, san. D\u00e9sir\u00e9e Saarela, sov. D\u00e9sir\u00e9e Saarela &amp; Triskel 2. Iris S\u00e4v. [&hellip;]<\/p>\n","protected":false},"featured_media":1815,"comment_status":"closed","ping_status":"closed","template":"","meta":{"_acf_changed":false},"product_brand":[],"product_cat":[65],"product_tag":[],"class_list":{"0":"post-1811","1":"product","2":"type-product","3":"status-publish","4":"has-post-thumbnail","6":"product_cat-aanitteet","8":"first","9":"instock","10":"shipping-taxable","11":"product-type-simple"},"acf":[],"_links":{"self":[{"href":"https:\/\/etno.net\/en\/wp-json\/wp\/v2\/product\/1811","targetHints":{"allow":["GET"]}}],"collection":[{"href":"https:\/\/etno.net\/en\/wp-json\/wp\/v2\/product"}],"about":[{"href":"https:\/\/etno.net\/en\/wp-json\/wp\/v2\/types\/product"}],"replies":[{"embeddable":true,"href":"https:\/\/etno.net\/en\/wp-json\/wp\/v2\/comments?post=1811"}],"wp:featuredmedia":[{"embeddable":true,"href":"https:\/\/etno.net\/en\/wp-json\/wp\/v2\/media\/1815"}],"wp:attachment":[{"href":"https:\/\/etno.net\/en\/wp-json\/wp\/v2\/media?parent=1811"}],"wp:term":[{"taxonomy":"product_brand","embeddable":true,"href":"https:\/\/etno.net\/en\/wp-json\/wp\/v2\/product_brand?post=1811"},{"taxonomy":"product_cat","embeddable":true,"href":"https:\/\/etno.net\/en\/wp-json\/wp\/v2\/product_cat?post=1811"},{"taxonomy":"product_tag","embeddable":true,"href":"https:\/\/etno.net\/en\/wp-json\/wp\/v2\/product_tag?post=1811"}],"curies":[{"name":"wp","href":"https:\/\/api.w.org\/{rel}","templated":true}]}}