{"id":1816,"date":"2021-01-07T12:46:38","date_gmt":"2021-01-07T10:46:38","guid":{"rendered":"https:\/\/etno.net\/?post_type=product&#038;p=1816"},"modified":"2021-11-19T13:54:48","modified_gmt":"2021-11-19T11:54:48","slug":"esko-jarvela-epic-male-band-the-epic-male-band","status":"publish","type":"product","link":"https:\/\/etno.net\/en\/julkaisu\/aanitteet\/esko-jarvela-epic-male-band-the-epic-male-band","title":{"rendered":"Esko J\u00e4rvel\u00e4 Epic Male Band &#8211; The Epic Male Band"},"content":{"rendered":"<div class=\"field field-name-field-kamucd-teknikot field-type-text-long field-label-hidden\">\n<div class=\"field-items\">\n<div class=\"field-item even\">\n<div>Tuottaja: Esko J\u00e4rvel\u00e4<\/div>\n<div>\u00c4\u00e4nitys ja miksaus: Miikka Huttunen, paitsi raidat 4 ja 5: Jussi Jaakonaho<\/div>\n<div>Masterointi: Svante Forsb\u00e4ck at Chartmakers<\/div>\n<div><\/div>\n<div>\u00c4\u00e4nitetty Kallio-Kuninkalassa syyskuussa 2012 ja helmikuussa 2013.<\/div>\n<\/div>\n<\/div>\n<\/div>\n<div class=\"field field-name-field-kamucd-yht-kokoonpano field-type-text-long field-label-inline clearfix\">\n<div class=\"field-label\">Muusikot:<\/div>\n<div class=\"field-items\">\n<div class=\"field-item even\">\n<div>Jani Kivel\u00e4: s\u00e4hk\u00f6kitara<\/div>\n<div>Anssi Salminen: akustinen kitara<\/div>\n<div>Juho Kivivuori: s\u00e4hk\u00f6- ja kontrabasso<\/div>\n<div>Janne Mathlin: rummut, perkussiot<\/div>\n<div>Esko J\u00e4rvel\u00e4: viulu, urut, harmoni, tenorikitara<\/div>\n<div><\/div>\n<div>Vierailevat muusikot:<\/div>\n<div><\/div>\n<div>Calum MacCrimmon &#8211; Colin Goldie huilut, Yl\u00e4maapilli raidoilla 1, 2, 3, 7 ja 10<\/div>\n<div>Naiskuoro raidoilla 2 ja 10: Jutta Rahmel, Maija Pokela ja Aili J\u00e4rvel\u00e4<\/div>\n<div>Jousiorkesteri raidalla 3: Alina J\u00e4rvel\u00e4 &amp; Tommi Asplund<\/div>\n<\/div>\n<\/div>\n<\/div>\n<div class=\"field field-name-field-kamucd-raidat field-type-text-long field-label-hidden\">\n<div class=\"field-items\">\n<div class=\"field-item even\">\n<h2>1. Intro<\/h2>\n<p>s\u00e4v. Esko J\u00e4rvel\u00e4, sov. Esko J\u00e4rvel\u00e4 Epic Male Band<\/p>\n<h2>2. Bottom Fellows<\/h2>\n<!--[if lt IE 9]><script>document.createElement('audio');<\/script><![endif]-->\n<audio class=\"wp-audio-shortcode\" id=\"audio-1816-1\" preload=\"none\" style=\"width: 100%;\" controls=\"controls\"><source type=\"audio\/mpeg\" src=\"https:\/\/etno.net\/wp-content\/uploads\/2021\/01\/bottomfellows.mp3?_=1\" \/><a href=\"https:\/\/etno.net\/wp-content\/uploads\/2021\/01\/bottomfellows.mp3\">https:\/\/etno.net\/wp-content\/uploads\/2021\/01\/bottomfellows.mp3<\/a><\/audio>\n<p>s\u00e4v. Esko J\u00e4rvel\u00e4, sov. Esko J\u00e4rvel\u00e4 Epic Male Band<\/p>\n<h2>3. Wunderbaumgartner<\/h2>\n<p>s\u00e4v. Esko J\u00e4rvel\u00e4, sov. Esko J\u00e4rvel\u00e4 Epic Male Band<\/p>\n<h2>4. Blue Mountains Polska<\/h2>\n<p>s\u00e4v. Esko J\u00e4rvel\u00e4, sov. Esko J\u00e4rvel\u00e4 Epic Male Band<\/p>\n<h2>5. What Is The Drink of Kings?<\/h2>\n<p>s\u00e4v. Esko J\u00e4rvel\u00e4, sov. Esko J\u00e4rvel\u00e4 Epic Male Band<\/p>\n<h2>6. Limburger<\/h2>\n<p>s\u00e4v. Esko J\u00e4rvel\u00e4, sov. Esko J\u00e4rvel\u00e4 Epic Male Band<\/p>\n<h2>7. Slice to Laura-Berth<\/h2>\n<p>s\u00e4v. Esko J\u00e4rvel\u00e4, sov. Esko J\u00e4rvel\u00e4 Epic Male Band<\/p>\n<h2>8. Sulhoranta<\/h2>\n<audio class=\"wp-audio-shortcode\" id=\"audio-1816-2\" preload=\"none\" style=\"width: 100%;\" controls=\"controls\"><source type=\"audio\/mpeg\" src=\"https:\/\/etno.net\/wp-content\/uploads\/2021\/01\/sulhoranta.mp3?_=2\" \/><a href=\"https:\/\/etno.net\/wp-content\/uploads\/2021\/01\/sulhoranta.mp3\">https:\/\/etno.net\/wp-content\/uploads\/2021\/01\/sulhoranta.mp3<\/a><\/audio>\n<p>s\u00e4v. Esko J\u00e4rvel\u00e4, sov. Esko J\u00e4rvel\u00e4 Epic Male Band<\/p>\n<h2>9. Attention<\/h2>\n<p>s\u00e4v. Esko J\u00e4rvel\u00e4, sov. Esko J\u00e4rvel\u00e4 Epic Male Band<\/p>\n<h2>10. Epic Theme<\/h2>\n<audio class=\"wp-audio-shortcode\" id=\"audio-1816-3\" preload=\"none\" style=\"width: 100%;\" controls=\"controls\"><source type=\"audio\/mpeg\" src=\"https:\/\/etno.net\/wp-content\/uploads\/2021\/01\/epictheme.mp3?_=3\" \/><a href=\"https:\/\/etno.net\/wp-content\/uploads\/2021\/01\/epictheme.mp3\">https:\/\/etno.net\/wp-content\/uploads\/2021\/01\/epictheme.mp3<\/a><\/audio>\n<p>s\u00e4v. Esko J\u00e4rvel\u00e4, sov. Esko J\u00e4rvel\u00e4 Epic Male Band<\/p>\n<\/div>\n<\/div>\n<\/div>\n","protected":false},"excerpt":{"rendered":"<p>Tuottaja: Esko J\u00e4rvel\u00e4 \u00c4\u00e4nitys ja miksaus: Miikka Huttunen, paitsi raidat 4 ja 5: Jussi Jaakonaho Masterointi: Svante Forsb\u00e4ck at Chartmakers \u00c4\u00e4nitetty Kallio-Kuninkalassa syyskuussa 2012 ja helmikuussa 2013. Muusikot: Jani Kivel\u00e4: s\u00e4hk\u00f6kitara Anssi Salminen: akustinen kitara Juho Kivivuori: s\u00e4hk\u00f6- ja kontrabasso Janne Mathlin: rummut, perkussiot Esko J\u00e4rvel\u00e4: viulu, urut, harmoni, tenorikitara Vierailevat muusikot: Calum MacCrimmon &#8211; [&hellip;]<\/p>\n","protected":false},"featured_media":1820,"comment_status":"closed","ping_status":"closed","template":"","meta":{"_acf_changed":false},"product_brand":[],"product_cat":[65],"product_tag":[],"class_list":{"0":"post-1816","1":"product","2":"type-product","3":"status-publish","4":"has-post-thumbnail","6":"product_cat-aanitteet","8":"first","9":"instock","10":"shipping-taxable","11":"product-type-simple"},"acf":[],"_links":{"self":[{"href":"https:\/\/etno.net\/en\/wp-json\/wp\/v2\/product\/1816","targetHints":{"allow":["GET"]}}],"collection":[{"href":"https:\/\/etno.net\/en\/wp-json\/wp\/v2\/product"}],"about":[{"href":"https:\/\/etno.net\/en\/wp-json\/wp\/v2\/types\/product"}],"replies":[{"embeddable":true,"href":"https:\/\/etno.net\/en\/wp-json\/wp\/v2\/comments?post=1816"}],"wp:featuredmedia":[{"embeddable":true,"href":"https:\/\/etno.net\/en\/wp-json\/wp\/v2\/media\/1820"}],"wp:attachment":[{"href":"https:\/\/etno.net\/en\/wp-json\/wp\/v2\/media?parent=1816"}],"wp:term":[{"taxonomy":"product_brand","embeddable":true,"href":"https:\/\/etno.net\/en\/wp-json\/wp\/v2\/product_brand?post=1816"},{"taxonomy":"product_cat","embeddable":true,"href":"https:\/\/etno.net\/en\/wp-json\/wp\/v2\/product_cat?post=1816"},{"taxonomy":"product_tag","embeddable":true,"href":"https:\/\/etno.net\/en\/wp-json\/wp\/v2\/product_tag?post=1816"}],"curies":[{"name":"wp","href":"https:\/\/api.w.org\/{rel}","templated":true}]}}