{"id":1821,"date":"2021-01-07T12:50:41","date_gmt":"2021-01-07T10:50:41","guid":{"rendered":"https:\/\/etno.net\/?post_type=product&#038;p=1821"},"modified":"2021-11-19T13:55:36","modified_gmt":"2021-11-19T11:55:36","slug":"suden-aika-laiturilla-live-at-sissola","status":"publish","type":"product","link":"https:\/\/etno.net\/en\/julkaisu\/aanitteet\/suden-aika-laiturilla-live-at-sissola","title":{"rendered":"Suden Aika &#8211; Laiturilla &#8211; Live at Sissola"},"content":{"rendered":"<div class=\"field field-name-body field-type-text-with-summary field-label-hidden\">\n<div class=\"field-items\">\n<div class=\"field-item even\">\n<p>Suden Aika juhlii kymmenvuotista taivaltaan vuonna 2013. T\u00e4lle levylle valitsimme osan rakkaimmista lauluistamme n\u00e4iden kymmenen vuoden ajalta. Levy \u00e4\u00e4nitettiin konsertissamme Mekrij\u00e4rven Sissolassa, runonlaulaja Simana Sissosen tunnelmallisessa pirtiss\u00e4.<\/p>\n<\/div>\n<\/div>\n<\/div>\n<div class=\"field field-name-field-kamucd-kustantaja field-type-text field-label-inline clearfix\">\n<div class=\"field-label\">Kustantaja:<\/div>\n<div class=\"field-items\">\n<div class=\"field-item even\">Laika-Records<\/div>\n<\/div>\n<\/div>\n<div class=\"field field-name-field-kamucd-julk-vuosi field-type-date field-label-inline clearfix\">\n<div class=\"field-label\">Julkaisuvuosi:<\/div>\n<div class=\"field-items\">\n<div class=\"field-item even\">2013-01-01T00:00:00<\/div>\n<\/div>\n<\/div>\n<div class=\"field field-name-field-kamucd-levymerkki field-type-text field-label-inline clearfix\">\n<div class=\"field-label\">Tunnus:<\/div>\n<div class=\"field-items\">\n<div class=\"field-item even\">3510298.2<\/div>\n<\/div>\n<\/div>\n<div class=\"field field-name-field-kamucd-aanitysvuosi field-type-text field-label-inline clearfix\">\n<div class=\"field-label\">\u00c4\u00e4nitysvuosi:<\/div>\n<div class=\"field-items\">\n<div class=\"field-item even\">2012<\/div>\n<\/div>\n<\/div>\n<div class=\"field field-name-field-kamucd-tallennusmaa field-type-text field-label-inline clearfix\">\n<div class=\"field-label\">\u00c4\u00e4nitysmaa:<\/div>\n<div class=\"field-items\">\n<div class=\"field-item even\">Suomi<\/div>\n<\/div>\n<\/div>\n<div class=\"field field-name-field-kamucd-teknikot field-type-text-long field-label-hidden\">\n<div class=\"field-items\">\n<div class=\"field-item even\">\n<p>Tuottaja: Peter Cronemeyer for Laika Records<br \/>\n\u00c4\u00e4nitys: Antti Vainio, paitsi raidat 9 ja 10 Janne Tikkanen<br \/>\nMiksaus: Antti Vainio<br \/>\nMasterointi: Teemu Kinnunen, Mojolab<\/p>\n<p>\u00c4\u00e4nitetty Sissolassa, Mekrij\u00e4rvell\u00e4 20.9.2012 paitsi raidat 9 ja 10 Tuupovaaran Ullakolla 21.9.2012.<\/p>\n<p>&nbsp;<\/p>\n<\/div>\n<\/div>\n<\/div>\n<div class=\"field field-name-field-kamucd-yht-kokoonpano field-type-text-long field-label-inline clearfix\">\n<div class=\"field-label\">Muusikot:<\/div>\n<div class=\"field-items\">\n<div class=\"field-item even\">\n<p>Liisa Matveinen: laulu, kantele<br \/>\nKatariina Airas: laulu, moraharppu<br \/>\nNora Vaura: laulu, udu, huilut<br \/>\nVeera Voima: laulu, kantele, huilut<\/p>\n<\/div>\n<\/div>\n<\/div>\n<div class=\"field field-name-field-kamucd-raidat field-type-text-long field-label-hidden\">\n<div class=\"field-items\">\n<div class=\"field-item even\">\n<h2>1 Karjan Loitsu<\/h2>\n<p>s\u00e4v. Veera Voima, san. trad<\/p>\n<h2>2 Suen Synty<\/h2>\n<!--[if lt IE 9]><script>document.createElement('audio');<\/script><![endif]-->\n<audio class=\"wp-audio-shortcode\" id=\"audio-1821-1\" preload=\"none\" style=\"width: 100%;\" controls=\"controls\"><source type=\"audio\/mpeg\" src=\"https:\/\/etno.net\/wp-content\/uploads\/2021\/01\/suen_synty.mp3?_=1\" \/><a href=\"https:\/\/etno.net\/wp-content\/uploads\/2021\/01\/suen_synty.mp3\">https:\/\/etno.net\/wp-content\/uploads\/2021\/01\/suen_synty.mp3<\/a><\/audio>\n<p>s\u00e4v. Tellu Turkka, san. trad.<\/p>\n<h2>3 Mielikki<\/h2>\n<p>s\u00e4v. Nora Vaura, san. trad.<\/p>\n<h2>4 Raudan Synty<\/h2>\n<p>s\u00e4v. Veera Voima, san. trad.<\/p>\n<h2>5 Vejen Vasara<\/h2>\n<audio class=\"wp-audio-shortcode\" id=\"audio-1821-2\" preload=\"none\" style=\"width: 100%;\" controls=\"controls\"><source type=\"audio\/mpeg\" src=\"https:\/\/etno.net\/wp-content\/uploads\/2021\/01\/vejen_vasara.mp3?_=2\" \/><a href=\"https:\/\/etno.net\/wp-content\/uploads\/2021\/01\/vejen_vasara.mp3\">https:\/\/etno.net\/wp-content\/uploads\/2021\/01\/vejen_vasara.mp3<\/a><\/audio>\n<p>s\u00e4v. Liisa Matveinen, san. trad<\/p>\n<h2>6 H\u00e4k\u00e4r\u00e4<\/h2>\n<p>s\u00e4v. Veera Voima, san. trad.<\/p>\n<h2>7 Tulisuoni<\/h2>\n<p>s\u00e4v. Tellu Turkka, san. Liisa Matveinen &amp; Tellu Turkka<\/p>\n<h2>8 Armoton<\/h2>\n<p>s\u00e4v. Liisa Matveinen, san. trad.<\/p>\n<h2>9 Enon Tuomat<\/h2>\n<p>s\u00e4v. &amp; san. Liisa Matveinen<\/p>\n<h2>10 Sade<\/h2>\n<p>s\u00e4v. Veera Voima, san. trad.<\/p>\n<h2>11 Laiturilla<\/h2>\n<p>s\u00e4v. &amp; san. Liisa Matveinen<\/p>\n<h2>12 Korppi<\/h2>\n<audio class=\"wp-audio-shortcode\" id=\"audio-1821-3\" preload=\"none\" style=\"width: 100%;\" controls=\"controls\"><source type=\"audio\/mpeg\" src=\"https:\/\/etno.net\/wp-content\/uploads\/2021\/01\/korppi.mp3?_=3\" \/><a href=\"https:\/\/etno.net\/wp-content\/uploads\/2021\/01\/korppi.mp3\">https:\/\/etno.net\/wp-content\/uploads\/2021\/01\/korppi.mp3<\/a><\/audio>\n<h2><\/h2>\n<p>s\u00e4v. Tellu Turkka, san. trad.<\/p>\n<h2>13 Ik\u00e4v\u00e4<\/h2>\n<p>s\u00e4v. Nora Vaura, san. trad.<\/p>\n<\/div>\n<\/div>\n<\/div>\n","protected":false},"excerpt":{"rendered":"<p>Suden Aika juhlii kymmenvuotista taivaltaan vuonna 2013. T\u00e4lle levylle valitsimme osan rakkaimmista lauluistamme n\u00e4iden kymmenen vuoden ajalta. Levy \u00e4\u00e4nitettiin konsertissamme Mekrij\u00e4rven Sissolassa, runonlaulaja Simana Sissosen tunnelmallisessa pirtiss\u00e4. Kustantaja: Laika-Records Julkaisuvuosi: 2013-01-01T00:00:00 Tunnus: 3510298.2 \u00c4\u00e4nitysvuosi: 2012 \u00c4\u00e4nitysmaa: Suomi Tuottaja: Peter Cronemeyer for Laika Records \u00c4\u00e4nitys: Antti Vainio, paitsi raidat 9 ja 10 Janne Tikkanen Miksaus: Antti [&hellip;]<\/p>\n","protected":false},"featured_media":1825,"comment_status":"closed","ping_status":"closed","template":"","meta":{"_acf_changed":false},"product_brand":[],"product_cat":[65],"product_tag":[],"class_list":{"0":"post-1821","1":"product","2":"type-product","3":"status-publish","4":"has-post-thumbnail","6":"product_cat-aanitteet","8":"first","9":"instock","10":"shipping-taxable","11":"product-type-simple"},"acf":[],"_links":{"self":[{"href":"https:\/\/etno.net\/en\/wp-json\/wp\/v2\/product\/1821","targetHints":{"allow":["GET"]}}],"collection":[{"href":"https:\/\/etno.net\/en\/wp-json\/wp\/v2\/product"}],"about":[{"href":"https:\/\/etno.net\/en\/wp-json\/wp\/v2\/types\/product"}],"replies":[{"embeddable":true,"href":"https:\/\/etno.net\/en\/wp-json\/wp\/v2\/comments?post=1821"}],"wp:featuredmedia":[{"embeddable":true,"href":"https:\/\/etno.net\/en\/wp-json\/wp\/v2\/media\/1825"}],"wp:attachment":[{"href":"https:\/\/etno.net\/en\/wp-json\/wp\/v2\/media?parent=1821"}],"wp:term":[{"taxonomy":"product_brand","embeddable":true,"href":"https:\/\/etno.net\/en\/wp-json\/wp\/v2\/product_brand?post=1821"},{"taxonomy":"product_cat","embeddable":true,"href":"https:\/\/etno.net\/en\/wp-json\/wp\/v2\/product_cat?post=1821"},{"taxonomy":"product_tag","embeddable":true,"href":"https:\/\/etno.net\/en\/wp-json\/wp\/v2\/product_tag?post=1821"}],"curies":[{"name":"wp","href":"https:\/\/api.w.org\/{rel}","templated":true}]}}