{"id":1837,"date":"2021-01-11T00:25:58","date_gmt":"2021-01-10T22:25:58","guid":{"rendered":"https:\/\/etno.net\/?post_type=product&#038;p=1837"},"modified":"2021-11-19T13:56:41","modified_gmt":"2021-11-19T11:56:41","slug":"duo-milla-viljamaa-johanna-juhola-tango-diary","status":"publish","type":"product","link":"https:\/\/etno.net\/en\/julkaisu\/aanitteet\/duo-milla-viljamaa-johanna-juhola-tango-diary","title":{"rendered":"Duo Milla Viljamaa &amp; Johanna Juhola &#8211; Tango Diary"},"content":{"rendered":"<div class=\"field field-name-field-kamucd-teknikot field-type-text-long field-label-hidden\">\n<div class=\"field-items\">\n<div class=\"field-item even\">\n<p>Tuottaja: Johanna Juhola, Milla Viljamaa ja Johannes Laiho<br \/>\n\u00c4\u00e4nitys: Johannes Laiho<br \/>\nMiksaus: Johannes Laiho<br \/>\nMasterointi: Svante Forsb\u00e4ck, Chartmakers<\/p>\n<\/div>\n<\/div>\n<\/div>\n<div class=\"field field-name-field-kamucd-yht-kokoonpano field-type-text-long field-label-inline clearfix\">\n<div class=\"field-label\">Muusikot:<\/div>\n<div class=\"field-items\">\n<div class=\"field-item even\">\n<p>Johanna Juhola: 5-riviset haitarit, klaviola (7), accordina (3), lelupiano (5), syntetisaattorit (1, 3, 7), perkussiot<br \/>\nMilla Viljamaa: piano, laulu, puulatikko, efektisymbaalit, syntetisaattorit, preparoitu piano, melodica<\/p>\n<\/div>\n<\/div>\n<\/div>\n<div class=\"field field-name-field-kamucd-raidat field-type-text-long field-label-hidden\">\n<div class=\"field-items\">\n<div class=\"field-item even\">\n<h2>1. Nelj\u00e4n minuutin rakkaus<\/h2>\n<p>s\u00e4v. Johanna Juhola, sov. Duo Milla Viljamaa &amp; Johanna Juhola<\/p>\n<h2>2. The city of fair winds<\/h2>\n<p>s\u00e4v. Milla Viljamaa, sov. Duo Milla Viljamaa &amp; Johanna Juhola<\/p>\n<h2>3. Vapaalla jalalla<\/h2>\n<p>s\u00e4v. Johanna Juhola, sov. Duo Milla Viljamaa &amp; Johanna Juhola<\/p>\n<h2>4. Deneb<\/h2>\n<p>s\u00e4v. Milla Viljamaa, sov. Duo Milla Viljamaa &amp; Johanna Juhola<\/p>\n<!--[if lt IE 9]><script>document.createElement('audio');<\/script><![endif]-->\n<audio class=\"wp-audio-shortcode\" id=\"audio-1837-1\" preload=\"none\" style=\"width: 100%;\" controls=\"controls\"><source type=\"audio\/mpeg\" src=\"https:\/\/etno.net\/wp-content\/uploads\/2021\/01\/deneb.mp3?_=1\" \/><a href=\"https:\/\/etno.net\/wp-content\/uploads\/2021\/01\/deneb.mp3\">https:\/\/etno.net\/wp-content\/uploads\/2021\/01\/deneb.mp3<\/a><\/audio>\n<h2>5. Pikku milonguera<\/h2>\n<p>s\u00e4v. Johanna Juhola, sov. Duo Milla Viljamaa &amp; Johanna Juhola<\/p>\n<h2>6. Taxi Dancer<\/h2>\n<p>s\u00e4v. Milla Viljamaa, sov. Duo Milla Viljamaa &amp; Johanna Juhola<\/p>\n<audio class=\"wp-audio-shortcode\" id=\"audio-1837-2\" preload=\"none\" style=\"width: 100%;\" controls=\"controls\"><source type=\"audio\/mpeg\" src=\"https:\/\/etno.net\/wp-content\/uploads\/2021\/01\/taxi_driver.mp3?_=2\" \/><a href=\"https:\/\/etno.net\/wp-content\/uploads\/2021\/01\/taxi_driver.mp3\">https:\/\/etno.net\/wp-content\/uploads\/2021\/01\/taxi_driver.mp3<\/a><\/audio>\n<h2>7. Rauha<\/h2>\n<p>s\u00e4v. Johanna Juhola, sov. Duo Milla Viljamaa &amp; Johanna Juhola<\/p>\n<h2>8. Satu turkkilaisesta kuninkaasta<\/h2>\n<p>s\u00e4v. Milla Viljamaa, sov. Duo Milla Viljamaa &amp; Johanna Juhola<\/p>\n<h2>9. Linda<\/h2>\n<p>s\u00e4v. Johanna Juhola, sov. Duo Milla Viljamaa &amp; Johanna Juhola<\/p>\n<audio class=\"wp-audio-shortcode\" id=\"audio-1837-3\" preload=\"none\" style=\"width: 100%;\" controls=\"controls\"><source type=\"audio\/mpeg\" src=\"https:\/\/etno.net\/wp-content\/uploads\/2021\/01\/linda.mp3?_=3\" \/><a href=\"https:\/\/etno.net\/wp-content\/uploads\/2021\/01\/linda.mp3\">https:\/\/etno.net\/wp-content\/uploads\/2021\/01\/linda.mp3<\/a><\/audio>\n<h2>10. Mieskeijut<\/h2>\n<p>s\u00e4v. Milla Viljamaa, sov. Duo Milla Viljamaa &amp; Johanna Juhola<\/p>\n<\/div>\n<\/div>\n<\/div>\n","protected":false},"excerpt":{"rendered":"<p>Tuottaja: Johanna Juhola, Milla Viljamaa ja Johannes Laiho \u00c4\u00e4nitys: Johannes Laiho Miksaus: Johannes Laiho Masterointi: Svante Forsb\u00e4ck, Chartmakers Muusikot: Johanna Juhola: 5-riviset haitarit, klaviola (7), accordina (3), lelupiano (5), syntetisaattorit (1, 3, 7), perkussiot Milla Viljamaa: piano, laulu, puulatikko, efektisymbaalit, syntetisaattorit, preparoitu piano, melodica 1. Nelj\u00e4n minuutin rakkaus s\u00e4v. Johanna Juhola, sov. Duo Milla Viljamaa [&hellip;]<\/p>\n","protected":false},"featured_media":1841,"comment_status":"closed","ping_status":"closed","template":"","meta":{"_acf_changed":false},"product_brand":[],"product_cat":[65],"product_tag":[],"class_list":{"0":"post-1837","1":"product","2":"type-product","3":"status-publish","4":"has-post-thumbnail","6":"product_cat-aanitteet","8":"first","9":"instock","10":"shipping-taxable","11":"product-type-simple"},"acf":[],"_links":{"self":[{"href":"https:\/\/etno.net\/en\/wp-json\/wp\/v2\/product\/1837","targetHints":{"allow":["GET"]}}],"collection":[{"href":"https:\/\/etno.net\/en\/wp-json\/wp\/v2\/product"}],"about":[{"href":"https:\/\/etno.net\/en\/wp-json\/wp\/v2\/types\/product"}],"replies":[{"embeddable":true,"href":"https:\/\/etno.net\/en\/wp-json\/wp\/v2\/comments?post=1837"}],"wp:featuredmedia":[{"embeddable":true,"href":"https:\/\/etno.net\/en\/wp-json\/wp\/v2\/media\/1841"}],"wp:attachment":[{"href":"https:\/\/etno.net\/en\/wp-json\/wp\/v2\/media?parent=1837"}],"wp:term":[{"taxonomy":"product_brand","embeddable":true,"href":"https:\/\/etno.net\/en\/wp-json\/wp\/v2\/product_brand?post=1837"},{"taxonomy":"product_cat","embeddable":true,"href":"https:\/\/etno.net\/en\/wp-json\/wp\/v2\/product_cat?post=1837"},{"taxonomy":"product_tag","embeddable":true,"href":"https:\/\/etno.net\/en\/wp-json\/wp\/v2\/product_tag?post=1837"}],"curies":[{"name":"wp","href":"https:\/\/api.w.org\/{rel}","templated":true}]}}