{"id":1842,"date":"2021-01-11T00:28:30","date_gmt":"2021-01-10T22:28:30","guid":{"rendered":"https:\/\/etno.net\/?post_type=product&#038;p=1842"},"modified":"2021-11-19T13:57:20","modified_gmt":"2021-11-19T11:57:20","slug":"laura-sippola-like-lullaby","status":"publish","type":"product","link":"https:\/\/etno.net\/en\/julkaisu\/aanitteet\/laura-sippola-like-lullaby","title":{"rendered":"Laura Sippola &#8211; Like Lullaby"},"content":{"rendered":"<div class=\"field field-name-field-kamucd-teknikot field-type-text-long field-label-hidden\">\n<div class=\"field-items\">\n<div class=\"field-item even\">\n<p>\u00c4\u00e4nitys ja miksaus: Kimmo Antikainen, Janne Oinas<br \/>\nMasterointi: Pauli Saastamoinen, Finnvox<\/p>\n<\/div>\n<\/div>\n<\/div>\n<div class=\"field field-name-field-kamucd-yht-kokoonpano field-type-text-long field-label-inline clearfix\">\n<div class=\"field-label\">Muusikot:<\/div>\n<div class=\"field-items\">\n<div class=\"field-item even\">\n<p>Laura Sippola: laulu, piano<br \/>\nPeter Engberg: kitarat<br \/>\nTuure Koski: s\u00e4hk\u00f6- ja kontrabasso<br \/>\nKepa Kettunen: rummut, ly\u00f6m\u00e4soittimet<\/p>\n<p>S\u00e4vellykset ja lyriikat: Laura Sippola paitsi raita 5: Laura Sippola &amp; Dave Madden ja raita 11: Laura Sippola &amp; Nano Whitman<\/p>\n<\/div>\n<\/div>\n<\/div>\n<div class=\"field field-name-field-kamucd-raidat field-type-text-long field-label-hidden\">\n<div class=\"field-items\">\n<div class=\"field-item even\">\n<h2>1. Like Lullaby<\/h2>\n<h2>2. Baby Was a Loner<\/h2>\n<h2>3. Sax&#8217;n Joe<\/h2>\n<!--[if lt IE 9]><script>document.createElement('audio');<\/script><![endif]-->\n<audio class=\"wp-audio-shortcode\" id=\"audio-1842-1\" preload=\"none\" style=\"width: 100%;\" controls=\"controls\"><source type=\"audio\/mpeg\" src=\"https:\/\/etno.net\/wp-content\/uploads\/2021\/01\/saxnjoe.mp3?_=1\" \/><a href=\"https:\/\/etno.net\/wp-content\/uploads\/2021\/01\/saxnjoe.mp3\">https:\/\/etno.net\/wp-content\/uploads\/2021\/01\/saxnjoe.mp3<\/a><\/audio>\n<h2>4. Over Here<\/h2>\n<h2>5. Voice Mail<\/h2>\n<h2>6. Clouds<\/h2>\n<audio class=\"wp-audio-shortcode\" id=\"audio-1842-2\" preload=\"none\" style=\"width: 100%;\" controls=\"controls\"><source type=\"audio\/mpeg\" src=\"https:\/\/etno.net\/wp-content\/uploads\/2021\/01\/clouds.mp3?_=2\" \/><a href=\"https:\/\/etno.net\/wp-content\/uploads\/2021\/01\/clouds.mp3\">https:\/\/etno.net\/wp-content\/uploads\/2021\/01\/clouds.mp3<\/a><\/audio>\n<h2>7. Special Like You<\/h2>\n<h2>8. Good Girl<\/h2>\n<audio class=\"wp-audio-shortcode\" id=\"audio-1842-3\" preload=\"none\" style=\"width: 100%;\" controls=\"controls\"><source type=\"audio\/mpeg\" src=\"https:\/\/etno.net\/wp-content\/uploads\/2021\/01\/goodgirl.mp3?_=3\" \/><a href=\"https:\/\/etno.net\/wp-content\/uploads\/2021\/01\/goodgirl.mp3\">https:\/\/etno.net\/wp-content\/uploads\/2021\/01\/goodgirl.mp3<\/a><\/audio>\n<h2>9. Godmother<\/h2>\n<h2>10. If He Was a Rock<\/h2>\n<h2>11. Best Friend, Boy<\/h2>\n<h2>12. Morse for Nature<\/h2>\n<\/div>\n<\/div>\n<\/div>\n","protected":false},"excerpt":{"rendered":"<p>\u00c4\u00e4nitys ja miksaus: Kimmo Antikainen, Janne Oinas Masterointi: Pauli Saastamoinen, Finnvox Muusikot: Laura Sippola: laulu, piano Peter Engberg: kitarat Tuure Koski: s\u00e4hk\u00f6- ja kontrabasso Kepa Kettunen: rummut, ly\u00f6m\u00e4soittimet S\u00e4vellykset ja lyriikat: Laura Sippola paitsi raita 5: Laura Sippola &amp; Dave Madden ja raita 11: Laura Sippola &amp; Nano Whitman 1. Like Lullaby 2. Baby Was [&hellip;]<\/p>\n","protected":false},"featured_media":1846,"comment_status":"closed","ping_status":"closed","template":"","meta":{"_acf_changed":false},"product_brand":[],"product_cat":[65],"product_tag":[],"class_list":{"0":"post-1842","1":"product","2":"type-product","3":"status-publish","4":"has-post-thumbnail","6":"product_cat-aanitteet","8":"first","9":"instock","10":"shipping-taxable","11":"product-type-simple"},"acf":[],"_links":{"self":[{"href":"https:\/\/etno.net\/en\/wp-json\/wp\/v2\/product\/1842","targetHints":{"allow":["GET"]}}],"collection":[{"href":"https:\/\/etno.net\/en\/wp-json\/wp\/v2\/product"}],"about":[{"href":"https:\/\/etno.net\/en\/wp-json\/wp\/v2\/types\/product"}],"replies":[{"embeddable":true,"href":"https:\/\/etno.net\/en\/wp-json\/wp\/v2\/comments?post=1842"}],"wp:featuredmedia":[{"embeddable":true,"href":"https:\/\/etno.net\/en\/wp-json\/wp\/v2\/media\/1846"}],"wp:attachment":[{"href":"https:\/\/etno.net\/en\/wp-json\/wp\/v2\/media?parent=1842"}],"wp:term":[{"taxonomy":"product_brand","embeddable":true,"href":"https:\/\/etno.net\/en\/wp-json\/wp\/v2\/product_brand?post=1842"},{"taxonomy":"product_cat","embeddable":true,"href":"https:\/\/etno.net\/en\/wp-json\/wp\/v2\/product_cat?post=1842"},{"taxonomy":"product_tag","embeddable":true,"href":"https:\/\/etno.net\/en\/wp-json\/wp\/v2\/product_tag?post=1842"}],"curies":[{"name":"wp","href":"https:\/\/api.w.org\/{rel}","templated":true}]}}