{"id":1848,"date":"2021-01-11T00:31:09","date_gmt":"2021-01-10T22:31:09","guid":{"rendered":"https:\/\/etno.net\/?post_type=product&#038;p=1848"},"modified":"2021-11-19T13:58:00","modified_gmt":"2021-11-19T11:58:00","slug":"eva-trio-ensimmaiset-seikkailut","status":"publish","type":"product","link":"https:\/\/etno.net\/en\/julkaisu\/aanitteet\/eva-trio-ensimmaiset-seikkailut","title":{"rendered":"EVA-trio &#8211; Ensimm\u00e4iset seikkailut"},"content":{"rendered":"<div class=\"field field-name-field-kamucd-teknikot field-type-text-long field-label-hidden\">\n<div class=\"field-items\">\n<div class=\"field-item even\">\n<p>\u00c4\u00e4nitys: Miikka Huttunen<br \/>\nMiksaus ja masterointi: Vesa Norilo, Marko My\u00f6h\u00e4nen<br \/>\nKansi: Timo Jaakkola<\/p>\n<\/div>\n<\/div>\n<\/div>\n<div class=\"field field-name-field-kamucd-yht-kokoonpano field-type-text-long field-label-inline clearfix\">\n<div class=\"field-label\">Muusikot:<\/div>\n<div class=\"field-items\">\n<div class=\"field-item even\">\n<p>EVA-trio<\/p>\n<p>Essi Vuorela: laulu, taustalaulut<br \/>\nAnna-Karin Korhonen: kantele, harmooni<br \/>\nVesa Norilo: sello, huilu<\/p>\n<p>Muut muusikot<\/p>\n<p>Atte Kilpel\u00e4inen: alttoviulu (4, 7, 8 , 11)<br \/>\nMikko Hassinen: ly\u00f6m\u00e4soittimet (1, 3, 5, 6)<br \/>\nSamuli Karjalainen: Bodhran-rumpu (2, 10)<\/p>\n<\/div>\n<\/div>\n<\/div>\n<div class=\"field field-name-field-kamucd-raidat field-type-text-long field-label-hidden\">\n<div class=\"field-items\">\n<div class=\"field-item even\">\n<h2>1. Herrojen kanssa pellon laidalla<\/h2>\n<p>S\u00e4v. trad, san. trad \/ Vexi Salmi (suom.), sov. Vesa Norilo ja EVA.<\/p>\n<h2>2. Syyslaulu<\/h2>\n<p>S\u00e4v. Erna Tauro, san. Esko Elstel\u00e4, sov. Vesa Norilo ja EVA.<\/p>\n<!--[if lt IE 9]><script>document.createElement('audio');<\/script><![endif]-->\n<audio class=\"wp-audio-shortcode\" id=\"audio-1848-1\" preload=\"none\" style=\"width: 100%;\" controls=\"controls\"><source type=\"audio\/mpeg\" src=\"https:\/\/etno.net\/wp-content\/uploads\/2021\/01\/syysla.mp3?_=1\" \/><a href=\"https:\/\/etno.net\/wp-content\/uploads\/2021\/01\/syysla.mp3\">https:\/\/etno.net\/wp-content\/uploads\/2021\/01\/syysla.mp3<\/a><\/audio>\n<h2>3. Juokse sin\u00e4 humma<\/h2>\n<p>S\u00e4v. trad, san. trad \/ Tapio Rautavaara, sov. Anna-Karin Korhonen ja EVA.<\/p>\n<h2>4. Kaksi maljaa<\/h2>\n<p>S\u00e4v. Anna-Karin Korhonen, san. Aila Meriluoto, sov. EVA.<\/p>\n<h2>5. Tuuli se taivutti koivun larvan<\/h2>\n<p>Trad., sov. EVA.<\/p>\n<h2>6. Maalari<\/h2>\n<p>S\u00e4v. Iiro Rantala, san Paula Vesala, sov. Vesa Norilo ja EVA.<\/p>\n<audio class=\"wp-audio-shortcode\" id=\"audio-1848-2\" preload=\"none\" style=\"width: 100%;\" controls=\"controls\"><source type=\"audio\/mpeg\" src=\"https:\/\/etno.net\/wp-content\/uploads\/2021\/01\/maalari.mp3?_=2\" \/><a href=\"https:\/\/etno.net\/wp-content\/uploads\/2021\/01\/maalari.mp3\">https:\/\/etno.net\/wp-content\/uploads\/2021\/01\/maalari.mp3<\/a><\/audio>\n<h2>7. Hiljainen laulu<\/h2>\n<p>S\u00e4v. &amp; san. Kim Kuusi, sov. EVA.<\/p>\n<h2>8. Venelaulu<\/h2>\n<p>S\u00e4v. Toni Edelman, san. Einari Vuorela, sov. Timo Alakotila<\/p>\n<h2>9. Menuetti<\/h2>\n<p>S\u00e4v. Vesa Norilo<\/p>\n<h2>10. Niin kauan min\u00e4 tramppaan<\/h2>\n<p>Trad., sov.\u00a0 Anna-Karin Korhonen ja EVA.<\/p>\n<h2>11. Onnellinen ilta<\/h2>\n<p>S\u00e4v. Anna-Karin Korhonen, san. Saima Harmaja.<\/p>\n<audio class=\"wp-audio-shortcode\" id=\"audio-1848-3\" preload=\"none\" style=\"width: 100%;\" controls=\"controls\"><source type=\"audio\/mpeg\" src=\"https:\/\/etno.net\/wp-content\/uploads\/2021\/01\/oonnelilata.mp3?_=3\" \/><a href=\"https:\/\/etno.net\/wp-content\/uploads\/2021\/01\/oonnelilata.mp3\">https:\/\/etno.net\/wp-content\/uploads\/2021\/01\/oonnelilata.mp3<\/a><\/audio>\n<h2>12. Soi vienosti murheeni soitto<\/h2>\n<p>S\u00e4v. Oskari Merikanto, san. Heikki Ansa, sov. Vesa Norilo ja EVA.<\/p>\n<h2>13. Min\u00e4 laulan sun iltasi t\u00e4htihin<\/h2>\n<p>S\u00e4v. Frans Linnavuori, san. V.A. Koskenniemi, sov. Vesa Norilo ja EVA.<\/p>\n<h2>14. Kahlaajatytt\u00f6<\/h2>\n<p>S\u00e4v. Vesa Norilo, san. Aila Meriluoto.<\/p>\n<\/div>\n<\/div>\n<\/div>\n","protected":false},"excerpt":{"rendered":"<p>\u00c4\u00e4nitys: Miikka Huttunen Miksaus ja masterointi: Vesa Norilo, Marko My\u00f6h\u00e4nen Kansi: Timo Jaakkola Muusikot: EVA-trio Essi Vuorela: laulu, taustalaulut Anna-Karin Korhonen: kantele, harmooni Vesa Norilo: sello, huilu Muut muusikot Atte Kilpel\u00e4inen: alttoviulu (4, 7, 8 , 11) Mikko Hassinen: ly\u00f6m\u00e4soittimet (1, 3, 5, 6) Samuli Karjalainen: Bodhran-rumpu (2, 10) 1. Herrojen kanssa pellon laidalla S\u00e4v. [&hellip;]<\/p>\n","protected":false},"featured_media":1852,"comment_status":"closed","ping_status":"closed","template":"","meta":{"_acf_changed":false},"product_brand":[],"product_cat":[65],"product_tag":[],"class_list":{"0":"post-1848","1":"product","2":"type-product","3":"status-publish","4":"has-post-thumbnail","6":"product_cat-aanitteet","8":"first","9":"instock","10":"shipping-taxable","11":"product-type-simple"},"acf":[],"_links":{"self":[{"href":"https:\/\/etno.net\/en\/wp-json\/wp\/v2\/product\/1848","targetHints":{"allow":["GET"]}}],"collection":[{"href":"https:\/\/etno.net\/en\/wp-json\/wp\/v2\/product"}],"about":[{"href":"https:\/\/etno.net\/en\/wp-json\/wp\/v2\/types\/product"}],"replies":[{"embeddable":true,"href":"https:\/\/etno.net\/en\/wp-json\/wp\/v2\/comments?post=1848"}],"wp:featuredmedia":[{"embeddable":true,"href":"https:\/\/etno.net\/en\/wp-json\/wp\/v2\/media\/1852"}],"wp:attachment":[{"href":"https:\/\/etno.net\/en\/wp-json\/wp\/v2\/media?parent=1848"}],"wp:term":[{"taxonomy":"product_brand","embeddable":true,"href":"https:\/\/etno.net\/en\/wp-json\/wp\/v2\/product_brand?post=1848"},{"taxonomy":"product_cat","embeddable":true,"href":"https:\/\/etno.net\/en\/wp-json\/wp\/v2\/product_cat?post=1848"},{"taxonomy":"product_tag","embeddable":true,"href":"https:\/\/etno.net\/en\/wp-json\/wp\/v2\/product_tag?post=1848"}],"curies":[{"name":"wp","href":"https:\/\/api.w.org\/{rel}","templated":true}]}}