{"id":1853,"date":"2021-01-11T00:43:11","date_gmt":"2021-01-10T22:43:11","guid":{"rendered":"https:\/\/etno.net\/?post_type=product&#038;p=1853"},"modified":"2021-11-19T13:58:40","modified_gmt":"2021-11-19T11:58:40","slug":"tsuumi-sound-system-floating-letters","status":"publish","type":"product","link":"https:\/\/etno.net\/en\/julkaisu\/aanitteet\/tsuumi-sound-system-floating-letters","title":{"rendered":"Tsuumi Sound System &#8211; Floating Letters"},"content":{"rendered":"<div class=\"field field-name-field-kamucd-teknikot field-type-text-long field-label-hidden\">\n<div class=\"field-items\">\n<div class=\"field-item even\">\n<p>Tuottaja: Roger Tallroth<br \/>\n\u00c4\u00e4nitys: Spiidy Saarinen, paitsi raidat 1, 3, 5 Mikko Raita<br \/>\nMiksaus: Spiidy Saarinen<br \/>\nMasterointi: Svante Forsb\u00e4ck, Chart Makers<br \/>\nKansi: Jani Kivel\u00e4<\/p>\n<\/div>\n<\/div>\n<\/div>\n<div class=\"field field-name-field-kamucd-yht-kokoonpano field-type-text-long field-label-inline clearfix\">\n<div class=\"field-label\">Muusikot:<\/div>\n<div class=\"field-items\">\n<div class=\"field-item even\">\n<p>Tommi Asplund: viulu<br \/>\nEsko J\u00e4rvel\u00e4: 5-kielinen viulu<br \/>\nHannu Kella: harmonikka<br \/>\nJoakim Bergh\u00e4ll: saksofonit, ly\u00f6m\u00e4soittimet , bassoklarinetti<br \/>\nPilvi J\u00e4rvel\u00e4: piano, harmooni<br \/>\nJani Kivel\u00e4: kitara<br \/>\nTarmo Anttila: kontrabasso<br \/>\nJussi Nikula: rummut, ly\u00f6m\u00e4soittimet, kitarabanjo<\/p>\n<p>&nbsp;<\/p>\n<\/div>\n<\/div>\n<\/div>\n<div class=\"field field-name-field-kamucd-raidat field-type-text-long field-label-hidden\">\n<div class=\"field-items\">\n<div class=\"field-item even\">\n<h2>1. Darkwing Polska<\/h2>\n<p>S\u00e4v. Esko J\u00e4rvel\u00e4, sov. Tsuumi Sound System.<\/p>\n<!--[if lt IE 9]><script>document.createElement('audio');<\/script><![endif]-->\n<audio class=\"wp-audio-shortcode\" id=\"audio-1853-1\" preload=\"none\" style=\"width: 100%;\" controls=\"controls\"><source type=\"audio\/mpeg\" src=\"https:\/\/etno.net\/wp-content\/uploads\/2021\/01\/darkwing.mp3?_=1\" \/><a href=\"https:\/\/etno.net\/wp-content\/uploads\/2021\/01\/darkwing.mp3\">https:\/\/etno.net\/wp-content\/uploads\/2021\/01\/darkwing.mp3<\/a><\/audio>\n<h2>2. Floating Letters<\/h2>\n<p>S\u00e4v. Hannu Kella, sov. Tsuumi Sound System.<\/p>\n<h2>3. Waltzinki (Uusi valssi Helsingist\u00e4)<\/h2>\n<p>S\u00e4v. Jani Kivel\u00e4, sov. Tsuumi Sound System.<\/p>\n<h2>4. Square Two<\/h2>\n<p>S\u00e4v. Joakim Bergh\u00e4ll, sov. Tsuumi Sound System.<\/p>\n<h2>5. Twisted Invention<\/h2>\n<p>S\u00e4v. Hannu Kella, sov. Tsuumi Sound System.<\/p>\n<h2>6. Minka&#8217;s Dream<\/h2>\n<p>S\u00e4v. Hannu Kella, sov. Tsuumi Sound System.<\/p>\n<audio class=\"wp-audio-shortcode\" id=\"audio-1853-2\" preload=\"none\" style=\"width: 100%;\" controls=\"controls\"><source type=\"audio\/mpeg\" src=\"https:\/\/etno.net\/wp-content\/uploads\/2021\/01\/minka.mp3?_=2\" \/><a href=\"https:\/\/etno.net\/wp-content\/uploads\/2021\/01\/minka.mp3\">https:\/\/etno.net\/wp-content\/uploads\/2021\/01\/minka.mp3<\/a><\/audio>\n<h2>7. Smilla<\/h2>\n<p>S\u00e4v. Pilvi J\u00e4rvel\u00e4, sov. Tsuumi Sound System.<\/p>\n<h2>8. Altitude<\/h2>\n<p>S\u00e4v. Esko J\u00e4rvel\u00e4, sov. Tsuumi Sound System.<\/p>\n<h2>9. Silm\u00e4kkeess\u00e4<\/h2>\n<p>S\u00e4v. Joakim Bergh\u00e4ll, sov. Tsuumi Sound System.<\/p>\n<h2>10. Years Passing<\/h2>\n<p>S\u00e4v. Joakim Bergh\u00e4ll, sov. Tsuumi Sound System.<\/p>\n<h2>11. Circus on Ice<\/h2>\n<p>S\u00e4v. Hannu Kella, sov. Tsuumi Sound System.<\/p>\n<audio class=\"wp-audio-shortcode\" id=\"audio-1853-3\" preload=\"none\" style=\"width: 100%;\" controls=\"controls\"><source type=\"audio\/mpeg\" src=\"https:\/\/etno.net\/wp-content\/uploads\/2021\/01\/circus.mp3?_=3\" \/><a href=\"https:\/\/etno.net\/wp-content\/uploads\/2021\/01\/circus.mp3\">https:\/\/etno.net\/wp-content\/uploads\/2021\/01\/circus.mp3<\/a><\/audio>\n<h2>12. Dansk Fest<\/h2>\n<p>S\u00e4v. Jussi Nikula, sov. Tsuumi Sound System.<\/p>\n<\/div>\n<\/div>\n<\/div>\n","protected":false},"excerpt":{"rendered":"<p>Tuottaja: Roger Tallroth \u00c4\u00e4nitys: Spiidy Saarinen, paitsi raidat 1, 3, 5 Mikko Raita Miksaus: Spiidy Saarinen Masterointi: Svante Forsb\u00e4ck, Chart Makers Kansi: Jani Kivel\u00e4 Muusikot: Tommi Asplund: viulu Esko J\u00e4rvel\u00e4: 5-kielinen viulu Hannu Kella: harmonikka Joakim Bergh\u00e4ll: saksofonit, ly\u00f6m\u00e4soittimet , bassoklarinetti Pilvi J\u00e4rvel\u00e4: piano, harmooni Jani Kivel\u00e4: kitara Tarmo Anttila: kontrabasso Jussi Nikula: rummut, ly\u00f6m\u00e4soittimet, [&hellip;]<\/p>\n","protected":false},"featured_media":1857,"comment_status":"closed","ping_status":"closed","template":"","meta":{"_acf_changed":false},"product_brand":[],"product_cat":[65],"product_tag":[],"class_list":{"0":"post-1853","1":"product","2":"type-product","3":"status-publish","4":"has-post-thumbnail","6":"product_cat-aanitteet","8":"first","9":"instock","10":"shipping-taxable","11":"product-type-simple"},"acf":[],"_links":{"self":[{"href":"https:\/\/etno.net\/en\/wp-json\/wp\/v2\/product\/1853","targetHints":{"allow":["GET"]}}],"collection":[{"href":"https:\/\/etno.net\/en\/wp-json\/wp\/v2\/product"}],"about":[{"href":"https:\/\/etno.net\/en\/wp-json\/wp\/v2\/types\/product"}],"replies":[{"embeddable":true,"href":"https:\/\/etno.net\/en\/wp-json\/wp\/v2\/comments?post=1853"}],"wp:featuredmedia":[{"embeddable":true,"href":"https:\/\/etno.net\/en\/wp-json\/wp\/v2\/media\/1857"}],"wp:attachment":[{"href":"https:\/\/etno.net\/en\/wp-json\/wp\/v2\/media?parent=1853"}],"wp:term":[{"taxonomy":"product_brand","embeddable":true,"href":"https:\/\/etno.net\/en\/wp-json\/wp\/v2\/product_brand?post=1853"},{"taxonomy":"product_cat","embeddable":true,"href":"https:\/\/etno.net\/en\/wp-json\/wp\/v2\/product_cat?post=1853"},{"taxonomy":"product_tag","embeddable":true,"href":"https:\/\/etno.net\/en\/wp-json\/wp\/v2\/product_tag?post=1853"}],"curies":[{"name":"wp","href":"https:\/\/api.w.org\/{rel}","templated":true}]}}