{"id":1858,"date":"2021-01-11T00:46:22","date_gmt":"2021-01-10T22:46:22","guid":{"rendered":"https:\/\/etno.net\/?post_type=product&#038;p=1858"},"modified":"2021-11-19T13:59:30","modified_gmt":"2021-11-19T11:59:30","slug":"tero-hyvaluoma-junkyard-ball","status":"publish","type":"product","link":"https:\/\/etno.net\/en\/julkaisu\/aanitteet\/tero-hyvaluoma-junkyard-ball","title":{"rendered":"Tero Hyv\u00e4luoma &#8211; Junkyard Ball"},"content":{"rendered":"<div class=\"field field-name-field-kamucd-teknikot field-type-text-long field-label-hidden\">\n<div class=\"field-items\">\n<div class=\"field-item even\">\n<p>\u00c4\u00e4nitys ja miksaus: Markus &#8221;Kikke&#8221; Pajakkala<br \/>\nMasterointi: Svante Forsb\u00e4ck, Chart Makers<br \/>\nKansi: Jimmy Tr\u00e4skelin<\/p>\n<\/div>\n<\/div>\n<\/div>\n<div class=\"field field-name-field-kamucd-yht-kokoonpano field-type-text-long field-label-inline clearfix\">\n<div class=\"field-label\">Muusikot:<\/div>\n<div class=\"field-items\">\n<div class=\"field-item even\">\n<p>Tero Hyv\u00e4luoma &amp; Frost V<\/p>\n<p>Harri Kuusij\u00e4rvi: harmonikka<br \/>\nMatias Tyni: piano, harmooni<br \/>\nVesa Ojaniemi: kontrabasso<br \/>\nNiko Votkin: rummut<br \/>\nTero Hyv\u00e4luoma: viulu, buzuki, kellopeli, harmooni<\/p>\n<p>Vierailijat<\/p>\n<p>Tommi Asplund: viulu<br \/>\nAlina J\u00e4rvel\u00e4: viulu<br \/>\nElina Heikkinen: alttoviulu<br \/>\nVesa Norilo: sello<br \/>\nJohanna Juhola: claviola<br \/>\nEsko J\u00e4rvel\u00e4: viulu<br \/>\nAili J\u00e4rvel\u00e4: laulu<br \/>\nMaija Kauhanen: laulu<br \/>\nTero Pajunen: laulu<\/p>\n<p>S\u00e4vellykset: Tero Hyv\u00e4luoma, paitsi raita 3 &#8211; trad. sov. Tero Hyv\u00e4luoma<\/p>\n<\/div>\n<\/div>\n<\/div>\n<div class=\"field field-name-field-kamucd-raidat field-type-text-long field-label-hidden\">\n<div class=\"field-items\">\n<div class=\"field-item even\">\n<h2>1. Punaturkki Breakdown<\/h2>\n<!--[if lt IE 9]><script>document.createElement('audio');<\/script><![endif]-->\n<audio class=\"wp-audio-shortcode\" id=\"audio-1858-1\" preload=\"none\" style=\"width: 100%;\" controls=\"controls\"><source type=\"audio\/mpeg\" src=\"https:\/\/etno.net\/wp-content\/uploads\/2021\/01\/punatur.mp3?_=1\" \/><a href=\"https:\/\/etno.net\/wp-content\/uploads\/2021\/01\/punatur.mp3\">https:\/\/etno.net\/wp-content\/uploads\/2021\/01\/punatur.mp3<\/a><\/audio>\n<h2>2. Highway to Iced Land<\/h2>\n<h2>3. L\u00e4ksin min\u00e4 kes\u00e4y\u00f6n\u00e4<\/h2>\n<h2>4. Reel Psilocybe<\/h2>\n<audio class=\"wp-audio-shortcode\" id=\"audio-1858-2\" preload=\"none\" style=\"width: 100%;\" controls=\"controls\"><source type=\"audio\/mpeg\" src=\"https:\/\/etno.net\/wp-content\/uploads\/2021\/01\/reel.mp3?_=2\" \/><a href=\"https:\/\/etno.net\/wp-content\/uploads\/2021\/01\/reel.mp3\">https:\/\/etno.net\/wp-content\/uploads\/2021\/01\/reel.mp3<\/a><\/audio>\n<h2>5. Juottomarssi<\/h2>\n<h2>6. Puutarhaunelmia (Garden Fantasies)<\/h2>\n<h2>7. It\u00e4lahti<\/h2>\n<audio class=\"wp-audio-shortcode\" id=\"audio-1858-3\" preload=\"none\" style=\"width: 100%;\" controls=\"controls\"><source type=\"audio\/mpeg\" src=\"https:\/\/etno.net\/wp-content\/uploads\/2021\/01\/ita\u0308.mp3?_=3\" \/><a href=\"https:\/\/etno.net\/wp-content\/uploads\/2021\/01\/ita\u0308.mp3\">https:\/\/etno.net\/wp-content\/uploads\/2021\/01\/ita\u0308.mp3<\/a><\/audio>\n<h2>8. Deep Field Travel<\/h2>\n<\/div>\n<\/div>\n<\/div>\n","protected":false},"excerpt":{"rendered":"<p>\u00c4\u00e4nitys ja miksaus: Markus &#8221;Kikke&#8221; Pajakkala Masterointi: Svante Forsb\u00e4ck, Chart Makers Kansi: Jimmy Tr\u00e4skelin Muusikot: Tero Hyv\u00e4luoma &amp; Frost V Harri Kuusij\u00e4rvi: harmonikka Matias Tyni: piano, harmooni Vesa Ojaniemi: kontrabasso Niko Votkin: rummut Tero Hyv\u00e4luoma: viulu, buzuki, kellopeli, harmooni Vierailijat Tommi Asplund: viulu Alina J\u00e4rvel\u00e4: viulu Elina Heikkinen: alttoviulu Vesa Norilo: sello Johanna Juhola: claviola [&hellip;]<\/p>\n","protected":false},"featured_media":1862,"comment_status":"closed","ping_status":"closed","template":"","meta":{"_acf_changed":false},"product_brand":[],"product_cat":[65],"product_tag":[],"class_list":{"0":"post-1858","1":"product","2":"type-product","3":"status-publish","4":"has-post-thumbnail","6":"product_cat-aanitteet","8":"first","9":"instock","10":"shipping-taxable","11":"product-type-simple"},"acf":[],"_links":{"self":[{"href":"https:\/\/etno.net\/en\/wp-json\/wp\/v2\/product\/1858","targetHints":{"allow":["GET"]}}],"collection":[{"href":"https:\/\/etno.net\/en\/wp-json\/wp\/v2\/product"}],"about":[{"href":"https:\/\/etno.net\/en\/wp-json\/wp\/v2\/types\/product"}],"replies":[{"embeddable":true,"href":"https:\/\/etno.net\/en\/wp-json\/wp\/v2\/comments?post=1858"}],"wp:featuredmedia":[{"embeddable":true,"href":"https:\/\/etno.net\/en\/wp-json\/wp\/v2\/media\/1862"}],"wp:attachment":[{"href":"https:\/\/etno.net\/en\/wp-json\/wp\/v2\/media?parent=1858"}],"wp:term":[{"taxonomy":"product_brand","embeddable":true,"href":"https:\/\/etno.net\/en\/wp-json\/wp\/v2\/product_brand?post=1858"},{"taxonomy":"product_cat","embeddable":true,"href":"https:\/\/etno.net\/en\/wp-json\/wp\/v2\/product_cat?post=1858"},{"taxonomy":"product_tag","embeddable":true,"href":"https:\/\/etno.net\/en\/wp-json\/wp\/v2\/product_tag?post=1858"}],"curies":[{"name":"wp","href":"https:\/\/api.w.org\/{rel}","templated":true}]}}