{"id":1863,"date":"2021-01-11T00:49:01","date_gmt":"2021-01-10T22:49:01","guid":{"rendered":"https:\/\/etno.net\/?post_type=product&#038;p=1863"},"modified":"2021-11-19T14:00:04","modified_gmt":"2021-11-19T12:00:04","slug":"loytolapset-homo-ludens","status":"publish","type":"product","link":"https:\/\/etno.net\/en\/julkaisu\/aanitteet\/loytolapset-homo-ludens","title":{"rendered":"L\u00f6yt\u00f6lapset &#8211; Homo Ludens"},"content":{"rendered":"<div class=\"field field-name-field-kamucd-teknikot field-type-text-long field-label-hidden\">\n<div class=\"field-items\">\n<div class=\"field-item even\">\n<p>Tuottajat: Salla Hakkola ja Esko Grundstr\u00f6m<br \/>\n\u00c4\u00e4nitys: Esko Grundstr\u00f6m<br \/>\n\u00c4\u00e4nisuunnittelu: Ilmari Hakkola (1, 6), Salla H\u00e4m\u00e4l\u00e4inen (7)<br \/>\nMasterointi: Riku Kantola<\/p>\n<\/div>\n<\/div>\n<\/div>\n<div class=\"field field-name-field-kamucd-yht-kokoonpano field-type-text-long field-label-inline clearfix\">\n<div class=\"field-label\">Muusikot:<\/div>\n<div class=\"field-items\">\n<div class=\"field-item even\">\n<p>L\u00f6yt\u00f6lapset<\/p>\n<p>Salla Hakkola: harppu, piano, laulu<br \/>\nEero Sepp\u00e4: basso, laulu<br \/>\nTouko Ruokolainen: rummut, kellopeli, laulu<\/p>\n<p>Muut Muusikot<\/p>\n<p>Anni Elif Egecioglu: sello (3, 7, 9, 10)<br \/>\nEmil Fuchs: fagotti (10)<br \/>\nEsko Grundstr\u00f6m: haitari (6)<br \/>\nTuomo Huhdanp\u00e4\u00e4: ly\u00f6m\u00e4soittimet (6, 7, 9, 10)<br \/>\nSami Kurppa: klarinetti (10)<br \/>\nAnna-Kaisa Pippuri: oboe (10)<br \/>\nMatti Pitk\u00e4nen: viulu (10)<br \/>\nMikael Pulkkinen: k\u00e4yr\u00e4torvi (10)<br \/>\nTauno Saviauk: kontra-alttohuilu (8)<br \/>\nSaana Tenkanen: huilu (10)<\/p>\n<p>S\u00e4vellykset ja sanoitukset: Salla Hakkola<br \/>\nSovitukset: L\u00f6yt\u00f6lapset, paitsi raita 3 L\u00f6yt\u00f6lapset ja Esko Grundstr\u00f6m<\/p>\n<\/div>\n<\/div>\n<\/div>\n<div class=\"field field-name-field-kamucd-raidat field-type-text-long field-label-hidden\">\n<div class=\"field-items\">\n<div class=\"field-item even\">\n<h2>1. Intro<\/h2>\n<p>&nbsp;<\/p>\n<h2>2. Huone, jossa on oudot tapetit<\/h2>\n<p>&nbsp;<\/p>\n<h2>3. \u00c4l\u00e4 l\u00e4hemm\u00e4ksi tuu<\/h2>\n<!--[if lt IE 9]><script>document.createElement('audio');<\/script><![endif]-->\n<audio class=\"wp-audio-shortcode\" id=\"audio-1863-1\" preload=\"none\" style=\"width: 100%;\" controls=\"controls\"><source type=\"audio\/mpeg\" src=\"https:\/\/etno.net\/wp-content\/uploads\/2021\/01\/alalahe.mp3?_=1\" \/><a href=\"https:\/\/etno.net\/wp-content\/uploads\/2021\/01\/alalahe.mp3\">https:\/\/etno.net\/wp-content\/uploads\/2021\/01\/alalahe.mp3<\/a><\/audio>\n<p>&nbsp;<\/p>\n<h2>4. Elegia<\/h2>\n<p>&nbsp;<\/p>\n<h2>5. Sadelaulu<\/h2>\n<audio class=\"wp-audio-shortcode\" id=\"audio-1863-2\" preload=\"none\" style=\"width: 100%;\" controls=\"controls\"><source type=\"audio\/mpeg\" src=\"https:\/\/etno.net\/wp-content\/uploads\/2021\/01\/sadelaulu.mp3?_=2\" \/><a href=\"https:\/\/etno.net\/wp-content\/uploads\/2021\/01\/sadelaulu.mp3\">https:\/\/etno.net\/wp-content\/uploads\/2021\/01\/sadelaulu.mp3<\/a><\/audio>\n<p>&nbsp;<\/p>\n<h2>6. Robinson Crusoen bambu hambo<\/h2>\n<p>&nbsp;<\/p>\n<h2>7. Kes\u00e4y\u00f6n unelma &#8211; nelin\u00e4yt\u00f6ksinen kuvaelma<\/h2>\n<h4>1. Esin\u00e4yt\u00f6s<br \/>\n2. Mets\u00e4nv\u00e4en juhlat<\/h4>\n<audio class=\"wp-audio-shortcode\" id=\"audio-1863-3\" preload=\"none\" style=\"width: 100%;\" controls=\"controls\"><source type=\"audio\/mpeg\" src=\"https:\/\/etno.net\/wp-content\/uploads\/2021\/01\/kesa\u0308yo\u0308.mp3?_=3\" \/><a href=\"https:\/\/etno.net\/wp-content\/uploads\/2021\/01\/kesa\u0308yo\u0308.mp3\">https:\/\/etno.net\/wp-content\/uploads\/2021\/01\/kesa\u0308yo\u0308.mp3<\/a><\/audio>\n<h4>3. Bakkanaalit<br \/>\n4. J\u00e4lkin\u00e4yt\u00f6s<\/h4>\n<p>&nbsp;<\/p>\n<h2>8. Lintu sininen<\/h2>\n<p>&nbsp;<\/p>\n<h2>9. Liian kaunis<\/h2>\n<p>&nbsp;<\/p>\n<h2>10. Homo Ludens<\/h2>\n<p>&nbsp;<\/p>\n<\/div>\n<\/div>\n<\/div>\n","protected":false},"excerpt":{"rendered":"<p>Tuottajat: Salla Hakkola ja Esko Grundstr\u00f6m \u00c4\u00e4nitys: Esko Grundstr\u00f6m \u00c4\u00e4nisuunnittelu: Ilmari Hakkola (1, 6), Salla H\u00e4m\u00e4l\u00e4inen (7) Masterointi: Riku Kantola Muusikot: L\u00f6yt\u00f6lapset Salla Hakkola: harppu, piano, laulu Eero Sepp\u00e4: basso, laulu Touko Ruokolainen: rummut, kellopeli, laulu Muut Muusikot Anni Elif Egecioglu: sello (3, 7, 9, 10) Emil Fuchs: fagotti (10) Esko Grundstr\u00f6m: haitari (6) Tuomo [&hellip;]<\/p>\n","protected":false},"featured_media":1867,"comment_status":"closed","ping_status":"closed","template":"","meta":{"_acf_changed":false},"product_brand":[],"product_cat":[65],"product_tag":[],"class_list":{"0":"post-1863","1":"product","2":"type-product","3":"status-publish","4":"has-post-thumbnail","6":"product_cat-aanitteet","8":"first","9":"instock","10":"shipping-taxable","11":"product-type-simple"},"acf":[],"_links":{"self":[{"href":"https:\/\/etno.net\/en\/wp-json\/wp\/v2\/product\/1863","targetHints":{"allow":["GET"]}}],"collection":[{"href":"https:\/\/etno.net\/en\/wp-json\/wp\/v2\/product"}],"about":[{"href":"https:\/\/etno.net\/en\/wp-json\/wp\/v2\/types\/product"}],"replies":[{"embeddable":true,"href":"https:\/\/etno.net\/en\/wp-json\/wp\/v2\/comments?post=1863"}],"wp:featuredmedia":[{"embeddable":true,"href":"https:\/\/etno.net\/en\/wp-json\/wp\/v2\/media\/1867"}],"wp:attachment":[{"href":"https:\/\/etno.net\/en\/wp-json\/wp\/v2\/media?parent=1863"}],"wp:term":[{"taxonomy":"product_brand","embeddable":true,"href":"https:\/\/etno.net\/en\/wp-json\/wp\/v2\/product_brand?post=1863"},{"taxonomy":"product_cat","embeddable":true,"href":"https:\/\/etno.net\/en\/wp-json\/wp\/v2\/product_cat?post=1863"},{"taxonomy":"product_tag","embeddable":true,"href":"https:\/\/etno.net\/en\/wp-json\/wp\/v2\/product_tag?post=1863"}],"curies":[{"name":"wp","href":"https:\/\/api.w.org\/{rel}","templated":true}]}}