{"id":1868,"date":"2021-01-11T00:52:11","date_gmt":"2021-01-10T22:52:11","guid":{"rendered":"https:\/\/etno.net\/?post_type=product&#038;p=1868"},"modified":"2021-11-19T14:01:27","modified_gmt":"2021-11-19T12:01:27","slug":"duo-ari-numminen-hannu-kella-vanhan-tyovaenliikkeen-lauluja","status":"publish","type":"product","link":"https:\/\/etno.net\/en\/julkaisu\/aanitteet\/duo-ari-numminen-hannu-kella-vanhan-tyovaenliikkeen-lauluja","title":{"rendered":"Duo Ari Numminen &amp; Hannu Kella &#8211; Vanhan ty\u00f6v\u00e4enliikkeen lauluja 2"},"content":{"rendered":"<div class=\"field field-name-field-kamucd-teknikot field-type-text-long field-label-hidden\">\n<div class=\"field-items\">\n<div class=\"field-item even\">\n<p>\u00c4\u00e4nitys ja miksaus Marko My\u00f6h\u00e4nen<br \/>\nMasterointi Minerva Pappi<br \/>\nTuottaja Hannu Kella<br \/>\nGrafiikka Marko M\u00e4kinen<br \/>\nTuotanto Ari Nurminen &amp; Hannu Kella<\/p>\n<\/div>\n<\/div>\n<\/div>\n<div class=\"field field-name-field-kamucd-yht-kokoonpano field-type-text-long field-label-inline clearfix\">\n<div class=\"field-label\">Muusikot:<\/div>\n<div class=\"field-items\">\n<div class=\"field-item even\">\n<p>Ari Nurminen Laulu<br \/>\nHannu Kella Haitari, piano, harmooni, laulu<\/p>\n<p>Jousisto<br \/>\nTommi Asplund 1.viulu<br \/>\nAlina J\u00e4rvel\u00e4 2. viulu<br \/>\nElina Heikkinen alttoviulu<br \/>\nRiku Vartiainen sello<\/p>\n<p>Kaikki sovitukset Hannu Kella<\/p>\n<\/div>\n<\/div>\n<\/div>\n<div class=\"field field-name-field-kamucd-raidat field-type-text-long field-label-hidden\">\n<div class=\"field-items\">\n<div class=\"field-item even\">\n<h2>1. Warschawjanka<\/h2>\n<p>S\u00e4v. Tuntematon. San. Waclaw Swiecicki<br \/>\nSuom. Tuntematon<\/p>\n<!--[if lt IE 9]><script>document.createElement('audio');<\/script><![endif]-->\n<audio class=\"wp-audio-shortcode\" id=\"audio-1868-1\" preload=\"none\" style=\"width: 100%;\" controls=\"controls\"><source type=\"audio\/mpeg\" src=\"https:\/\/etno.net\/wp-content\/uploads\/2021\/01\/warschawjanka.mp3?_=1\" \/><a href=\"https:\/\/etno.net\/wp-content\/uploads\/2021\/01\/warschawjanka.mp3\">https:\/\/etno.net\/wp-content\/uploads\/2021\/01\/warschawjanka.mp3<\/a><\/audio>\n<h2>2. Ty\u00f6l\u00e4ismarseljeesi<\/h2>\n<p>S\u00e4v. C.J. Rouget De Lisle<\/p>\n<h2>3. Punaorvon Vala<\/h2>\n<p>S\u00e4v. Ven\u00e4l\u00e4inen Romanssi<br \/>\nsan. Tuntematon<\/p>\n<audio class=\"wp-audio-shortcode\" id=\"audio-1868-2\" preload=\"none\" style=\"width: 100%;\" controls=\"controls\"><source type=\"audio\/mpeg\" src=\"https:\/\/etno.net\/wp-content\/uploads\/2021\/01\/punaorvon_vala.mp3?_=2\" \/><a href=\"https:\/\/etno.net\/wp-content\/uploads\/2021\/01\/punaorvon_vala.mp3\">https:\/\/etno.net\/wp-content\/uploads\/2021\/01\/punaorvon_vala.mp3<\/a><\/audio>\n<h2>4. Nuorison ja ty\u00f6v\u00e4en marssit<\/h2>\n<p>nuorison marssi: s\u00e4v. Dimitri Pokrass, san. tuntematon<br \/>\nTy\u00f6v\u00e4en marssi: s\u00e4v. Oskar Merikanto, san. Tuokko<\/p>\n<h2>5. Sait k\u00e4rsi\u00e4 puolesta aatteen<\/h2>\n<p>s\u00e4v. trad, san. G. Matset<br \/>\nsuom. Tuntematon<\/p>\n<h2>6. Kansainv\u00e4linen<\/h2>\n<p>s\u00e4v. Pierre Degeyter, san. Eugene Pottier<br \/>\nsuom. Otto Wille Kuusinen, Yrj\u00f6 Sirola, Sulo Vuolijoki<\/p>\n<audio class=\"wp-audio-shortcode\" id=\"audio-1868-3\" preload=\"none\" style=\"width: 100%;\" controls=\"controls\"><source type=\"audio\/mpeg\" src=\"https:\/\/etno.net\/wp-content\/uploads\/2021\/01\/kansainvalinen.mp3?_=3\" \/><a href=\"https:\/\/etno.net\/wp-content\/uploads\/2021\/01\/kansainvalinen.mp3\">https:\/\/etno.net\/wp-content\/uploads\/2021\/01\/kansainvalinen.mp3<\/a><\/audio>\n<h2>7. Partisaanimarssi<\/h2>\n<p>s\u00e4v. trad, san. Parfenov Pjotr<br \/>\nsuom. Heikki Harma<\/p>\n<h2>8. Surumarssi<\/h2>\n<p>s\u00e4v. tuntematon, san. V.G. Archangelsky<\/p>\n<h2>9. Vangin laulu<\/h2>\n<p>s\u00e4v&amp;san tuntematon<\/p>\n<h2>10. Punakaartilaisen hauta<\/h2>\n<p>s\u00e4v. Leo Fall &#8211; Italian pojan valssi<br \/>\nsan. tuntematon<\/p>\n<h2>11. Tervehdys<\/h2>\n<p>s\u00e4v&amp;san. tuntematon<\/p>\n<\/div>\n<\/div>\n<\/div>\n","protected":false},"excerpt":{"rendered":"<p>\u00c4\u00e4nitys ja miksaus Marko My\u00f6h\u00e4nen Masterointi Minerva Pappi Tuottaja Hannu Kella Grafiikka Marko M\u00e4kinen Tuotanto Ari Nurminen &amp; Hannu Kella Muusikot: Ari Nurminen Laulu Hannu Kella Haitari, piano, harmooni, laulu Jousisto Tommi Asplund 1.viulu Alina J\u00e4rvel\u00e4 2. viulu Elina Heikkinen alttoviulu Riku Vartiainen sello Kaikki sovitukset Hannu Kella 1. Warschawjanka S\u00e4v. Tuntematon. San. Waclaw Swiecicki [&hellip;]<\/p>\n","protected":false},"featured_media":1872,"comment_status":"closed","ping_status":"closed","template":"","meta":{"_acf_changed":false},"product_brand":[],"product_cat":[65],"product_tag":[],"class_list":{"0":"post-1868","1":"product","2":"type-product","3":"status-publish","4":"has-post-thumbnail","6":"product_cat-aanitteet","8":"first","9":"instock","10":"shipping-taxable","11":"product-type-simple"},"acf":[],"_links":{"self":[{"href":"https:\/\/etno.net\/en\/wp-json\/wp\/v2\/product\/1868","targetHints":{"allow":["GET"]}}],"collection":[{"href":"https:\/\/etno.net\/en\/wp-json\/wp\/v2\/product"}],"about":[{"href":"https:\/\/etno.net\/en\/wp-json\/wp\/v2\/types\/product"}],"replies":[{"embeddable":true,"href":"https:\/\/etno.net\/en\/wp-json\/wp\/v2\/comments?post=1868"}],"wp:featuredmedia":[{"embeddable":true,"href":"https:\/\/etno.net\/en\/wp-json\/wp\/v2\/media\/1872"}],"wp:attachment":[{"href":"https:\/\/etno.net\/en\/wp-json\/wp\/v2\/media?parent=1868"}],"wp:term":[{"taxonomy":"product_brand","embeddable":true,"href":"https:\/\/etno.net\/en\/wp-json\/wp\/v2\/product_brand?post=1868"},{"taxonomy":"product_cat","embeddable":true,"href":"https:\/\/etno.net\/en\/wp-json\/wp\/v2\/product_cat?post=1868"},{"taxonomy":"product_tag","embeddable":true,"href":"https:\/\/etno.net\/en\/wp-json\/wp\/v2\/product_tag?post=1868"}],"curies":[{"name":"wp","href":"https:\/\/api.w.org\/{rel}","templated":true}]}}