{"id":1873,"date":"2021-01-11T00:55:02","date_gmt":"2021-01-10T22:55:02","guid":{"rendered":"https:\/\/etno.net\/?post_type=product&#038;p=1873"},"modified":"2021-11-19T14:02:14","modified_gmt":"2021-11-19T12:02:14","slug":"tranotra-trading-nordic-traditions","status":"publish","type":"product","link":"https:\/\/etno.net\/en\/julkaisu\/aanitteet\/tranotra-trading-nordic-traditions","title":{"rendered":"Tranotra &#8211; Trading Nordic Traditions"},"content":{"rendered":"<div class=\"field field-name-field-kamucd-teknikot field-type-text-long field-label-hidden\">\n<div class=\"field-items\">\n<div class=\"field-item even\">\n<p>Tuottaja: Timo Alakotila<br \/>\n\u00c4\u00e4nitys: Miikka Huttunen<br \/>\nMiksaus: Magnus Holmstr\u00f6m<br \/>\nMasterointi: Fredrik Bengtsson<\/p>\n<\/div>\n<\/div>\n<\/div>\n<div class=\"field field-name-field-kamucd-yht-kokoonpano field-type-text-long field-label-inline clearfix\">\n<div class=\"field-label\">Muusikot:<\/div>\n<div class=\"field-items\">\n<div class=\"field-item even\">\n<p>Benjamin Bech (DK): klarinetti ja bassoklarinetti<br \/>\nOlaug Furus\u00e6ter (NO): viulu<br \/>\nSven Midgren (SE): viulu ja alttoviulu<br \/>\nMarkus R\u00e4s\u00e4nen (SE\/FI): haitari<\/p>\n<p>Kaikki sovitukset ellei toisin mainita: Tranotra<\/p>\n<\/div>\n<\/div>\n<\/div>\n<div class=\"field field-name-field-kamucd-raidat field-type-text-long field-label-hidden\">\n<div class=\"field-items\">\n<div class=\"field-item even\">\n<h2>1. Kaukana L\u00e4nness\u00e4<\/h2>\n<p>s\u00e4v. Petri Hakala<\/p>\n<h2>2. Ambj\u00f8g\u00a0\u00d8y<\/h2>\n<p>trad. Gudbrandsdalen, Norja<\/p>\n<h2>3. Polska fr\u00e5n Odense<\/h2>\n<p>s\u00e4v. Markus R\u00e4s\u00e4nen<\/p>\n<!--[if lt IE 9]><script>document.createElement('audio');<\/script><![endif]-->\n<audio class=\"wp-audio-shortcode\" id=\"audio-1873-1\" preload=\"none\" style=\"width: 100%;\" controls=\"controls\"><source type=\"audio\/mpeg\" src=\"https:\/\/etno.net\/wp-content\/uploads\/2021\/01\/polska_fran_odense.mp3?_=1\" \/><a href=\"https:\/\/etno.net\/wp-content\/uploads\/2021\/01\/polska_fran_odense.mp3\">https:\/\/etno.net\/wp-content\/uploads\/2021\/01\/polska_fran_odense.mp3<\/a><\/audio>\n<h2>4. Hoppet<\/h2>\n<p>s\u00e4v. Sven Midgren, sov. Sven Midgren<\/p>\n<audio class=\"wp-audio-shortcode\" id=\"audio-1873-2\" preload=\"none\" style=\"width: 100%;\" controls=\"controls\"><source type=\"audio\/mpeg\" src=\"https:\/\/etno.net\/wp-content\/uploads\/2021\/01\/hoppet.mp3?_=2\" \/><a href=\"https:\/\/etno.net\/wp-content\/uploads\/2021\/01\/hoppet.mp3\">https:\/\/etno.net\/wp-content\/uploads\/2021\/01\/hoppet.mp3<\/a><\/audio>\n<h2>5. Krokodilt\u00e5rar<\/h2>\n<p>s\u00e4v. Mats Ed\u00e9n<\/p>\n<h2>6. Morning Waltz for Tranotra<\/h2>\n<p>s\u00e4v. Topi Korhonen<\/p>\n<h2>7. I v\u00e4ntan p\u00e5 Krilon<\/h2>\n<p>s\u00e4v. Sven Midgren, sov. Sven Midgren<\/p>\n<h2>8. Influence du 7\/8<\/h2>\n<p>s\u00e4v. Markus R\u00e4s\u00e4nen<\/p>\n<audio class=\"wp-audio-shortcode\" id=\"audio-1873-3\" preload=\"none\" style=\"width: 100%;\" controls=\"controls\"><source type=\"audio\/mpeg\" src=\"https:\/\/etno.net\/wp-content\/uploads\/2021\/01\/influence_du_78.mp3?_=3\" \/><a href=\"https:\/\/etno.net\/wp-content\/uploads\/2021\/01\/influence_du_78.mp3\">https:\/\/etno.net\/wp-content\/uploads\/2021\/01\/influence_du_78.mp3<\/a><\/audio>\n<h2>9. H\u00f8st i Helsinki<\/h2>\n<p>s\u00e4v. Olaug\u00a0Furus\u00e6ter, sov. Bech\/Furus\u00e6ter\/Midgren<\/p>\n<\/div>\n<\/div>\n<\/div>\n","protected":false},"excerpt":{"rendered":"<p>Tuottaja: Timo Alakotila \u00c4\u00e4nitys: Miikka Huttunen Miksaus: Magnus Holmstr\u00f6m Masterointi: Fredrik Bengtsson Muusikot: Benjamin Bech (DK): klarinetti ja bassoklarinetti Olaug Furus\u00e6ter (NO): viulu Sven Midgren (SE): viulu ja alttoviulu Markus R\u00e4s\u00e4nen (SE\/FI): haitari Kaikki sovitukset ellei toisin mainita: Tranotra 1. Kaukana L\u00e4nness\u00e4 s\u00e4v. Petri Hakala 2. Ambj\u00f8g\u00a0\u00d8y trad. Gudbrandsdalen, Norja 3. Polska fr\u00e5n Odense s\u00e4v. [&hellip;]<\/p>\n","protected":false},"featured_media":1877,"comment_status":"closed","ping_status":"closed","template":"","meta":{"_acf_changed":false},"product_brand":[],"product_cat":[65],"product_tag":[],"class_list":{"0":"post-1873","1":"product","2":"type-product","3":"status-publish","4":"has-post-thumbnail","6":"product_cat-aanitteet","8":"first","9":"instock","10":"shipping-taxable","11":"product-type-simple"},"acf":[],"_links":{"self":[{"href":"https:\/\/etno.net\/en\/wp-json\/wp\/v2\/product\/1873","targetHints":{"allow":["GET"]}}],"collection":[{"href":"https:\/\/etno.net\/en\/wp-json\/wp\/v2\/product"}],"about":[{"href":"https:\/\/etno.net\/en\/wp-json\/wp\/v2\/types\/product"}],"replies":[{"embeddable":true,"href":"https:\/\/etno.net\/en\/wp-json\/wp\/v2\/comments?post=1873"}],"wp:featuredmedia":[{"embeddable":true,"href":"https:\/\/etno.net\/en\/wp-json\/wp\/v2\/media\/1877"}],"wp:attachment":[{"href":"https:\/\/etno.net\/en\/wp-json\/wp\/v2\/media?parent=1873"}],"wp:term":[{"taxonomy":"product_brand","embeddable":true,"href":"https:\/\/etno.net\/en\/wp-json\/wp\/v2\/product_brand?post=1873"},{"taxonomy":"product_cat","embeddable":true,"href":"https:\/\/etno.net\/en\/wp-json\/wp\/v2\/product_cat?post=1873"},{"taxonomy":"product_tag","embeddable":true,"href":"https:\/\/etno.net\/en\/wp-json\/wp\/v2\/product_tag?post=1873"}],"curies":[{"name":"wp","href":"https:\/\/api.w.org\/{rel}","templated":true}]}}