{"id":1878,"date":"2021-01-11T00:57:49","date_gmt":"2021-01-10T22:57:49","guid":{"rendered":"https:\/\/etno.net\/?post_type=product&#038;p=1878"},"modified":"2021-11-11T11:18:56","modified_gmt":"2021-11-11T09:18:56","slug":"hanni-autere-krazem","status":"publish","type":"product","link":"https:\/\/etno.net\/en\/julkaisu\/aanitteet\/hanni-autere-krazem","title":{"rendered":"Hanni Autere &#8211; Krazem"},"content":{"rendered":"<div class=\"field field-name-field-kamucd-teknikot field-type-text-long field-label-hidden\">\n<div class=\"field-items\">\n<div class=\"field-item even\">\n<p>Miksaus Mika Autere &amp; Hanni Autere<br \/>\nMasterointi Mika Autere<br \/>\nTuottajat Timo Alakotila &amp; Hanni Autere<br \/>\nKannet Pekka Saukkonen<\/p>\n<\/div>\n<\/div>\n<\/div>\n<div class=\"field field-name-field-kamucd-yht-kokoonpano field-type-text-long field-label-inline clearfix\">\n<div class=\"field-label\">Muusikot:<\/div>\n<div class=\"field-items\">\n<div class=\"field-item even\">\n<p>S\u00e4vellykset Hanni Autere<br \/>\nMuusikot: Hanni Autere, Sampo Haapaniemi, Tuukka Haapaniemi, Minni Ilmonen, Anna E. Karvonen, Kukka Lehto, Lassi Logr\u00e9n, Tuomas Logr\u00e9n, Sara Puljula ja Selina Sillanp\u00e4\u00e4.<\/p>\n<\/div>\n<\/div>\n<\/div>\n<div class=\"field field-name-field-kamucd-raidat field-type-text-long field-label-hidden\">\n<div class=\"field-items\">\n<div class=\"field-item even\">\n<h2>1. Krazem part 1<\/h2>\n<!--[if lt IE 9]><script>document.createElement('audio');<\/script><![endif]-->\n<audio class=\"wp-audio-shortcode\" id=\"audio-1878-1\" preload=\"none\" style=\"width: 100%;\" controls=\"controls\"><source type=\"audio\/mpeg\" src=\"https:\/\/etno.net\/wp-content\/uploads\/2021\/01\/krazem_part_1.mp3?_=1\" \/><a href=\"https:\/\/etno.net\/wp-content\/uploads\/2021\/01\/krazem_part_1.mp3\">https:\/\/etno.net\/wp-content\/uploads\/2021\/01\/krazem_part_1.mp3<\/a><\/audio>\n<h2>2. Krazem part 2<\/h2>\n<h2>3. H\u00e4m\u00e4r\u00e4 \/ Dusk<\/h2>\n<audio class=\"wp-audio-shortcode\" id=\"audio-1878-2\" preload=\"none\" style=\"width: 100%;\" controls=\"controls\"><source type=\"audio\/mpeg\" src=\"https:\/\/etno.net\/wp-content\/uploads\/2021\/01\/hamara.mp3?_=2\" \/><a href=\"https:\/\/etno.net\/wp-content\/uploads\/2021\/01\/hamara.mp3\">https:\/\/etno.net\/wp-content\/uploads\/2021\/01\/hamara.mp3<\/a><\/audio>\n<h2>4. Helios<\/h2>\n<h2>5. Ilta \/Evening (lyr. Larin-Ky\u00f6sti)<\/h2>\n<h2>6. Valon aika \/ The Hour of Light part 1<\/h2>\n<h2>7. Valon aika \/ The Hour of Light part 2<\/h2>\n<audio class=\"wp-audio-shortcode\" id=\"audio-1878-3\" preload=\"none\" style=\"width: 100%;\" controls=\"controls\"><source type=\"audio\/mpeg\" src=\"https:\/\/etno.net\/wp-content\/uploads\/2021\/01\/valon_aika_part_2.mp3?_=3\" \/><a href=\"https:\/\/etno.net\/wp-content\/uploads\/2021\/01\/valon_aika_part_2.mp3\">https:\/\/etno.net\/wp-content\/uploads\/2021\/01\/valon_aika_part_2.mp3<\/a><\/audio>\n<h2>8. Tuokio \/ A Moment (live improvisation)<\/h2>\n<\/div>\n<\/div>\n<\/div>\n","protected":false},"excerpt":{"rendered":"<p>Miksaus Mika Autere &amp; Hanni Autere Masterointi Mika Autere Tuottajat Timo Alakotila &amp; Hanni Autere Kannet Pekka Saukkonen Muusikot: S\u00e4vellykset Hanni Autere Muusikot: Hanni Autere, Sampo Haapaniemi, Tuukka Haapaniemi, Minni Ilmonen, Anna E. Karvonen, Kukka Lehto, Lassi Logr\u00e9n, Tuomas Logr\u00e9n, Sara Puljula ja Selina Sillanp\u00e4\u00e4. 1. Krazem part 1 2. Krazem part 2 3. H\u00e4m\u00e4r\u00e4 [&hellip;]<\/p>\n","protected":false},"featured_media":3524,"comment_status":"closed","ping_status":"closed","template":"","meta":{"_acf_changed":false},"product_brand":[],"product_cat":[65],"product_tag":[],"class_list":{"0":"post-1878","1":"product","2":"type-product","3":"status-publish","4":"has-post-thumbnail","6":"product_cat-aanitteet","8":"first","9":"instock","10":"shipping-taxable","11":"product-type-simple"},"acf":[],"_links":{"self":[{"href":"https:\/\/etno.net\/en\/wp-json\/wp\/v2\/product\/1878","targetHints":{"allow":["GET"]}}],"collection":[{"href":"https:\/\/etno.net\/en\/wp-json\/wp\/v2\/product"}],"about":[{"href":"https:\/\/etno.net\/en\/wp-json\/wp\/v2\/types\/product"}],"replies":[{"embeddable":true,"href":"https:\/\/etno.net\/en\/wp-json\/wp\/v2\/comments?post=1878"}],"wp:featuredmedia":[{"embeddable":true,"href":"https:\/\/etno.net\/en\/wp-json\/wp\/v2\/media\/3524"}],"wp:attachment":[{"href":"https:\/\/etno.net\/en\/wp-json\/wp\/v2\/media?parent=1878"}],"wp:term":[{"taxonomy":"product_brand","embeddable":true,"href":"https:\/\/etno.net\/en\/wp-json\/wp\/v2\/product_brand?post=1878"},{"taxonomy":"product_cat","embeddable":true,"href":"https:\/\/etno.net\/en\/wp-json\/wp\/v2\/product_cat?post=1878"},{"taxonomy":"product_tag","embeddable":true,"href":"https:\/\/etno.net\/en\/wp-json\/wp\/v2\/product_tag?post=1878"}],"curies":[{"name":"wp","href":"https:\/\/api.w.org\/{rel}","templated":true}]}}