{"id":1883,"date":"2021-01-11T01:01:07","date_gmt":"2021-01-10T23:01:07","guid":{"rendered":"https:\/\/etno.net\/?post_type=product&#038;p=1883"},"modified":"2021-11-19T14:07:57","modified_gmt":"2021-11-19T12:07:57","slug":"saaga-ensemble-polku","status":"publish","type":"product","link":"https:\/\/etno.net\/en\/julkaisu\/aanitteet\/saaga-ensemble-polku","title":{"rendered":"Saaga Ensemble &#8211; Polku"},"content":{"rendered":"<div class=\"field field-name-field-kamucd-teknikot field-type-text-long field-label-hidden\">\n<div class=\"field-items\">\n<div class=\"field-item even\">\n<p>Saaga Ensemble on hurmannut kansanmusiikkil\u00e4ht\u00f6isill\u00e4, uniikeilla s\u00e4velmill\u00e4\u00e4n kuulijansa varauksettomasti. Yhtyeen syd\u00e4mell\u00e4 s\u00e4velletty musiikki tarjoaa kattauksen energiaa, ammattitaitoa, l\u00e4mp\u00f6\u00e4 ja r\u00e4j\u00e4ht\u00e4v\u00e4\u00e4 voimaa, jossa jokaisen j\u00e4senen persoonallinen muusikkous p\u00e4\u00e4see oikeuksiinsa. Saaga Ensemblen sointia m\u00e4\u00e4ritt\u00e4v\u00e4t ainutlaatuinen instrumentaatio ja s\u00e4ken\u00f6iv\u00e4 yhtyelaulu, joka luo kokemuksen musiikin voimasta vahvimmillaan.<\/p>\n<p>&nbsp;<\/p>\n<p>\u00c4\u00e4nitys ja miksaus Ilkka Herkman<br \/>\nMasterointi Jyri Sariola<\/p>\n<\/div>\n<\/div>\n<\/div>\n<div class=\"field field-name-field-kamucd-yht-kokoonpano field-type-text-long field-label-inline clearfix\">\n<div class=\"field-label\">Muusikot:<\/div>\n<div class=\"field-items\">\n<div class=\"field-item even\">\n<p>Soila Sariola: Laulu<br \/>\nVilma Timonen: Kantele, laulu<br \/>\nMilla Viljamaa: Harmooni, piano, laulu<br \/>\nTommi Asplund: Viulu<br \/>\nRoope Aarnio: Kitara, mandoliini, laulu<br \/>\nJaakko K\u00e4m\u00e4r\u00e4inen: Basso, laulu<br \/>\nMikko Hassinen: Rummut<\/p>\n<\/div>\n<\/div>\n<\/div>\n<div class=\"field field-name-field-kamucd-raidat field-type-text-long field-label-hidden\">\n<div class=\"field-items\">\n<div class=\"field-item even\">\n<p>Kappaleiden sovitukset ovat Saaga Ensemblen tekemi\u00e4.<\/p>\n<h2>1. Silloin laulan<\/h2>\n<p>S\u00e4v. Soila Sariola\/Elemotho<br \/>\nSan. Trad.\/ Soila Sariola<\/p>\n<!--[if lt IE 9]><script>document.createElement('audio');<\/script><![endif]-->\n<audio class=\"wp-audio-shortcode\" id=\"audio-1883-1\" preload=\"none\" style=\"width: 100%;\" controls=\"controls\"><source type=\"audio\/mpeg\" src=\"https:\/\/etno.net\/wp-content\/uploads\/2021\/01\/saaga_1.mp3?_=1\" \/><a href=\"https:\/\/etno.net\/wp-content\/uploads\/2021\/01\/saaga_1.mp3\">https:\/\/etno.net\/wp-content\/uploads\/2021\/01\/saaga_1.mp3<\/a><\/audio>\n<h2>2. Polku<\/h2>\n<p>S\u00e4v. Soila Sariola<br \/>\nSan. Soila Sariola<\/p>\n<h2>3. Ihon alle<\/h2>\n<p>S\u00e4v. Vilma Timonen<br \/>\nSan. Vilma Timonen<\/p>\n<h2>4. Kreuzbergin puolikas kuu<\/h2>\n<p>S\u00e4v. Vilma Timonen \/ Mikko Hassinen<br \/>\nSan. Vilma Timonen<\/p>\n<audio class=\"wp-audio-shortcode\" id=\"audio-1883-2\" preload=\"none\" style=\"width: 100%;\" controls=\"controls\"><source type=\"audio\/mpeg\" src=\"https:\/\/etno.net\/wp-content\/uploads\/2021\/01\/saaga_4.mp3?_=2\" \/><a href=\"https:\/\/etno.net\/wp-content\/uploads\/2021\/01\/saaga_4.mp3\">https:\/\/etno.net\/wp-content\/uploads\/2021\/01\/saaga_4.mp3<\/a><\/audio>\n<h2>5. Ihminen tottuu mihin vaan<\/h2>\n<p>S\u00e4v. Soila Sariola<br \/>\nSan. Soila Sariola<\/p>\n<h2>6. Piloinen piika<\/h2>\n<p>S\u00e4v. Soila Sariola<br \/>\nSan. Trad.<\/p>\n<h2>7. Kielikeito<\/h2>\n<p>S\u00e4v. Soila Sariola<br \/>\nSan. Trad.<\/p>\n<audio class=\"wp-audio-shortcode\" id=\"audio-1883-3\" preload=\"none\" style=\"width: 100%;\" controls=\"controls\"><source type=\"audio\/mpeg\" src=\"https:\/\/etno.net\/wp-content\/uploads\/2021\/01\/saaga_7.mp3?_=3\" \/><a href=\"https:\/\/etno.net\/wp-content\/uploads\/2021\/01\/saaga_7.mp3\">https:\/\/etno.net\/wp-content\/uploads\/2021\/01\/saaga_7.mp3<\/a><\/audio>\n<h2>8. Varjele<\/h2>\n<p>S\u00e4v. Soila Sariola<br \/>\nSan. Soila Sariola<\/p>\n<h2>9. Kiitollisuutta<\/h2>\n<p>S\u00e4v. Soila Sariola<br \/>\nSan. Soila Sariola<\/p>\n<h2>10. Alku<\/h2>\n<p>S\u00e4v. Soila Sariola<br \/>\nSan. Soila Sariola<\/p>\n<\/div>\n<\/div>\n<\/div>\n","protected":false},"excerpt":{"rendered":"<p>Saaga Ensemble on hurmannut kansanmusiikkil\u00e4ht\u00f6isill\u00e4, uniikeilla s\u00e4velmill\u00e4\u00e4n kuulijansa varauksettomasti. Yhtyeen syd\u00e4mell\u00e4 s\u00e4velletty musiikki tarjoaa kattauksen energiaa, ammattitaitoa, l\u00e4mp\u00f6\u00e4 ja r\u00e4j\u00e4ht\u00e4v\u00e4\u00e4 voimaa, jossa jokaisen j\u00e4senen persoonallinen muusikkous p\u00e4\u00e4see oikeuksiinsa. Saaga Ensemblen sointia m\u00e4\u00e4ritt\u00e4v\u00e4t ainutlaatuinen instrumentaatio ja s\u00e4ken\u00f6iv\u00e4 yhtyelaulu, joka luo kokemuksen musiikin voimasta vahvimmillaan. &nbsp; \u00c4\u00e4nitys ja miksaus Ilkka Herkman Masterointi Jyri Sariola Muusikot: Soila Sariola: [&hellip;]<\/p>\n","protected":false},"featured_media":1887,"comment_status":"closed","ping_status":"closed","template":"","meta":{"_acf_changed":false},"product_brand":[],"product_cat":[65],"product_tag":[],"class_list":{"0":"post-1883","1":"product","2":"type-product","3":"status-publish","4":"has-post-thumbnail","6":"product_cat-aanitteet","8":"first","9":"instock","10":"shipping-taxable","11":"product-type-simple"},"acf":[],"_links":{"self":[{"href":"https:\/\/etno.net\/en\/wp-json\/wp\/v2\/product\/1883","targetHints":{"allow":["GET"]}}],"collection":[{"href":"https:\/\/etno.net\/en\/wp-json\/wp\/v2\/product"}],"about":[{"href":"https:\/\/etno.net\/en\/wp-json\/wp\/v2\/types\/product"}],"replies":[{"embeddable":true,"href":"https:\/\/etno.net\/en\/wp-json\/wp\/v2\/comments?post=1883"}],"wp:featuredmedia":[{"embeddable":true,"href":"https:\/\/etno.net\/en\/wp-json\/wp\/v2\/media\/1887"}],"wp:attachment":[{"href":"https:\/\/etno.net\/en\/wp-json\/wp\/v2\/media?parent=1883"}],"wp:term":[{"taxonomy":"product_brand","embeddable":true,"href":"https:\/\/etno.net\/en\/wp-json\/wp\/v2\/product_brand?post=1883"},{"taxonomy":"product_cat","embeddable":true,"href":"https:\/\/etno.net\/en\/wp-json\/wp\/v2\/product_cat?post=1883"},{"taxonomy":"product_tag","embeddable":true,"href":"https:\/\/etno.net\/en\/wp-json\/wp\/v2\/product_tag?post=1883"}],"curies":[{"name":"wp","href":"https:\/\/api.w.org\/{rel}","templated":true}]}}