{"id":1888,"date":"2021-01-11T01:04:00","date_gmt":"2021-01-10T23:04:00","guid":{"rendered":"https:\/\/etno.net\/?post_type=product&#038;p=1888"},"modified":"2021-01-11T01:04:00","modified_gmt":"2021-01-10T23:04:00","slug":"nathan-riki-thompson-shaped-by-the-sea","status":"publish","type":"product","link":"https:\/\/etno.net\/en\/julkaisu\/aanitteet\/nathan-riki-thompson-shaped-by-the-sea","title":{"rendered":"Nathan Riki Thompson &#8211; Shaped By The Sea"},"content":{"rendered":"<div class=\"field field-name-field-kamucd-teknikot field-type-text-long field-label-hidden\">\n<div class=\"field-items\">\n<div class=\"field-item even\">\n<p>Tuottaja: Nathan Riki Thompson<br \/>\n\u00c4\u00e4nitys: Les Mommsen at Sanp Studios and Assault and Battery Studios<br \/>\nMiksaus: Miikka Huttunen at Sibelius Academy studios<br \/>\nMasterointi: Svante Forsb\u00e4ck at Chartmakers<\/p>\n<\/div>\n<\/div>\n<\/div>\n<div class=\"field field-name-field-kamucd-yht-kokoonpano field-type-text-long field-label-inline clearfix\">\n<div class=\"field-label\">Muusikot:<\/div>\n<div class=\"field-items\">\n<div class=\"field-item even\">\n<p>Adriano Adewale (Brazil): perkussiot<br \/>\nDylan Fowler (Wales): kitara<br \/>\nNia Lynn (Wales): laulu<br \/>\nNathan Riki Thompson (Australia): kontrabasso, maasai-huilu, marimbula, kalimba<br \/>\nTimo V\u00e4\u00e4n\u00e4nen(Finland): kantele<br \/>\nMauricio Velasierra (Colombia): kena-huilu, mose\u00f1o-huilu, pillit<br \/>\nGenevieve Wilkins (Australia): viprafoni, marimba<\/p>\n<p>Vierailevat muusikot:<br \/>\nSimon Allen (UK): waterphone<br \/>\nIlkka Heinonen (FInland): jouhikko<br \/>\nMari Kalkun (Estonia):laulu (raita 1)<br \/>\nNatasha Zielazinski (USA): sello<\/p>\n<p>Kaikki s\u00e4vellykset ja sovitukset: Nathan Riki Thompson paitsi:<\/p>\n<p>Postcard 1 (underwater): Fowler\/Thompson<br \/>\nSteps (ode to Laura): Nia Lynn<br \/>\nPostcard 2 (blue ocean): Adewale\/Fowler\/Lynn\/Thomson<\/p>\n<\/div>\n<\/div>\n<\/div>\n<div class=\"field field-name-field-kamucd-raidat field-type-text-long field-label-hidden\">\n<div class=\"field-items\">\n<div class=\"field-item even\">\n<h2>1. Vetelk\u00f5nd<\/h2>\n<!--[if lt IE 9]><script>document.createElement('audio');<\/script><![endif]-->\n<audio class=\"wp-audio-shortcode\" id=\"audio-1888-1\" preload=\"none\" style=\"width: 100%;\" controls=\"controls\"><source type=\"audio\/mpeg\" src=\"https:\/\/etno.net\/wp-content\/uploads\/2021\/01\/shapedbythesea.mp3?_=1\" \/><a href=\"https:\/\/etno.net\/wp-content\/uploads\/2021\/01\/shapedbythesea.mp3\">https:\/\/etno.net\/wp-content\/uploads\/2021\/01\/shapedbythesea.mp3<\/a><\/audio>\n<h2>2. Shaped by the Sea<\/h2>\n<h2>3. Postcard 1 (underwater)<\/h2>\n<h2>4. Underwater<\/h2>\n<h2>5. Kapiti Island<\/h2>\n<h2>6. Mzuka<\/h2>\n<audio class=\"wp-audio-shortcode\" id=\"audio-1888-2\" preload=\"none\" style=\"width: 100%;\" controls=\"controls\"><source type=\"audio\/mpeg\" src=\"https:\/\/etno.net\/wp-content\/uploads\/2021\/01\/mzuka.mp3?_=2\" \/><a href=\"https:\/\/etno.net\/wp-content\/uploads\/2021\/01\/mzuka.mp3\">https:\/\/etno.net\/wp-content\/uploads\/2021\/01\/mzuka.mp3<\/a><\/audio>\n<h2>7. Steps (ode to Laura)<\/h2>\n<h2>8. Dance for Kai<\/h2>\n<h2>9. Postcard 2 (blue ocean)<\/h2>\n<audio class=\"wp-audio-shortcode\" id=\"audio-1888-3\" preload=\"none\" style=\"width: 100%;\" controls=\"controls\"><source type=\"audio\/mpeg\" src=\"https:\/\/etno.net\/wp-content\/uploads\/2021\/01\/postcard2.mp3?_=3\" \/><a href=\"https:\/\/etno.net\/wp-content\/uploads\/2021\/01\/postcard2.mp3\">https:\/\/etno.net\/wp-content\/uploads\/2021\/01\/postcard2.mp3<\/a><\/audio>\n<h2>10. Gaia (Kasper&#8217;s theme)<\/h2>\n<\/div>\n<\/div>\n<\/div>\n","protected":false},"excerpt":{"rendered":"<p>Tuottaja: Nathan Riki Thompson \u00c4\u00e4nitys: Les Mommsen at Sanp Studios and Assault and Battery Studios Miksaus: Miikka Huttunen at Sibelius Academy studios Masterointi: Svante Forsb\u00e4ck at Chartmakers Muusikot: Adriano Adewale (Brazil): perkussiot Dylan Fowler (Wales): kitara Nia Lynn (Wales): laulu Nathan Riki Thompson (Australia): kontrabasso, maasai-huilu, marimbula, kalimba Timo V\u00e4\u00e4n\u00e4nen(Finland): kantele Mauricio Velasierra (Colombia): kena-huilu, [&hellip;]<\/p>\n","protected":false},"featured_media":1892,"comment_status":"closed","ping_status":"closed","template":"","meta":{"_acf_changed":false},"product_brand":[],"product_cat":[65],"product_tag":[],"class_list":{"0":"post-1888","1":"product","2":"type-product","3":"status-publish","4":"has-post-thumbnail","6":"product_cat-aanitteet","8":"first","9":"instock","10":"shipping-taxable","11":"product-type-simple"},"acf":[],"_links":{"self":[{"href":"https:\/\/etno.net\/en\/wp-json\/wp\/v2\/product\/1888","targetHints":{"allow":["GET"]}}],"collection":[{"href":"https:\/\/etno.net\/en\/wp-json\/wp\/v2\/product"}],"about":[{"href":"https:\/\/etno.net\/en\/wp-json\/wp\/v2\/types\/product"}],"replies":[{"embeddable":true,"href":"https:\/\/etno.net\/en\/wp-json\/wp\/v2\/comments?post=1888"}],"wp:featuredmedia":[{"embeddable":true,"href":"https:\/\/etno.net\/en\/wp-json\/wp\/v2\/media\/1892"}],"wp:attachment":[{"href":"https:\/\/etno.net\/en\/wp-json\/wp\/v2\/media?parent=1888"}],"wp:term":[{"taxonomy":"product_brand","embeddable":true,"href":"https:\/\/etno.net\/en\/wp-json\/wp\/v2\/product_brand?post=1888"},{"taxonomy":"product_cat","embeddable":true,"href":"https:\/\/etno.net\/en\/wp-json\/wp\/v2\/product_cat?post=1888"},{"taxonomy":"product_tag","embeddable":true,"href":"https:\/\/etno.net\/en\/wp-json\/wp\/v2\/product_tag?post=1888"}],"curies":[{"name":"wp","href":"https:\/\/api.w.org\/{rel}","templated":true}]}}