{"id":1893,"date":"2021-01-11T01:07:40","date_gmt":"2021-01-10T23:07:40","guid":{"rendered":"https:\/\/etno.net\/?post_type=product&#038;p=1893"},"modified":"2021-11-19T14:06:52","modified_gmt":"2021-11-19T12:06:52","slug":"arnold-chiwalala-band-wito-chizentele-music","status":"publish","type":"product","link":"https:\/\/etno.net\/en\/julkaisu\/aanitteet\/arnold-chiwalala-band-wito-chizentele-music","title":{"rendered":"Arnold Chiwalala Band WITO &#8211; Chizentele Music"},"content":{"rendered":"<div class=\"field field-name-body field-type-text-with-summary field-label-hidden\">\n<div class=\"field-items\">\n<div class=\"field-item even\">\n<p>The very first time I saw and heard the kantele I was touched by its sound. It somehow reminded me of the sound of Zeze (the instrument I played in Tanzania, which I was taught by Dr. Hukwe Zawose), a sound which ignites the imagination.<\/p>\n<p>&#8221;Chizentele&#8221; is a hybrid name to represent hybrid music: &#8221;Chi&#8221; comes from my last name, &#8221;ze&#8221; has connection with zeze the Tanzanian stringed instrument I played earlier and &#8221;ntele&#8221; comes from the word kantele. Chizentele music can simply be described as, kantele and rhythm, with or without singing. Added to that, the inventor&#8217;s artistic creativity and vision play a vital role in the style. I have used the kantele to compose and write all the songs played on this CD. Karibu! &#8211; You are welcome!<\/p>\n<\/div>\n<\/div>\n<\/div>\n<div class=\"field field-name-field-kamucd-kuv-kirjoittaja field-type-text field-label-hidden\">\n<div class=\"field-items\">\n<div class=\"field-item even\">Arnold Chiwalala<\/div>\n<\/div>\n<\/div>\n<div class=\"field field-name-field-kamucd-koodi field-type-text field-label-inline clearfix\"><\/div>\n<div class=\"field field-name-field-kamucd-tallennusmaa field-type-text field-label-inline clearfix\">\n<div class=\"field-items\">\n<div class=\"field-item even\"><\/div>\n<\/div>\n<\/div>\n<div class=\"field field-name-field-kamucd-teknikot field-type-text-long field-label-hidden\">\n<div class=\"field-items\">\n<div class=\"field-item even\">\n<p>\u00c4\u00e4nitys ja miksaus: Ilari Suonp\u00e4\u00e4<br \/>\nMasterointi: Jaakko Viital\u00e4hde<\/p>\n<\/div>\n<\/div>\n<\/div>\n<div class=\"field field-name-field-kamucd-yht-kokoonpano field-type-text-long field-label-inline clearfix\">\n<div class=\"field-label\">Muusikot:<\/div>\n<div class=\"field-items\">\n<div class=\"field-item even\">\n<p>Arnold Chiwalala: 10-kielinen kantele, laulu, vihellys<br \/>\nTopi Korhonen: Trumpetti, kitara, taustalaulu<br \/>\nLibasse Sall: Bassokitara<br \/>\nSami Kurppa: Klarinetti, saksofoni, koskettimet<br \/>\nRicardo Padilla: Perkussiot<br \/>\nMenard Mpondo: Ngoma rummut<\/p>\n<\/div>\n<\/div>\n<\/div>\n<div class=\"field field-name-field-kamucd-raidat field-type-text-long field-label-hidden\">\n<div class=\"field-items\">\n<div class=\"field-item even\">\n<p><strong>Kaikkien kappaleiden s\u00e4vellykset ja sanoitukset Arnold Chiwalala.<\/strong><br \/>\n<strong>Kappaleiden sovitus Arnold Chiwalala &amp; yhtye<\/strong><\/p>\n<h2>1. Usiogope<\/h2>\n<h2>2. Naitikia Wito<\/h2>\n<h2>3. Mbio Za Nini<\/h2>\n<!--[if lt IE 9]><script>document.createElement('audio');<\/script><![endif]-->\n<audio class=\"wp-audio-shortcode\" id=\"audio-1893-1\" preload=\"none\" style=\"width: 100%;\" controls=\"controls\"><source type=\"audio\/mpeg\" src=\"https:\/\/etno.net\/wp-content\/uploads\/2021\/01\/mbio_za_nini.mp3?_=1\" \/><a href=\"https:\/\/etno.net\/wp-content\/uploads\/2021\/01\/mbio_za_nini.mp3\">https:\/\/etno.net\/wp-content\/uploads\/2021\/01\/mbio_za_nini.mp3<\/a><\/audio>\n<h2>4. Bandubandu<\/h2>\n<h2>5. Nalukila Mayo<\/h2>\n<audio class=\"wp-audio-shortcode\" id=\"audio-1893-2\" preload=\"none\" style=\"width: 100%;\" controls=\"controls\"><source type=\"audio\/mpeg\" src=\"https:\/\/etno.net\/wp-content\/uploads\/2021\/01\/nalukila_mayo.mp3?_=2\" \/><a href=\"https:\/\/etno.net\/wp-content\/uploads\/2021\/01\/nalukila_mayo.mp3\">https:\/\/etno.net\/wp-content\/uploads\/2021\/01\/nalukila_mayo.mp3<\/a><\/audio>\n<h2>6. Amka<\/h2>\n<audio class=\"wp-audio-shortcode\" id=\"audio-1893-3\" preload=\"none\" style=\"width: 100%;\" controls=\"controls\"><source type=\"audio\/mpeg\" src=\"https:\/\/etno.net\/wp-content\/uploads\/2021\/01\/amka.mp3?_=3\" \/><a href=\"https:\/\/etno.net\/wp-content\/uploads\/2021\/01\/amka.mp3\">https:\/\/etno.net\/wp-content\/uploads\/2021\/01\/amka.mp3<\/a><\/audio>\n<h2>7. Amani Yetu<\/h2>\n<h2>8. Twende Polepole<\/h2>\n<h2>9. Vigelegele<\/h2>\n<h2>10. Pambazuko<\/h2>\n<\/div>\n<\/div>\n<\/div>\n","protected":false},"excerpt":{"rendered":"<p>The very first time I saw and heard the kantele I was touched by its sound. It somehow reminded me of the sound of Zeze (the instrument I played in Tanzania, which I was taught by Dr. Hukwe Zawose), a sound which ignites the imagination. &#8221;Chizentele&#8221; is a hybrid name to represent hybrid music: &#8221;Chi&#8221; [&hellip;]<\/p>\n","protected":false},"featured_media":1897,"comment_status":"closed","ping_status":"closed","template":"","meta":{"_acf_changed":false},"product_brand":[],"product_cat":[65],"product_tag":[],"class_list":{"0":"post-1893","1":"product","2":"type-product","3":"status-publish","4":"has-post-thumbnail","6":"product_cat-aanitteet","8":"first","9":"instock","10":"shipping-taxable","11":"product-type-simple"},"acf":[],"_links":{"self":[{"href":"https:\/\/etno.net\/en\/wp-json\/wp\/v2\/product\/1893","targetHints":{"allow":["GET"]}}],"collection":[{"href":"https:\/\/etno.net\/en\/wp-json\/wp\/v2\/product"}],"about":[{"href":"https:\/\/etno.net\/en\/wp-json\/wp\/v2\/types\/product"}],"replies":[{"embeddable":true,"href":"https:\/\/etno.net\/en\/wp-json\/wp\/v2\/comments?post=1893"}],"wp:featuredmedia":[{"embeddable":true,"href":"https:\/\/etno.net\/en\/wp-json\/wp\/v2\/media\/1897"}],"wp:attachment":[{"href":"https:\/\/etno.net\/en\/wp-json\/wp\/v2\/media?parent=1893"}],"wp:term":[{"taxonomy":"product_brand","embeddable":true,"href":"https:\/\/etno.net\/en\/wp-json\/wp\/v2\/product_brand?post=1893"},{"taxonomy":"product_cat","embeddable":true,"href":"https:\/\/etno.net\/en\/wp-json\/wp\/v2\/product_cat?post=1893"},{"taxonomy":"product_tag","embeddable":true,"href":"https:\/\/etno.net\/en\/wp-json\/wp\/v2\/product_tag?post=1893"}],"curies":[{"name":"wp","href":"https:\/\/api.w.org\/{rel}","templated":true}]}}