{"id":1898,"date":"2021-01-11T01:13:33","date_gmt":"2021-01-10T23:13:33","guid":{"rendered":"https:\/\/etno.net\/?post_type=product&#038;p=1898"},"modified":"2021-10-21T08:28:55","modified_gmt":"2021-10-21T06:28:55","slug":"frigg-polkka-v","status":"publish","type":"product","link":"https:\/\/etno.net\/en\/julkaisu\/aanitteet\/frigg-polkka-v","title":{"rendered":"Frigg &#8211; Polkka V"},"content":{"rendered":"<div class=\"field field-name-field-kamucd-teknikot field-type-text-long field-label-hidden\">\n<div class=\"field-items\">\n<div class=\"field-item even\">\n<p>\u00c4\u00e4nitys ja miksaus Mikko Raita<br \/>\nMasterointi Svante Forsb\u00e4ck (Chartmakers)<br \/>\nKuvat ja kannet Jimmy Tr\u00e4skelin<br \/>\nTuottaja Antti J\u00e4rvel\u00e4<\/p>\n<\/div>\n<\/div>\n<\/div>\n<div class=\"field field-name-field-kamucd-yht-kokoonpano field-type-text-long field-label-inline clearfix\">\n<div class=\"field-label\">Muusikot:<\/div>\n<div class=\"field-items\">\n<div class=\"field-item even\">\n<p>Esko J\u00e4rvel\u00e4, viulu<br \/>\nTommi Asplund, viulu<br \/>\nAlina J\u00e4rvel\u00e4, viulu<br \/>\nTero Hyv\u00e4luoma, viulu<br \/>\nPetri Prauda, mandoliini, cittern, s\u00e4kkipilli<br \/>\nTuomas Logr\u00e9n, kitara, dobro<br \/>\nAntti J\u00e4rvel\u00e4, kontrabasso<\/p>\n<\/div>\n<\/div>\n<\/div>\n<div class=\"field field-name-field-kamucd-raidat field-type-text-long field-label-hidden\">\n<div class=\"field-items\">\n<div class=\"field-item even\">\n<h2>1. Vieriv\u00e4<\/h2>\n<!--[if lt IE 9]><script>document.createElement('audio');<\/script><![endif]-->\n<audio class=\"wp-audio-shortcode\" id=\"audio-1898-1\" preload=\"none\" style=\"width: 100%;\" controls=\"controls\"><source type=\"audio\/mpeg\" src=\"https:\/\/etno.net\/wp-content\/uploads\/2021\/01\/vieriva.mp3?_=1\" \/><a href=\"https:\/\/etno.net\/wp-content\/uploads\/2021\/01\/vieriva.mp3\">https:\/\/etno.net\/wp-content\/uploads\/2021\/01\/vieriva.mp3<\/a><\/audio>\n<p>S\u00e4v. Tuomas Logr\u00e9n<\/p>\n<h2>2. B\u00f8!<\/h2>\n<p>S\u00e4v. Antti J\u00e4rvel\u00e4<\/p>\n<h2>3. Polkka V<\/h2>\n<p>S\u00e4v. Ville Kangas<br \/>\nSov. Ville Kangas, Esko J\u00e4rvel\u00e4<\/p>\n<audio class=\"wp-audio-shortcode\" id=\"audio-1898-2\" preload=\"none\" style=\"width: 100%;\" controls=\"controls\"><source type=\"audio\/mpeg\" src=\"https:\/\/etno.net\/wp-content\/uploads\/2021\/01\/polkka_v.mp3?_=2\" \/><a href=\"https:\/\/etno.net\/wp-content\/uploads\/2021\/01\/polkka_v.mp3\">https:\/\/etno.net\/wp-content\/uploads\/2021\/01\/polkka_v.mp3<\/a><\/audio>\n<h2>4. Elinan ja Teron h\u00e4\u00e4valssi<\/h2>\n<p>S\u00e4v. Tero Hyv\u00e4luoma<\/p>\n<h2>5. Kiulupolska<\/h2>\n<p>S\u00e4v. Tuomas Logr\u00e9n<br \/>\nSov. Tuomas Logr\u00e9n, Antti J\u00e4rvel\u00e4<\/p>\n<h2>6. Seronda<\/h2>\n<p>S\u00e4v. Igor Medio\/Lisandro Prieto<\/p>\n<h2>7. Summer Solstice<\/h2>\n<p>S\u00e4v. Antti J\u00e4rvel\u00e4<\/p>\n<audio class=\"wp-audio-shortcode\" id=\"audio-1898-3\" preload=\"none\" style=\"width: 100%;\" controls=\"controls\"><source type=\"audio\/mpeg\" src=\"https:\/\/etno.net\/wp-content\/uploads\/2021\/01\/summer_solstice.mp3?_=3\" \/><a href=\"https:\/\/etno.net\/wp-content\/uploads\/2021\/01\/summer_solstice.mp3\">https:\/\/etno.net\/wp-content\/uploads\/2021\/01\/summer_solstice.mp3<\/a><\/audio>\n<h2>8. Big Brothers<\/h2>\n<p>S\u00e4v. Eric \u00d6st\/Antti J\u00e4rvel\u00e4<\/p>\n<h2>9. Vuodet R\u00e4\u00e4kkyl\u00e4ss\u00e4<\/h2>\n<p>S\u00e4v. Tuomas Logr\u00e9n<\/p>\n<h2>10. Teppo&#8217;s Waltz<\/h2>\n<p>S\u00e4v. Esko J\u00e4rvel\u00e4<\/p>\n<\/div>\n<\/div>\n<\/div>\n","protected":false},"excerpt":{"rendered":"<p>\u00c4\u00e4nitys ja miksaus Mikko Raita Masterointi Svante Forsb\u00e4ck (Chartmakers) Kuvat ja kannet Jimmy Tr\u00e4skelin Tuottaja Antti J\u00e4rvel\u00e4 Muusikot: Esko J\u00e4rvel\u00e4, viulu Tommi Asplund, viulu Alina J\u00e4rvel\u00e4, viulu Tero Hyv\u00e4luoma, viulu Petri Prauda, mandoliini, cittern, s\u00e4kkipilli Tuomas Logr\u00e9n, kitara, dobro Antti J\u00e4rvel\u00e4, kontrabasso 1. Vieriv\u00e4 S\u00e4v. Tuomas Logr\u00e9n 2. B\u00f8! S\u00e4v. Antti J\u00e4rvel\u00e4 3. Polkka V [&hellip;]<\/p>\n","protected":false},"featured_media":1902,"comment_status":"closed","ping_status":"closed","template":"","meta":{"_acf_changed":false},"product_brand":[],"product_cat":[65],"product_tag":[],"class_list":{"0":"post-1898","1":"product","2":"type-product","3":"status-publish","4":"has-post-thumbnail","6":"product_cat-aanitteet","8":"first","9":"instock","10":"shipping-taxable","11":"product-type-simple"},"acf":[],"_links":{"self":[{"href":"https:\/\/etno.net\/en\/wp-json\/wp\/v2\/product\/1898","targetHints":{"allow":["GET"]}}],"collection":[{"href":"https:\/\/etno.net\/en\/wp-json\/wp\/v2\/product"}],"about":[{"href":"https:\/\/etno.net\/en\/wp-json\/wp\/v2\/types\/product"}],"replies":[{"embeddable":true,"href":"https:\/\/etno.net\/en\/wp-json\/wp\/v2\/comments?post=1898"}],"wp:featuredmedia":[{"embeddable":true,"href":"https:\/\/etno.net\/en\/wp-json\/wp\/v2\/media\/1902"}],"wp:attachment":[{"href":"https:\/\/etno.net\/en\/wp-json\/wp\/v2\/media?parent=1898"}],"wp:term":[{"taxonomy":"product_brand","embeddable":true,"href":"https:\/\/etno.net\/en\/wp-json\/wp\/v2\/product_brand?post=1898"},{"taxonomy":"product_cat","embeddable":true,"href":"https:\/\/etno.net\/en\/wp-json\/wp\/v2\/product_cat?post=1898"},{"taxonomy":"product_tag","embeddable":true,"href":"https:\/\/etno.net\/en\/wp-json\/wp\/v2\/product_tag?post=1898"}],"curies":[{"name":"wp","href":"https:\/\/api.w.org\/{rel}","templated":true}]}}