{"id":1904,"date":"2021-01-12T10:27:11","date_gmt":"2021-01-12T08:27:11","guid":{"rendered":"https:\/\/etno.net\/?post_type=product&#038;p=1904"},"modified":"2021-05-23T09:58:05","modified_gmt":"2021-05-23T07:58:05","slug":"taustaaanitteiden-tyostaminen-ja-toteutus-osana-maisterikonserttia","status":"publish","type":"product","link":"https:\/\/etno.net\/en\/julkaisu\/opinnaytteet\/maisteriopinnot\/taustaaanitteiden-tyostaminen-ja-toteutus-osana-maisterikonserttia","title":{"rendered":"Tausta\u00e4\u00e4nitteiden ty\u00f6st\u00e4minen ja toteutus osana maisterikonserttia"},"content":{"rendered":"<h2>Sis\u00e4llysluettelo<\/h2>\n<p><strong>1 Johdanto<\/strong><\/p>\n<p><strong>2 Projektin ty\u00f6vaiheet<\/strong><\/p>\n<p style=\"padding-left: 40px\">2.1 Yksitt\u00e4isten \u00e4\u00e4niraitojen muokkaus &#8211; EQ, ambience, reverb, leikkaus, kantele-efektit, takaperin toisto (v\u00e4\u00e4rinp\u00e4in)<br \/>\n2.2 Kokonaisen kappaleen muokkaus &#8211; panorointi, automaatio, \u00e4\u00e4nenvoimakkuustasot<br \/>\n2.3 \u00c4\u00e4nitteiden sovittaminen livemusiikkiin<\/p>\n<p><strong>3 Kappaleet<\/strong><\/p>\n<p style=\"padding-left: 40px\">3.1 Layers<br \/>\n3.2 Kasvukipuja<br \/>\n3.3 Marjanai<br \/>\n3.4 Karjalaiset paimenet<br \/>\n3.5 Satavuotinen elokuu<br \/>\n3.6 Juuttunut pime\u00e4\u00e4n<br \/>\n3.7 Avaruus<br \/>\n3.8 Kirkonkellot<br \/>\n3.9 Kiitos<\/p>\n<p><strong>4 J\u00e4lkipuinti<\/strong><\/p>\n<p>&nbsp;<\/p>\n<p>&nbsp;<\/p>\n<h2 id=\"1-johdanto\">Johdanto<\/h2>\n<p>Tein maisterikonserttini marraskuussa 2019. Konsertin nimi oli Kerroksia \u2013 Layers, ja sen teemana oli erityisesti livemusiikin ja elektronisen musiikin kerroksellisuus. Miten liveorkesteri soittaa yhdess\u00e4 valmiiden tausta\u00e4\u00e4nitteiden kanssa? Kuinka n\u00e4kym\u00e4t\u00f6n taustamusiikki toimii yhten\u00e4 osana orkesteria?<\/p>\n<p>Konsertin kappaleet olivat omia s\u00e4vellyksi\u00e4ni, vanhoja pienkanteles\u00e4velmi\u00e4 sek\u00e4 s\u00e4velt\u00e4m\u00e4ni laulu, jonka teksti l\u00f6ytyi Kantelettaresta. Kappaleiden tuottaminen on ollut vuorottelua s\u00e4velt\u00e4misen sek\u00e4 \u00e4\u00e4nitteiden luomisen kanssa. Tausta\u00e4\u00e4nitteet on tehty Applen Garageband-ohjelmalla. \u00c4\u00e4nityksien raidoilta l\u00f6ytyy niin valmiita sampleja kuin itse\u00e4\u00e4nitetty\u00e4kin materiaalia. Puhun t\u00e4ss\u00e4 ty\u00f6ss\u00e4ni Garagebandin kaikesta \u00e4\u00e4nikirjastosta valikoidusta \u00e4\u00e4nimateriaalista sampleina. Osa sampleista on ollut valmista \u00e4\u00e4nimateriaalia, esim. rumpukomppeja. Toiset sampleista taas ovat \u00e4\u00e4nikirjastosta valikoituja \u201dsoittimia\u201d, joilla olen \u00e4\u00e4nitt\u00e4nyt haluamani kuuloisen osan kappaleeseen.<\/p>\n<p>T\u00e4m\u00e4 tausta\u00e4\u00e4nitteiden luominen ja niiden k\u00e4ytt\u00f6 konsertissa valikoitui projektity\u00f6kseni. K\u00e4yn l\u00e4pi ty\u00f6ss\u00e4ni kappaleet yksitt\u00e4in ja tarkennan raitojen sis\u00e4lt\u00f6\u00e4 ja sit\u00e4, miten tausta\u00e4\u00e4nite lopulta toimi live-elementtien kanssa ja mit\u00e4 kaikkea \u00e4\u00e4nitteiden valmistumiseen kuului. \u00c4\u00e4nitteet ovat kuunneltavissa kokonaisuudessaan Kappaleet-luvussa. Erittelen projektity\u00f6ss\u00e4 my\u00f6s \u00e4\u00e4nitteiden ty\u00f6st\u00e4miseen t\u00e4rkeimp\u00e4n\u00e4 kokemiani asioita ja ty\u00f6vaiheita.<\/p>\n<p>Projektina tausta\u00e4\u00e4nitteiden tekeminen oli pitk\u00e4 prosessi. Asia oli itselleni t\u00e4ysin uusi ja opeteltavaa oli paljon. Konserttiin menness\u00e4 koin kuitenkin saaneeni hyv\u00e4t ty\u00f6kalut musiikin luomiseen tietokoneella. Prosessin alussa oli vaikea kuvitella, mink\u00e4lainen musiikillinen lopputulos konsertissa tulee olemaan. Konsertissa esiintyi lopulta kolmen viulun, alttoviulun, sellon ja kahden konserttikanteleen muodostama yhtye yhdess\u00e4 tausta\u00e4\u00e4nitteiden kanssa. Tausta\u00e4\u00e4niteet olivat konsertissa hallinnassani Launchpad-laitteen kautta, josta pystyin painamaan aina seuraavan \u00e4\u00e4nitteen p\u00e4\u00e4lle ja edellisen pois. Kokonaisuudessa kuului vaikutteita mm. elektronisesta musiikista, triphopista, popista, kansanmusiikista ja elokuvamusiikista.<\/p>","protected":false},"excerpt":{"rendered":"<p>Projektity\u00f6<br \/>\nKansanmusiikin aineryhm\u00e4<br \/>\nTaideyliopiston Sibelius-Akatemia<br \/>\n2020<\/p>","protected":false},"featured_media":0,"comment_status":"closed","ping_status":"closed","template":"","meta":{"_acf_changed":false},"product_brand":[],"product_cat":[81,76],"product_tag":[],"class_list":{"0":"post-1904","1":"product","2":"type-product","3":"status-publish","5":"product_cat-maisteriopinnot","6":"product_cat-opinnaytteet","8":"first","9":"instock","10":"shipping-taxable","11":"product-type-simple"},"acf":[],"_links":{"self":[{"href":"https:\/\/etno.net\/en\/wp-json\/wp\/v2\/product\/1904","targetHints":{"allow":["GET"]}}],"collection":[{"href":"https:\/\/etno.net\/en\/wp-json\/wp\/v2\/product"}],"about":[{"href":"https:\/\/etno.net\/en\/wp-json\/wp\/v2\/types\/product"}],"replies":[{"embeddable":true,"href":"https:\/\/etno.net\/en\/wp-json\/wp\/v2\/comments?post=1904"}],"wp:attachment":[{"href":"https:\/\/etno.net\/en\/wp-json\/wp\/v2\/media?parent=1904"}],"wp:term":[{"taxonomy":"product_brand","embeddable":true,"href":"https:\/\/etno.net\/en\/wp-json\/wp\/v2\/product_brand?post=1904"},{"taxonomy":"product_cat","embeddable":true,"href":"https:\/\/etno.net\/en\/wp-json\/wp\/v2\/product_cat?post=1904"},{"taxonomy":"product_tag","embeddable":true,"href":"https:\/\/etno.net\/en\/wp-json\/wp\/v2\/product_tag?post=1904"}],"curies":[{"name":"wp","href":"https:\/\/api.w.org\/{rel}","templated":true}]}}