{"id":2238,"date":"2021-02-24T12:01:44","date_gmt":"2021-02-24T10:01:44","guid":{"rendered":"https:\/\/etno.net\/?post_type=product&#038;p=2238"},"modified":"2021-03-03T11:34:41","modified_gmt":"2021-03-03T09:34:41","slug":"itkuvirsi-improvisaatioitteni-tausta-ja-kehitys","status":"publish","type":"product","link":"https:\/\/etno.net\/en\/julkaisu\/opinnaytteet\/maisteriopinnot\/itkuvirsi-improvisaatioitteni-tausta-ja-kehitys","title":{"rendered":"Itkuvirsi-improvisaatioitteni tausta ja kehitys"},"content":{"rendered":"<h2>Tiivistelm\u00e4<\/h2>\n<p>Yrit\u00e4n tutkielmassani saada selville, pystyyk\u00f6 itkuvirsi\u00e4 improvisoimaan samalla tavoin kuin aikaisemmin, vaikka esitystilanne on erilainen. Olen tutkinut em. asiaa itse esitt\u00e4m\u00e4ll\u00e4.<\/p>\n<p>Tutkimusaineistona olen k\u00e4ytt\u00e4nyt yht\u00e4 arkistonauhoitusta sek\u00e4 nelj\u00e4\u00e4 julkista itkuvirsiesityst\u00e4ni (esim. virret 1-5), joitten analysointia eri informanttien haastattelut (ON 1985:1-5) itkuvirsi-aiheesta ovat tukeneet.<\/p>\n<p>Nykyisin itkuvirsi\u00e4 ei voi opetella suullisena, muistinvaraisena perinteen\u00e4 kuten aikaisemmin, koska itkuvirrell\u00e4 ei t\u00e4m\u00e4nhetkisess\u00e4 kulttuurissa ole omaa funktiota. Sen vuoksi itkuvirsi\u00e4 t\u00e4ytyy nykyisin opetella sek\u00e4 harjoittamalla melodian improvisointia, jota tukee arkistonauhojen kuuntelu ett\u00e4 harjoittamalla runon tuottamista, jota voi opetella lukemalla itkuvirsirunoutta ja syventym\u00e4ll\u00e4 aiheeseen, josta haluaa itke\u00e4. Mutta itkij\u00e4ll\u00e4 on my\u00f6s oltava aito kiinnostus ja usko itkuvirsien k\u00e4sitemaailmaan. Ainoastaan silloin voi esitt\u00e4j\u00e4 onnistua itkuvirsi-improvisaatiossaan.<\/p>\n<h2>Sis\u00e4llysluettelo<\/h2>\n<dl>\n<dt>Johdanto<\/dt>\n<\/dl>\n<dl>\n<dt>1 L\u00e4ht\u00f6kohdat<\/dt>\n<dd>1.1 Itkuvirren olemus ja tyylikeinot<\/dd>\n<dd>1.2 Kuolinitkut ja ortodoksinen kuolemak\u00e4site<\/dd>\n<dd>1.3 Itkuvirsi nyky\u00e4\u00e4n<\/dd>\n<\/dl>\n<dl>\n<dt>2 Tutkimusaineisto<\/dt>\n<dd>2.1 Oma tausta<\/dd>\n<dd>2.2 Aineisto karttuu ja muotoutuu<\/dd>\n<dd>2.3 Omat esitykset<\/dd>\n<\/dl>\n<dl>\n<dt>3 Analyysi aineistosta<\/dt>\n<dd>3.1 Runoanalyysi<\/dd>\n<dd>3.2 Musiikkianalyysi<\/dd>\n<\/dl>\n<dl>\n<dt>4 Johtop\u00e4\u00e4t\u00f6kset<\/dt>\n<\/dl>\n<dl>\n<dt>Kirjallisuus<\/dt>\n<dt>Recordings<\/dt>\n<dt>Epilogi<\/dt>\n<\/dl>","protected":false},"excerpt":{"rendered":"<p>Tutkielma<br \/>\nTaideyliopiston Sibelius-Akatemia<br \/>\nKansanmusiikin aineryhm\u00e4<br \/>\n1989<\/p>","protected":false},"featured_media":0,"comment_status":"closed","ping_status":"closed","template":"","meta":{"_acf_changed":false},"product_brand":[],"product_cat":[81,76],"product_tag":[],"class_list":{"0":"post-2238","1":"product","2":"type-product","3":"status-publish","5":"product_cat-maisteriopinnot","6":"product_cat-opinnaytteet","8":"first","9":"instock","10":"shipping-taxable","11":"product-type-simple"},"acf":[],"_links":{"self":[{"href":"https:\/\/etno.net\/en\/wp-json\/wp\/v2\/product\/2238","targetHints":{"allow":["GET"]}}],"collection":[{"href":"https:\/\/etno.net\/en\/wp-json\/wp\/v2\/product"}],"about":[{"href":"https:\/\/etno.net\/en\/wp-json\/wp\/v2\/types\/product"}],"replies":[{"embeddable":true,"href":"https:\/\/etno.net\/en\/wp-json\/wp\/v2\/comments?post=2238"}],"wp:attachment":[{"href":"https:\/\/etno.net\/en\/wp-json\/wp\/v2\/media?parent=2238"}],"wp:term":[{"taxonomy":"product_brand","embeddable":true,"href":"https:\/\/etno.net\/en\/wp-json\/wp\/v2\/product_brand?post=2238"},{"taxonomy":"product_cat","embeddable":true,"href":"https:\/\/etno.net\/en\/wp-json\/wp\/v2\/product_cat?post=2238"},{"taxonomy":"product_tag","embeddable":true,"href":"https:\/\/etno.net\/en\/wp-json\/wp\/v2\/product_tag?post=2238"}],"curies":[{"name":"wp","href":"https:\/\/api.w.org\/{rel}","templated":true}]}}