{"id":2268,"date":"2021-02-26T11:02:54","date_gmt":"2021-02-26T09:02:54","guid":{"rendered":"https:\/\/etno.net\/?post_type=product&#038;p=2268"},"modified":"2021-06-16T11:29:33","modified_gmt":"2021-06-16T09:29:33","slug":"toivo-alaspaan-kanteleensoittotyyli","status":"publish","type":"product","link":"https:\/\/etno.net\/en\/julkaisu\/opinnaytteet\/maisteriopinnot\/toivo-alaspaan-kanteleensoittotyyli","title":{"rendered":"Toivo Alasp\u00e4\u00e4n kanteleensoittotyyli"},"content":{"rendered":"<h2>Tiivistelm\u00e4<\/h2>\n<p>T\u00e4m\u00e4 tutkielma perustuu ty\u00f6skentelyyni Toivo Alasp\u00e4\u00e4n kanssa. H\u00e4n on kotoisin Vetelin pit\u00e4j\u00e4st\u00e4, jossa Perhonjokilaakson kanteleensoittoperinne on el\u00e4nyt vahvana n\u00e4ihin p\u00e4iviin asti. Alasp\u00e4\u00e4 itse on oppinut kanteleensoittotaitonsa jo lapsena.<\/p>\n<p>Aloitin Toivo Alasp\u00e4\u00e4n oppilaana kev\u00e4\u00e4ll\u00e4 1987, koska halusin nimenomaan opetusta kuulonvaraisesti soittotaitonsa oppineelta pelimannilta.<\/p>\n<p>Tutkielmani p\u00e4\u00e4m\u00e4\u00e4r\u00e4n\u00e4 on saada selville, mik\u00e4 on Toivo Alasp\u00e4\u00e4lle ominainen kanteleensoittotyyli. Minua kiinnostaa my\u00f6s se, soittaako h\u00e4n perinteiseen tapaan Perhonjokilaakson tyylill\u00e4, vai poikkeaako h\u00e4nen soittonsa t\u00e4st\u00e4 tyylist\u00e4. Olen tutkinut h\u00e4nen soittotapaansa: soittoasentoa, sormien kosketusta kanteleen kieliin sek\u00e4 mahdollisia muita erityispiirteit\u00e4.<\/p>\n<p>Musiikkianalyysiosassa olen analysoinut kahta Perhonjokilaakson kanteleensoittotyylille ominaista piirrett\u00e4: Pelimannityyli\u00e4 ja laulutyyli\u00e4. N\u00e4iss\u00e4 olen tutkinut variointia melodiassa, ja s\u00e4estyksess\u00e4, melodian rytmikkyytt\u00e4 sek\u00e4 fraseerausta.<\/p>\n<p>Tutkimusaineistoni perustuu oppitunneilla \u00e4\u00e4nitt\u00e4m\u00e4\u00e4ni materiaaliin: \u00c4\u00e4ninauhoja minulla on kuusi kappaletta (NA 1-6), jotka sis\u00e4lt\u00e4v\u00e4t musiikkia ja haastatteluja, sek\u00e4 olennaisimpana v\u00e4lineen\u00e4 olen musiikkianalyysiss\u00e4 k\u00e4ytt\u00e4nyt videolaitetta. (VI 1)<\/p>\n<h2>Sis\u00e4llysluettelo<\/h2>\n<dl>\n<dt><strong>Esipuhe<\/strong><\/dt>\n<dt><\/dt>\n<dt><strong>1 Tutkimusasetelma<\/strong><\/dt>\n<dt><\/dt>\n<dd>1.1 Perhonjokilaakson kanteleensoittotyyli<\/dd>\n<dd>1.2 Toivo Alasp\u00e4\u00e4, kanteleensoittaja<\/dd>\n<dd>1.3 Toivo Alasp\u00e4\u00e4n oppilaana<\/dd>\n<dt><strong>2 Tutkimusaineisto<\/strong><\/dt>\n<dt><strong>3 Soittotyylin analyysi<\/strong><\/dt>\n<dd>3.1 Soittotapa<\/dd>\n<dd>3.2 Pelimannityyli &#8221;Karvosen Matin sottiisi&#8221;<\/dd>\n<dd>3.2.1 Havaintoja muusta videoidusta materiaalista<\/dd>\n<dd>3.3 Laulutyyli<\/dd>\n<dd>3.3.1 &#8221;Hiljaiset soinnut&#8221;<\/dd>\n<dd>3.3.2 &#8221;Tule tule minun yst\u00e4v\u00e4ni rantahan&#8221;<\/dd>\n<dt><strong>4 Toivo Alasp\u00e4\u00e4n kanteleensoittotyylin kuvaus<\/strong><\/dt>\n<\/dl>\n<dl>\n<dt>Kirjallisuus<\/dt>\n<dt>Liitteet<\/dt>\n<\/dl>","protected":false},"excerpt":{"rendered":"<p>Tutkielma<br \/>\nTaideyliopiston Sibelius-Akatemia<br \/>\nKansanmusiikin aineryhm\u00e4<br \/>\n1989<\/p>","protected":false},"featured_media":0,"comment_status":"closed","ping_status":"closed","template":"","meta":{"_acf_changed":false},"product_brand":[],"product_cat":[81,76],"product_tag":[],"class_list":{"0":"post-2268","1":"product","2":"type-product","3":"status-publish","5":"product_cat-maisteriopinnot","6":"product_cat-opinnaytteet","8":"first","9":"instock","10":"shipping-taxable","11":"product-type-simple"},"acf":[],"_links":{"self":[{"href":"https:\/\/etno.net\/en\/wp-json\/wp\/v2\/product\/2268","targetHints":{"allow":["GET"]}}],"collection":[{"href":"https:\/\/etno.net\/en\/wp-json\/wp\/v2\/product"}],"about":[{"href":"https:\/\/etno.net\/en\/wp-json\/wp\/v2\/types\/product"}],"replies":[{"embeddable":true,"href":"https:\/\/etno.net\/en\/wp-json\/wp\/v2\/comments?post=2268"}],"wp:attachment":[{"href":"https:\/\/etno.net\/en\/wp-json\/wp\/v2\/media?parent=2268"}],"wp:term":[{"taxonomy":"product_brand","embeddable":true,"href":"https:\/\/etno.net\/en\/wp-json\/wp\/v2\/product_brand?post=2268"},{"taxonomy":"product_cat","embeddable":true,"href":"https:\/\/etno.net\/en\/wp-json\/wp\/v2\/product_cat?post=2268"},{"taxonomy":"product_tag","embeddable":true,"href":"https:\/\/etno.net\/en\/wp-json\/wp\/v2\/product_tag?post=2268"}],"curies":[{"name":"wp","href":"https:\/\/api.w.org\/{rel}","templated":true}]}}