{"id":2271,"date":"2021-02-26T11:11:02","date_gmt":"2021-02-26T09:11:02","guid":{"rendered":"https:\/\/etno.net\/?post_type=product&#038;p=2271"},"modified":"2021-06-17T09:19:00","modified_gmt":"2021-06-17T07:19:00","slug":"martti-pokelan-kanteleensoittotekniikka-ja-kantelemusiikki","status":"publish","type":"product","link":"https:\/\/etno.net\/en\/julkaisu\/opinnaytteet\/maisteriopinnot\/martti-pokelan-kanteleensoittotekniikka-ja-kantelemusiikki","title":{"rendered":"Martti Pokelan kanteleensoittotekniikka ja kantelemusiikki"},"content":{"rendered":"<h2>Sis\u00e4llysluettelo<\/h2>\n<dl>\n<dt>Johdanto<\/dt>\n<\/dl>\n<p>1 Tutkimusasetelma<\/p>\n<p>1.1 Tutkimusaineisto ja sen hankinta<\/p>\n<dl>\n<dt>2 Martti Pokela &#8211; 65 vuotta musiikkia<\/dt>\n<dd>2.1 Musiikkihistoriallinen el\u00e4m\u00e4kerta<\/dd>\n<dd>2.2 Martti Pokelan toiminta kanteleen hyv\u00e4ksi<\/dd>\n<\/dl>\n<p>&nbsp;<\/p>\n<dl>\n<dt>3 Martti Pokelan kanteleensoittotekniikka<\/dt>\n<dd>3.1 Martti Pokelan kanteleensoittoasento ja -tapa<\/dd>\n<dd>3.2 Martti Pokelan suomalaiseen kantelemusiikkiin tuomat soittotekniset erikoisuudet<\/dd>\n<\/dl>\n<p>&nbsp;<\/p>\n<dl>\n<dt>4 Kanteles\u00e4velt\u00e4j\u00e4 Martti Pokela<\/dt>\n<dd>4.1 Kanteles\u00e4vellysten inspiraatiol\u00e4hteet<\/dd>\n<dd>4.2 Pokelan kuvaus omista s\u00e4velt\u00e4j\u00e4ominaisuuksistaan<\/dd>\n<dd>4.3 Koneistokantele ja Martti Pokelan s\u00e4vellykset<\/dd>\n<dd>4.4 Pokelan tapa tehd\u00e4 s\u00e4vellyksi\u00e4 ja merkit\u00e4 niit\u00e4 muistiin<\/dd>\n<dd>4.5 Ryhm\u00e4ty\u00f6s\u00e4velt\u00e4minen<\/dd>\n<dd>4.6 Yhteenveto Pokelan s\u00e4velt\u00e4misprosessista<\/dd>\n<\/dl>\n<p>&nbsp;<\/p>\n<dl>\n<dt>5 Martti Pokelan kanteleensoittotekniikan ja kantelemusiikin omaksuminen<\/dt>\n<dd>5.1 Martti Pokelan kanteleensoiton opetusmetodi<\/dd>\n<dd>5.2 Ensimm\u00e4iset tuntini Pokelan johdolla; kuinka tutustuin Pokelan soittotyyliin, opetustapaan ja h\u00e4nen kantelemusiikkinsa omaksumisongelmiin<\/dd>\n<dd>5.3 Mit\u00e4 Pokelan kantelemusiikki on ja kuinka se olisi helpoiten omaksuttavissa<\/dd>\n<\/dl>\n<p>&nbsp;<\/p>\n<dl>\n<dt>6 Musiikkianalyysi Martti Pokelan s\u00e4vellyksest\u00e4 Pollati poro lullati<\/dt>\n<\/dl>\n<p>&nbsp;<\/p>\n<dl>\n<dt>7 Yhteenveto ja johtop\u00e4\u00e4t\u00f6kset<\/dt>\n<\/dl>\n<p>&nbsp;<\/p>\n<dl>\n<dt>L\u00e4hteet<\/dt>\n<\/dl>\n<p>&nbsp;<\/p>\n<dl>\n<dt>Liitteet<\/dt>\n<\/dl>","protected":false},"excerpt":{"rendered":"<p>Tutkielma<br \/>\nTaideyliopiston Sibelius-Akatemia<br \/>\nKansanmusiikin aineryhm\u00e4<br \/>\n1989<\/p>","protected":false},"featured_media":0,"comment_status":"closed","ping_status":"closed","template":"","meta":{"_acf_changed":false},"product_brand":[],"product_cat":[81,76],"product_tag":[],"class_list":{"0":"post-2271","1":"product","2":"type-product","3":"status-publish","5":"product_cat-maisteriopinnot","6":"product_cat-opinnaytteet","8":"first","9":"instock","10":"shipping-taxable","11":"product-type-simple"},"acf":[],"_links":{"self":[{"href":"https:\/\/etno.net\/en\/wp-json\/wp\/v2\/product\/2271","targetHints":{"allow":["GET"]}}],"collection":[{"href":"https:\/\/etno.net\/en\/wp-json\/wp\/v2\/product"}],"about":[{"href":"https:\/\/etno.net\/en\/wp-json\/wp\/v2\/types\/product"}],"replies":[{"embeddable":true,"href":"https:\/\/etno.net\/en\/wp-json\/wp\/v2\/comments?post=2271"}],"wp:attachment":[{"href":"https:\/\/etno.net\/en\/wp-json\/wp\/v2\/media?parent=2271"}],"wp:term":[{"taxonomy":"product_brand","embeddable":true,"href":"https:\/\/etno.net\/en\/wp-json\/wp\/v2\/product_brand?post=2271"},{"taxonomy":"product_cat","embeddable":true,"href":"https:\/\/etno.net\/en\/wp-json\/wp\/v2\/product_cat?post=2271"},{"taxonomy":"product_tag","embeddable":true,"href":"https:\/\/etno.net\/en\/wp-json\/wp\/v2\/product_tag?post=2271"}],"curies":[{"name":"wp","href":"https:\/\/api.w.org\/{rel}","templated":true}]}}