{"id":2272,"date":"2021-02-26T11:12:01","date_gmt":"2021-02-26T09:12:01","guid":{"rendered":"https:\/\/etno.net\/?post_type=product&#038;p=2272"},"modified":"2021-06-17T11:45:38","modified_gmt":"2021-06-17T09:45:38","slug":"veisuun-ehdot-ylivieskalaisen-herannaisveisaajan-kerttu-hannulan-vanhan-virsikirjan-veisuutyyli","status":"publish","type":"product","link":"https:\/\/etno.net\/en\/julkaisu\/opinnaytteet\/maisteriopinnot\/veisuun-ehdot-ylivieskalaisen-herannaisveisaajan-kerttu-hannulan-vanhan-virsikirjan-veisuutyyli","title":{"rendered":"Veisuun ehdot &#8211; Ylivieskalaisen her\u00e4nn\u00e4isveisaajan, Kerttu Hannulan vanhan virsikirjan veisuutyyli"},"content":{"rendered":"<h2>Tiivistelm\u00e4<\/h2>\n<p>Kansanlaulaja ei ajattele s\u00e4velm\u00e4\u00e4 tietyn mittaisina tai korkuisina s\u00e4velin\u00e4. T\u00e4ll\u00f6in s\u00e4estykset\u00f6n yksinlaulu, kuten veisuu, on hyvin altis vapaalle rytmin ja melodian k\u00e4sittelylle.<\/p>\n<p>Nuotintaessani ylivieskalaisilta her\u00e4nn\u00e4isveisaajilta tallentamiani ns. vanhan virsikirjan virsi\u00e4, vakuutuin siit\u00e4, ett\u00e4 tekstill\u00e4 ja melodialla on vuorovaikutussuhde. Teksti vaikuttaa mm. rytmin k\u00e4sittelyyn ja melodia esimerkiksi siihen, miten virren sanat sijoitetaan s\u00e4velm\u00e4\u00e4n. Vanhan virsikirjan teksti on nimitt\u00e4in runomitaltaan niin vapaata, ett\u00e4 sanoja on aluksi vaikea yhdist\u00e4\u00e4 melodian kanssa. Niinp\u00e4 minua alkoi kiinnostaa s\u00e4\u00e4nn\u00f6st\u00f6n laatiminen siit\u00e4, miten ko. virsikirjan teksti ja melodia yhdistet\u00e4\u00e4n &#8217;tyylinmukaisesti&#8217;.<\/p>\n<p>Vanhan virsikirjan tekstin ja melodian yhdist\u00e4mist\u00e4 tarkastelen ylivieskalaisen her\u00e4nn\u00e4isveisaajan, Kerttu Hannulan veisuun perusteella. Selvit\u00e4n samalla my\u00f6s h\u00e4nen laulutyylist\u00e4\u00e4n seuraavia tekij\u00f6it\u00e4: \u00e4\u00e4nenv\u00e4ri\u00e4 ja -k\u00e4ytt\u00f6\u00e4, tempoa, rytmin k\u00e4sittely\u00e4, tekstin lausumista sek\u00e4 muuntelua. Mielenkiintoisena piirteen\u00e4 h\u00e4nen veisuustaan erottuu pulssittomuus, jonka syit\u00e4 mm. etsin.<\/p>\n<p>Laajempana tavoitteena em. s\u00e4\u00e4nn\u00f6st\u00f6n laatimisen lis\u00e4ksi minulla on selvitt\u00e4\u00e4, mist\u00e4 tekij\u00f6ist\u00e4 laulu yleens\u00e4 koostuu. N\u00e4it\u00e4 tekij\u00f6it\u00e4 muuntelemalla voi tietoisesti saada aikaan eri s\u00e4vyj\u00e4.<\/p>\n<p>Aineiston olen ker\u00e4nnyt vuosina 1985-89. Siihen kuuluu mm. 14 \u00e4\u00e4ninauhaa, jotka sis\u00e4lt\u00e4v\u00e4t sooloveisuuta viidelt\u00e4 veisaajalta, seuraveisuuta sek\u00e4 haastattelua.<\/p>\n<h2>Sis\u00e4llys<\/h2>\n<dl>\n<dt>Tiivistelm\u00e4<\/dt>\n<dt>Johdanto<\/dt>\n<dt>Taulukot, valokuvat ja viitelyhenteet<\/dt>\n<\/dl>\n<p>1 Tutkimuksen tausta<\/p>\n<dl>\n<dd>1.1 Vanha virsikirja<\/dd>\n<dd>1.2 Her\u00e4nn\u00e4isyys<\/dd>\n<dd>1.3 Kerttu Hannula<\/dd>\n<\/dl>\n<p>2 Tutkimusasetelma<\/p>\n<dl>\n<dd>2.1 Tutkimuskysymykset<\/dd>\n<dd>2.2 Aineiston keruumenetelm\u00e4t<\/dd>\n<dd>2.3 Tutkimusaineisto<\/dd>\n<dd>\u00a0 \u00a0 \u00a0 \u00a0 \u00a0 \u00a0 2.3.1 Tutkimuksen virsi<\/dd>\n<\/dl>\n<p>3 Analyysi<\/p>\n<dl>\n<dd>3.1 Tutkimusmetodi<\/dd>\n<dd>3.2 Kuvausta Kerttu Hannulan \u00e4\u00e4nenv\u00e4rist\u00e4 ja -k\u00e4yt\u00f6st\u00e4<\/dd>\n<dd>3.3 Kerttu Hannulan k\u00e4ytt\u00e4m\u00e4 s\u00e4velala eli ambitus<\/dd>\n<dd>3.4 Veisuun temporaalisuus<\/dd>\n<dd>3.5 Umpi- ja avotavujen veisaaminen<\/dd>\n<dd>3.6 Sanat\u00e4ydennykset ja tekstin sijoittaminen melodiaan<\/dd>\n<dd>3.7 Muuntelu<\/dd>\n<\/dl>\n<p>4 Tulokset<\/p>\n<p>Liitteet<\/p>\n<dl>\n<dt>L\u00e4hteet<\/dt>\n<\/dl>","protected":false},"excerpt":{"rendered":"<p>Tutkielma<br \/>\nKansanmusiikin aineryhm\u00e4<br \/>\nTaideyliopiston Sibelius-Akatemia<br \/>\n1990<\/p>","protected":false},"featured_media":0,"comment_status":"closed","ping_status":"closed","template":"","meta":{"_acf_changed":false},"product_brand":[],"product_cat":[81,76],"product_tag":[],"class_list":{"0":"post-2272","1":"product","2":"type-product","3":"status-publish","5":"product_cat-maisteriopinnot","6":"product_cat-opinnaytteet","8":"first","9":"instock","10":"shipping-taxable","11":"product-type-simple"},"acf":[],"_links":{"self":[{"href":"https:\/\/etno.net\/en\/wp-json\/wp\/v2\/product\/2272","targetHints":{"allow":["GET"]}}],"collection":[{"href":"https:\/\/etno.net\/en\/wp-json\/wp\/v2\/product"}],"about":[{"href":"https:\/\/etno.net\/en\/wp-json\/wp\/v2\/types\/product"}],"replies":[{"embeddable":true,"href":"https:\/\/etno.net\/en\/wp-json\/wp\/v2\/comments?post=2272"}],"wp:attachment":[{"href":"https:\/\/etno.net\/en\/wp-json\/wp\/v2\/media?parent=2272"}],"wp:term":[{"taxonomy":"product_brand","embeddable":true,"href":"https:\/\/etno.net\/en\/wp-json\/wp\/v2\/product_brand?post=2272"},{"taxonomy":"product_cat","embeddable":true,"href":"https:\/\/etno.net\/en\/wp-json\/wp\/v2\/product_cat?post=2272"},{"taxonomy":"product_tag","embeddable":true,"href":"https:\/\/etno.net\/en\/wp-json\/wp\/v2\/product_tag?post=2272"}],"curies":[{"name":"wp","href":"https:\/\/api.w.org\/{rel}","templated":true}]}}