{"id":2273,"date":"2021-02-26T11:25:01","date_gmt":"2021-02-26T09:25:01","guid":{"rendered":"https:\/\/etno.net\/?post_type=product&#038;p=2273"},"modified":"2021-04-06T10:08:01","modified_gmt":"2021-04-06T08:08:01","slug":"tauno-aho-ja-soittotyyli-polkan-soitossa","status":"publish","type":"product","link":"https:\/\/etno.net\/en\/julkaisu\/opinnaytteet\/maisteriopinnot\/tauno-aho-ja-soittotyyli-polkan-soitossa","title":{"rendered":"Tauno Aho ja soittotyyli polkan soitossa"},"content":{"rendered":"<h2>Tiivistelm\u00e4<\/h2>\n<p>T\u00e4ss\u00e4 ty\u00f6ss\u00e4ni olen tutkinut kuortanelaisen kaksirivisen soittajan Tauno Ahon soittotyyli\u00e4 polkan soitossa. H\u00e4n edustaa tyypillist\u00e4 Etel\u00e4-Pohjalaista pelimannia, joka jo pienen\u00e4 oppi perinteisen tyylin ja ohjelmiston. Ohjelmisto koostuukin p\u00e4\u00e4asiassa vuosisadan alun tanssimusiikista, polkista, valsseista, jenkoista, polskista jne.<\/p>\n<p>Tutkielman tarkoituksena on saada selville millainen on Tauno Ahon soittotyyli polkan soitossa ja mist\u00e4 eri osa-alueista se koostuu. Olen halunnut my\u00f6s selvitt\u00e4\u00e4, miksi Tauno Ahon osittama polkka tosiasiassa kuulostaa silt\u00e4 kuin se kuulostaa.<\/p>\n<p>Analyysiosassa olen selvitt\u00e4nyt Tauno Ahon ohjelmiston koostumusta, harmonian ja basson k\u00e4ytt\u00f6, rytmink\u00e4sittely\u00e4 ja muuntelua. T\u00e4rkeimp\u00e4n\u00e4 analyysiv\u00e4lineen\u00e4 olen k\u00e4ytt\u00e4nyt tietokonetta, jolla selvit\u00e4n \u00e4\u00e4nten voimakkuus- ja pituussuhteita.<\/p>\n<p>Tauno Ahon polkan soitto koostuu selv\u00e4sti eri osa-alueista, joista ensimm\u00e4isen\u00e4 kuulijalle v\u00e4littyv\u00e4t basson k\u00e4ytt\u00f6 ja rytmin tasaisuus. Kun siihen lis\u00e4t\u00e4\u00e4n rytminen muuntelu ja \u00e4\u00e4nten erilaiset painotukset on koossa tyyli, josta Tauno Ahon erottaa muiden soittajien joukosta.<\/p>\n<h2>Sis\u00e4llysluettelo<\/h2>\n<dl>\n<dt>1 Johdanto<\/dt>\n<\/dl>\n<dl>\n<dt>2 Tutkimusasetelma<\/dt>\n<dd>2.1 Tutkimusongelmat<\/dd>\n<dd>2.2 Materiaali<\/dd>\n<dd>2.3 K\u00e4sitteiden m\u00e4\u00e4rittely<\/dd>\n<dd>2.4 Aikaisemmat tutkimukset<\/dd>\n<\/dl>\n<dl>\n<dt>3 Tauno Ahon biografia<\/dt>\n<\/dl>\n<dl>\n<dt>4 Ohjelmisto<\/dt>\n<dd>4.1 Aktiivinen ohjelmisto<\/dd>\n<dd>4.2 Passiivinen ohjelmisto<\/dd>\n<dd>4.3 Duuri- ja mollis\u00e4vellajit<\/dd>\n<\/dl>\n<dl>\n<dt>5 Tauno Ahon soittotyyli<\/dt>\n<dd>5.1 Soittoasento<\/dd>\n<dd>5.2 Harmonia<\/dd>\n<dd>5.3 Rytmiikka\/rytmink\u00e4sittely<\/dd>\n<dd>5.4 Basson k\u00e4ytt\u00f6<\/dd>\n<dd>5.5 Muuntelu yhden soittokerran aikana<\/dd>\n<dd>\u00a0 \u00a0 \u00a0 \u00a0 5.5.1 Rytminen muuntelu<\/dd>\n<dd>5.6 \u00c4\u00e4nten voimakkuussuhteet tahdin mittaisessa osassa<\/dd>\n<dd>5.7 \u00c4\u00e4nten pituussuhteet tahdin mittaisessa osassa<\/dd>\n<dd>5.8 Intensiteetin kuvaus nuottikirjoituksessa<\/dd>\n<\/dl>\n<dl>\n<dt>6 Tulokset ja niiden tarkastelu<\/dt>\n<\/dl>\n<dl>\n<dt>Viitteet<\/dt>\n<dt>Liitteet<\/dt>\n<dt>L\u00e4hteet<\/dt>\n<\/dl>","protected":false},"excerpt":{"rendered":"<p>Tutkielma<br \/>\nTaideyliopiston Sibelius-Akatemia<br \/>\nKansanmusiikin aineryhm\u00e4<br \/>\n1990<\/p>","protected":false},"featured_media":0,"comment_status":"closed","ping_status":"closed","template":"","meta":{"_acf_changed":false},"product_brand":[],"product_cat":[81,76],"product_tag":[],"class_list":{"0":"post-2273","1":"product","2":"type-product","3":"status-publish","5":"product_cat-maisteriopinnot","6":"product_cat-opinnaytteet","8":"first","9":"instock","10":"shipping-taxable","11":"product-type-simple"},"acf":[],"_links":{"self":[{"href":"https:\/\/etno.net\/en\/wp-json\/wp\/v2\/product\/2273","targetHints":{"allow":["GET"]}}],"collection":[{"href":"https:\/\/etno.net\/en\/wp-json\/wp\/v2\/product"}],"about":[{"href":"https:\/\/etno.net\/en\/wp-json\/wp\/v2\/types\/product"}],"replies":[{"embeddable":true,"href":"https:\/\/etno.net\/en\/wp-json\/wp\/v2\/comments?post=2273"}],"wp:attachment":[{"href":"https:\/\/etno.net\/en\/wp-json\/wp\/v2\/media?parent=2273"}],"wp:term":[{"taxonomy":"product_brand","embeddable":true,"href":"https:\/\/etno.net\/en\/wp-json\/wp\/v2\/product_brand?post=2273"},{"taxonomy":"product_cat","embeddable":true,"href":"https:\/\/etno.net\/en\/wp-json\/wp\/v2\/product_cat?post=2273"},{"taxonomy":"product_tag","embeddable":true,"href":"https:\/\/etno.net\/en\/wp-json\/wp\/v2\/product_tag?post=2273"}],"curies":[{"name":"wp","href":"https:\/\/api.w.org\/{rel}","templated":true}]}}