{"id":2274,"date":"2021-02-26T11:27:27","date_gmt":"2021-02-26T09:27:27","guid":{"rendered":"https:\/\/etno.net\/?post_type=product&#038;p=2274"},"modified":"2021-03-03T11:46:29","modified_gmt":"2021-03-03T09:46:29","slug":"melodiabassoharmonikan-kaytto-kansanmusiikissa","status":"publish","type":"product","link":"https:\/\/etno.net\/en\/julkaisu\/opinnaytteet\/maisteriopinnot\/melodiabassoharmonikan-kaytto-kansanmusiikissa","title":{"rendered":"Melodiabassoharmonikan k\u00e4ytt\u00f6 kansanmusiikissa"},"content":{"rendered":"<h2>Tiivistelm\u00e4<\/h2>\n<p>Melodiabassoharmonikan k\u00e4ytt\u00f6 kansanmusiikissa on j\u00e4\u00e4nyt hyvin v\u00e4h\u00e4iseksi. Yrit\u00e4n taiteellispainotteisessa projektissani selvitt\u00e4\u00e4 melodiabassoharmonikan, erityisesti sen bassopuolen k\u00e4ytt\u00f6mahdollisuuksia kansanmusiikissa. P\u00e4\u00e4m\u00e4\u00e4r\u00e4n\u00e4ni on ollut, ett\u00e4 melodiabassoa soitettaisiin luovasti ja itsen\u00e4isesti, tasavertaisesti diskanttipuolen kanssa. Olen sovittanut ja s\u00e4velt\u00e4nyt kansanmusiikkia melodiabassoharmonikalle projektiani varten. Valmista materiaalia en ole k\u00e4ytt\u00e4nyt, koska sit\u00e4 ei juurikaan ole saatavilla.<\/p>\n<p>Projektini kirjallisessa osassa olen k\u00e4ynyt l\u00e4pi melodiabasson k\u00e4yt\u00f6n periaatteita ja miettinyt, millaisiin s\u00e4velmiin melodiabsso voisi erityisen hyvin soveltua ja mitk\u00e4 asiat sen soitossa ovat tuottaneet hankaluuksia. Olen analysoinut nelj\u00e4 projektini taiteellisessa osassa esitett\u00e4v\u00e4\u00e4 s\u00e4velm\u00e4\u00e4. Opetan kansanmusiikin soittoa melodiabassoharmonikalla kahdelle oppilaalle. Projektissani on ajatuksiani opetusty\u00f6st\u00e4 ja mietteit\u00e4 melodiabasson tulevaisuudesta kansanmusiikissa.<\/p>\n<p>Melodiabassoharmonikan avulla olen l\u00f6yt\u00e4nyt uusia ulottuvuuksia kansanmusiikin soittoon. Uskon, ett\u00e4 melodiabassoharmonikalla voidaan luoda uudenlainen soittotyyli kansanmusiikkiin.<\/p>\n<h2>Sis\u00e4llysluettelo<\/h2>\n<dl>\n<dt>Johdanto<\/dt>\n<dt>Konserttiohjelma<\/dt>\n<dt>1 Kokemuksia melodiabasson k\u00e4yt\u00f6st\u00e4<\/dt>\n<dt>2 Harmonikan ominaisuuksista<\/dt>\n<dd>2.1 Yleist\u00e4 harmonikasta<\/dd>\n<dd>2.2 Melodiabassoharmonikka<\/dd>\n<dt>3 Melodiabasson k\u00e4yt\u00f6n periaatteet<\/dt>\n<dd>3.1 Palje ja kaaritukset<\/dd>\n<dd>3.2 Melodiasoitto<\/dd>\n<dd>3.3 Toinen \u00e4\u00e4ni<\/dd>\n<dd>3.4 Borduna<\/dd>\n<dd>3.5 Unisono<\/dd>\n<dd>3.6 Rekisterit<\/dd>\n<dd>3.7 Soittimellisuus<\/dd>\n<dd>3.8 Yhtyesoitto<\/dd>\n<dt>4\u00a0Konsertin ohjelmasta<\/dt>\n<dd>4.1 S\u00e4velmien tunnelmasta<\/dd>\n<dd>4.2 Nelj\u00e4 esimerkki\u00e4 melodiabasson k\u00e4yt\u00f6st\u00e4<\/dd>\n<dt>5 Kokemuksia opetusty\u00f6st\u00e4<\/dt>\n<dt>6 Melodiabasson tulevaisuudesta kansanmusiikissa<\/dt>\n<dt>Nuottiliite<\/dt>\n<\/dl>","protected":false},"excerpt":{"rendered":"<p>Projektity\u00f6<br \/>\nTaideyliopiston Sibelius-Akatemia<br \/>\nKansanmusiikin aineryhm\u00e4<br \/>\n1990<\/p>","protected":false},"featured_media":0,"comment_status":"closed","ping_status":"closed","template":"","meta":{"_acf_changed":false},"product_brand":[],"product_cat":[81,76],"product_tag":[],"class_list":{"0":"post-2274","1":"product","2":"type-product","3":"status-publish","5":"product_cat-maisteriopinnot","6":"product_cat-opinnaytteet","8":"first","9":"instock","10":"shipping-taxable","11":"product-type-simple"},"acf":[],"_links":{"self":[{"href":"https:\/\/etno.net\/en\/wp-json\/wp\/v2\/product\/2274","targetHints":{"allow":["GET"]}}],"collection":[{"href":"https:\/\/etno.net\/en\/wp-json\/wp\/v2\/product"}],"about":[{"href":"https:\/\/etno.net\/en\/wp-json\/wp\/v2\/types\/product"}],"replies":[{"embeddable":true,"href":"https:\/\/etno.net\/en\/wp-json\/wp\/v2\/comments?post=2274"}],"wp:attachment":[{"href":"https:\/\/etno.net\/en\/wp-json\/wp\/v2\/media?parent=2274"}],"wp:term":[{"taxonomy":"product_brand","embeddable":true,"href":"https:\/\/etno.net\/en\/wp-json\/wp\/v2\/product_brand?post=2274"},{"taxonomy":"product_cat","embeddable":true,"href":"https:\/\/etno.net\/en\/wp-json\/wp\/v2\/product_cat?post=2274"},{"taxonomy":"product_tag","embeddable":true,"href":"https:\/\/etno.net\/en\/wp-json\/wp\/v2\/product_tag?post=2274"}],"curies":[{"name":"wp","href":"https:\/\/api.w.org\/{rel}","templated":true}]}}