{"id":2275,"date":"2021-02-26T11:30:29","date_gmt":"2021-02-26T09:30:29","guid":{"rendered":"https:\/\/etno.net\/?post_type=product&#038;p=2275"},"modified":"2021-03-03T11:47:06","modified_gmt":"2021-03-03T09:47:06","slug":"suomalais-ugrilaisen-musiikin-tutkimuksen-historiasta-unkarissa","status":"publish","type":"product","link":"https:\/\/etno.net\/en\/julkaisu\/opinnaytteet\/maisteriopinnot\/suomalais-ugrilaisen-musiikin-tutkimuksen-historiasta-unkarissa","title":{"rendered":"Suomalais-ugrilaisen musiikin tutkimuksen historiasta Unkarissa"},"content":{"rendered":"<h2>Sis\u00e4llysluettelo<\/h2>\n<dl>\n<dt><strong>Esipuhe<\/strong><\/dt>\n<\/dl>\n<p>&nbsp;<\/p>\n<dl>\n<dt><strong>1 Johdanto<\/strong><\/dt>\n<dt>1.1 Johdatus kieleen, historiaan ja musiikkiin<\/dt>\n<dd>1.1.1 Suomalais-ugrilaiset<\/dd>\n<dd>1.1.2 Unkarilaiset<\/dd>\n<dt>1.2 Unkarilaisen kansanmusiikin tutkimuksesta<\/dt>\n<dt>1.3 Suomalais-ugrilaisen musiikkitutkimuksen vaiheet Unkarissa<\/dt>\n<\/dl>\n<p>&nbsp;<\/p>\n<dl>\n<dt><strong>2 Suomalais-ugrilaisen musiikkitutkimuksen uranuurtajat<\/strong><\/dt>\n<dt>2.1 B\u00e9la Vik\u00e1r<\/dt>\n<dt>2.2 B\u00e9la Bart\u00f3k<\/dt>\n<dt>2.3 Zolt\u00e1n Kod\u00e1ly<\/dt>\n<\/dl>\n<p>&nbsp;<\/p>\n<dl>\n<dt><strong>3 Jatkoty\u00f6n merkitt\u00e4vimm\u00e4t tutkijat<\/strong><\/dt>\n<dt>3.1 Bence Szabolcsi<\/dt>\n<dt>3.2 Lajos Vargyas<\/dt>\n<dt>3.3 Gy\u00f6rgy Szomjas-Schiffert<\/dt>\n<dt>3.4 L\u00e1szl\u00f3 Vik\u00e2r<\/dt>\n<\/dl>\n<p>&nbsp;<\/p>\n<dl>\n<dt><strong>4 Yhteenveto<\/strong><\/dt>\n<\/dl>\n<p>&nbsp;<\/p>\n<dl>\n<dt>Bibliografia<\/dt>\n<\/dl>\n<p>&nbsp;<\/p>\n<dl>\n<dt>L\u00e4hteet<\/dt>\n<\/dl>","protected":false},"excerpt":{"rendered":"<p>Tutkielma<br \/>\nTaideyliopiston Sibelius-Akatemia<br \/>\nKansanmusiikin aineryhm\u00e4<br \/>\n1991<\/p>","protected":false},"featured_media":0,"comment_status":"closed","ping_status":"closed","template":"","meta":{"_acf_changed":false},"product_brand":[],"product_cat":[81,76],"product_tag":[],"class_list":{"0":"post-2275","1":"product","2":"type-product","3":"status-publish","5":"product_cat-maisteriopinnot","6":"product_cat-opinnaytteet","8":"first","9":"instock","10":"shipping-taxable","11":"product-type-simple"},"acf":[],"_links":{"self":[{"href":"https:\/\/etno.net\/en\/wp-json\/wp\/v2\/product\/2275","targetHints":{"allow":["GET"]}}],"collection":[{"href":"https:\/\/etno.net\/en\/wp-json\/wp\/v2\/product"}],"about":[{"href":"https:\/\/etno.net\/en\/wp-json\/wp\/v2\/types\/product"}],"replies":[{"embeddable":true,"href":"https:\/\/etno.net\/en\/wp-json\/wp\/v2\/comments?post=2275"}],"wp:attachment":[{"href":"https:\/\/etno.net\/en\/wp-json\/wp\/v2\/media?parent=2275"}],"wp:term":[{"taxonomy":"product_brand","embeddable":true,"href":"https:\/\/etno.net\/en\/wp-json\/wp\/v2\/product_brand?post=2275"},{"taxonomy":"product_cat","embeddable":true,"href":"https:\/\/etno.net\/en\/wp-json\/wp\/v2\/product_cat?post=2275"},{"taxonomy":"product_tag","embeddable":true,"href":"https:\/\/etno.net\/en\/wp-json\/wp\/v2\/product_tag?post=2275"}],"curies":[{"name":"wp","href":"https:\/\/api.w.org\/{rel}","templated":true}]}}