{"id":2276,"date":"2021-02-26T11:32:57","date_gmt":"2021-02-26T09:32:57","guid":{"rendered":"https:\/\/etno.net\/?post_type=product&#038;p=2276"},"modified":"2021-03-03T11:47:16","modified_gmt":"2021-03-03T09:47:16","slug":"trumpettisoittimet-suomen-ja-karjalan-vanhakantaisten-trumpettisoitinten-musiikin-tuottamiseen-perustuva-luokittelu","status":"publish","type":"product","link":"https:\/\/etno.net\/en\/julkaisu\/opinnaytteet\/maisteriopinnot\/trumpettisoittimet-suomen-ja-karjalan-vanhakantaisten-trumpettisoitinten-musiikin-tuottamiseen-perustuva-luokittelu","title":{"rendered":"Trumpettisoittimet &#8211; Suomen ja Karjalan vanhakantaisten trumpettisoitinten musiikin tuottamiseen perustuva luokittelu"},"content":{"rendered":"<h2>Tiivistelm\u00e4<\/h2>\n<p>T\u00e4m\u00e4 projekti k\u00e4sittelee Suomen ja Karjalan vanhakantaisia trumpettisoittimia. Aineiston suurin osa on professori Timo Leisi\u00f6n v\u00e4it\u00f6skirjasta. T\u00e4m\u00e4n ty\u00f6n tarkoituksena on antaa muusikolle selke\u00e4mpi kuva vanhakantaisten trumpettisoitinten musiikin tuottamisen perusteella tapahtuvasta luokittelusta.<\/p>\n<p>Olen itse soittanut trumpettia ja rakentanut vanhakantaisia trumpettisoittimia. Tutustuessani vanhakantaisiin trumpettisoittimiin sek\u00e4 soittamalla ett\u00e4 kirjallisen materiaalin avulla havaitsin, ett\u00e4 soittimia on tehty ja k\u00e4ytetty erilaisiin tarkoituksiin. Koska soittimet on tehty orgaanisista materiaaleista eri puolilla Suomea ja Karjalaa, ei niill\u00e4 ole vakiintuneita asteikkoja. Asteikkorakenteissa on kuitenkin havaittavissa yht\u00e4l\u00e4isyyksi\u00e4. Trumpettisoittimissa \u00e4\u00e4nenv\u00e4riin vaikuttaa suuresti valmistusmateriaali. Koska kyseiset soittimet edustavat vanhaa talonpoikaiskulttuuria, on valmistusmateriaalina k\u00e4ytetty pelk\u00e4st\u00e4\u00e4n orgaanisia materiaaleja. N\u00e4ist\u00e4 l\u00e4ht\u00f6kohdista on soittimet luokiteltu uudestaan musiikin tuottamisen perusteella.<\/p>\n<p>Vanhakantaisista trumpettisoittimista tulee Sibelius-Akatemian kansanmusiikin osaston kirjastoon kortisto, johon on Suomen Kansallismuseon kyseiset soittimet j\u00e4rjestetty uuden luokittelun mukaan.<\/p>\n<h2>Sis\u00e4llysluettelo<\/h2>\n<p>JOHDANTO<\/p>\n<p>I TRUMPETTISOITINTEN LUOKITTELU TIMO LEISI\u00d6N MUKAAN<\/p>\n<p>II MUSIIKIN TUOTTAMISEEN PERUSTUVA LUOKITUSSYSTEEMI<\/p>\n<p>A. LUOKITUSPERUSTEET<\/p>\n<p>1. FUNKTIO<br \/>\na. Melodiset trumpetit<br \/>\nb. Signaalitrumpetit<\/p>\n<p>2. ASTEIKKO<br \/>\na. Vierekk\u00e4isten s\u00e4velten asteikko<br \/>\nb. Luonnons\u00e4velasteikko<br \/>\nc. S\u00e4velyhdistelm\u00e4t<\/p>\n<p>3. MATERIAALI<br \/>\na. Kuoritrumpetit<br \/>\nb. Puutrumpetit<br \/>\nc. Sarvitrumpetit<\/p>\n<p>4. MUUT VAIKUTTAVAT TEKIJ\u00c4T<br \/>\na. Puhallusp\u00e4\u00e4<br \/>\nb. Kello-osa<br \/>\nc. Soittimen rakentaminen<\/p>\n<p>III SUOMALAIS-KARJALAISTEN TRUMPETTISOITINTEN LUOKITUSANALYYSI<\/p>\n<p>A. KUORITRUMPETIT<\/p>\n<p>1. SORMIAUKOTTOMAT KUORITRUMPETIT<br \/>\na. Lepp\u00e4trumpetti<br \/>\nb. Tuohitrumpetti<\/p>\n<p>2. SORMIAUKOLLISET KUORITRUMPETIT<\/p>\n<p>B. PUUTRUMPETIT<\/p>\n<p>1. SORMIAUKOTTOMAT PUUTRUMPETIT<br \/>\na. Luikkurit<br \/>\nb. Brelo<br \/>\nc. Reno<br \/>\nd. Turu<br \/>\ne. Rukoustorvi<br \/>\nf. Vannetrumpetti<br \/>\ng. Rantavahtitorvi<br \/>\nh. Polvitorvi<br \/>\ni. Mutkaluikku<br \/>\nj. Luikka<br \/>\nk. Susitorvi<br \/>\nI. Py\u00f6r\u00f6trumpetti<\/p>\n<p>2. SORMIAUKOLLISET PUUTRUMPETIT<br \/>\na. Rozok<br \/>\nb. Sormiaukollinen totto<br \/>\nc. Pikkutorvi<br \/>\nd. Lulletti<br \/>\ne. Puusarvi<br \/>\nf. Tunnistamattomat sormiaukolliset trumpetit<\/p>\n<p>C. SARVITRUMPETIT<\/p>\n<p>1. SORMIAUKOTTOMAT SARVITRUMPETIT<br \/>\na. H\u00e4r\u00e4nsarvi<br \/>\nb. Lehm\u00e4nsarvi<br \/>\nc. Sormiaukoton pukinsarvi<\/p>\n<p>2. SORMIAUKOLLISET SARVITRUMPETIT<br \/>\na. Sormiaukollinen naudansarvi<br \/>\nb. Pukinsarvi<\/p>\n<p>IV TRUMPETTISOITINTEN LUOKITUS MUSIIKIN TUOTTAMISEN PERUSTEELLA<\/p>\n<p>LOPUKSI<\/p>\n<p>L\u00c4HTEET<\/p>\n<p>LIITTEET<\/p>","protected":false},"excerpt":{"rendered":"<p>Projektity\u00f6<br \/>\nTaideyliopiston Sibelius-Akatemia<br \/>\nKansanmusiikin aineryhm\u00e4<br \/>\n1993<\/p>","protected":false},"featured_media":0,"comment_status":"closed","ping_status":"closed","template":"","meta":{"_acf_changed":false},"product_brand":[],"product_cat":[81,76],"product_tag":[],"class_list":{"0":"post-2276","1":"product","2":"type-product","3":"status-publish","5":"product_cat-maisteriopinnot","6":"product_cat-opinnaytteet","8":"first","9":"instock","10":"shipping-taxable","11":"product-type-simple"},"acf":[],"_links":{"self":[{"href":"https:\/\/etno.net\/en\/wp-json\/wp\/v2\/product\/2276","targetHints":{"allow":["GET"]}}],"collection":[{"href":"https:\/\/etno.net\/en\/wp-json\/wp\/v2\/product"}],"about":[{"href":"https:\/\/etno.net\/en\/wp-json\/wp\/v2\/types\/product"}],"replies":[{"embeddable":true,"href":"https:\/\/etno.net\/en\/wp-json\/wp\/v2\/comments?post=2276"}],"wp:attachment":[{"href":"https:\/\/etno.net\/en\/wp-json\/wp\/v2\/media?parent=2276"}],"wp:term":[{"taxonomy":"product_brand","embeddable":true,"href":"https:\/\/etno.net\/en\/wp-json\/wp\/v2\/product_brand?post=2276"},{"taxonomy":"product_cat","embeddable":true,"href":"https:\/\/etno.net\/en\/wp-json\/wp\/v2\/product_cat?post=2276"},{"taxonomy":"product_tag","embeddable":true,"href":"https:\/\/etno.net\/en\/wp-json\/wp\/v2\/product_tag?post=2276"}],"curies":[{"name":"wp","href":"https:\/\/api.w.org\/{rel}","templated":true}]}}