{"id":2280,"date":"2021-02-26T11:34:00","date_gmt":"2021-02-26T09:34:00","guid":{"rendered":"https:\/\/etno.net\/?post_type=product&#038;p=2280"},"modified":"2021-03-03T11:44:16","modified_gmt":"2021-03-03T09:44:16","slug":"vanja-tallaksen-maanitus","status":"publish","type":"product","link":"https:\/\/etno.net\/en\/julkaisu\/opinnaytteet\/maisteriopinnot\/vanja-tallaksen-maanitus","title":{"rendered":"Vanja Tallaksen Maanitus"},"content":{"rendered":"<h2>Tiivistelm\u00e4<\/h2>\n<p>Vanja Tallas (1876-1952) oli suoj\u00e4rvel\u00e4inen kanteleensoittaja, joka hallitsi sek\u00e4 vanhemman yhdysasentoisen ett\u00e4 uudemman eroasentoisen soittotyylin. Yhdysasentoisesti h\u00e4n soitti mm. vanhoja karjalaisia tanssis\u00e4velmi\u00e4, joita h\u00e4n omien sanojensa mukaan oli itse &#8221;somistanut&#8221;. Eroasentoisesti h\u00e4n soitti p\u00e4\u00e4asiassa omia s\u00e4velt\u00e4mi\u00e4\u00e4n karjalaisia lauluja.<\/p>\n<p>T\u00e4ss\u00e4 tutkielmassani olen keskittynyt Tallaksen soittamista s\u00e4velmist\u00e4 yhteen: yhdysasentoisella tyylill\u00e4 soitettuun &#8221;Maanitukseen&#8221;. Kuulonvaraisella analyysill\u00e4 pyrin selvitt\u00e4m\u00e4\u00e4n &#8221;Maanituksen&#8221; s\u00e4erakenteen, sek\u00e4 eri \u00e4\u00e4nitysversioita vertailemalla pyrin selvitt\u00e4m\u00e4\u00e4n mahdollisesti tapahtuvia muunnelmia. Analyysin perusteella &#8221;Maanituksessa&#8221; ei tapahdu mainittavaa s\u00e4velkuvioiden sis\u00e4isi\u00e4 muutoksia tai s\u00e4veltasomuutoksia. Muuntelu &#8221;Maanituksessa&#8221; on l\u00e4hinn\u00e4 s\u00e4keiden pituuksien vaihtelua s\u00e4keiden iskuja lis\u00e4\u00e4m\u00e4ll\u00e4 tai v\u00e4hent\u00e4m\u00e4ll\u00e4.<\/p>\n<p>Ikaalisten Soitintutkimuskeskuksessa tutustuin ISA-\u00e4\u00e4nianalyysimenetelm\u00e4\u00e4n sis\u00e4ltyv\u00e4\u00e4n FFT-analyysiin. Kyseisell\u00e4 analyysill\u00e4 saadaan n\u00e4kyviin kaikki soitintapahtumassa mukana soivat \u00e4\u00e4nekset. Tietokoneanalyysi toi esille joitain mielenkiintoisia yksityiskohtia, mutta se ei poistanut vanhojen kanteles\u00e4velmien nuotintamiseen liittyvi\u00e4 ongelmia. Sen sijaan FFT-sarja-analyysi antoi perinteist\u00e4 nuottikuvaa havainnollisemman kuvan soitintapahtumasta.<\/p>\n<h2>Sis\u00e4llysluettelo<\/h2>\n<dl>\n<dt>Sanastoa<\/dt>\n<dt>Johdanto<\/dt>\n<dt>1 Vanja Tallaksen henkil\u00f6historia<\/dt>\n<dd>1.1 Sukutausta<\/dd>\n<dd>1.2 Vanja Trofimoff<\/dd>\n<dd>1.3 Vanja Tallas muusikkona<\/dd>\n<dd>1.4 Vanja Tallas ja A. O. V\u00e4is\u00e4nen<\/dd>\n<dt>2 Vanja Tallaksen &#8221;Maanitus&#8221; &#8211; muuntelua vai ei?<\/dt>\n<dd>2.1 &#8221;Maanituksen&#8221; nuotintaminen<\/dd>\n<dd>2.2 Nuotintamiseen liittyvi\u00e4 ongelmia<\/dd>\n<dd>2.3 &#8221;Maanituksen toisintojen vertailu<\/dd>\n<dt>3 Tietokoneanalyysi<\/dt>\n<dd>3.1 Tutkimuksen tavoite<\/dd>\n<dd>3.2 Kyseisen tietokoneanalyysin toimintaperiaate<\/dd>\n<dd>3.3 Fast Fourier Transform -analyysiin liittyvi\u00e4 ongelmia<\/dd>\n<dd>3.4 Korvakuulolla tehdyn nuotinnoksen tarkentaminen<\/dd>\n<dd>3.5 \u00c4\u00e4nesten vaikutus sointiin<\/dd>\n<dt>4 Yhteenveto<\/dt>\n<dt>L\u00e4hteet<\/dt>\n<\/dl>","protected":false},"excerpt":{"rendered":"<p>Projektity\u00f6<br \/>\nTaideyliopiston Sibelius-Akatemia<br \/>\nKansanmusiikin aineryhm\u00e4<br \/>\n1993<\/p>","protected":false},"featured_media":0,"comment_status":"closed","ping_status":"closed","template":"","meta":{"_acf_changed":false},"product_brand":[],"product_cat":[81,76],"product_tag":[],"class_list":{"0":"post-2280","1":"product","2":"type-product","3":"status-publish","5":"product_cat-maisteriopinnot","6":"product_cat-opinnaytteet","8":"first","9":"instock","10":"shipping-taxable","11":"product-type-simple"},"acf":[],"_links":{"self":[{"href":"https:\/\/etno.net\/en\/wp-json\/wp\/v2\/product\/2280","targetHints":{"allow":["GET"]}}],"collection":[{"href":"https:\/\/etno.net\/en\/wp-json\/wp\/v2\/product"}],"about":[{"href":"https:\/\/etno.net\/en\/wp-json\/wp\/v2\/types\/product"}],"replies":[{"embeddable":true,"href":"https:\/\/etno.net\/en\/wp-json\/wp\/v2\/comments?post=2280"}],"wp:attachment":[{"href":"https:\/\/etno.net\/en\/wp-json\/wp\/v2\/media?parent=2280"}],"wp:term":[{"taxonomy":"product_brand","embeddable":true,"href":"https:\/\/etno.net\/en\/wp-json\/wp\/v2\/product_brand?post=2280"},{"taxonomy":"product_cat","embeddable":true,"href":"https:\/\/etno.net\/en\/wp-json\/wp\/v2\/product_cat?post=2280"},{"taxonomy":"product_tag","embeddable":true,"href":"https:\/\/etno.net\/en\/wp-json\/wp\/v2\/product_tag?post=2280"}],"curies":[{"name":"wp","href":"https:\/\/api.w.org\/{rel}","templated":true}]}}