{"id":2284,"date":"2021-02-26T11:42:15","date_gmt":"2021-02-26T09:42:15","guid":{"rendered":"https:\/\/etno.net\/?post_type=product&#038;p=2284"},"modified":"2021-03-03T11:43:34","modified_gmt":"2021-03-03T09:43:34","slug":"the-girl-played-like-a-heavenly-bell-amerikansuomalainen-harmonikkataiteilija-viola-turpeinen","status":"publish","type":"product","link":"https:\/\/etno.net\/en\/julkaisu\/opinnaytteet\/maisteriopinnot\/the-girl-played-like-a-heavenly-bell-amerikansuomalainen-harmonikkataiteilija-viola-turpeinen","title":{"rendered":"The Girl Played Like a Heavenly Bell &#8211; Amerikansuomalainen harmonikkataiteilija Viola Turpeinen"},"content":{"rendered":"<h2>Tiivistelm\u00e4<\/h2>\n<p>Taiteellispainotteisessa projektissani olen perehtynyt kuuluisan amerikansuomalaisen harmonikkataiteilijan Viola Turpeisen (15.11.1909 &#8211; 26.12.1958) el\u00e4m\u00e4\u00e4n, soittotapaan, ohjelmistoon ja musiikkiin. Olen pohtinut syit\u00e4 amerikansuomalaisten &#8221;Haalien vetonaulan&#8221; suosioon. Viola Turpeinen oli Amerikassa hyvin suosittu muidenkin kuin amerikansuomalaisten keskuudessa. Olen nuotintanut savikiekko\u00e4\u00e4nitteilt\u00e4 yhdess\u00e4 Timo Alakotilan kanssa kaksitoista kappaletta Turpeisen ohjelmistosta. Olen tehnyt konsertissa esitt\u00e4mist\u00e4ni kappaleista osittain kuulonvaraiset ja osittain nuottikuvaan perustuvat analyysit. N\u00e4iden analyysien perusteella olen huomannut, ett\u00e4 Viola Turpeisella on hyvin persoonallinen, erityisen rytmik\u00e4s tapa soittaa harmonikkaa. Nuotinnokset ovat t\u00e4m\u00e4n kirjallisen ty\u00f6ni liitteen\u00e4.<\/p>\n<p>Projektini taiteellisessa osuudessa esitin yhdess\u00e4 avustajieni kera kaikki kaksitoista kappaletta ja lis\u00e4ksi yhden itse s\u00e4velt\u00e4m\u00e4ni. Kappaleiden sovitukset teimme yhteisty\u00f6ss\u00e4. Konsertissa yritettiin luoda 1920-30-luvun tunnelmaa konserttij\u00e4rjestelyiden, kuten esiintyjien vaatteiden, konserttipaikan ja koristelun suhteen.<\/p>\n<h2>Sis\u00e4llysluettelo<\/h2>\n<dl>\n<dt>Violaa seuratessa<\/dt>\n<dt>Viola Turpeinen &#8211; amerikansuomalaisten harmonikkakuningatar<\/dt>\n<dt>Viola Turpeinen aikalaisten muistoissa<\/dt>\n<dt>Kaikkien amerikkalaisten rakastama muusikko<\/dt>\n<dt>Haalien repertuaari<\/dt>\n<dd>H\u00e4m\u00e4r\u00e4sottiisi<\/dd>\n<dd>J\u00e4\u00e4hyv\u00e4isvalssi<\/dd>\n<dd>Hanurimarssi<\/dd>\n<dd>P\u00e4\u00e4skyvalssi<\/dd>\n<dd>Neuvoja naimattomille<\/dd>\n<dd>Unelmavalssi<\/dd>\n<dd>Rakkahin &#8211; valssi<\/dd>\n<dd>Shake your fingers &#8211; polkka<\/dd>\n<dd>Old country &#8211; polkka<\/dd>\n<dd>Finnish schottis &#8211; sottiisi<\/dd>\n<dd>Ullan hambo<\/dd>\n<dd>Ellin polkka<\/dd>\n<dt>Turpeisen tenhon taika<\/dt>\n<dt>Liitteet<\/dt>\n<dd>Levytysluettelot<\/dd>\n<dd>Konserttiohjelma<\/dd>\n<dd>Nuottiliite<\/dd>\n<\/dl>","protected":false},"excerpt":{"rendered":"<div class=\"field field-name-field-thesis-metadata field-type-text-long field-label-hidden\">\n<div class=\"field-items\">\n<div class=\"field-item even\">\n<p>Projektity\u00f6<br \/>\nTaideyliopiston Sibelius-Akatemia<br \/>\nKansanmusiikin aineryhm\u00e4<br \/>\n1994<\/p>\n<\/div>\n<\/div>\n<\/div>","protected":false},"featured_media":0,"comment_status":"closed","ping_status":"closed","template":"","meta":{"_acf_changed":false},"product_brand":[],"product_cat":[81,76],"product_tag":[],"class_list":{"0":"post-2284","1":"product","2":"type-product","3":"status-publish","5":"product_cat-maisteriopinnot","6":"product_cat-opinnaytteet","8":"first","9":"instock","10":"shipping-taxable","11":"product-type-simple"},"acf":[],"_links":{"self":[{"href":"https:\/\/etno.net\/en\/wp-json\/wp\/v2\/product\/2284","targetHints":{"allow":["GET"]}}],"collection":[{"href":"https:\/\/etno.net\/en\/wp-json\/wp\/v2\/product"}],"about":[{"href":"https:\/\/etno.net\/en\/wp-json\/wp\/v2\/types\/product"}],"replies":[{"embeddable":true,"href":"https:\/\/etno.net\/en\/wp-json\/wp\/v2\/comments?post=2284"}],"wp:attachment":[{"href":"https:\/\/etno.net\/en\/wp-json\/wp\/v2\/media?parent=2284"}],"wp:term":[{"taxonomy":"product_brand","embeddable":true,"href":"https:\/\/etno.net\/en\/wp-json\/wp\/v2\/product_brand?post=2284"},{"taxonomy":"product_cat","embeddable":true,"href":"https:\/\/etno.net\/en\/wp-json\/wp\/v2\/product_cat?post=2284"},{"taxonomy":"product_tag","embeddable":true,"href":"https:\/\/etno.net\/en\/wp-json\/wp\/v2\/product_tag?post=2284"}],"curies":[{"name":"wp","href":"https:\/\/api.w.org\/{rel}","templated":true}]}}