{"id":2288,"date":"2021-02-26T11:43:35","date_gmt":"2021-02-26T09:43:35","guid":{"rendered":"https:\/\/etno.net\/?post_type=product&#038;p=2288"},"modified":"2021-03-03T11:45:09","modified_gmt":"2021-03-03T09:45:09","slug":"yo-ja-paiva-musiikin-savellystyo-tanssiteatterille","status":"publish","type":"product","link":"https:\/\/etno.net\/en\/julkaisu\/opinnaytteet\/maisteriopinnot\/yo-ja-paiva-musiikin-savellystyo-tanssiteatterille","title":{"rendered":"Y\u00f6 ja P\u00e4iv\u00e4 &#8211; Musiikin s\u00e4vellysty\u00f6 tanssiteatterille"},"content":{"rendered":"<h2>Tiivistelm\u00e4<\/h2>\n<p>Taiteellispainotteinen projektini k\u00e4sitt\u00e4\u00e4 musiikin s\u00e4vellysty\u00f6n Aleksis Kiven pienoisn\u00e4ytelm\u00e4\u00e4n Y\u00f6 ja P\u00e4iv\u00e4. Sointu Angervo on muokannut n\u00e4ytelm\u00e4n tanssiteatteriversioksi ja lis\u00e4nnyt siihen Kiven tuntemattomampaa runoutta ja otteita Vanhan Testamentin Luomiskertomuksesta. Teoksen esitti kansantanssi- ja musiikkiryhm\u00e4 Katrilli, ja itse olin mukana esityksess\u00e4 yhtyeen j\u00e4senen\u00e4.<\/p>\n<p>S\u00e4vellysty\u00f6ss\u00e4ni olen pyrkinyt kuvaamaan libretossa esiintyvi\u00e4 tunnelmia. Ty\u00f6n innoittajana on ollut my\u00f6s Angervon antamat tunnelmakuvaukset sek\u00e4 oman mielikuvitukseni antamat tunnetilat. Musiikki on siten s\u00e4velletty tunnelmakuvaukseen eik\u00e4 tanssikoreografiaan.<\/p>\n<p>Teokseen sis\u00e4ltyy itsen\u00e4isi\u00e4 s\u00e4vellyksi\u00e4ni 21 sek\u00e4 kaksi Angervon s\u00e4vellyst\u00e4. Muutamia s\u00e4vellyksi\u00e4ni olen lis\u00e4ksi k\u00e4ytt\u00e4nyt sek\u00e4 instrumentaali- ett\u00e4 laulus\u00e4velmin\u00e4 ja sovittanut niit\u00e4 eri kohtauksiin sopiviksi. Soitinnuksen olen kirjoittanut viululle, klarinetille, haitarille, bassolle sek\u00e4 ly\u00f6m\u00e4soittimille.<\/p>\n<p>Kirjallisessa ty\u00f6ss\u00e4ni olen selvitt\u00e4nyt s\u00e4vellysty\u00f6n taustatekij\u00f6it\u00e4 sek\u00e4 kuvannut tekemi\u00e4ni musiikillisia valintoja.<\/p>\n<h2>Sis\u00e4llysluettelo<\/h2>\n<dl>\n<dt>1 Johdanto<\/dt>\n<dt>2 Sointu Angervo<\/dt>\n<dt>3 Y\u00f6 ja P\u00e4iv\u00e4-libretto<\/dt>\n<dt>4 Musiikki<\/dt>\n<dt>5 S\u00e4vellykset<\/dt>\n<dd>Sumujen tanssi<\/dd>\n<dd>Henkien tanssi<\/dd>\n<dd>Hurja<\/dd>\n<dd>Kertun laulu<\/dd>\n<dd>Mets\u00e4n huokaus<\/dd>\n<dd>Mets\u00e4miehen laulu<\/dd>\n<dd>Karhun tanssi<\/dd>\n<dd>Kertun lemmenuni<\/dd>\n<dd>R\u00e4\u00e4tikk\u00f6<\/dd>\n<dd>Miesten k\u00f6ysitanssi &#8221;Is\u00e4in taistelu&#8221;<\/dd>\n<dd>Annan laulu<\/dd>\n<dd>Liisan marssi<\/dd>\n<dd>Karvalallun maanitus<\/dd>\n<dd>Karhun houkutus<\/dd>\n<dd>Karhun samba<\/dd>\n<dd>Kuolleen karhun veisuu<\/dd>\n<dd>Nuotanveto<\/dd>\n<dd>Kerttu sodassa<\/dd>\n<dd>Liisan uni<\/dd>\n<dd>Opeta mua eloo rakkauden<\/dd>\n<dd>Hetki l\u00e4hestyy<\/dd>\n<dd>Kotiinpaluu ja Henkien tanssi<\/dd>\n<dd>Juhlakulkue<\/dd>\n<dd>Kuolleen karhun veisuu<\/dd>\n<dd>Y\u00f6t\u00e4 p\u00e4iv\u00e4\u00e4<\/dd>\n<dd>Kotiinpaluu ja Sumujen tanssi<\/dd>\n<dt>6 Lopuksi<\/dt>\n<\/dl>\n<p>&nbsp;<\/p>\n<dl>\n<dt>Partituuri<\/dt>\n<dt>Liitteet<\/dt>\n<dd>Musiikkinumeroluettelo<\/dd>\n<dd>Y\u00f6 ja P\u00e4iv\u00e4-libretto<\/dd>\n<\/dl>","protected":false},"excerpt":{"rendered":"<p>Projektity\u00f6<br \/>\nTaideyliopiston Sibelius-Akatemia<br \/>\nKansanmusiikin aineryhm\u00e4<br \/>\n1994<\/p>","protected":false},"featured_media":0,"comment_status":"closed","ping_status":"closed","template":"","meta":{"_acf_changed":false},"product_brand":[],"product_cat":[81,76],"product_tag":[],"class_list":{"0":"post-2288","1":"product","2":"type-product","3":"status-publish","5":"product_cat-maisteriopinnot","6":"product_cat-opinnaytteet","8":"first","9":"instock","10":"shipping-taxable","11":"product-type-simple"},"acf":[],"_links":{"self":[{"href":"https:\/\/etno.net\/en\/wp-json\/wp\/v2\/product\/2288","targetHints":{"allow":["GET"]}}],"collection":[{"href":"https:\/\/etno.net\/en\/wp-json\/wp\/v2\/product"}],"about":[{"href":"https:\/\/etno.net\/en\/wp-json\/wp\/v2\/types\/product"}],"replies":[{"embeddable":true,"href":"https:\/\/etno.net\/en\/wp-json\/wp\/v2\/comments?post=2288"}],"wp:attachment":[{"href":"https:\/\/etno.net\/en\/wp-json\/wp\/v2\/media?parent=2288"}],"wp:term":[{"taxonomy":"product_brand","embeddable":true,"href":"https:\/\/etno.net\/en\/wp-json\/wp\/v2\/product_brand?post=2288"},{"taxonomy":"product_cat","embeddable":true,"href":"https:\/\/etno.net\/en\/wp-json\/wp\/v2\/product_cat?post=2288"},{"taxonomy":"product_tag","embeddable":true,"href":"https:\/\/etno.net\/en\/wp-json\/wp\/v2\/product_tag?post=2288"}],"curies":[{"name":"wp","href":"https:\/\/api.w.org\/{rel}","templated":true}]}}