{"id":2292,"date":"2021-02-26T11:44:36","date_gmt":"2021-02-26T09:44:36","guid":{"rendered":"https:\/\/etno.net\/?post_type=product&#038;p=2292"},"modified":"2021-03-03T11:43:59","modified_gmt":"2021-03-03T09:43:59","slug":"the-introduction-of-san-xian","status":"publish","type":"product","link":"https:\/\/etno.net\/en\/julkaisu\/opinnaytteet\/maisteriopinnot\/the-introduction-of-san-xian","title":{"rendered":"The Introduction of San-Xian"},"content":{"rendered":"<h2>Abstract<\/h2>\n<p>This artistic project is about <strong>san-xian<\/strong>, a Chinese three stringed instrument, and about music played on it.<\/p>\n<p>San-xian consists of three parts: the drum, the neck and the head. Its tuning is usually G-d-g, but there are different kinds of local tunings.<\/p>\n<p>The history of san-xian is long, maybe over 2000 years. To the Qin and Han dynasties (206 BC &#8211; 220 AD). According to archive records san-xian appeared around the year 1180. Both folk music and local operas were played on it.<\/p>\n<p>San-xian is now played and taught in conservatories. It is used in national orchestra, ensemble and chamber music, especially within the western orchestra.<\/p>\n<p>The artistic part of the project consists of a CD recording (Olarin Musiikki \/ Sibelius-Akatemian kansanmusiikin osaston \u00e4\u00e4nitteit\u00e4 8). It is mainly traditional Chinese music with two contemporary compositions. The arrangements are mainly by different san-xian masters. The final three compositions explore the possibilities of the combination of san-xian and the grand piano.<\/p>\n<h2>Table of contents<\/h2>\n<p>1. Introduction<br \/>\n2. A historical review<br \/>\n3. San-xian today<\/p>\n<p>Acknowledgements<br \/>\nDescriptions of the compositions<\/p>","protected":false},"excerpt":{"rendered":"<p>Projektity\u00f6<br \/>\nTaideyliopiston Sibelius-Akatemia<br \/>\nKansanmusiikin aineryhm\u00e4<br \/>\n1994<\/p>","protected":false},"featured_media":0,"comment_status":"closed","ping_status":"closed","template":"","meta":{"_acf_changed":false},"product_brand":[],"product_cat":[81,76],"product_tag":[],"class_list":{"0":"post-2292","1":"product","2":"type-product","3":"status-publish","5":"product_cat-maisteriopinnot","6":"product_cat-opinnaytteet","8":"first","9":"instock","10":"shipping-taxable","11":"product-type-simple"},"acf":[],"_links":{"self":[{"href":"https:\/\/etno.net\/en\/wp-json\/wp\/v2\/product\/2292","targetHints":{"allow":["GET"]}}],"collection":[{"href":"https:\/\/etno.net\/en\/wp-json\/wp\/v2\/product"}],"about":[{"href":"https:\/\/etno.net\/en\/wp-json\/wp\/v2\/types\/product"}],"replies":[{"embeddable":true,"href":"https:\/\/etno.net\/en\/wp-json\/wp\/v2\/comments?post=2292"}],"wp:attachment":[{"href":"https:\/\/etno.net\/en\/wp-json\/wp\/v2\/media?parent=2292"}],"wp:term":[{"taxonomy":"product_brand","embeddable":true,"href":"https:\/\/etno.net\/en\/wp-json\/wp\/v2\/product_brand?post=2292"},{"taxonomy":"product_cat","embeddable":true,"href":"https:\/\/etno.net\/en\/wp-json\/wp\/v2\/product_cat?post=2292"},{"taxonomy":"product_tag","embeddable":true,"href":"https:\/\/etno.net\/en\/wp-json\/wp\/v2\/product_tag?post=2292"}],"curies":[{"name":"wp","href":"https:\/\/api.w.org\/{rel}","templated":true}]}}