{"id":2293,"date":"2021-02-26T11:47:05","date_gmt":"2021-02-26T09:47:05","guid":{"rendered":"https:\/\/etno.net\/?post_type=product&#038;p=2293"},"modified":"2021-03-03T11:32:42","modified_gmt":"2021-03-03T09:32:42","slug":"ommoo-hommoo-korkeelta-ja-kovvoo-varttina-oi-daista-aitaraan","status":"publish","type":"product","link":"https:\/\/etno.net\/en\/julkaisu\/opinnaytteet\/maisteriopinnot\/ommoo-hommoo-korkeelta-ja-kovvoo-varttina-oi-daista-aitaraan","title":{"rendered":"&#8221;Ommoo hommoo korkeelta ja kovvoo&#8221; &#8211; V\u00e4rttin\u00e4 Oi Daista Aitaraan"},"content":{"rendered":"<h2>Tiivistelm\u00e4<\/h2>\n<p>Projekti sis\u00e4lt\u00e4\u00e4 \u00e4\u00e4nitteen (V\u00e4rttin\u00e4: <strong>Aitara<\/strong>, MIPUCD302) ja kirjallisen ty\u00f6n, jossa esitell\u00e4\u00e4n V\u00e4rttin\u00e4-yhtyeen historia vuodesta 1990 eteenp\u00e4in.<\/p>\n<p>V\u00e4rttin\u00e4 perustettiin 1983 nuorten harrastusryhm\u00e4ksi. Vuonna 1990 kokoonpano muuttui. Uuden kokoonpanon ensimm\u00e4inen levy <strong>Oi Dai<\/strong> (Sonet 1991) myi yli 40 000 kappaletta. Levyn menestyksen seurauksena yhtye kiersi ymp\u00e4ri Suomea, esiintyi radiossa ja televisiossa ja lopulta eri puolilla Eurooppaa ja Yhdysvaltoja. Toimittajien keskuudessa syntyi V\u00e4rttin\u00e4-ilmi\u00f6.<\/p>\n<p>Seuraavana vuonna ilmestynyt <strong>Seleniko<\/strong> (Sonet 1992) sai saman yht\u00e4 suuren huomion toimittajien keskuudessa, mutta harva toimittaja l\u00f6ysi mit\u00e4\u00e4n positiivista sanottavaa. Esiintymisten m\u00e4\u00e4r\u00e4 tasaantui, mutta kiinnostus ulkomailla lis\u00e4\u00e4ntyi.<\/p>\n<p>Aitara-levyn materiaalin kokoaminen aloitettiin tammikuussa 1994. Aiemmilla levyill\u00e4 musiikin perusmateriaali koostui traditionaalisista s\u00e4velmist\u00e4, mutta nyt levy on p\u00e4\u00e4asiassa yhtyeen j\u00e4senten s\u00e4velt\u00e4m\u00e4\u00e4 ja sanoittamaa musiikkia.<\/p>\n<p>Levyll\u00e4 on nelj\u00e4 omaa s\u00e4vellyst\u00e4 ja kahdessa on oma s\u00e4vellys liitetty perinteisen kappaleen kanssa. Sanoituksia on viisi kokonaan omaa ja kaksi yhteisty\u00f6ss\u00e4 tehtyj\u00e4.<\/p>\n<h2>Sis\u00e4llysluettelo<\/h2>\n<dl>\n<dt><strong>1. Alkusanat<\/strong><\/dt>\n<\/dl>\n<p>&nbsp;<\/p>\n<dl>\n<dt><strong>2. V\u00e4rttin\u00e4n uusi alku<\/strong><\/dt>\n<dt>2.1 Uuden kokoonpanon muotoutuminen<\/dt>\n<dt>2.2 Alku aina hankala<\/dt>\n<dt>2.3 Kovaa ty\u00f6t\u00e4 kohti Oi Daita<\/dt>\n<\/dl>\n<p>&nbsp;<\/p>\n<dl>\n<dt><strong>3. Oi Dai<\/strong><\/dt>\n<dt>3.1 Studioty\u00f6skentely<\/dt>\n<dt>3.2 Tuottaja<\/dt>\n<dt>3.3 Oi Dain ilmestyminen<\/dt>\n<\/dl>\n<p>&nbsp;<\/p>\n<dl>\n<dt><strong>4. Miksi V\u00e4rttin\u00e4st\u00e4 tuli suosittu?<\/strong><\/dt>\n<dt>4.1 Nykykansanmusiikkiaalto<\/dt>\n<dt>4.2 Oikeaan aikaan&#8230;<\/dt>\n<dd>4.2.1 alkuvuosikymmenen naiskuva<\/dd>\n<dt>4.3 Esiintymisest\u00e4<\/dt>\n<dd>4.3.1 esiintymistyylin taustaa<\/dd>\n<dd>4.3.2 uusi b\u00e4ndi, vanha tyyli<\/dd>\n<dd>4.3.3 yleis\u00f6lle esiintyminen<\/dd>\n<dd>4.3.4 juontaminen<\/dd>\n<dt>4.4 Julkisuus<\/dt>\n<dd>4.4.1 aiemman kokoonpanon julkisuus<\/dd>\n<dd>4.4.2 mediapeli\u00e4<\/dd>\n<dd>4.4.3 Oi Dai ja julkisuus<\/dd>\n<dd>4.4.4 kultalevy<\/dd>\n<dd>4.4.5 lehdist\u00f6 ja TV<\/dd>\n<dt>4.5 Miinan laulu<\/dt>\n<dd>4.5.1 Miinan laulun historia<\/dd>\n<dd>4.5.2 esityskuntoon<\/dd>\n<dd>4.5.3 singleksi &#8211; hitiksi<\/dd>\n<dd>4.5.4 ne pikkutuhmat sanat<\/dd>\n<dt>4.6 Kiertueella ymp\u00e4ri Suomea<\/dt>\n<dt>4.7 Ilmi\u00f6<\/dt>\n<\/dl>\n<p>&nbsp;<\/p>\n<dl>\n<dt><strong>5. Onko el\u00e4m\u00e4\u00e4 Oi Dain j\u00e4lkeen?<\/strong><\/dt>\n<dt>5.1 Vastareaktio<\/dt>\n<dt>5.2 Muutoksia<\/dt>\n<dt>5.3 Oi Dai huomataan ulkomailla<\/dt>\n<\/dl>\n<p>&nbsp;<\/p>\n<dl>\n<dt><strong>6. Seleniko<\/strong><\/dt>\n<dt>6.1 Materiaalin ty\u00f6st\u00e4minen<\/dt>\n<dd>6.1.1 sanoittaminen<\/dd>\n<dd>6.1.2 ty\u00f6skentelyst\u00e4<\/dd>\n<dt>6.2 Tuottaja<\/dt>\n<dd>6.2.1 Ben Mandelson<\/dd>\n<dt>6.3 Seleniko ilmestyy<\/dt>\n<dd>6.3.1 ulkomaan lisensoinnit<\/dd>\n<\/dl>\n<p>&nbsp;<\/p>\n<dl>\n<dt><strong>7. 10-vuotias V\u00e4rttin\u00e4<\/strong><\/dt>\n<\/dl>\n<p>&nbsp;<\/p>\n<dl>\n<dt><strong>8. Kolme viikkoa suuressa maailmassa<\/strong><\/dt>\n<\/dl>\n<p>&nbsp;<\/p>\n<dl>\n<dt><strong>9. Aitara<\/strong><\/dt>\n<dt>9.1 Tilanne Aitaraa teht\u00e4ess\u00e4<\/dt>\n<dt>9.2 Tiistaisin ja torstaisin<\/dt>\n<dt>9.3 Mist\u00e4 materiaalia?<\/dt>\n<dd>9.3.1 omasta p\u00e4\u00e4st\u00e4<\/dd>\n<dd>9.3.2 jokaiselta jotakin<\/dd>\n<dt>9.4 Sovitusty\u00f6<\/dt>\n<dd>9.4.1 stemmat<\/dd>\n<dt>9.5 Omat s\u00e4vellykseni ja sovitukseni<\/dt>\n<dd>9.5.1 Katariina<\/dd>\n<dd>9.5.2 Maamo<\/dd>\n<dd>9.5.3 Y\u00f6tulet<\/dd>\n<dd>9.5.4 Tumala<\/dd>\n<dd>9.5.5 Aitara<\/dd>\n<dd>9.5.6 Travuska<\/dd>\n<dt>9.6 Uuden materiaalin harjoittelu<\/dt>\n<dt>9.7 Tuottaja<\/dt>\n<dt>9.8 Studiossa<\/dt>\n<dd>9.8.1 pohjat<\/dd>\n<dd>9.8.2 soolot ja p\u00e4\u00e4llekk\u00e4is\u00e4\u00e4nitykset<\/dd>\n<dd>9.8.3 tuottajan k\u00e4den j\u00e4lki<\/dd>\n<dt>9.9 Aitara 41&#8217;44&#8221;<\/dt>\n<\/dl>","protected":false},"excerpt":{"rendered":"<p>Projektity\u00f6<br \/>\nTaideyliopiston Sibelius-Akatemia<br \/>\nKansanmusiikin aineryhm\u00e4<br \/>\n1994<\/p>","protected":false},"featured_media":0,"comment_status":"closed","ping_status":"closed","template":"","meta":{"_acf_changed":false},"product_brand":[],"product_cat":[81,76],"product_tag":[],"class_list":{"0":"post-2293","1":"product","2":"type-product","3":"status-publish","5":"product_cat-maisteriopinnot","6":"product_cat-opinnaytteet","8":"first","9":"instock","10":"shipping-taxable","11":"product-type-simple"},"acf":[],"_links":{"self":[{"href":"https:\/\/etno.net\/en\/wp-json\/wp\/v2\/product\/2293","targetHints":{"allow":["GET"]}}],"collection":[{"href":"https:\/\/etno.net\/en\/wp-json\/wp\/v2\/product"}],"about":[{"href":"https:\/\/etno.net\/en\/wp-json\/wp\/v2\/types\/product"}],"replies":[{"embeddable":true,"href":"https:\/\/etno.net\/en\/wp-json\/wp\/v2\/comments?post=2293"}],"wp:attachment":[{"href":"https:\/\/etno.net\/en\/wp-json\/wp\/v2\/media?parent=2293"}],"wp:term":[{"taxonomy":"product_brand","embeddable":true,"href":"https:\/\/etno.net\/en\/wp-json\/wp\/v2\/product_brand?post=2293"},{"taxonomy":"product_cat","embeddable":true,"href":"https:\/\/etno.net\/en\/wp-json\/wp\/v2\/product_cat?post=2293"},{"taxonomy":"product_tag","embeddable":true,"href":"https:\/\/etno.net\/en\/wp-json\/wp\/v2\/product_tag?post=2293"}],"curies":[{"name":"wp","href":"https:\/\/api.w.org\/{rel}","templated":true}]}}