{"id":2295,"date":"2021-02-26T11:47:50","date_gmt":"2021-02-26T09:47:50","guid":{"rendered":"https:\/\/etno.net\/?post_type=product&#038;p=2295"},"modified":"2021-03-03T11:42:21","modified_gmt":"2021-03-03T09:42:21","slug":"paljastuksia-saveltamisesta-kanteleelle","status":"publish","type":"product","link":"https:\/\/etno.net\/en\/julkaisu\/opinnaytteet\/maisteriopinnot\/paljastuksia-saveltamisesta-kanteleelle","title":{"rendered":"Paljastuksia s\u00e4velt\u00e4misest\u00e4 kanteleelle"},"content":{"rendered":"<h2>Tiivistelm\u00e4<\/h2>\n<p>Taiteellispainotteinen projektini on cd-levy omista s\u00e4vellyksist\u00e4 konserttikanteleelle. Levy on \u00e4\u00e4nitetty marras-joulukuussa 1994 Inkoossa. \u00c4\u00e4nitt\u00e4j\u00e4n\u00e4 toimi Matti Kontio.<\/p>\n<p>Suurin osa s\u00e4vellyksist\u00e4 on soolokanteleelle. Joissakin kappaleissa vaaditut muut osuudet olen soittanut itse p\u00e4\u00e4llekk\u00e4is\u00e4\u00e4nityksin\u00e4. Levyll\u00e4 ei siis ole vierailevia muusikoita tai muita instrumentteja kuin koneistokannel. S\u00e4vellykset ovat vuosilta 1987-1994.<\/p>\n<p>Olen ollut eritt\u00e4in kiinnostunut s\u00e4vellysprosessista, lukenut aiheesta, haastatellut ja pohtinut s\u00e4velt\u00e4mist\u00e4 kansanmuusikon n\u00e4k\u00f6kulmasta. Koska t\u00e4ss\u00e4 ty\u00f6ss\u00e4 painotus on taiteellisessa osuudessa, olen keskittynyt l\u00e4hinn\u00e4 omaan tekemiseen. Olen pit\u00e4nyt s\u00e4vellysp\u00e4iv\u00e4kirjaa nelj\u00e4n vuoden ajan. T\u00e4h\u00e4n ty\u00f6h\u00f6n olen my\u00f6s liitt\u00e4nyt vuonna 1990 tekem\u00e4ni analyysity\u00f6n, jossa vertailen paradigmaattisesti kahta versiota s\u00e4vellyksest\u00e4ni &#8221;Osaka Kokusai&#8221;. Kanteleelle kaivataan uutta soitettavaa materiaalia. Se on osaltaan ollut motivoimassa ty\u00f6t\u00e4ni. Kanteleen sointimaailmoista riitt\u00e4\u00e4 ammennettavaa useammallekin uudelle kantelelevylle.<\/p>\n<h2>Sis\u00e4llysluettelo<\/h2>\n<dl>\n<dt>1 Projektin esittely<\/dt>\n<dt>2 Kappalekohtainen esittely<\/dt>\n<dt>3 Johdanto<\/dt>\n<dd>3.1 S\u00e4velt\u00e4misest\u00e4<\/dd>\n<dd>3.2 Omaa taustaa<\/dd>\n<dt>4 S\u00e4vellysp\u00e4iv\u00e4kirja<\/dt>\n<dt>5 Miten s\u00e4vellykseni ovat syntyneet<\/dt>\n<dt>6 Osaka Kokusai &#8211; analyysi er\u00e4\u00e4n s\u00e4velm\u00e4n kehityksest\u00e4<\/dt>\n<dd>6.1 Tutkimusmetodi<\/dd>\n<dd>6.2 Muotorakenne<\/dd>\n<dd>6.3 Soittimen ominaisuuksista, merkinn\u00e4t<\/dd>\n<dd>6.4 Nuotinnokset; Osaka Kokusai 1 ja 2<\/dd>\n<dd>6.5 Osakohtainen analyysi<\/dd>\n<dd>6.6 Taulukko<\/dd>\n<dd>6.7 Analyysin johtop\u00e4\u00e4t\u00f6ksi\u00e4<\/dd>\n<dt>7 Lopuksi<\/dt>\n<\/dl>\n<p>&nbsp;<\/p>\n<dl>\n<dt>Nuottiliite<\/dt>\n<\/dl>","protected":false},"excerpt":{"rendered":"<p>Projektity\u00f6<br \/>\nTaideyliopiston Sibelius-Akatemia<br \/>\nKansanmusiikin aineryhm\u00e4<br \/>\n1995<\/p>","protected":false},"featured_media":0,"comment_status":"closed","ping_status":"closed","template":"","meta":{"_acf_changed":false},"product_brand":[],"product_cat":[81,76],"product_tag":[],"class_list":{"0":"post-2295","1":"product","2":"type-product","3":"status-publish","5":"product_cat-maisteriopinnot","6":"product_cat-opinnaytteet","8":"first","9":"instock","10":"shipping-taxable","11":"product-type-simple"},"acf":[],"_links":{"self":[{"href":"https:\/\/etno.net\/en\/wp-json\/wp\/v2\/product\/2295","targetHints":{"allow":["GET"]}}],"collection":[{"href":"https:\/\/etno.net\/en\/wp-json\/wp\/v2\/product"}],"about":[{"href":"https:\/\/etno.net\/en\/wp-json\/wp\/v2\/types\/product"}],"replies":[{"embeddable":true,"href":"https:\/\/etno.net\/en\/wp-json\/wp\/v2\/comments?post=2295"}],"wp:attachment":[{"href":"https:\/\/etno.net\/en\/wp-json\/wp\/v2\/media?parent=2295"}],"wp:term":[{"taxonomy":"product_brand","embeddable":true,"href":"https:\/\/etno.net\/en\/wp-json\/wp\/v2\/product_brand?post=2295"},{"taxonomy":"product_cat","embeddable":true,"href":"https:\/\/etno.net\/en\/wp-json\/wp\/v2\/product_cat?post=2295"},{"taxonomy":"product_tag","embeddable":true,"href":"https:\/\/etno.net\/en\/wp-json\/wp\/v2\/product_tag?post=2295"}],"curies":[{"name":"wp","href":"https:\/\/api.w.org\/{rel}","templated":true}]}}